{"id":214133,"date":"2022-12-02T10:00:27","date_gmt":"2022-12-02T10:00:29","guid":{"rendered":"https:\/\/www.erresse-shop.it\/?post_type=product&#038;p=214133"},"modified":"2024-05-09T12:45:30","modified_gmt":"2024-05-09T12:45:30","slug":"sambonet-36-teiliges-service-monoblock-velvet-mirror-stahl","status":"publish","type":"product","link":"https:\/\/www.erresse-shop.it\/de\/shop\/tisch\/besteck\/sambonet-36-teiliges-service-monoblock-velvet-mirror-stahl\/","title":{"rendered":"SAMBONET 36 teiliges Service Monoblock Velvet Mirror Stahl"},"content":{"rendered":"<p><strong>Beschreibung<\/strong><br \/>\nGeschwungene Linien und ausgewogenes Design.<br \/>\nDer minimalistische, schicke, zeitgen\u00f6ssische Stil l\u00e4sst sich mit jeder Art von Tisch kombinieren.<br \/>\n4 mm Dicke.<br \/>\nHergestellt aus hochwertigem Edelstahl 18\/10 und sp\u00fclmaschinenfest.<br \/>\nDas Besteck Velvet von Sambonet verk\u00f6rpert die Philosophie des Minimal Chic, bei der die Harmonie der Formen auf eine raffinierte, schlichte \u00c4sthetik trifft, die sich ideal f\u00fcr eine zwanglose und zeitgen\u00f6ssische Tischgestaltung eignet.<\/p>\n<p><strong>Technische Daten<\/strong><br \/>\nMarke: Sambonet<br \/>\nKollektion: Samt<br \/>\nMaterial: Rostfreier Stahl<br \/>\nDekor: Edelstahl 18\/10<br \/>\nAnzahl der Artikel im Set: 36<br \/>\nSet bestehend aus: 6 Tafell\u00f6ffel, 6 Tafelgabeln, 6 Tafelmesser, 6 Dessertgabeln, 6 Dessertmesser, 6 Teel\u00f6ffel<br \/>\nF\u00fcr wie viele Personen geeignet: 6<br \/>\nArtikel Nummer: 52512-83<br \/>\nJahr der Einf\u00fchrung: 2021<\/p>\n<p><strong>Abmessungen<\/strong><br \/>\nGewicht des Artikels: 3,12 kg<br \/>\nH\u00f6he des Pakets: 5,20 cm<br \/>\nL\u00e4nge des Pakets: 59,40 cm<br \/>\nBreite des Pakets: 35,70 cm<br \/>\nGewicht des Pakets: 3,12 kg<\/p>\n","protected":false},"excerpt":{"rendered":"<p>Beschreibung Geschwungene Linien und ausgewogenes Design. Der minimalistische, schicke, zeitgen\u00f6ssische Stil l\u00e4sst sich mit jeder Art von Tisch kombinieren. 4<\/p>\n","protected":false},"featured_media":477450,"template":"","meta":{"_acf_changed":false,"inline_featured_image":false},"product_cat":[6790,6787],"product_tag":[23911,23691,21386,21387],"acf":[],"yoast_head":"<!-- This site is optimized with the Yoast SEO Premium plugin v18.6 (Yoast SEO v19.13) - https:\/\/yoast.com\/wordpress\/plugins\/seo\/ -->\n<title>SAMBONET 36 teiliges Service Monoblock Velvet Mirror Stahl - Erresse Shop<\/title>\n<meta name=\"description\" content=\"Beschreibung Geschwungene Linien und ausgewogenes Design. Der minimalistische, schicke, zeitgen\u00f6ssische Stil l\u00e4sst sich mit jeder Art von Tisch\" \/>\n<meta name=\"robots\" content=\"index, follow, max-snippet:-1, max-image-preview:large, max-video-preview:-1\" \/>\n<link rel=\"canonical\" href=\"https:\/\/www.erresse-shop.it\/de\/shop\/tisch\/besteck\/sambonet-36-teiliges-service-monoblock-velvet-mirror-stahl\/\" \/>\n<meta property=\"og:locale\" content=\"de_DE\" \/>\n<meta property=\"og:type\" content=\"article\" \/>\n<meta property=\"og:title\" content=\"SAMBONET 36 teiliges Service Monoblock Velvet Mirror Stahl\" \/>\n<meta property=\"og:description\" content=\"Beschreibung Geschwungene Linien und ausgewogenes Design. Der minimalistische, schicke, zeitgen\u00f6ssische Stil l\u00e4sst sich mit jeder Art von Tisch\" \/>\n<meta property=\"og:url\" content=\"https:\/\/www.erresse-shop.it\/de\/shop\/tisch\/besteck\/sambonet-36-teiliges-service-monoblock-velvet-mirror-stahl\/\" \/>\n<meta property=\"og:site_name\" content=\"Erresse Shop\" \/>\n<meta property=\"article:modified_time\" content=\"2024-05-09T12:45:30+00:00\" \/>\n<meta property=\"og:image\" content=\"https:\/\/www.erresse-shop.it\/wp-content\/uploads\/2022\/12\/Sambonet-Servizio-36-pz-Monoblocco-Velvet-Inox.jpg\" \/>\n\t<meta property=\"og:image:width\" content=\"1600\" \/>\n\t<meta property=\"og:image:height\" content=\"1600\" \/>\n\t<meta property=\"og:image:type\" content=\"image\/jpeg\" \/>\n<meta name=\"twitter:card\" content=\"summary_large_image\" \/>\n<script type=\"application\/ld+json\" class=\"yoast-schema-graph\">{\"@context\":\"https:\/\/schema.org\",\"@graph\":[{\"@type\":\"WebPage\",\"@id\":\"https:\/\/www.erresse-shop.it\/de\/shop\/tisch\/besteck\/sambonet-36-teiliges-service-monoblock-velvet-mirror-stahl\/\",\"url\":\"https:\/\/www.erresse-shop.it\/de\/shop\/tisch\/besteck\/sambonet-36-teiliges-service-monoblock-velvet-mirror-stahl\/\",\"name\":\"SAMBONET 36 teiliges Service Monoblock Velvet Mirror Stahl - Erresse Shop\",\"isPartOf\":{\"@id\":\"https:\/\/www.erresse-shop.it\/de\/#website\"},\"datePublished\":\"2022-12-02T10:00:29+00:00\",\"dateModified\":\"2024-05-09T12:45:30+00:00\",\"description\":\"Beschreibung Geschwungene Linien und ausgewogenes Design. Der minimalistische, schicke, zeitgen\u00f6ssische Stil l\u00e4sst sich mit jeder Art von Tisch\",\"breadcrumb\":{\"@id\":\"https:\/\/www.erresse-shop.it\/de\/shop\/tisch\/besteck\/sambonet-36-teiliges-service-monoblock-velvet-mirror-stahl\/#breadcrumb\"},\"inLanguage\":\"de-DE\",\"potentialAction\":[{\"@type\":\"ReadAction\",\"target\":[\"https:\/\/www.erresse-shop.it\/de\/shop\/tisch\/besteck\/sambonet-36-teiliges-service-monoblock-velvet-mirror-stahl\/\"]}]},{\"@type\":\"BreadcrumbList\",\"@id\":\"https:\/\/www.erresse-shop.it\/de\/shop\/tisch\/besteck\/sambonet-36-teiliges-service-monoblock-velvet-mirror-stahl\/#breadcrumb\",\"itemListElement\":[{\"@type\":\"ListItem\",\"position\":1,\"name\":\"Home\",\"item\":\"https:\/\/www.erresse-shop.it\/de\/\"},{\"@type\":\"ListItem\",\"position\":2,\"name\":\"Shop\",\"item\":\"https:\/\/www.erresse-shop.it\/de\/shop\/\"},{\"@type\":\"ListItem\",\"position\":3,\"name\":\"SAMBONET 36 teiliges Service Monoblock Velvet Mirror Stahl\"}]},{\"@type\":\"WebSite\",\"@id\":\"https:\/\/www.erresse-shop.it\/de\/#website\",\"url\":\"https:\/\/www.erresse-shop.it\/de\/\",\"name\":\"Erresse Shop\",\"description\":\"Articoli di qualit\u00e0 per la casa\",\"potentialAction\":[{\"@type\":\"SearchAction\",\"target\":{\"@type\":\"EntryPoint\",\"urlTemplate\":\"https:\/\/www.erresse-shop.it\/de\/?s={search_term_string}\"},\"query-input\":\"required name=search_term_string\"}],\"inLanguage\":\"de-DE\"}]}<\/script>\n<!-- \/ Yoast SEO Premium plugin. -->","yoast_head_json":{"title":"SAMBONET 36 teiliges Service Monoblock Velvet Mirror Stahl - Erresse Shop","description":"Beschreibung Geschwungene Linien und ausgewogenes Design. Der minimalistische, schicke, zeitgen\u00f6ssische Stil l\u00e4sst sich mit jeder Art von Tisch","robots":{"index":"index","follow":"follow","max-snippet":"max-snippet:-1","max-image-preview":"max-image-preview:large","max-video-preview":"max-video-preview:-1"},"canonical":"https:\/\/www.erresse-shop.it\/de\/shop\/tisch\/besteck\/sambonet-36-teiliges-service-monoblock-velvet-mirror-stahl\/","og_locale":"de_DE","og_type":"article","og_title":"SAMBONET 36 teiliges Service Monoblock Velvet Mirror Stahl","og_description":"Beschreibung Geschwungene Linien und ausgewogenes Design. Der minimalistische, schicke, zeitgen\u00f6ssische Stil l\u00e4sst sich mit jeder Art von Tisch","og_url":"https:\/\/www.erresse-shop.it\/de\/shop\/tisch\/besteck\/sambonet-36-teiliges-service-monoblock-velvet-mirror-stahl\/","og_site_name":"Erresse Shop","article_modified_time":"2024-05-09T12:45:30+00:00","og_image":[{"width":1600,"height":1600,"url":"https:\/\/www.erresse-shop.it\/wp-content\/uploads\/2022\/12\/Sambonet-Servizio-36-pz-Monoblocco-Velvet-Inox.jpg","type":"image\/jpeg"}],"twitter_card":"summary_large_image","schema":{"@context":"https:\/\/schema.org","@graph":[{"@type":"WebPage","@id":"https:\/\/www.erresse-shop.it\/de\/shop\/tisch\/besteck\/sambonet-36-teiliges-service-monoblock-velvet-mirror-stahl\/","url":"https:\/\/www.erresse-shop.it\/de\/shop\/tisch\/besteck\/sambonet-36-teiliges-service-monoblock-velvet-mirror-stahl\/","name":"SAMBONET 36 teiliges Service Monoblock Velvet Mirror Stahl - Erresse Shop","isPartOf":{"@id":"https:\/\/www.erresse-shop.it\/de\/#website"},"datePublished":"2022-12-02T10:00:29+00:00","dateModified":"2024-05-09T12:45:30+00:00","description":"Beschreibung Geschwungene Linien und ausgewogenes Design. Der minimalistische, schicke, zeitgen\u00f6ssische Stil l\u00e4sst sich mit jeder Art von Tisch","breadcrumb":{"@id":"https:\/\/www.erresse-shop.it\/de\/shop\/tisch\/besteck\/sambonet-36-teiliges-service-monoblock-velvet-mirror-stahl\/#breadcrumb"},"inLanguage":"de-DE","potentialAction":[{"@type":"ReadAction","target":["https:\/\/www.erresse-shop.it\/de\/shop\/tisch\/besteck\/sambonet-36-teiliges-service-monoblock-velvet-mirror-stahl\/"]}]},{"@type":"BreadcrumbList","@id":"https:\/\/www.erresse-shop.it\/de\/shop\/tisch\/besteck\/sambonet-36-teiliges-service-monoblock-velvet-mirror-stahl\/#breadcrumb","itemListElement":[{"@type":"ListItem","position":1,"name":"Home","item":"https:\/\/www.erresse-shop.it\/de\/"},{"@type":"ListItem","position":2,"name":"Shop","item":"https:\/\/www.erresse-shop.it\/de\/shop\/"},{"@type":"ListItem","position":3,"name":"SAMBONET 36 teiliges Service Monoblock Velvet Mirror Stahl"}]},{"@type":"WebSite","@id":"https:\/\/www.erresse-shop.it\/de\/#website","url":"https:\/\/www.erresse-shop.it\/de\/","name":"Erresse Shop","description":"Articoli di qualit\u00e0 per la casa","potentialAction":[{"@type":"SearchAction","target":{"@type":"EntryPoint","urlTemplate":"https:\/\/www.erresse-shop.it\/de\/?s={search_term_string}"},"query-input":"required name=search_term_string"}],"inLanguage":"de-DE"}]}},"df_price":175.89000000000001,"df_sale_price":175.89000000000001,"df_regular_price":319.8,"df_image_link":"https:\/\/www.erresse-shop.it\/wp-content\/uploads\/2022\/12\/SAMBONET-Servizio-36-Pezzi-Monoblocco-Velvet-Inox-300x300.jpg","_links":{"self":[{"href":"https:\/\/www.erresse-shop.it\/de\/wp-json\/wp\/v2\/product\/214133"}],"collection":[{"href":"https:\/\/www.erresse-shop.it\/de\/wp-json\/wp\/v2\/product"}],"about":[{"href":"https:\/\/www.erresse-shop.it\/de\/wp-json\/wp\/v2\/types\/product"}],"wp:featuredmedia":[{"embeddable":true,"href":"https:\/\/www.erresse-shop.it\/de\/wp-json\/wp\/v2\/media\/477450"}],"wp:attachment":[{"href":"https:\/\/www.erresse-shop.it\/de\/wp-json\/wp\/v2\/media?parent=214133"}],"wp:term":[{"taxonomy":"product_cat","embeddable":true,"href":"https:\/\/www.erresse-shop.it\/de\/wp-json\/wp\/v2\/product_cat?post=214133"},{"taxonomy":"product_tag","embeddable":true,"href":"https:\/\/www.erresse-shop.it\/de\/wp-json\/wp\/v2\/product_tag?post=214133"}],"curies":[{"name":"wp","href":"https:\/\/api.w.org\/{rel}","templated":true}]}}