{"id":21359,"date":"2017-04-26T09:06:29","date_gmt":"2017-04-26T09:06:29","guid":{"rendered":"https:\/\/www.erresse-shop.it\/?post_type=product&#038;p=21359"},"modified":"2025-03-02T14:19:28","modified_gmt":"2025-03-02T14:19:28","slug":"giusti-dolce-vita-turkis-glas-wein-6stk-ohne-kasten","status":"publish","type":"product","link":"https:\/\/www.erresse-shop.it\/de\/shop\/tisch\/weinbar-korkenzieher-dekanter-eiskubel\/weinglaeser\/giusti-dolce-vita-turkis-glas-wein-6stk-ohne-kasten\/","title":{"rendered":"MARIO LUCA GIUSTI Dolce Vita t\u00fcrkis Glas f\u00fcr Wein- 6stk"},"content":{"rendered":"<div>Sch\u00f6ne Dinge, sauber, einfach, elegantes Design, gef\u00e4rbt: entworfen und von Designer Luca Mario Giusti Florenz entwickelt.<\/div>\n<div>Elegant und kaleidoskopischen Geschirr Kollektionen inspiriert von alten Mustern und Formen in synthetischen Materialien wie Melamin, Polycarbonat und Acryl-Remake.&nbsp;<\/div>\n<div>&nbsp;<\/div>\n<div>Die Gl\u00e4ser sind ohne Kasten.<\/div>\n<div>&nbsp;<\/div>\n<div>Die Kollektionen werden von Mario Luca Giusti (Florenz-Italien) entwickelt und konzipiert werden jedes Jahr mit neuen Modellen bereichert, indem phantastisch geformten Objekten und Farben von wei\u00df bis schwarz, transparent f\u00fcr die helleren Farben. Die Inspiration kommt aus der Natur, der Landschaft, der italienischen Kunst; Blick auf einen H\u00fcgel oder den Facetten eines Diamanten, um ein Glas zu machen, f\u00fcr eine Reihe von Gerichten Diebstahl einer Gestaltung des neunzehnten Jahrhunderts, die \u00e4quatorialen Dschungel Pflanzen, Blumen eines Inglese Garten oder auf dem Fell von Tieren der Savanne. Leiht die Farben des Regenbogens und auch Brombeeren.<\/div>\n<div>&nbsp;<\/div>\n","protected":false},"excerpt":{"rendered":"<p>Sch\u00f6ne Dinge, sauber, einfach, elegantes Design, gef\u00e4rbt: entworfen und von Designer Luca Mario Giusti Florenz entwickelt. Elegant und kaleidoskopischen Geschirr<\/p>\n","protected":false},"featured_media":434843,"template":"","meta":{"_acf_changed":false,"inline_featured_image":false},"product_cat":[6787,6850,14459],"product_tag":[25027,11843,11479,23661,24416,24604,25022,23683],"acf":[],"yoast_head":"<!-- This site is optimized with the Yoast SEO Premium plugin v18.6 (Yoast SEO v19.13) - https:\/\/yoast.com\/wordpress\/plugins\/seo\/ -->\n<title>MARIO LUCA GIUSTI Dolce Vita t\u00fcrkis Glas f\u00fcr Wein- 6stk - Erresse Shop<\/title>\n<meta name=\"description\" content=\"Sch\u00f6ne Dinge, sauber, einfach, elegantes Design, gef\u00e4rbt: entworfen und von Designer Luca Mario Giusti Florenz entwickelt. Elegant und kaleidoskopischen\" \/>\n<meta name=\"robots\" content=\"index, follow, max-snippet:-1, max-image-preview:large, max-video-preview:-1\" \/>\n<link rel=\"canonical\" href=\"https:\/\/www.erresse-shop.it\/de\/shop\/tisch\/weinbar-korkenzieher-dekanter-eiskubel\/weinglaeser\/giusti-dolce-vita-turkis-glas-wein-6stk-ohne-kasten\/\" \/>\n<meta property=\"og:locale\" content=\"de_DE\" \/>\n<meta property=\"og:type\" content=\"article\" \/>\n<meta property=\"og:title\" content=\"MARIO LUCA GIUSTI Dolce Vita t\u00fcrkis Glas f\u00fcr Wein- 6stk\" \/>\n<meta property=\"og:description\" content=\"Sch\u00f6ne Dinge, sauber, einfach, elegantes Design, gef\u00e4rbt: entworfen und von Designer Luca Mario Giusti Florenz entwickelt. Elegant und kaleidoskopischen\" \/>\n<meta property=\"og:url\" content=\"https:\/\/www.erresse-shop.it\/de\/shop\/tisch\/weinbar-korkenzieher-dekanter-eiskubel\/weinglaeser\/giusti-dolce-vita-turkis-glas-wein-6stk-ohne-kasten\/\" \/>\n<meta property=\"og:site_name\" content=\"Erresse Shop\" \/>\n<meta property=\"article:modified_time\" content=\"2025-03-02T14:19:28+00:00\" \/>\n<meta property=\"og:image\" content=\"https:\/\/www.erresse-shop.it\/wp-content\/uploads\/2017\/04\/MARIO-LUCA-GIUSTI-Dolce-Vita-turchese-vino-6-pezzi.jpg\" \/>\n\t<meta property=\"og:image:width\" content=\"1200\" \/>\n\t<meta property=\"og:image:height\" content=\"1200\" \/>\n\t<meta property=\"og:image:type\" content=\"image\/jpeg\" \/>\n<meta name=\"twitter:card\" content=\"summary_large_image\" \/>\n<script type=\"application\/ld+json\" class=\"yoast-schema-graph\">{\"@context\":\"https:\/\/schema.org\",\"@graph\":[{\"@type\":\"WebPage\",\"@id\":\"https:\/\/www.erresse-shop.it\/de\/shop\/tisch\/weinbar-korkenzieher-dekanter-eiskubel\/weinglaeser\/giusti-dolce-vita-turkis-glas-wein-6stk-ohne-kasten\/\",\"url\":\"https:\/\/www.erresse-shop.it\/de\/shop\/tisch\/weinbar-korkenzieher-dekanter-eiskubel\/weinglaeser\/giusti-dolce-vita-turkis-glas-wein-6stk-ohne-kasten\/\",\"name\":\"MARIO LUCA GIUSTI Dolce Vita t\u00fcrkis Glas f\u00fcr Wein- 6stk - Erresse Shop\",\"isPartOf\":{\"@id\":\"https:\/\/www.erresse-shop.it\/de\/#website\"},\"datePublished\":\"2017-04-26T09:06:29+00:00\",\"dateModified\":\"2025-03-02T14:19:28+00:00\",\"description\":\"Sch\u00f6ne Dinge, sauber, einfach, elegantes Design, gef\u00e4rbt: entworfen und von Designer Luca Mario Giusti Florenz entwickelt. Elegant und kaleidoskopischen\",\"breadcrumb\":{\"@id\":\"https:\/\/www.erresse-shop.it\/de\/shop\/tisch\/weinbar-korkenzieher-dekanter-eiskubel\/weinglaeser\/giusti-dolce-vita-turkis-glas-wein-6stk-ohne-kasten\/#breadcrumb\"},\"inLanguage\":\"de-DE\",\"potentialAction\":[{\"@type\":\"ReadAction\",\"target\":[\"https:\/\/www.erresse-shop.it\/de\/shop\/tisch\/weinbar-korkenzieher-dekanter-eiskubel\/weinglaeser\/giusti-dolce-vita-turkis-glas-wein-6stk-ohne-kasten\/\"]}]},{\"@type\":\"BreadcrumbList\",\"@id\":\"https:\/\/www.erresse-shop.it\/de\/shop\/tisch\/weinbar-korkenzieher-dekanter-eiskubel\/weinglaeser\/giusti-dolce-vita-turkis-glas-wein-6stk-ohne-kasten\/#breadcrumb\",\"itemListElement\":[{\"@type\":\"ListItem\",\"position\":1,\"name\":\"Home\",\"item\":\"https:\/\/www.erresse-shop.it\/de\/\"},{\"@type\":\"ListItem\",\"position\":2,\"name\":\"Shop\",\"item\":\"https:\/\/www.erresse-shop.it\/de\/shop\/\"},{\"@type\":\"ListItem\",\"position\":3,\"name\":\"MARIO LUCA GIUSTI Dolce Vita t\u00fcrkis Glas f\u00fcr Wein- 6stk\"}]},{\"@type\":\"WebSite\",\"@id\":\"https:\/\/www.erresse-shop.it\/de\/#website\",\"url\":\"https:\/\/www.erresse-shop.it\/de\/\",\"name\":\"Erresse Shop\",\"description\":\"Articoli di qualit\u00e0 per la casa\",\"potentialAction\":[{\"@type\":\"SearchAction\",\"target\":{\"@type\":\"EntryPoint\",\"urlTemplate\":\"https:\/\/www.erresse-shop.it\/de\/?s={search_term_string}\"},\"query-input\":\"required name=search_term_string\"}],\"inLanguage\":\"de-DE\"}]}<\/script>\n<!-- \/ Yoast SEO Premium plugin. -->","yoast_head_json":{"title":"MARIO LUCA GIUSTI Dolce Vita t\u00fcrkis Glas f\u00fcr Wein- 6stk - Erresse Shop","description":"Sch\u00f6ne Dinge, sauber, einfach, elegantes Design, gef\u00e4rbt: entworfen und von Designer Luca Mario Giusti Florenz entwickelt. Elegant und kaleidoskopischen","robots":{"index":"index","follow":"follow","max-snippet":"max-snippet:-1","max-image-preview":"max-image-preview:large","max-video-preview":"max-video-preview:-1"},"canonical":"https:\/\/www.erresse-shop.it\/de\/shop\/tisch\/weinbar-korkenzieher-dekanter-eiskubel\/weinglaeser\/giusti-dolce-vita-turkis-glas-wein-6stk-ohne-kasten\/","og_locale":"de_DE","og_type":"article","og_title":"MARIO LUCA GIUSTI Dolce Vita t\u00fcrkis Glas f\u00fcr Wein- 6stk","og_description":"Sch\u00f6ne Dinge, sauber, einfach, elegantes Design, gef\u00e4rbt: entworfen und von Designer Luca Mario Giusti Florenz entwickelt. Elegant und kaleidoskopischen","og_url":"https:\/\/www.erresse-shop.it\/de\/shop\/tisch\/weinbar-korkenzieher-dekanter-eiskubel\/weinglaeser\/giusti-dolce-vita-turkis-glas-wein-6stk-ohne-kasten\/","og_site_name":"Erresse Shop","article_modified_time":"2025-03-02T14:19:28+00:00","og_image":[{"width":1200,"height":1200,"url":"https:\/\/www.erresse-shop.it\/wp-content\/uploads\/2017\/04\/MARIO-LUCA-GIUSTI-Dolce-Vita-turchese-vino-6-pezzi.jpg","type":"image\/jpeg"}],"twitter_card":"summary_large_image","schema":{"@context":"https:\/\/schema.org","@graph":[{"@type":"WebPage","@id":"https:\/\/www.erresse-shop.it\/de\/shop\/tisch\/weinbar-korkenzieher-dekanter-eiskubel\/weinglaeser\/giusti-dolce-vita-turkis-glas-wein-6stk-ohne-kasten\/","url":"https:\/\/www.erresse-shop.it\/de\/shop\/tisch\/weinbar-korkenzieher-dekanter-eiskubel\/weinglaeser\/giusti-dolce-vita-turkis-glas-wein-6stk-ohne-kasten\/","name":"MARIO LUCA GIUSTI Dolce Vita t\u00fcrkis Glas f\u00fcr Wein- 6stk - Erresse Shop","isPartOf":{"@id":"https:\/\/www.erresse-shop.it\/de\/#website"},"datePublished":"2017-04-26T09:06:29+00:00","dateModified":"2025-03-02T14:19:28+00:00","description":"Sch\u00f6ne Dinge, sauber, einfach, elegantes Design, gef\u00e4rbt: entworfen und von Designer Luca Mario Giusti Florenz entwickelt. Elegant und kaleidoskopischen","breadcrumb":{"@id":"https:\/\/www.erresse-shop.it\/de\/shop\/tisch\/weinbar-korkenzieher-dekanter-eiskubel\/weinglaeser\/giusti-dolce-vita-turkis-glas-wein-6stk-ohne-kasten\/#breadcrumb"},"inLanguage":"de-DE","potentialAction":[{"@type":"ReadAction","target":["https:\/\/www.erresse-shop.it\/de\/shop\/tisch\/weinbar-korkenzieher-dekanter-eiskubel\/weinglaeser\/giusti-dolce-vita-turkis-glas-wein-6stk-ohne-kasten\/"]}]},{"@type":"BreadcrumbList","@id":"https:\/\/www.erresse-shop.it\/de\/shop\/tisch\/weinbar-korkenzieher-dekanter-eiskubel\/weinglaeser\/giusti-dolce-vita-turkis-glas-wein-6stk-ohne-kasten\/#breadcrumb","itemListElement":[{"@type":"ListItem","position":1,"name":"Home","item":"https:\/\/www.erresse-shop.it\/de\/"},{"@type":"ListItem","position":2,"name":"Shop","item":"https:\/\/www.erresse-shop.it\/de\/shop\/"},{"@type":"ListItem","position":3,"name":"MARIO LUCA GIUSTI Dolce Vita t\u00fcrkis Glas f\u00fcr Wein- 6stk"}]},{"@type":"WebSite","@id":"https:\/\/www.erresse-shop.it\/de\/#website","url":"https:\/\/www.erresse-shop.it\/de\/","name":"Erresse Shop","description":"Articoli di qualit\u00e0 per la casa","potentialAction":[{"@type":"SearchAction","target":{"@type":"EntryPoint","urlTemplate":"https:\/\/www.erresse-shop.it\/de\/?s={search_term_string}"},"query-input":"required name=search_term_string"}],"inLanguage":"de-DE"}]}},"df_price":61.56,"df_sale_price":61.56,"df_regular_price":162,"df_image_link":"https:\/\/www.erresse-shop.it\/wp-content\/uploads\/2017\/04\/MARIO-LUCA-GIUSTI-Dolce-Vita-turchese-vino-6-pezzi-300x300.jpg","_links":{"self":[{"href":"https:\/\/www.erresse-shop.it\/de\/wp-json\/wp\/v2\/product\/21359"}],"collection":[{"href":"https:\/\/www.erresse-shop.it\/de\/wp-json\/wp\/v2\/product"}],"about":[{"href":"https:\/\/www.erresse-shop.it\/de\/wp-json\/wp\/v2\/types\/product"}],"wp:featuredmedia":[{"embeddable":true,"href":"https:\/\/www.erresse-shop.it\/de\/wp-json\/wp\/v2\/media\/434843"}],"wp:attachment":[{"href":"https:\/\/www.erresse-shop.it\/de\/wp-json\/wp\/v2\/media?parent=21359"}],"wp:term":[{"taxonomy":"product_cat","embeddable":true,"href":"https:\/\/www.erresse-shop.it\/de\/wp-json\/wp\/v2\/product_cat?post=21359"},{"taxonomy":"product_tag","embeddable":true,"href":"https:\/\/www.erresse-shop.it\/de\/wp-json\/wp\/v2\/product_tag?post=21359"}],"curies":[{"name":"wp","href":"https:\/\/api.w.org\/{rel}","templated":true}]}}