{"id":212991,"date":"2022-11-30T10:32:33","date_gmt":"2022-11-30T10:32:33","guid":{"rendered":"https:\/\/www.erresse-shop.it\/?post_type=product&#038;p=212991"},"modified":"2024-06-19T12:18:34","modified_gmt":"2024-06-19T12:18:34","slug":"sambonet-paderno-mixology-set-2-martini-becher-gold","status":"publish","type":"product","link":"https:\/\/www.erresse-shop.it\/de\/shop\/tisch\/sambonet-paderno-mixology-set-2-martini-becher-gold\/","title":{"rendered":"SAMBONET Paderno Mixology Set 2 Martini Becher Gold"},"content":{"rendered":"<p>Schnell zubereitet und lecker in jeder Kombination. Servieren Sie ihn mit der eleganten Zitronenschale zu einer K\u00e4se- und Wurstplatte w\u00e4hrend eines Aperitifs oder zu einem leckeres Getr\u00e4nk nach dem Essen. Traditionell sollte der Wodka Martini nur ger\u00fchrt und nicht gesch\u00fcttelt werden, damit er nicht tr\u00fcb wird. Aber k\u00f6nnen wir vielleicht widersprechen\u00a0James Bond und sein ikonischer &#8220;Martini gesch\u00fcttelt, nicht ger\u00fchrt&#8221;?<\/p>\n<p>Material: Rostfreier Stahl<\/p>\n<p>Anzahl der Teile im Set: 2<\/p>\n","protected":false},"excerpt":{"rendered":"<p>Schnell zubereitet und lecker in jeder Kombination. Servieren Sie ihn mit der eleganten Zitronenschale zu einer K\u00e4se- und Wurstplatte w\u00e4hrend<\/p>\n","protected":false},"featured_media":213011,"template":"","meta":{"_acf_changed":false,"inline_featured_image":false},"product_cat":[6787,21705],"product_tag":[25088,23911,23691,21302,21313,21392,25022],"acf":[],"yoast_head":"<!-- This site is optimized with the Yoast SEO Premium plugin v18.6 (Yoast SEO v19.13) - https:\/\/yoast.com\/wordpress\/plugins\/seo\/ -->\n<title>SAMBONET Paderno Mixology Set 2 Martini Becher Gold - Erresse Shop<\/title>\n<meta name=\"description\" content=\"Schnell zubereitet und lecker in jeder Kombination. Servieren Sie ihn mit der eleganten Zitronenschale zu einer K\u00e4se- und Wurstplatte w\u00e4hrend eines\" \/>\n<meta name=\"robots\" content=\"index, follow, max-snippet:-1, max-image-preview:large, max-video-preview:-1\" \/>\n<link rel=\"canonical\" href=\"https:\/\/www.erresse-shop.it\/de\/shop\/tisch\/sambonet-paderno-mixology-set-2-martini-becher-gold\/\" \/>\n<meta property=\"og:locale\" content=\"de_DE\" \/>\n<meta property=\"og:type\" content=\"article\" \/>\n<meta property=\"og:title\" content=\"SAMBONET Paderno Mixology Set 2 Martini Becher Gold\" \/>\n<meta property=\"og:description\" content=\"Schnell zubereitet und lecker in jeder Kombination. Servieren Sie ihn mit der eleganten Zitronenschale zu einer K\u00e4se- und Wurstplatte w\u00e4hrend eines\" \/>\n<meta property=\"og:url\" content=\"https:\/\/www.erresse-shop.it\/de\/shop\/tisch\/sambonet-paderno-mixology-set-2-martini-becher-gold\/\" \/>\n<meta property=\"og:site_name\" content=\"Erresse Shop\" \/>\n<meta property=\"article:modified_time\" content=\"2024-06-19T12:18:34+00:00\" \/>\n<meta property=\"og:image\" content=\"https:\/\/www.erresse-shop.it\/wp-content\/uploads\/2022\/11\/41494-G2.jpg\" \/>\n\t<meta property=\"og:image:width\" content=\"800\" \/>\n\t<meta property=\"og:image:height\" content=\"800\" \/>\n\t<meta property=\"og:image:type\" content=\"image\/jpeg\" \/>\n<meta name=\"twitter:card\" content=\"summary_large_image\" \/>\n<script type=\"application\/ld+json\" class=\"yoast-schema-graph\">{\"@context\":\"https:\/\/schema.org\",\"@graph\":[{\"@type\":\"WebPage\",\"@id\":\"https:\/\/www.erresse-shop.it\/de\/shop\/tisch\/sambonet-paderno-mixology-set-2-martini-becher-gold\/\",\"url\":\"https:\/\/www.erresse-shop.it\/de\/shop\/tisch\/sambonet-paderno-mixology-set-2-martini-becher-gold\/\",\"name\":\"SAMBONET Paderno Mixology Set 2 Martini Becher Gold - Erresse Shop\",\"isPartOf\":{\"@id\":\"https:\/\/www.erresse-shop.it\/de\/#website\"},\"datePublished\":\"2022-11-30T10:32:33+00:00\",\"dateModified\":\"2024-06-19T12:18:34+00:00\",\"description\":\"Schnell zubereitet und lecker in jeder Kombination. Servieren Sie ihn mit der eleganten Zitronenschale zu einer K\u00e4se- und Wurstplatte w\u00e4hrend eines\",\"breadcrumb\":{\"@id\":\"https:\/\/www.erresse-shop.it\/de\/shop\/tisch\/sambonet-paderno-mixology-set-2-martini-becher-gold\/#breadcrumb\"},\"inLanguage\":\"de-DE\",\"potentialAction\":[{\"@type\":\"ReadAction\",\"target\":[\"https:\/\/www.erresse-shop.it\/de\/shop\/tisch\/sambonet-paderno-mixology-set-2-martini-becher-gold\/\"]}]},{\"@type\":\"BreadcrumbList\",\"@id\":\"https:\/\/www.erresse-shop.it\/de\/shop\/tisch\/sambonet-paderno-mixology-set-2-martini-becher-gold\/#breadcrumb\",\"itemListElement\":[{\"@type\":\"ListItem\",\"position\":1,\"name\":\"Home\",\"item\":\"https:\/\/www.erresse-shop.it\/de\/\"},{\"@type\":\"ListItem\",\"position\":2,\"name\":\"Shop\",\"item\":\"https:\/\/www.erresse-shop.it\/de\/shop\/\"},{\"@type\":\"ListItem\",\"position\":3,\"name\":\"SAMBONET Paderno Mixology Set 2 Martini Becher Gold\"}]},{\"@type\":\"WebSite\",\"@id\":\"https:\/\/www.erresse-shop.it\/de\/#website\",\"url\":\"https:\/\/www.erresse-shop.it\/de\/\",\"name\":\"Erresse Shop\",\"description\":\"Articoli di qualit\u00e0 per la casa\",\"potentialAction\":[{\"@type\":\"SearchAction\",\"target\":{\"@type\":\"EntryPoint\",\"urlTemplate\":\"https:\/\/www.erresse-shop.it\/de\/?s={search_term_string}\"},\"query-input\":\"required name=search_term_string\"}],\"inLanguage\":\"de-DE\"}]}<\/script>\n<!-- \/ Yoast SEO Premium plugin. -->","yoast_head_json":{"title":"SAMBONET Paderno Mixology Set 2 Martini Becher Gold - Erresse Shop","description":"Schnell zubereitet und lecker in jeder Kombination. Servieren Sie ihn mit der eleganten Zitronenschale zu einer K\u00e4se- und Wurstplatte w\u00e4hrend eines","robots":{"index":"index","follow":"follow","max-snippet":"max-snippet:-1","max-image-preview":"max-image-preview:large","max-video-preview":"max-video-preview:-1"},"canonical":"https:\/\/www.erresse-shop.it\/de\/shop\/tisch\/sambonet-paderno-mixology-set-2-martini-becher-gold\/","og_locale":"de_DE","og_type":"article","og_title":"SAMBONET Paderno Mixology Set 2 Martini Becher Gold","og_description":"Schnell zubereitet und lecker in jeder Kombination. Servieren Sie ihn mit der eleganten Zitronenschale zu einer K\u00e4se- und Wurstplatte w\u00e4hrend eines","og_url":"https:\/\/www.erresse-shop.it\/de\/shop\/tisch\/sambonet-paderno-mixology-set-2-martini-becher-gold\/","og_site_name":"Erresse Shop","article_modified_time":"2024-06-19T12:18:34+00:00","og_image":[{"width":800,"height":800,"url":"https:\/\/www.erresse-shop.it\/wp-content\/uploads\/2022\/11\/41494-G2.jpg","type":"image\/jpeg"}],"twitter_card":"summary_large_image","schema":{"@context":"https:\/\/schema.org","@graph":[{"@type":"WebPage","@id":"https:\/\/www.erresse-shop.it\/de\/shop\/tisch\/sambonet-paderno-mixology-set-2-martini-becher-gold\/","url":"https:\/\/www.erresse-shop.it\/de\/shop\/tisch\/sambonet-paderno-mixology-set-2-martini-becher-gold\/","name":"SAMBONET Paderno Mixology Set 2 Martini Becher Gold - Erresse Shop","isPartOf":{"@id":"https:\/\/www.erresse-shop.it\/de\/#website"},"datePublished":"2022-11-30T10:32:33+00:00","dateModified":"2024-06-19T12:18:34+00:00","description":"Schnell zubereitet und lecker in jeder Kombination. Servieren Sie ihn mit der eleganten Zitronenschale zu einer K\u00e4se- und Wurstplatte w\u00e4hrend eines","breadcrumb":{"@id":"https:\/\/www.erresse-shop.it\/de\/shop\/tisch\/sambonet-paderno-mixology-set-2-martini-becher-gold\/#breadcrumb"},"inLanguage":"de-DE","potentialAction":[{"@type":"ReadAction","target":["https:\/\/www.erresse-shop.it\/de\/shop\/tisch\/sambonet-paderno-mixology-set-2-martini-becher-gold\/"]}]},{"@type":"BreadcrumbList","@id":"https:\/\/www.erresse-shop.it\/de\/shop\/tisch\/sambonet-paderno-mixology-set-2-martini-becher-gold\/#breadcrumb","itemListElement":[{"@type":"ListItem","position":1,"name":"Home","item":"https:\/\/www.erresse-shop.it\/de\/"},{"@type":"ListItem","position":2,"name":"Shop","item":"https:\/\/www.erresse-shop.it\/de\/shop\/"},{"@type":"ListItem","position":3,"name":"SAMBONET Paderno Mixology Set 2 Martini Becher Gold"}]},{"@type":"WebSite","@id":"https:\/\/www.erresse-shop.it\/de\/#website","url":"https:\/\/www.erresse-shop.it\/de\/","name":"Erresse Shop","description":"Articoli di qualit\u00e0 per la casa","potentialAction":[{"@type":"SearchAction","target":{"@type":"EntryPoint","urlTemplate":"https:\/\/www.erresse-shop.it\/de\/?s={search_term_string}"},"query-input":"required name=search_term_string"}],"inLanguage":"de-DE"}]}},"df_price":19.9,"df_sale_price":19.9,"df_regular_price":44.9,"df_image_link":"https:\/\/www.erresse-shop.it\/wp-content\/uploads\/2022\/11\/41494-G2-300x300.jpg","_links":{"self":[{"href":"https:\/\/www.erresse-shop.it\/de\/wp-json\/wp\/v2\/product\/212991"}],"collection":[{"href":"https:\/\/www.erresse-shop.it\/de\/wp-json\/wp\/v2\/product"}],"about":[{"href":"https:\/\/www.erresse-shop.it\/de\/wp-json\/wp\/v2\/types\/product"}],"wp:featuredmedia":[{"embeddable":true,"href":"https:\/\/www.erresse-shop.it\/de\/wp-json\/wp\/v2\/media\/213011"}],"wp:attachment":[{"href":"https:\/\/www.erresse-shop.it\/de\/wp-json\/wp\/v2\/media?parent=212991"}],"wp:term":[{"taxonomy":"product_cat","embeddable":true,"href":"https:\/\/www.erresse-shop.it\/de\/wp-json\/wp\/v2\/product_cat?post=212991"},{"taxonomy":"product_tag","embeddable":true,"href":"https:\/\/www.erresse-shop.it\/de\/wp-json\/wp\/v2\/product_tag?post=212991"}],"curies":[{"name":"wp","href":"https:\/\/api.w.org\/{rel}","templated":true}]}}