{"id":20977,"date":"2017-04-13T12:41:17","date_gmt":"2017-04-13T12:41:17","guid":{"rendered":"https:\/\/www.erresse-shop.it\/?post_type=product&#038;p=20977"},"modified":"2025-05-11T14:25:00","modified_gmt":"2025-05-11T14:25:00","slug":"seletti-maman-chandelier-14-gluhbirnen-dimmerable","status":"publish","type":"product","link":"https:\/\/www.erresse-shop.it\/de\/shop\/einrichtung-haus\/lampen\/seletti-maman-chandelier-14-gluhbirnen-dimmerable\/","title":{"rendered":"SELETTI Maman Chandelier 14 Gl\u00fchbirnen Dimmerable"},"content":{"rendered":"<div>\n<p><strong>MAMAN<\/strong> von Seletti ist ein Kronleuchter aus Rosette und 14 Silizium Kabeln mit der gleichen Anzahl von Lampen an jedem Ende. 7 Kabel sind 3 m lang und 7 Kabel sind 4 Meter lang. Maman ist ideal f\u00fcr die Beleuchtung von gro\u00dfen Fl\u00e4chen mit einem leichten aufgeteilt und in Ihrer Freizeit dosiert. Nicht nur ein Kronleuchter, aber ein M\u00f6belst\u00fcck einzigartig.<\/p>\n<p>Abmessungen: n. 14 Kabel von mt. 4 &#8211; Birne: 14 x LED E27 &#8211; 2 W einzelne Birne &#8211; 2912 Gesamtlumen &#8211; warmes Licht &#8211; 230V &#8211; 50HZ<\/p>\n<\/div>\n","protected":false},"excerpt":{"rendered":"<p>MAMAN von Seletti ist ein Kronleuchter aus Rosette und 14 Silizium Kabeln mit der gleichen Anzahl von Lampen an jedem<\/p>\n","protected":false},"featured_media":20978,"template":"","meta":{"_acf_changed":false,"inline_featured_image":false},"product_cat":[6817,6862],"product_tag":[13149,13164,25022],"acf":[],"yoast_head":"<!-- This site is optimized with the Yoast SEO Premium plugin v18.6 (Yoast SEO v19.13) - https:\/\/yoast.com\/wordpress\/plugins\/seo\/ -->\n<title>SELETTI Maman Chandelier 14 Gl\u00fchbirnen Dimmerable - Erresse Shop<\/title>\n<meta name=\"description\" content=\"MAMAN von Seletti ist ein Kronleuchter aus Rosette und 14 Silizium Kabeln mit der gleichen Anzahl von Lampen an jedem Ende. 7 Kabel sind 3 m lang und 7\" \/>\n<meta name=\"robots\" content=\"index, follow, max-snippet:-1, max-image-preview:large, max-video-preview:-1\" \/>\n<link rel=\"canonical\" href=\"https:\/\/www.erresse-shop.it\/de\/shop\/einrichtung-haus\/lampen\/seletti-maman-chandelier-14-gluhbirnen-dimmerable\/\" \/>\n<meta property=\"og:locale\" content=\"de_DE\" \/>\n<meta property=\"og:type\" content=\"article\" \/>\n<meta property=\"og:title\" content=\"SELETTI Maman Chandelier 14 Gl\u00fchbirnen Dimmerable\" \/>\n<meta property=\"og:description\" content=\"MAMAN von Seletti ist ein Kronleuchter aus Rosette und 14 Silizium Kabeln mit der gleichen Anzahl von Lampen an jedem Ende. 7 Kabel sind 3 m lang und 7\" \/>\n<meta property=\"og:url\" content=\"https:\/\/www.erresse-shop.it\/de\/shop\/einrichtung-haus\/lampen\/seletti-maman-chandelier-14-gluhbirnen-dimmerable\/\" \/>\n<meta property=\"og:site_name\" content=\"Erresse Shop\" \/>\n<meta property=\"article:modified_time\" content=\"2025-05-11T14:25:00+00:00\" \/>\n<meta property=\"og:image\" content=\"https:\/\/www.erresse-shop.it\/wp-content\/uploads\/2018\/03\/products-maman-trasp-dimmer3-2.jpg\" \/>\n\t<meta property=\"og:image:width\" content=\"944\" \/>\n\t<meta property=\"og:image:height\" content=\"787\" \/>\n\t<meta property=\"og:image:type\" content=\"image\/jpeg\" \/>\n<meta name=\"twitter:card\" content=\"summary_large_image\" \/>\n<script type=\"application\/ld+json\" class=\"yoast-schema-graph\">{\"@context\":\"https:\/\/schema.org\",\"@graph\":[{\"@type\":\"WebPage\",\"@id\":\"https:\/\/www.erresse-shop.it\/de\/shop\/einrichtung-haus\/lampen\/seletti-maman-chandelier-14-gluhbirnen-dimmerable\/\",\"url\":\"https:\/\/www.erresse-shop.it\/de\/shop\/einrichtung-haus\/lampen\/seletti-maman-chandelier-14-gluhbirnen-dimmerable\/\",\"name\":\"SELETTI Maman Chandelier 14 Gl\u00fchbirnen Dimmerable - Erresse Shop\",\"isPartOf\":{\"@id\":\"https:\/\/www.erresse-shop.it\/de\/#website\"},\"datePublished\":\"2017-04-13T12:41:17+00:00\",\"dateModified\":\"2025-05-11T14:25:00+00:00\",\"description\":\"MAMAN von Seletti ist ein Kronleuchter aus Rosette und 14 Silizium Kabeln mit der gleichen Anzahl von Lampen an jedem Ende. 7 Kabel sind 3 m lang und 7\",\"breadcrumb\":{\"@id\":\"https:\/\/www.erresse-shop.it\/de\/shop\/einrichtung-haus\/lampen\/seletti-maman-chandelier-14-gluhbirnen-dimmerable\/#breadcrumb\"},\"inLanguage\":\"de-DE\",\"potentialAction\":[{\"@type\":\"ReadAction\",\"target\":[\"https:\/\/www.erresse-shop.it\/de\/shop\/einrichtung-haus\/lampen\/seletti-maman-chandelier-14-gluhbirnen-dimmerable\/\"]}]},{\"@type\":\"BreadcrumbList\",\"@id\":\"https:\/\/www.erresse-shop.it\/de\/shop\/einrichtung-haus\/lampen\/seletti-maman-chandelier-14-gluhbirnen-dimmerable\/#breadcrumb\",\"itemListElement\":[{\"@type\":\"ListItem\",\"position\":1,\"name\":\"Home\",\"item\":\"https:\/\/www.erresse-shop.it\/de\/\"},{\"@type\":\"ListItem\",\"position\":2,\"name\":\"Shop\",\"item\":\"https:\/\/www.erresse-shop.it\/de\/shop\/\"},{\"@type\":\"ListItem\",\"position\":3,\"name\":\"SELETTI Maman Chandelier 14 Gl\u00fchbirnen Dimmerable\"}]},{\"@type\":\"WebSite\",\"@id\":\"https:\/\/www.erresse-shop.it\/de\/#website\",\"url\":\"https:\/\/www.erresse-shop.it\/de\/\",\"name\":\"Erresse Shop\",\"description\":\"Articoli di qualit\u00e0 per la casa\",\"potentialAction\":[{\"@type\":\"SearchAction\",\"target\":{\"@type\":\"EntryPoint\",\"urlTemplate\":\"https:\/\/www.erresse-shop.it\/de\/?s={search_term_string}\"},\"query-input\":\"required name=search_term_string\"}],\"inLanguage\":\"de-DE\"}]}<\/script>\n<!-- \/ Yoast SEO Premium plugin. -->","yoast_head_json":{"title":"SELETTI Maman Chandelier 14 Gl\u00fchbirnen Dimmerable - Erresse Shop","description":"MAMAN von Seletti ist ein Kronleuchter aus Rosette und 14 Silizium Kabeln mit der gleichen Anzahl von Lampen an jedem Ende. 7 Kabel sind 3 m lang und 7","robots":{"index":"index","follow":"follow","max-snippet":"max-snippet:-1","max-image-preview":"max-image-preview:large","max-video-preview":"max-video-preview:-1"},"canonical":"https:\/\/www.erresse-shop.it\/de\/shop\/einrichtung-haus\/lampen\/seletti-maman-chandelier-14-gluhbirnen-dimmerable\/","og_locale":"de_DE","og_type":"article","og_title":"SELETTI Maman Chandelier 14 Gl\u00fchbirnen Dimmerable","og_description":"MAMAN von Seletti ist ein Kronleuchter aus Rosette und 14 Silizium Kabeln mit der gleichen Anzahl von Lampen an jedem Ende. 7 Kabel sind 3 m lang und 7","og_url":"https:\/\/www.erresse-shop.it\/de\/shop\/einrichtung-haus\/lampen\/seletti-maman-chandelier-14-gluhbirnen-dimmerable\/","og_site_name":"Erresse Shop","article_modified_time":"2025-05-11T14:25:00+00:00","og_image":[{"width":"944","height":"787","url":"https:\/\/www.erresse-shop.it\/wp-content\/uploads\/2018\/03\/products-maman-trasp-dimmer3-2.jpg","type":"image\/jpeg"}],"twitter_card":"summary_large_image","schema":{"@context":"https:\/\/schema.org","@graph":[{"@type":"WebPage","@id":"https:\/\/www.erresse-shop.it\/de\/shop\/einrichtung-haus\/lampen\/seletti-maman-chandelier-14-gluhbirnen-dimmerable\/","url":"https:\/\/www.erresse-shop.it\/de\/shop\/einrichtung-haus\/lampen\/seletti-maman-chandelier-14-gluhbirnen-dimmerable\/","name":"SELETTI Maman Chandelier 14 Gl\u00fchbirnen Dimmerable - Erresse Shop","isPartOf":{"@id":"https:\/\/www.erresse-shop.it\/de\/#website"},"datePublished":"2017-04-13T12:41:17+00:00","dateModified":"2025-05-11T14:25:00+00:00","description":"MAMAN von Seletti ist ein Kronleuchter aus Rosette und 14 Silizium Kabeln mit der gleichen Anzahl von Lampen an jedem Ende. 7 Kabel sind 3 m lang und 7","breadcrumb":{"@id":"https:\/\/www.erresse-shop.it\/de\/shop\/einrichtung-haus\/lampen\/seletti-maman-chandelier-14-gluhbirnen-dimmerable\/#breadcrumb"},"inLanguage":"de-DE","potentialAction":[{"@type":"ReadAction","target":["https:\/\/www.erresse-shop.it\/de\/shop\/einrichtung-haus\/lampen\/seletti-maman-chandelier-14-gluhbirnen-dimmerable\/"]}]},{"@type":"BreadcrumbList","@id":"https:\/\/www.erresse-shop.it\/de\/shop\/einrichtung-haus\/lampen\/seletti-maman-chandelier-14-gluhbirnen-dimmerable\/#breadcrumb","itemListElement":[{"@type":"ListItem","position":1,"name":"Home","item":"https:\/\/www.erresse-shop.it\/de\/"},{"@type":"ListItem","position":2,"name":"Shop","item":"https:\/\/www.erresse-shop.it\/de\/shop\/"},{"@type":"ListItem","position":3,"name":"SELETTI Maman Chandelier 14 Gl\u00fchbirnen Dimmerable"}]},{"@type":"WebSite","@id":"https:\/\/www.erresse-shop.it\/de\/#website","url":"https:\/\/www.erresse-shop.it\/de\/","name":"Erresse Shop","description":"Articoli di qualit\u00e0 per la casa","potentialAction":[{"@type":"SearchAction","target":{"@type":"EntryPoint","urlTemplate":"https:\/\/www.erresse-shop.it\/de\/?s={search_term_string}"},"query-input":"required name=search_term_string"}],"inLanguage":"de-DE"}]}},"df_price":247.5,"df_sale_price":247.5,"df_regular_price":550,"df_image_link":"https:\/\/www.erresse-shop.it\/wp-content\/uploads\/2018\/03\/products-maman-trasp-dimmer3-2.jpg","_links":{"self":[{"href":"https:\/\/www.erresse-shop.it\/de\/wp-json\/wp\/v2\/product\/20977"}],"collection":[{"href":"https:\/\/www.erresse-shop.it\/de\/wp-json\/wp\/v2\/product"}],"about":[{"href":"https:\/\/www.erresse-shop.it\/de\/wp-json\/wp\/v2\/types\/product"}],"wp:featuredmedia":[{"embeddable":true,"href":"https:\/\/www.erresse-shop.it\/de\/wp-json\/wp\/v2\/media\/20978"}],"wp:attachment":[{"href":"https:\/\/www.erresse-shop.it\/de\/wp-json\/wp\/v2\/media?parent=20977"}],"wp:term":[{"taxonomy":"product_cat","embeddable":true,"href":"https:\/\/www.erresse-shop.it\/de\/wp-json\/wp\/v2\/product_cat?post=20977"},{"taxonomy":"product_tag","embeddable":true,"href":"https:\/\/www.erresse-shop.it\/de\/wp-json\/wp\/v2\/product_tag?post=20977"}],"curies":[{"name":"wp","href":"https:\/\/api.w.org\/{rel}","templated":true}]}}