{"id":20872,"date":"2017-04-12T17:20:57","date_gmt":"2017-04-12T17:20:57","guid":{"rendered":"https:\/\/www.erresse-shop.it\/?post_type=product&#038;p=20872"},"modified":"2021-12-20T17:19:25","modified_gmt":"2021-12-20T17:19:25","slug":"seletti-hybrid-tablett-diomira","status":"publish","type":"product","link":"https:\/\/www.erresse-shop.it\/de\/shop\/tisch\/serviertablette\/seletti-hybrid-tablett-diomira\/","title":{"rendered":"SELETTI Hybrid Tablett DIOMIRA"},"content":{"rendered":"<div>\n<div>Inspiriert von der Ceramix Kunstprojekt dieser Sammlung bringt Kunst n\u00e4her an den Alltag. Hybrid ist in feinem Porzellan in China von der italienischen Firma <strong>SELETTI<\/strong> hergestellt und besteht aus verschiedenen Geschirr. Die St\u00fccke in der Sammlung sind grafisch zwischen Ost und West mit einer farbigen Linie markiert die Grenze zwischen den beiden Stilen und paradoxerweise st\u00e4rken zugleich die Vereinigung aufgeteilt.<br \/>\nDas Hybrid-Sammlung befasst sich mit der Gegenwart, w\u00e4hrend Nachdenken \u00fcber die Ironie der Geschichte schl\u00e4gt daher eine eindrucksvolle zeitgen\u00f6ssische Interpretation.\u00a0Von <strong>CTRLZAK<\/strong> disegned<\/div>\n<\/div>\n","protected":false},"excerpt":{"rendered":"<p>Inspiriert von der Ceramix Kunstprojekt dieser Sammlung bringt Kunst n\u00e4her an den Alltag. Hybrid ist in feinem Porzellan in China<\/p>\n","protected":false},"featured_media":20873,"template":"","meta":{"_acf_changed":false,"inline_featured_image":false},"product_cat":[6853,6787],"product_tag":[12284,12285,13345,15684,12286,14262,25022,11587],"acf":[],"yoast_head":"<!-- This site is optimized with the Yoast SEO Premium plugin v18.6 (Yoast SEO v19.13) - https:\/\/yoast.com\/wordpress\/plugins\/seo\/ -->\n<title>SELETTI Hybrid Tablett DIOMIRA - Erresse Shop<\/title>\n<meta name=\"description\" content=\"Inspiriert von der Ceramix Kunstprojekt dieser Sammlung bringt Kunst n\u00e4her an den Alltag. Hybrid ist in feinem Porzellan in China von der italienischen\" \/>\n<meta name=\"robots\" content=\"index, follow, max-snippet:-1, max-image-preview:large, max-video-preview:-1\" \/>\n<link rel=\"canonical\" href=\"https:\/\/www.erresse-shop.it\/de\/shop\/tisch\/serviertablette\/seletti-hybrid-tablett-diomira\/\" \/>\n<meta property=\"og:locale\" content=\"de_DE\" \/>\n<meta property=\"og:type\" content=\"article\" \/>\n<meta property=\"og:title\" content=\"SELETTI Hybrid Tablett DIOMIRA\" \/>\n<meta property=\"og:description\" content=\"Inspiriert von der Ceramix Kunstprojekt dieser Sammlung bringt Kunst n\u00e4her an den Alltag. Hybrid ist in feinem Porzellan in China von der italienischen\" \/>\n<meta property=\"og:url\" content=\"https:\/\/www.erresse-shop.it\/de\/shop\/tisch\/serviertablette\/seletti-hybrid-tablett-diomira\/\" \/>\n<meta property=\"og:site_name\" content=\"Erresse Shop\" \/>\n<meta property=\"article:modified_time\" content=\"2021-12-20T17:19:25+00:00\" \/>\n<meta property=\"og:image\" content=\"https:\/\/www.erresse-shop.it\/wp-content\/uploads\/2017\/04\/products-hybrid-diomira-2.jpg\" \/>\n\t<meta property=\"og:image:width\" content=\"1001\" \/>\n\t<meta property=\"og:image:height\" content=\"1001\" \/>\n\t<meta property=\"og:image:type\" content=\"image\/jpeg\" \/>\n<meta name=\"twitter:card\" content=\"summary_large_image\" \/>\n<script type=\"application\/ld+json\" class=\"yoast-schema-graph\">{\"@context\":\"https:\/\/schema.org\",\"@graph\":[{\"@type\":\"WebPage\",\"@id\":\"https:\/\/www.erresse-shop.it\/de\/shop\/tisch\/serviertablette\/seletti-hybrid-tablett-diomira\/\",\"url\":\"https:\/\/www.erresse-shop.it\/de\/shop\/tisch\/serviertablette\/seletti-hybrid-tablett-diomira\/\",\"name\":\"SELETTI Hybrid Tablett DIOMIRA - Erresse Shop\",\"isPartOf\":{\"@id\":\"https:\/\/www.erresse-shop.it\/de\/#website\"},\"datePublished\":\"2017-04-12T17:20:57+00:00\",\"dateModified\":\"2021-12-20T17:19:25+00:00\",\"description\":\"Inspiriert von der Ceramix Kunstprojekt dieser Sammlung bringt Kunst n\u00e4her an den Alltag. Hybrid ist in feinem Porzellan in China von der italienischen\",\"breadcrumb\":{\"@id\":\"https:\/\/www.erresse-shop.it\/de\/shop\/tisch\/serviertablette\/seletti-hybrid-tablett-diomira\/#breadcrumb\"},\"inLanguage\":\"de-DE\",\"potentialAction\":[{\"@type\":\"ReadAction\",\"target\":[\"https:\/\/www.erresse-shop.it\/de\/shop\/tisch\/serviertablette\/seletti-hybrid-tablett-diomira\/\"]}]},{\"@type\":\"BreadcrumbList\",\"@id\":\"https:\/\/www.erresse-shop.it\/de\/shop\/tisch\/serviertablette\/seletti-hybrid-tablett-diomira\/#breadcrumb\",\"itemListElement\":[{\"@type\":\"ListItem\",\"position\":1,\"name\":\"Home\",\"item\":\"https:\/\/www.erresse-shop.it\/de\/\"},{\"@type\":\"ListItem\",\"position\":2,\"name\":\"Shop\",\"item\":\"https:\/\/www.erresse-shop.it\/de\/shop\/\"},{\"@type\":\"ListItem\",\"position\":3,\"name\":\"SELETTI Hybrid Tablett DIOMIRA\"}]},{\"@type\":\"WebSite\",\"@id\":\"https:\/\/www.erresse-shop.it\/de\/#website\",\"url\":\"https:\/\/www.erresse-shop.it\/de\/\",\"name\":\"Erresse Shop\",\"description\":\"Articoli di qualit\u00e0 per la casa\",\"potentialAction\":[{\"@type\":\"SearchAction\",\"target\":{\"@type\":\"EntryPoint\",\"urlTemplate\":\"https:\/\/www.erresse-shop.it\/de\/?s={search_term_string}\"},\"query-input\":\"required name=search_term_string\"}],\"inLanguage\":\"de-DE\"}]}<\/script>\n<!-- \/ Yoast SEO Premium plugin. -->","yoast_head_json":{"title":"SELETTI Hybrid Tablett DIOMIRA - Erresse Shop","description":"Inspiriert von der Ceramix Kunstprojekt dieser Sammlung bringt Kunst n\u00e4her an den Alltag. Hybrid ist in feinem Porzellan in China von der italienischen","robots":{"index":"index","follow":"follow","max-snippet":"max-snippet:-1","max-image-preview":"max-image-preview:large","max-video-preview":"max-video-preview:-1"},"canonical":"https:\/\/www.erresse-shop.it\/de\/shop\/tisch\/serviertablette\/seletti-hybrid-tablett-diomira\/","og_locale":"de_DE","og_type":"article","og_title":"SELETTI Hybrid Tablett DIOMIRA","og_description":"Inspiriert von der Ceramix Kunstprojekt dieser Sammlung bringt Kunst n\u00e4her an den Alltag. Hybrid ist in feinem Porzellan in China von der italienischen","og_url":"https:\/\/www.erresse-shop.it\/de\/shop\/tisch\/serviertablette\/seletti-hybrid-tablett-diomira\/","og_site_name":"Erresse Shop","article_modified_time":"2021-12-20T17:19:25+00:00","og_image":[{"width":"1001","height":"1001","url":"https:\/\/www.erresse-shop.it\/wp-content\/uploads\/2017\/04\/products-hybrid-diomira-2.jpg","type":"image\/jpeg"}],"twitter_card":"summary_large_image","schema":{"@context":"https:\/\/schema.org","@graph":[{"@type":"WebPage","@id":"https:\/\/www.erresse-shop.it\/de\/shop\/tisch\/serviertablette\/seletti-hybrid-tablett-diomira\/","url":"https:\/\/www.erresse-shop.it\/de\/shop\/tisch\/serviertablette\/seletti-hybrid-tablett-diomira\/","name":"SELETTI Hybrid Tablett DIOMIRA - Erresse Shop","isPartOf":{"@id":"https:\/\/www.erresse-shop.it\/de\/#website"},"datePublished":"2017-04-12T17:20:57+00:00","dateModified":"2021-12-20T17:19:25+00:00","description":"Inspiriert von der Ceramix Kunstprojekt dieser Sammlung bringt Kunst n\u00e4her an den Alltag. Hybrid ist in feinem Porzellan in China von der italienischen","breadcrumb":{"@id":"https:\/\/www.erresse-shop.it\/de\/shop\/tisch\/serviertablette\/seletti-hybrid-tablett-diomira\/#breadcrumb"},"inLanguage":"de-DE","potentialAction":[{"@type":"ReadAction","target":["https:\/\/www.erresse-shop.it\/de\/shop\/tisch\/serviertablette\/seletti-hybrid-tablett-diomira\/"]}]},{"@type":"BreadcrumbList","@id":"https:\/\/www.erresse-shop.it\/de\/shop\/tisch\/serviertablette\/seletti-hybrid-tablett-diomira\/#breadcrumb","itemListElement":[{"@type":"ListItem","position":1,"name":"Home","item":"https:\/\/www.erresse-shop.it\/de\/"},{"@type":"ListItem","position":2,"name":"Shop","item":"https:\/\/www.erresse-shop.it\/de\/shop\/"},{"@type":"ListItem","position":3,"name":"SELETTI Hybrid Tablett DIOMIRA"}]},{"@type":"WebSite","@id":"https:\/\/www.erresse-shop.it\/de\/#website","url":"https:\/\/www.erresse-shop.it\/de\/","name":"Erresse Shop","description":"Articoli di qualit\u00e0 per la casa","potentialAction":[{"@type":"SearchAction","target":{"@type":"EntryPoint","urlTemplate":"https:\/\/www.erresse-shop.it\/de\/?s={search_term_string}"},"query-input":"required name=search_term_string"}],"inLanguage":"de-DE"}]}},"df_price":66.15,"df_sale_price":66.15,"df_regular_price":147,"df_image_link":"https:\/\/www.erresse-shop.it\/wp-content\/uploads\/2017\/04\/products-hybrid-diomira-2.jpg","_links":{"self":[{"href":"https:\/\/www.erresse-shop.it\/de\/wp-json\/wp\/v2\/product\/20872"}],"collection":[{"href":"https:\/\/www.erresse-shop.it\/de\/wp-json\/wp\/v2\/product"}],"about":[{"href":"https:\/\/www.erresse-shop.it\/de\/wp-json\/wp\/v2\/types\/product"}],"wp:featuredmedia":[{"embeddable":true,"href":"https:\/\/www.erresse-shop.it\/de\/wp-json\/wp\/v2\/media\/20873"}],"wp:attachment":[{"href":"https:\/\/www.erresse-shop.it\/de\/wp-json\/wp\/v2\/media?parent=20872"}],"wp:term":[{"taxonomy":"product_cat","embeddable":true,"href":"https:\/\/www.erresse-shop.it\/de\/wp-json\/wp\/v2\/product_cat?post=20872"},{"taxonomy":"product_tag","embeddable":true,"href":"https:\/\/www.erresse-shop.it\/de\/wp-json\/wp\/v2\/product_tag?post=20872"}],"curies":[{"name":"wp","href":"https:\/\/api.w.org\/{rel}","templated":true}]}}