{"id":206149,"date":"2022-11-14T15:31:45","date_gmt":"2022-11-14T15:31:47","guid":{"rendered":"https:\/\/www.erresse-shop.it\/?post_type=product&#038;p=206149"},"modified":"2025-01-17T07:42:21","modified_gmt":"2025-01-17T07:42:21","slug":"joseph-joseph-totem-max-abfalleimer-60-liter-graphit","status":"publish","type":"product","link":"https:\/\/www.erresse-shop.it\/de\/shop\/einrichtung-haus\/muelltonnen\/joseph-joseph-totem-max-abfalleimer-60-liter-graphit\/","title":{"rendered":"JOSEPH JOSEPH Totem Max Abfalleimer 60 Liter Graphit"},"content":{"rendered":"<p><strong>Der einzige K\u00fcchenm\u00fclleimer, den Sie brauchen<\/strong><br \/>\nEin K\u00fccheneimer ist der unbesungene Held im Herzen des Hauses, aber nur wenige sind der Aufgabe gewachsen, allgemeine Abf\u00e4lle, Lebensmittelabf\u00e4lle und Recycling zu entsorgen. Treffen Sie Totem. Unsere preisgekr\u00f6nte M\u00fclltonne hat mehrere F\u00e4cher f\u00fcr alle Arten von Haushaltsabf\u00e4llen, so dass Sie alles in einer kompakten Einheit trennen k\u00f6nnen. Die integrierte Geruchskontrolle sorgt au\u00dferdem f\u00fcr einen frischen Duft in der K\u00fcche.<\/p>\n<p><strong>Die Feinheiten<\/strong><br \/>\nDer 60-Liter-Beh\u00e4lter enth\u00e4lt 2 x 30-Liter-F\u00e4cher und einen abnehmbaren 3-Liter-Beh\u00e4lter f\u00fcr Lebensmittelabf\u00e4lle mit Deckel<br \/>\nEinzigartiges vertikales Design maximiert die Kapazit\u00e4t auf kleinstem Raum<br \/>\nIntegrierte Geruchskontrolle mit austauschbaren Aktivkohlefiltern<br \/>\nAbnehmbare Eimer mit L\u00f6chern zur Befestigung des Futters und Haken f\u00fcr Tragetaschen<\/p>\n<p><strong>Pflege und Verwendung:<\/strong><br \/>\nVerwendung von 6 0L mit ma\u00dfgefertigtem Liner IW2 und IW 6 (auch f\u00fcr die Verwendung mit Standard-Liner geeignet)<br \/>\n\u00c4u\u00dfere Oberfl\u00e4chen &#8211; mit einem feuchten Tuch abwischen und dann mit einem weichen, trockenen Tuch abtrocknen &#8211; keine scheuernden T\u00fccher oder scharfe chemische Reinigungsmittel verwenden<br \/>\nEimer und Speiserestebeh\u00e4lter &#8211; aus dem Ger\u00e4t nehmen und mit warmem Seifenwasser reinigen &#8211; vor dem Wiedereinsetzen in das Ger\u00e4t abtrocknen (zur Beseitigung unangenehmer Ger\u00fcche kann auch eine L\u00f6sung aus Backpulver und Wasser verwendet werden)<br \/>\nGeruchsfilter: f\u00fcr eine optimale Leistung empfehlen wir, den Geruchsfilter alle 3 Monate auszutauschen<\/p>\n<p><strong>Abmessungen<\/strong>:<br \/>\n(60L): A81,4 (Deckel geschlossen) A111 (Deckel offen) x B39 x T36,6 cm (H32 x B15\u00bd x T14\u00bd Zoll)<br \/>\nAuch in 40L erh\u00e4ltlich<\/p>\n<p><strong>Gewicht:<\/strong> (60 Liter): 9,7 kg<\/p>\n<p><strong>Entworfen von PearsonLloyd<\/strong><br \/>\n<strong>2 Jahre Garantie<\/strong><\/p>\n","protected":false},"excerpt":{"rendered":"<p><br data-mce-bogus=\"1\"><\/p>\n","protected":false},"featured_media":460100,"template":"","meta":{"_acf_changed":false,"inline_featured_image":false},"product_cat":[6817,14032],"product_tag":[25027,25022],"acf":[],"yoast_head":"<!-- This site is optimized with the Yoast SEO Premium plugin v18.6 (Yoast SEO v19.13) - https:\/\/yoast.com\/wordpress\/plugins\/seo\/ -->\n<title>JOSEPH JOSEPH Totem Max Abfalleimer 60 Liter Graphit<\/title>\n<meta name=\"description\" content=\"Entdecken Sie JOSEPH JOSEPH Totem Max Abfalleimer 60 Liter Graphit bei ErresseShop. Qualit\u00e4t, Stil und Funktionalit\u00e4t \u2013 jetzt online bestellen!\" \/>\n<meta name=\"robots\" content=\"index, follow, max-snippet:-1, max-image-preview:large, max-video-preview:-1\" \/>\n<link rel=\"canonical\" href=\"https:\/\/www.erresse-shop.it\/de\/shop\/einrichtung-haus\/muelltonnen\/joseph-joseph-totem-max-abfalleimer-60-liter-graphit\/\" \/>\n<meta property=\"og:locale\" content=\"de_DE\" \/>\n<meta property=\"og:type\" content=\"article\" \/>\n<meta property=\"og:title\" content=\"JOSEPH JOSEPH Totem Max Abfalleimer 60 Liter Graphit\" \/>\n<meta property=\"og:description\" content=\"Entdecken Sie JOSEPH JOSEPH Totem Max Abfalleimer 60 Liter Graphit bei ErresseShop. Qualit\u00e4t, Stil und Funktionalit\u00e4t \u2013 jetzt online bestellen!\" \/>\n<meta property=\"og:url\" content=\"https:\/\/www.erresse-shop.it\/de\/shop\/einrichtung-haus\/muelltonnen\/joseph-joseph-totem-max-abfalleimer-60-liter-graphit\/\" \/>\n<meta property=\"og:site_name\" content=\"Erresse Shop\" \/>\n<meta property=\"article:modified_time\" content=\"2025-01-17T07:42:21+00:00\" \/>\n<meta property=\"og:image\" content=\"https:\/\/www.erresse-shop.it\/wp-content\/uploads\/2022\/11\/JOSEPH-JOSEPH-Totem-Max-Pattumiera-60-litri-Grafite.jpg\" \/>\n\t<meta property=\"og:image:width\" content=\"1200\" \/>\n\t<meta property=\"og:image:height\" content=\"1200\" \/>\n\t<meta property=\"og:image:type\" content=\"image\/jpeg\" \/>\n<meta name=\"twitter:card\" content=\"summary_large_image\" \/>\n<script type=\"application\/ld+json\" class=\"yoast-schema-graph\">{\"@context\":\"https:\/\/schema.org\",\"@graph\":[{\"@type\":\"WebPage\",\"@id\":\"https:\/\/www.erresse-shop.it\/de\/shop\/einrichtung-haus\/muelltonnen\/joseph-joseph-totem-max-abfalleimer-60-liter-graphit\/\",\"url\":\"https:\/\/www.erresse-shop.it\/de\/shop\/einrichtung-haus\/muelltonnen\/joseph-joseph-totem-max-abfalleimer-60-liter-graphit\/\",\"name\":\"JOSEPH JOSEPH Totem Max Abfalleimer 60 Liter Graphit\",\"isPartOf\":{\"@id\":\"https:\/\/www.erresse-shop.it\/de\/#website\"},\"datePublished\":\"2022-11-14T15:31:47+00:00\",\"dateModified\":\"2025-01-17T07:42:21+00:00\",\"description\":\"Entdecken Sie JOSEPH JOSEPH Totem Max Abfalleimer 60 Liter Graphit bei ErresseShop. Qualit\u00e4t, Stil und Funktionalit\u00e4t \u2013 jetzt online bestellen!\",\"breadcrumb\":{\"@id\":\"https:\/\/www.erresse-shop.it\/de\/shop\/einrichtung-haus\/muelltonnen\/joseph-joseph-totem-max-abfalleimer-60-liter-graphit\/#breadcrumb\"},\"inLanguage\":\"de-DE\",\"potentialAction\":[{\"@type\":\"ReadAction\",\"target\":[\"https:\/\/www.erresse-shop.it\/de\/shop\/einrichtung-haus\/muelltonnen\/joseph-joseph-totem-max-abfalleimer-60-liter-graphit\/\"]}]},{\"@type\":\"BreadcrumbList\",\"@id\":\"https:\/\/www.erresse-shop.it\/de\/shop\/einrichtung-haus\/muelltonnen\/joseph-joseph-totem-max-abfalleimer-60-liter-graphit\/#breadcrumb\",\"itemListElement\":[{\"@type\":\"ListItem\",\"position\":1,\"name\":\"Home\",\"item\":\"https:\/\/www.erresse-shop.it\/de\/\"},{\"@type\":\"ListItem\",\"position\":2,\"name\":\"Shop\",\"item\":\"https:\/\/www.erresse-shop.it\/de\/shop\/\"},{\"@type\":\"ListItem\",\"position\":3,\"name\":\"JOSEPH JOSEPH Totem Max Abfalleimer 60 Liter Graphit\"}]},{\"@type\":\"WebSite\",\"@id\":\"https:\/\/www.erresse-shop.it\/de\/#website\",\"url\":\"https:\/\/www.erresse-shop.it\/de\/\",\"name\":\"Erresse Shop\",\"description\":\"Articoli di qualit\u00e0 per la casa\",\"potentialAction\":[{\"@type\":\"SearchAction\",\"target\":{\"@type\":\"EntryPoint\",\"urlTemplate\":\"https:\/\/www.erresse-shop.it\/de\/?s={search_term_string}\"},\"query-input\":\"required name=search_term_string\"}],\"inLanguage\":\"de-DE\"}]}<\/script>\n<!-- \/ Yoast SEO Premium plugin. -->","yoast_head_json":{"title":"JOSEPH JOSEPH Totem Max Abfalleimer 60 Liter Graphit","description":"Entdecken Sie JOSEPH JOSEPH Totem Max Abfalleimer 60 Liter Graphit bei ErresseShop. Qualit\u00e4t, Stil und Funktionalit\u00e4t \u2013 jetzt online bestellen!","robots":{"index":"index","follow":"follow","max-snippet":"max-snippet:-1","max-image-preview":"max-image-preview:large","max-video-preview":"max-video-preview:-1"},"canonical":"https:\/\/www.erresse-shop.it\/de\/shop\/einrichtung-haus\/muelltonnen\/joseph-joseph-totem-max-abfalleimer-60-liter-graphit\/","og_locale":"de_DE","og_type":"article","og_title":"JOSEPH JOSEPH Totem Max Abfalleimer 60 Liter Graphit","og_description":"Entdecken Sie JOSEPH JOSEPH Totem Max Abfalleimer 60 Liter Graphit bei ErresseShop. Qualit\u00e4t, Stil und Funktionalit\u00e4t \u2013 jetzt online bestellen!","og_url":"https:\/\/www.erresse-shop.it\/de\/shop\/einrichtung-haus\/muelltonnen\/joseph-joseph-totem-max-abfalleimer-60-liter-graphit\/","og_site_name":"Erresse Shop","article_modified_time":"2025-01-17T07:42:21+00:00","og_image":[{"width":1200,"height":1200,"url":"https:\/\/www.erresse-shop.it\/wp-content\/uploads\/2022\/11\/JOSEPH-JOSEPH-Totem-Max-Pattumiera-60-litri-Grafite.jpg","type":"image\/jpeg"}],"twitter_card":"summary_large_image","schema":{"@context":"https:\/\/schema.org","@graph":[{"@type":"WebPage","@id":"https:\/\/www.erresse-shop.it\/de\/shop\/einrichtung-haus\/muelltonnen\/joseph-joseph-totem-max-abfalleimer-60-liter-graphit\/","url":"https:\/\/www.erresse-shop.it\/de\/shop\/einrichtung-haus\/muelltonnen\/joseph-joseph-totem-max-abfalleimer-60-liter-graphit\/","name":"JOSEPH JOSEPH Totem Max Abfalleimer 60 Liter Graphit","isPartOf":{"@id":"https:\/\/www.erresse-shop.it\/de\/#website"},"datePublished":"2022-11-14T15:31:47+00:00","dateModified":"2025-01-17T07:42:21+00:00","description":"Entdecken Sie JOSEPH JOSEPH Totem Max Abfalleimer 60 Liter Graphit bei ErresseShop. Qualit\u00e4t, Stil und Funktionalit\u00e4t \u2013 jetzt online bestellen!","breadcrumb":{"@id":"https:\/\/www.erresse-shop.it\/de\/shop\/einrichtung-haus\/muelltonnen\/joseph-joseph-totem-max-abfalleimer-60-liter-graphit\/#breadcrumb"},"inLanguage":"de-DE","potentialAction":[{"@type":"ReadAction","target":["https:\/\/www.erresse-shop.it\/de\/shop\/einrichtung-haus\/muelltonnen\/joseph-joseph-totem-max-abfalleimer-60-liter-graphit\/"]}]},{"@type":"BreadcrumbList","@id":"https:\/\/www.erresse-shop.it\/de\/shop\/einrichtung-haus\/muelltonnen\/joseph-joseph-totem-max-abfalleimer-60-liter-graphit\/#breadcrumb","itemListElement":[{"@type":"ListItem","position":1,"name":"Home","item":"https:\/\/www.erresse-shop.it\/de\/"},{"@type":"ListItem","position":2,"name":"Shop","item":"https:\/\/www.erresse-shop.it\/de\/shop\/"},{"@type":"ListItem","position":3,"name":"JOSEPH JOSEPH Totem Max Abfalleimer 60 Liter Graphit"}]},{"@type":"WebSite","@id":"https:\/\/www.erresse-shop.it\/de\/#website","url":"https:\/\/www.erresse-shop.it\/de\/","name":"Erresse Shop","description":"Articoli di qualit\u00e0 per la casa","potentialAction":[{"@type":"SearchAction","target":{"@type":"EntryPoint","urlTemplate":"https:\/\/www.erresse-shop.it\/de\/?s={search_term_string}"},"query-input":"required name=search_term_string"}],"inLanguage":"de-DE"}]}},"df_price":179.95,"df_sale_price":179.95,"df_regular_price":229.99,"df_image_link":"https:\/\/www.erresse-shop.it\/wp-content\/uploads\/2022\/11\/JOSEPH-JOSEPH-Totem-Max-Pattumiera-60-litri-Grafite-300x300.jpg","_links":{"self":[{"href":"https:\/\/www.erresse-shop.it\/de\/wp-json\/wp\/v2\/product\/206149"}],"collection":[{"href":"https:\/\/www.erresse-shop.it\/de\/wp-json\/wp\/v2\/product"}],"about":[{"href":"https:\/\/www.erresse-shop.it\/de\/wp-json\/wp\/v2\/types\/product"}],"wp:featuredmedia":[{"embeddable":true,"href":"https:\/\/www.erresse-shop.it\/de\/wp-json\/wp\/v2\/media\/460100"}],"wp:attachment":[{"href":"https:\/\/www.erresse-shop.it\/de\/wp-json\/wp\/v2\/media?parent=206149"}],"wp:term":[{"taxonomy":"product_cat","embeddable":true,"href":"https:\/\/www.erresse-shop.it\/de\/wp-json\/wp\/v2\/product_cat?post=206149"},{"taxonomy":"product_tag","embeddable":true,"href":"https:\/\/www.erresse-shop.it\/de\/wp-json\/wp\/v2\/product_tag?post=206149"}],"curies":[{"name":"wp","href":"https:\/\/api.w.org\/{rel}","templated":true}]}}