{"id":205675,"date":"2022-11-14T09:28:09","date_gmt":"2022-11-14T09:28:10","guid":{"rendered":"https:\/\/www.erresse-shop.it\/?post_type=product&#038;p=205675"},"modified":"2025-08-03T14:20:07","modified_gmt":"2025-08-03T14:20:07","slug":"instant-pot-multikocher-duo-evo-plus-8-l","status":"publish","type":"product","link":"https:\/\/www.erresse-shop.it\/de\/shop\/kleine-elektrogeraete\/kuechenmaschinen\/instant-pot-multikocher-duo-evo-plus-8-l\/","title":{"rendered":"INSTANT POT Multikocher Duo Evo Plus 8 L Stahl"},"content":{"rendered":"<p>Der Instant Pot Duo Evo Plus\u2122 Multicooker ist das beliebteste Modell in Italien und Europa.<\/p>\n<p><strong>Das Duo ist 10 Ger\u00e4te in 1:<\/strong><br \/>\nEinfach zu bedienen, leicht zu reinigen, schnell und vielseitig mit der idealen Kapazit\u00e4t f\u00fcr die Familie oder f\u00fcr G\u00e4ste. Er ersetzt 10 Ger\u00e4te in einem und verf\u00fcgt \u00fcber 48 Programme f\u00fcr schmackhafte Mahlzeiten mit bis zu 70 % k\u00fcrzeren Garzeiten als bei herk\u00f6mmlichen Methoden. Auf dem gro\u00dfen LCD-Display finden Sie alles, was Sie \u00fcber Garzeit, Temperatur, Druck und Status wissen m\u00fcssen. Mit den Tasten k\u00f6nnen Sie ein intelligentes Programm ausw\u00e4hlen, das Ihren Bed\u00fcrfnissen entspricht, und mit dem einfachen zentralen Drehknopf k\u00f6nnen Sie die richtige voreingestellte Option finden oder die Zeit und Temperatur individuell einstellen.<\/p>\n<p><strong>TECHNISCHE MERKMALE<\/strong><br \/>\nSchnellkochtopf, Reiskocher, Slow Cooker, Joghurtbereiter, Dampfgarer, Sous Vide, Sauteuse, Chafing Dish, Kuchenmaschine und klassischer Topf.<\/p>\n<ul>\n<li><strong>Material:<\/strong> Deckel und Innentopf aus rostfreiem Stahl, Au\u00dfentopf aus geb\u00fcrstetem rostfreiem Stahl.<\/li>\n<li>48 voreingestellte Programme<\/li>\n<li><strong>Gem\u00fcse:<\/strong> Spargel, Bohnen, Brokkoli, Rosenkohl, Kohl, Blumenkohl, K\u00fcrbis, Karotten, Mais und Kartoffeln<\/li>\n<li><strong>Fleisch und Eier:<\/strong> Rind, Huhn, Lamm, Schwein und Eier<\/li>\n<li><strong>H\u00fclsenfr\u00fcchte:<\/strong> Bohnen, Linsen, Erbsen, Kichererbsen, Sojabohnen, Puffbohnen<\/li>\n<li><strong>Fisch:<\/strong> Muscheln, Garnelen, Meeresfr\u00fcchte<\/li>\n<li><strong>Reis und K\u00f6rner:<\/strong> wei\u00dfer Reis, brauner Reis, Risotto, Weizen, Quinoa, Haferflocken und Haferbrei<\/li>\n<li><strong>Fassungsverm\u00f6gen:<\/strong> 8 l<\/li>\n<li><strong>Leistung:<\/strong> 1400W<\/li>\n<li><strong>Stromversorgung:<\/strong> 220V<\/li>\n<li>9 Standard Smart One-Touch-Programme\n<ul>\n<li>Druckkochen<\/li>\n<li>Reis\/Getreide<\/li>\n<li>Dampfgaren<\/li>\n<li>Sautieren\/Grillen<\/li>\n<li>langsames Garen<\/li>\n<li>Sous-vide<\/li>\n<li>Joghurt<\/li>\n<li>Torten<\/li>\n<li>warmhaltend<\/li>\n<\/ul>\n<\/li>\n<\/ul>\n","protected":false},"excerpt":{"rendered":"<p>Der Instant Pot Duo Evo Plus\u2122 Multicooker ist das beliebteste Modell in Italien und Europa. Das Duo ist 10 Ger\u00e4te<\/p>\n","protected":false},"featured_media":135742,"template":"","meta":{"_acf_changed":false,"inline_featured_image":false},"product_cat":[6703,6721],"product_tag":[17933,15614,17938,11605,13008,12205,21822],"acf":[],"yoast_head":"<!-- This site is optimized with the Yoast SEO Premium plugin v18.6 (Yoast SEO v19.13) - https:\/\/yoast.com\/wordpress\/plugins\/seo\/ -->\n<title>INSTANT POT Multikocher Duo Evo Plus 8 L Stahl<\/title>\n<meta name=\"description\" content=\"Entdecken Sie INSTANT POT Multikocher Duo Evo Plus 8 L Stahl bei ErresseShop. Qualit\u00e4t, Stil und Funktionalit\u00e4t \u2013 jetzt online bestellen!\" \/>\n<meta name=\"robots\" content=\"index, follow, max-snippet:-1, max-image-preview:large, max-video-preview:-1\" \/>\n<link rel=\"canonical\" href=\"https:\/\/www.erresse-shop.it\/de\/shop\/kleine-elektrogeraete\/kuechenmaschinen\/instant-pot-multikocher-duo-evo-plus-8-l\/\" \/>\n<meta property=\"og:locale\" content=\"de_DE\" \/>\n<meta property=\"og:type\" content=\"article\" \/>\n<meta property=\"og:title\" content=\"INSTANT POT Multikocher Duo Evo Plus 8 L Stahl\" \/>\n<meta property=\"og:description\" content=\"Entdecken Sie INSTANT POT Multikocher Duo Evo Plus 8 L Stahl bei ErresseShop. Qualit\u00e4t, Stil und Funktionalit\u00e4t \u2013 jetzt online bestellen!\" \/>\n<meta property=\"og:url\" content=\"https:\/\/www.erresse-shop.it\/de\/shop\/kleine-elektrogeraete\/kuechenmaschinen\/instant-pot-multikocher-duo-evo-plus-8-l\/\" \/>\n<meta property=\"og:site_name\" content=\"Erresse Shop\" \/>\n<meta property=\"article:modified_time\" content=\"2025-08-03T14:20:07+00:00\" \/>\n<meta property=\"og:image\" content=\"https:\/\/www.erresse-shop.it\/wp-content\/uploads\/2021\/12\/INSTANT-POT-Multicooker-Duo-Evo-Plus.jpg\" \/>\n\t<meta property=\"og:image:width\" content=\"1000\" \/>\n\t<meta property=\"og:image:height\" content=\"1000\" \/>\n\t<meta property=\"og:image:type\" content=\"image\/jpeg\" \/>\n<meta name=\"twitter:card\" content=\"summary_large_image\" \/>\n<script type=\"application\/ld+json\" class=\"yoast-schema-graph\">{\"@context\":\"https:\/\/schema.org\",\"@graph\":[{\"@type\":\"WebPage\",\"@id\":\"https:\/\/www.erresse-shop.it\/de\/shop\/kleine-elektrogeraete\/kuechenmaschinen\/instant-pot-multikocher-duo-evo-plus-8-l\/\",\"url\":\"https:\/\/www.erresse-shop.it\/de\/shop\/kleine-elektrogeraete\/kuechenmaschinen\/instant-pot-multikocher-duo-evo-plus-8-l\/\",\"name\":\"INSTANT POT Multikocher Duo Evo Plus 8 L Stahl\",\"isPartOf\":{\"@id\":\"https:\/\/www.erresse-shop.it\/de\/#website\"},\"datePublished\":\"2022-11-14T09:28:10+00:00\",\"dateModified\":\"2025-08-03T14:20:07+00:00\",\"description\":\"Entdecken Sie INSTANT POT Multikocher Duo Evo Plus 8 L Stahl bei ErresseShop. Qualit\u00e4t, Stil und Funktionalit\u00e4t \u2013 jetzt online bestellen!\",\"breadcrumb\":{\"@id\":\"https:\/\/www.erresse-shop.it\/de\/shop\/kleine-elektrogeraete\/kuechenmaschinen\/instant-pot-multikocher-duo-evo-plus-8-l\/#breadcrumb\"},\"inLanguage\":\"de-DE\",\"potentialAction\":[{\"@type\":\"ReadAction\",\"target\":[\"https:\/\/www.erresse-shop.it\/de\/shop\/kleine-elektrogeraete\/kuechenmaschinen\/instant-pot-multikocher-duo-evo-plus-8-l\/\"]}]},{\"@type\":\"BreadcrumbList\",\"@id\":\"https:\/\/www.erresse-shop.it\/de\/shop\/kleine-elektrogeraete\/kuechenmaschinen\/instant-pot-multikocher-duo-evo-plus-8-l\/#breadcrumb\",\"itemListElement\":[{\"@type\":\"ListItem\",\"position\":1,\"name\":\"Home\",\"item\":\"https:\/\/www.erresse-shop.it\/de\/\"},{\"@type\":\"ListItem\",\"position\":2,\"name\":\"Shop\",\"item\":\"https:\/\/www.erresse-shop.it\/de\/shop\/\"},{\"@type\":\"ListItem\",\"position\":3,\"name\":\"INSTANT POT Multikocher Duo Evo Plus 8 L Stahl\"}]},{\"@type\":\"WebSite\",\"@id\":\"https:\/\/www.erresse-shop.it\/de\/#website\",\"url\":\"https:\/\/www.erresse-shop.it\/de\/\",\"name\":\"Erresse Shop\",\"description\":\"Articoli di qualit\u00e0 per la casa\",\"potentialAction\":[{\"@type\":\"SearchAction\",\"target\":{\"@type\":\"EntryPoint\",\"urlTemplate\":\"https:\/\/www.erresse-shop.it\/de\/?s={search_term_string}\"},\"query-input\":\"required name=search_term_string\"}],\"inLanguage\":\"de-DE\"}]}<\/script>\n<!-- \/ Yoast SEO Premium plugin. -->","yoast_head_json":{"title":"INSTANT POT Multikocher Duo Evo Plus 8 L Stahl","description":"Entdecken Sie INSTANT POT Multikocher Duo Evo Plus 8 L Stahl bei ErresseShop. Qualit\u00e4t, Stil und Funktionalit\u00e4t \u2013 jetzt online bestellen!","robots":{"index":"index","follow":"follow","max-snippet":"max-snippet:-1","max-image-preview":"max-image-preview:large","max-video-preview":"max-video-preview:-1"},"canonical":"https:\/\/www.erresse-shop.it\/de\/shop\/kleine-elektrogeraete\/kuechenmaschinen\/instant-pot-multikocher-duo-evo-plus-8-l\/","og_locale":"de_DE","og_type":"article","og_title":"INSTANT POT Multikocher Duo Evo Plus 8 L Stahl","og_description":"Entdecken Sie INSTANT POT Multikocher Duo Evo Plus 8 L Stahl bei ErresseShop. Qualit\u00e4t, Stil und Funktionalit\u00e4t \u2013 jetzt online bestellen!","og_url":"https:\/\/www.erresse-shop.it\/de\/shop\/kleine-elektrogeraete\/kuechenmaschinen\/instant-pot-multikocher-duo-evo-plus-8-l\/","og_site_name":"Erresse Shop","article_modified_time":"2025-08-03T14:20:07+00:00","og_image":[{"width":1000,"height":1000,"url":"https:\/\/www.erresse-shop.it\/wp-content\/uploads\/2021\/12\/INSTANT-POT-Multicooker-Duo-Evo-Plus.jpg","type":"image\/jpeg"}],"twitter_card":"summary_large_image","schema":{"@context":"https:\/\/schema.org","@graph":[{"@type":"WebPage","@id":"https:\/\/www.erresse-shop.it\/de\/shop\/kleine-elektrogeraete\/kuechenmaschinen\/instant-pot-multikocher-duo-evo-plus-8-l\/","url":"https:\/\/www.erresse-shop.it\/de\/shop\/kleine-elektrogeraete\/kuechenmaschinen\/instant-pot-multikocher-duo-evo-plus-8-l\/","name":"INSTANT POT Multikocher Duo Evo Plus 8 L Stahl","isPartOf":{"@id":"https:\/\/www.erresse-shop.it\/de\/#website"},"datePublished":"2022-11-14T09:28:10+00:00","dateModified":"2025-08-03T14:20:07+00:00","description":"Entdecken Sie INSTANT POT Multikocher Duo Evo Plus 8 L Stahl bei ErresseShop. Qualit\u00e4t, Stil und Funktionalit\u00e4t \u2013 jetzt online bestellen!","breadcrumb":{"@id":"https:\/\/www.erresse-shop.it\/de\/shop\/kleine-elektrogeraete\/kuechenmaschinen\/instant-pot-multikocher-duo-evo-plus-8-l\/#breadcrumb"},"inLanguage":"de-DE","potentialAction":[{"@type":"ReadAction","target":["https:\/\/www.erresse-shop.it\/de\/shop\/kleine-elektrogeraete\/kuechenmaschinen\/instant-pot-multikocher-duo-evo-plus-8-l\/"]}]},{"@type":"BreadcrumbList","@id":"https:\/\/www.erresse-shop.it\/de\/shop\/kleine-elektrogeraete\/kuechenmaschinen\/instant-pot-multikocher-duo-evo-plus-8-l\/#breadcrumb","itemListElement":[{"@type":"ListItem","position":1,"name":"Home","item":"https:\/\/www.erresse-shop.it\/de\/"},{"@type":"ListItem","position":2,"name":"Shop","item":"https:\/\/www.erresse-shop.it\/de\/shop\/"},{"@type":"ListItem","position":3,"name":"INSTANT POT Multikocher Duo Evo Plus 8 L Stahl"}]},{"@type":"WebSite","@id":"https:\/\/www.erresse-shop.it\/de\/#website","url":"https:\/\/www.erresse-shop.it\/de\/","name":"Erresse Shop","description":"Articoli di qualit\u00e0 per la casa","potentialAction":[{"@type":"SearchAction","target":{"@type":"EntryPoint","urlTemplate":"https:\/\/www.erresse-shop.it\/de\/?s={search_term_string}"},"query-input":"required name=search_term_string"}],"inLanguage":"de-DE"}]}},"df_price":189.95,"df_sale_price":189.95,"df_regular_price":219.99,"df_image_link":"https:\/\/www.erresse-shop.it\/wp-content\/uploads\/2021\/12\/INSTANT-POT-Multicooker-Duo-Evo-Plus-300x300.jpg","_links":{"self":[{"href":"https:\/\/www.erresse-shop.it\/de\/wp-json\/wp\/v2\/product\/205675"}],"collection":[{"href":"https:\/\/www.erresse-shop.it\/de\/wp-json\/wp\/v2\/product"}],"about":[{"href":"https:\/\/www.erresse-shop.it\/de\/wp-json\/wp\/v2\/types\/product"}],"wp:featuredmedia":[{"embeddable":true,"href":"https:\/\/www.erresse-shop.it\/de\/wp-json\/wp\/v2\/media\/135742"}],"wp:attachment":[{"href":"https:\/\/www.erresse-shop.it\/de\/wp-json\/wp\/v2\/media?parent=205675"}],"wp:term":[{"taxonomy":"product_cat","embeddable":true,"href":"https:\/\/www.erresse-shop.it\/de\/wp-json\/wp\/v2\/product_cat?post=205675"},{"taxonomy":"product_tag","embeddable":true,"href":"https:\/\/www.erresse-shop.it\/de\/wp-json\/wp\/v2\/product_tag?post=205675"}],"curies":[{"name":"wp","href":"https:\/\/api.w.org\/{rel}","templated":true}]}}