{"id":203502,"date":"2022-11-07T10:50:15","date_gmt":"2022-11-07T10:50:16","guid":{"rendered":"https:\/\/www.erresse-shop.it\/?post_type=product&#038;p=203502"},"modified":"2025-01-22T07:40:39","modified_gmt":"2025-01-22T07:40:39","slug":"bordallo-pinheiro-satz-von-4-obsttellern-kohl-19-cm","status":"publish","type":"product","link":"https:\/\/www.erresse-shop.it\/de\/shop\/cucina\/bordallo-pinheiro-satz-von-4-obsttellern-kohl-19-cm\/","title":{"rendered":"BORDALLO PINHEIRO Satz von 4 Obsttellern Kohl 19 cm"},"content":{"rendered":"<p>Der Kohl in seiner rohen, flachen Form k\u00f6nnte als Metapher f\u00fcr die b\u00e4uerliche Lebensweise in Portugal dienen, die Bordallo so oft karikiert hatte. Das ist eine geschickte Art und Weise, sie zu ehren und sie auf die Tische der Bourgeoisie zu bringen, wo sie sonst nie aufgetaucht w\u00e4re.<\/p>\n<p><strong>Material<\/strong>: Terrakotta<\/p>\n","protected":false},"excerpt":{"rendered":"<p>Der Kohl in seiner rohen, flachen Form k\u00f6nnte als Metapher f\u00fcr die b\u00e4uerliche Lebensweise in Portugal dienen, die Bordallo so<\/p>\n","protected":false},"featured_media":0,"template":"","meta":{"_acf_changed":false,"inline_featured_image":false},"product_cat":[6740],"product_tag":[],"acf":[],"yoast_head":"<!-- This site is optimized with the Yoast SEO Premium plugin v18.6 (Yoast SEO v19.13) - https:\/\/yoast.com\/wordpress\/plugins\/seo\/ -->\n<title>BORDALLO PINHEIRO Satz von 4 Obsttellern Kohl 19 cm<\/title>\n<meta name=\"description\" content=\"Entdecken Sie BORDALLO PINHEIRO Satz von 4 Obsttellern Kohl 19 cm bei ErresseShop. Qualit\u00e4t, Stil und Funktionalit\u00e4t \u2013 jetzt online bestellen!\" \/>\n<meta name=\"robots\" content=\"index, follow, max-snippet:-1, max-image-preview:large, max-video-preview:-1\" \/>\n<link rel=\"canonical\" href=\"https:\/\/www.erresse-shop.it\/de\/shop\/cucina\/bordallo-pinheiro-satz-von-4-obsttellern-kohl-19-cm\/\" \/>\n<meta property=\"og:locale\" content=\"de_DE\" \/>\n<meta property=\"og:type\" content=\"article\" \/>\n<meta property=\"og:title\" content=\"BORDALLO PINHEIRO Satz von 4 Obsttellern Kohl 19 cm\" \/>\n<meta property=\"og:description\" content=\"Entdecken Sie BORDALLO PINHEIRO Satz von 4 Obsttellern Kohl 19 cm bei ErresseShop. Qualit\u00e4t, Stil und Funktionalit\u00e4t \u2013 jetzt online bestellen!\" \/>\n<meta property=\"og:url\" content=\"https:\/\/www.erresse-shop.it\/de\/shop\/cucina\/bordallo-pinheiro-satz-von-4-obsttellern-kohl-19-cm\/\" \/>\n<meta property=\"og:site_name\" content=\"Erresse Shop\" \/>\n<meta property=\"article:modified_time\" content=\"2025-01-22T07:40:39+00:00\" \/>\n<meta name=\"twitter:card\" content=\"summary_large_image\" \/>\n<script type=\"application\/ld+json\" class=\"yoast-schema-graph\">{\"@context\":\"https:\/\/schema.org\",\"@graph\":[{\"@type\":\"WebPage\",\"@id\":\"https:\/\/www.erresse-shop.it\/de\/shop\/cucina\/bordallo-pinheiro-satz-von-4-obsttellern-kohl-19-cm\/\",\"url\":\"https:\/\/www.erresse-shop.it\/de\/shop\/cucina\/bordallo-pinheiro-satz-von-4-obsttellern-kohl-19-cm\/\",\"name\":\"BORDALLO PINHEIRO Satz von 4 Obsttellern Kohl 19 cm\",\"isPartOf\":{\"@id\":\"https:\/\/www.erresse-shop.it\/de\/#website\"},\"datePublished\":\"2022-11-07T10:50:16+00:00\",\"dateModified\":\"2025-01-22T07:40:39+00:00\",\"description\":\"Entdecken Sie BORDALLO PINHEIRO Satz von 4 Obsttellern Kohl 19 cm bei ErresseShop. Qualit\u00e4t, Stil und Funktionalit\u00e4t \u2013 jetzt online bestellen!\",\"breadcrumb\":{\"@id\":\"https:\/\/www.erresse-shop.it\/de\/shop\/cucina\/bordallo-pinheiro-satz-von-4-obsttellern-kohl-19-cm\/#breadcrumb\"},\"inLanguage\":\"de-DE\",\"potentialAction\":[{\"@type\":\"ReadAction\",\"target\":[\"https:\/\/www.erresse-shop.it\/de\/shop\/cucina\/bordallo-pinheiro-satz-von-4-obsttellern-kohl-19-cm\/\"]}]},{\"@type\":\"BreadcrumbList\",\"@id\":\"https:\/\/www.erresse-shop.it\/de\/shop\/cucina\/bordallo-pinheiro-satz-von-4-obsttellern-kohl-19-cm\/#breadcrumb\",\"itemListElement\":[{\"@type\":\"ListItem\",\"position\":1,\"name\":\"Home\",\"item\":\"https:\/\/www.erresse-shop.it\/de\/\"},{\"@type\":\"ListItem\",\"position\":2,\"name\":\"Shop\",\"item\":\"https:\/\/www.erresse-shop.it\/de\/shop\/\"},{\"@type\":\"ListItem\",\"position\":3,\"name\":\"BORDALLO PINHEIRO Satz von 4 Obsttellern Kohl 19 cm\"}]},{\"@type\":\"WebSite\",\"@id\":\"https:\/\/www.erresse-shop.it\/de\/#website\",\"url\":\"https:\/\/www.erresse-shop.it\/de\/\",\"name\":\"Erresse Shop\",\"description\":\"Articoli di qualit\u00e0 per la casa\",\"potentialAction\":[{\"@type\":\"SearchAction\",\"target\":{\"@type\":\"EntryPoint\",\"urlTemplate\":\"https:\/\/www.erresse-shop.it\/de\/?s={search_term_string}\"},\"query-input\":\"required name=search_term_string\"}],\"inLanguage\":\"de-DE\"}]}<\/script>\n<!-- \/ Yoast SEO Premium plugin. -->","yoast_head_json":{"title":"BORDALLO PINHEIRO Satz von 4 Obsttellern Kohl 19 cm","description":"Entdecken Sie BORDALLO PINHEIRO Satz von 4 Obsttellern Kohl 19 cm bei ErresseShop. Qualit\u00e4t, Stil und Funktionalit\u00e4t \u2013 jetzt online bestellen!","robots":{"index":"index","follow":"follow","max-snippet":"max-snippet:-1","max-image-preview":"max-image-preview:large","max-video-preview":"max-video-preview:-1"},"canonical":"https:\/\/www.erresse-shop.it\/de\/shop\/cucina\/bordallo-pinheiro-satz-von-4-obsttellern-kohl-19-cm\/","og_locale":"de_DE","og_type":"article","og_title":"BORDALLO PINHEIRO Satz von 4 Obsttellern Kohl 19 cm","og_description":"Entdecken Sie BORDALLO PINHEIRO Satz von 4 Obsttellern Kohl 19 cm bei ErresseShop. Qualit\u00e4t, Stil und Funktionalit\u00e4t \u2013 jetzt online bestellen!","og_url":"https:\/\/www.erresse-shop.it\/de\/shop\/cucina\/bordallo-pinheiro-satz-von-4-obsttellern-kohl-19-cm\/","og_site_name":"Erresse Shop","article_modified_time":"2025-01-22T07:40:39+00:00","twitter_card":"summary_large_image","schema":{"@context":"https:\/\/schema.org","@graph":[{"@type":"WebPage","@id":"https:\/\/www.erresse-shop.it\/de\/shop\/cucina\/bordallo-pinheiro-satz-von-4-obsttellern-kohl-19-cm\/","url":"https:\/\/www.erresse-shop.it\/de\/shop\/cucina\/bordallo-pinheiro-satz-von-4-obsttellern-kohl-19-cm\/","name":"BORDALLO PINHEIRO Satz von 4 Obsttellern Kohl 19 cm","isPartOf":{"@id":"https:\/\/www.erresse-shop.it\/de\/#website"},"datePublished":"2022-11-07T10:50:16+00:00","dateModified":"2025-01-22T07:40:39+00:00","description":"Entdecken Sie BORDALLO PINHEIRO Satz von 4 Obsttellern Kohl 19 cm bei ErresseShop. Qualit\u00e4t, Stil und Funktionalit\u00e4t \u2013 jetzt online bestellen!","breadcrumb":{"@id":"https:\/\/www.erresse-shop.it\/de\/shop\/cucina\/bordallo-pinheiro-satz-von-4-obsttellern-kohl-19-cm\/#breadcrumb"},"inLanguage":"de-DE","potentialAction":[{"@type":"ReadAction","target":["https:\/\/www.erresse-shop.it\/de\/shop\/cucina\/bordallo-pinheiro-satz-von-4-obsttellern-kohl-19-cm\/"]}]},{"@type":"BreadcrumbList","@id":"https:\/\/www.erresse-shop.it\/de\/shop\/cucina\/bordallo-pinheiro-satz-von-4-obsttellern-kohl-19-cm\/#breadcrumb","itemListElement":[{"@type":"ListItem","position":1,"name":"Home","item":"https:\/\/www.erresse-shop.it\/de\/"},{"@type":"ListItem","position":2,"name":"Shop","item":"https:\/\/www.erresse-shop.it\/de\/shop\/"},{"@type":"ListItem","position":3,"name":"BORDALLO PINHEIRO Satz von 4 Obsttellern Kohl 19 cm"}]},{"@type":"WebSite","@id":"https:\/\/www.erresse-shop.it\/de\/#website","url":"https:\/\/www.erresse-shop.it\/de\/","name":"Erresse Shop","description":"Articoli di qualit\u00e0 per la casa","potentialAction":[{"@type":"SearchAction","target":{"@type":"EntryPoint","urlTemplate":"https:\/\/www.erresse-shop.it\/de\/?s={search_term_string}"},"query-input":"required name=search_term_string"}],"inLanguage":"de-DE"}]}},"df_price":"","df_sale_price":"","df_regular_price":"","df_image_link":"https:\/\/www.erresse-shop.it\/wp-content\/uploads\/woocommerce-placeholder-300x300.png","_links":{"self":[{"href":"https:\/\/www.erresse-shop.it\/de\/wp-json\/wp\/v2\/product\/203502"}],"collection":[{"href":"https:\/\/www.erresse-shop.it\/de\/wp-json\/wp\/v2\/product"}],"about":[{"href":"https:\/\/www.erresse-shop.it\/de\/wp-json\/wp\/v2\/types\/product"}],"wp:attachment":[{"href":"https:\/\/www.erresse-shop.it\/de\/wp-json\/wp\/v2\/media?parent=203502"}],"wp:term":[{"taxonomy":"product_cat","embeddable":true,"href":"https:\/\/www.erresse-shop.it\/de\/wp-json\/wp\/v2\/product_cat?post=203502"},{"taxonomy":"product_tag","embeddable":true,"href":"https:\/\/www.erresse-shop.it\/de\/wp-json\/wp\/v2\/product_tag?post=203502"}],"curies":[{"name":"wp","href":"https:\/\/api.w.org\/{rel}","templated":true}]}}