{"id":203448,"date":"2022-11-07T08:14:47","date_gmt":"2022-11-07T08:14:49","guid":{"rendered":"https:\/\/www.erresse-shop.it\/?post_type=product&#038;p=203448"},"modified":"2025-01-22T07:10:37","modified_gmt":"2025-01-22T07:10:37","slug":"zafferano-pi01500-borosilikatglasflasche-weiser-deckel","status":"publish","type":"product","link":"https:\/\/www.erresse-shop.it\/de\/shop\/tisch\/karaffen-flaschen-kruege\/zafferano-pi01500-borosilikatglasflasche-weiser-deckel\/","title":{"rendered":"ZAFFERANO PI01500 Borosilikatglasflasche Wei\u00dfer Deckel"},"content":{"rendered":"<p>Handgefertigte Flasche aus thermoschockbest\u00e4ndigem Borosilikatglas mit farbigem Stopfen. Die Pirolo-Flasche mit ihrer eleganten Tropfenform und dem verschiedenfarbigen Verschluss ist ideal zum Servieren von Wasser, Wein und anderen Getr\u00e4nken.<\/p>\n<p>Design und Funktionalit\u00e4t inspirieren die Arbeit von Federico de Majo, dessen Kreationen von eher traditionellen Linien bis hin zu solchen mit hohem technischem Gehalt reichen, in denen sich der Sinn f\u00fcr Innovation und Produktforschung ausdr\u00fcckt.<\/p>\n","protected":false},"excerpt":{"rendered":"<p>Handgefertigte Flasche aus thermoschockbest\u00e4ndigem Borosilikatglas mit farbigem Stopfen. Die Pirolo-Flasche mit ihrer eleganten Tropfenform und dem verschiedenfarbigen Verschluss ist ideal<\/p>\n","protected":false},"featured_media":203466,"template":"","meta":{"_acf_changed":false,"inline_featured_image":false},"product_cat":[6859,6787],"product_tag":[25027,19401,23691,11483,24604,11718,14591,25022,11489],"acf":[],"yoast_head":"<!-- This site is optimized with the Yoast SEO Premium plugin v18.6 (Yoast SEO v19.13) - https:\/\/yoast.com\/wordpress\/plugins\/seo\/ -->\n<title>ZAFFERANO PI01500 Borosilikatglasflasche Wei\u00dfer Deckel<\/title>\n<meta name=\"description\" content=\"Entdecken Sie ZAFFERANO PI01500 Borosilikatglasflasche Wei\u00dfer Deckel bei ErresseShop. Qualit\u00e4t, Stil und Funktionalit\u00e4t \u2013 jetzt online bestellen!\" \/>\n<meta name=\"robots\" content=\"index, follow, max-snippet:-1, max-image-preview:large, max-video-preview:-1\" \/>\n<link rel=\"canonical\" href=\"https:\/\/www.erresse-shop.it\/de\/shop\/tisch\/karaffen-flaschen-kruege\/zafferano-pi01500-borosilikatglasflasche-weiser-deckel\/\" \/>\n<meta property=\"og:locale\" content=\"de_DE\" \/>\n<meta property=\"og:type\" content=\"article\" \/>\n<meta property=\"og:title\" content=\"ZAFFERANO PI01500 Borosilikatglasflasche Wei\u00dfer Deckel\" \/>\n<meta property=\"og:description\" content=\"Entdecken Sie ZAFFERANO PI01500 Borosilikatglasflasche Wei\u00dfer Deckel bei ErresseShop. Qualit\u00e4t, Stil und Funktionalit\u00e4t \u2013 jetzt online bestellen!\" \/>\n<meta property=\"og:url\" content=\"https:\/\/www.erresse-shop.it\/de\/shop\/tisch\/karaffen-flaschen-kruege\/zafferano-pi01500-borosilikatglasflasche-weiser-deckel\/\" \/>\n<meta property=\"og:site_name\" content=\"Erresse Shop\" \/>\n<meta property=\"article:modified_time\" content=\"2025-01-22T07:10:37+00:00\" \/>\n<meta property=\"og:image\" content=\"https:\/\/www.erresse-shop.it\/wp-content\/uploads\/2022\/11\/ZAFFERANO-Bottiglia-tappo-bianco.jpg\" \/>\n\t<meta property=\"og:image:width\" content=\"800\" \/>\n\t<meta property=\"og:image:height\" content=\"800\" \/>\n\t<meta property=\"og:image:type\" content=\"image\/jpeg\" \/>\n<meta name=\"twitter:card\" content=\"summary_large_image\" \/>\n<script type=\"application\/ld+json\" class=\"yoast-schema-graph\">{\"@context\":\"https:\/\/schema.org\",\"@graph\":[{\"@type\":\"WebPage\",\"@id\":\"https:\/\/www.erresse-shop.it\/de\/shop\/tisch\/karaffen-flaschen-kruege\/zafferano-pi01500-borosilikatglasflasche-weiser-deckel\/\",\"url\":\"https:\/\/www.erresse-shop.it\/de\/shop\/tisch\/karaffen-flaschen-kruege\/zafferano-pi01500-borosilikatglasflasche-weiser-deckel\/\",\"name\":\"ZAFFERANO PI01500 Borosilikatglasflasche Wei\u00dfer Deckel\",\"isPartOf\":{\"@id\":\"https:\/\/www.erresse-shop.it\/de\/#website\"},\"datePublished\":\"2022-11-07T08:14:49+00:00\",\"dateModified\":\"2025-01-22T07:10:37+00:00\",\"description\":\"Entdecken Sie ZAFFERANO PI01500 Borosilikatglasflasche Wei\u00dfer Deckel bei ErresseShop. Qualit\u00e4t, Stil und Funktionalit\u00e4t \u2013 jetzt online bestellen!\",\"breadcrumb\":{\"@id\":\"https:\/\/www.erresse-shop.it\/de\/shop\/tisch\/karaffen-flaschen-kruege\/zafferano-pi01500-borosilikatglasflasche-weiser-deckel\/#breadcrumb\"},\"inLanguage\":\"de-DE\",\"potentialAction\":[{\"@type\":\"ReadAction\",\"target\":[\"https:\/\/www.erresse-shop.it\/de\/shop\/tisch\/karaffen-flaschen-kruege\/zafferano-pi01500-borosilikatglasflasche-weiser-deckel\/\"]}]},{\"@type\":\"BreadcrumbList\",\"@id\":\"https:\/\/www.erresse-shop.it\/de\/shop\/tisch\/karaffen-flaschen-kruege\/zafferano-pi01500-borosilikatglasflasche-weiser-deckel\/#breadcrumb\",\"itemListElement\":[{\"@type\":\"ListItem\",\"position\":1,\"name\":\"Home\",\"item\":\"https:\/\/www.erresse-shop.it\/de\/\"},{\"@type\":\"ListItem\",\"position\":2,\"name\":\"Shop\",\"item\":\"https:\/\/www.erresse-shop.it\/de\/shop\/\"},{\"@type\":\"ListItem\",\"position\":3,\"name\":\"ZAFFERANO PI01500 Borosilikatglasflasche Wei\u00dfer Deckel\"}]},{\"@type\":\"WebSite\",\"@id\":\"https:\/\/www.erresse-shop.it\/de\/#website\",\"url\":\"https:\/\/www.erresse-shop.it\/de\/\",\"name\":\"Erresse Shop\",\"description\":\"Articoli di qualit\u00e0 per la casa\",\"potentialAction\":[{\"@type\":\"SearchAction\",\"target\":{\"@type\":\"EntryPoint\",\"urlTemplate\":\"https:\/\/www.erresse-shop.it\/de\/?s={search_term_string}\"},\"query-input\":\"required name=search_term_string\"}],\"inLanguage\":\"de-DE\"}]}<\/script>\n<!-- \/ Yoast SEO Premium plugin. -->","yoast_head_json":{"title":"ZAFFERANO PI01500 Borosilikatglasflasche Wei\u00dfer Deckel","description":"Entdecken Sie ZAFFERANO PI01500 Borosilikatglasflasche Wei\u00dfer Deckel bei ErresseShop. Qualit\u00e4t, Stil und Funktionalit\u00e4t \u2013 jetzt online bestellen!","robots":{"index":"index","follow":"follow","max-snippet":"max-snippet:-1","max-image-preview":"max-image-preview:large","max-video-preview":"max-video-preview:-1"},"canonical":"https:\/\/www.erresse-shop.it\/de\/shop\/tisch\/karaffen-flaschen-kruege\/zafferano-pi01500-borosilikatglasflasche-weiser-deckel\/","og_locale":"de_DE","og_type":"article","og_title":"ZAFFERANO PI01500 Borosilikatglasflasche Wei\u00dfer Deckel","og_description":"Entdecken Sie ZAFFERANO PI01500 Borosilikatglasflasche Wei\u00dfer Deckel bei ErresseShop. Qualit\u00e4t, Stil und Funktionalit\u00e4t \u2013 jetzt online bestellen!","og_url":"https:\/\/www.erresse-shop.it\/de\/shop\/tisch\/karaffen-flaschen-kruege\/zafferano-pi01500-borosilikatglasflasche-weiser-deckel\/","og_site_name":"Erresse Shop","article_modified_time":"2025-01-22T07:10:37+00:00","og_image":[{"width":800,"height":800,"url":"https:\/\/www.erresse-shop.it\/wp-content\/uploads\/2022\/11\/ZAFFERANO-Bottiglia-tappo-bianco.jpg","type":"image\/jpeg"}],"twitter_card":"summary_large_image","schema":{"@context":"https:\/\/schema.org","@graph":[{"@type":"WebPage","@id":"https:\/\/www.erresse-shop.it\/de\/shop\/tisch\/karaffen-flaschen-kruege\/zafferano-pi01500-borosilikatglasflasche-weiser-deckel\/","url":"https:\/\/www.erresse-shop.it\/de\/shop\/tisch\/karaffen-flaschen-kruege\/zafferano-pi01500-borosilikatglasflasche-weiser-deckel\/","name":"ZAFFERANO PI01500 Borosilikatglasflasche Wei\u00dfer Deckel","isPartOf":{"@id":"https:\/\/www.erresse-shop.it\/de\/#website"},"datePublished":"2022-11-07T08:14:49+00:00","dateModified":"2025-01-22T07:10:37+00:00","description":"Entdecken Sie ZAFFERANO PI01500 Borosilikatglasflasche Wei\u00dfer Deckel bei ErresseShop. Qualit\u00e4t, Stil und Funktionalit\u00e4t \u2013 jetzt online bestellen!","breadcrumb":{"@id":"https:\/\/www.erresse-shop.it\/de\/shop\/tisch\/karaffen-flaschen-kruege\/zafferano-pi01500-borosilikatglasflasche-weiser-deckel\/#breadcrumb"},"inLanguage":"de-DE","potentialAction":[{"@type":"ReadAction","target":["https:\/\/www.erresse-shop.it\/de\/shop\/tisch\/karaffen-flaschen-kruege\/zafferano-pi01500-borosilikatglasflasche-weiser-deckel\/"]}]},{"@type":"BreadcrumbList","@id":"https:\/\/www.erresse-shop.it\/de\/shop\/tisch\/karaffen-flaschen-kruege\/zafferano-pi01500-borosilikatglasflasche-weiser-deckel\/#breadcrumb","itemListElement":[{"@type":"ListItem","position":1,"name":"Home","item":"https:\/\/www.erresse-shop.it\/de\/"},{"@type":"ListItem","position":2,"name":"Shop","item":"https:\/\/www.erresse-shop.it\/de\/shop\/"},{"@type":"ListItem","position":3,"name":"ZAFFERANO PI01500 Borosilikatglasflasche Wei\u00dfer Deckel"}]},{"@type":"WebSite","@id":"https:\/\/www.erresse-shop.it\/de\/#website","url":"https:\/\/www.erresse-shop.it\/de\/","name":"Erresse Shop","description":"Articoli di qualit\u00e0 per la casa","potentialAction":[{"@type":"SearchAction","target":{"@type":"EntryPoint","urlTemplate":"https:\/\/www.erresse-shop.it\/de\/?s={search_term_string}"},"query-input":"required name=search_term_string"}],"inLanguage":"de-DE"}]}},"df_price":19.95,"df_sale_price":19.95,"df_regular_price":32,"df_image_link":"https:\/\/www.erresse-shop.it\/wp-content\/uploads\/2022\/11\/ZAFFERANO-Bottiglia-tappo-bianco-300x300.jpg","_links":{"self":[{"href":"https:\/\/www.erresse-shop.it\/de\/wp-json\/wp\/v2\/product\/203448"}],"collection":[{"href":"https:\/\/www.erresse-shop.it\/de\/wp-json\/wp\/v2\/product"}],"about":[{"href":"https:\/\/www.erresse-shop.it\/de\/wp-json\/wp\/v2\/types\/product"}],"wp:featuredmedia":[{"embeddable":true,"href":"https:\/\/www.erresse-shop.it\/de\/wp-json\/wp\/v2\/media\/203466"}],"wp:attachment":[{"href":"https:\/\/www.erresse-shop.it\/de\/wp-json\/wp\/v2\/media?parent=203448"}],"wp:term":[{"taxonomy":"product_cat","embeddable":true,"href":"https:\/\/www.erresse-shop.it\/de\/wp-json\/wp\/v2\/product_cat?post=203448"},{"taxonomy":"product_tag","embeddable":true,"href":"https:\/\/www.erresse-shop.it\/de\/wp-json\/wp\/v2\/product_tag?post=203448"}],"curies":[{"name":"wp","href":"https:\/\/api.w.org\/{rel}","templated":true}]}}