{"id":202628,"date":"2022-11-04T14:08:46","date_gmt":"2022-11-04T14:08:49","guid":{"rendered":"https:\/\/www.erresse-shop.it\/?post_type=product&#038;p=202628"},"modified":"2025-01-17T09:00:12","modified_gmt":"2025-01-17T09:00:12","slug":"le-creuset-hoher-runder-brater-aus-gusseisen-24-cm-schwarz-matt","status":"publish","type":"product","link":"https:\/\/www.erresse-shop.it\/de\/shop\/toepfe-pfannen\/schalldaempfer-und-kokotten\/le-creuset-hoher-runder-brater-aus-gusseisen-24-cm-schwarz-matt\/","title":{"rendered":"LE CREUSET Evolution Tiefe Gusseisen Cocotte 24 cm Schwarz Matt"},"content":{"rendered":"<p><strong>Tiefe T\u00f6pf \u2026 haben viel zu bieten!<\/strong><br \/>\nDank der extrahohen Seitenw\u00e4nde hat dieser gusseiserne Topf ein gro\u00dfes Fassungsverm\u00f6gen. Verwenden Sie ihn f\u00fcr Suppen, Eint\u00f6pfe und mehr, insbesondere dann, wenn Sie f\u00fcr viele Personen kochen. Dieser Br\u00e4ter kann bequem Portionen f\u00fcr 8 bis 10 G\u00e4ste fassen. Stellen Sie ihn als Blickfang auf den Tisch zum direkten Servieren.<\/p>\n<p><strong>Produktinformationen<\/strong><br \/>\n<strong>Eigenschaften<\/strong><br \/>\nUnser hitzebest\u00e4ndiger Deckelknopf (bis 260 \u00b0C) ist auf eine bessere Griffigkeit ausgelegt, auch wenn der Deckel mit Ofenhandschuhen angehoben wird.<br \/>\nSchnelle Reinigung: Die leicht emaillierte Innenseite sorgt f\u00fcr eine einfachere Reinigung.<br \/>\nDank unserer gro\u00dfen Griffe k\u00f6nnen Sie die Produkte problemlos vom Kochfeld \u00fcber den Backofen zum Tisch wechseln, auch mit Ofenhandschuhen.<br \/>\nEin echtes Allroundtalent: geeignet f\u00fcr Backofen, Herd, Induktion oder Backofen mit Grillfunktion.<br \/>\nDas Gusseisen speichert die W\u00e4rme sehr gut, perfekt f\u00fcr gleichm\u00e4\u00dfiges Kochen und Braten. Ihre k\u00f6stlichen Kreationen bleiben zudem auf dem Tisch l\u00e4nger warm.<br \/>\nSchlie\u00dft Feuchtigkeit ein: Unser dicht schlie\u00dfender Deckel hilft, die Feuchtigkeit im Gericht zu bewahren und den Geschmack zu verbessern \u2013 f\u00fcr perfekt zubereitete Speisen.<br \/>\nEinfache Handhabung: Die eleganten und praktischen Griffe erm\u00f6glichen ein sicheres Anheben.<br \/>\nNicht zu hei\u00df: Kochen Sie mit einer gleichm\u00e4\u00dfigen, niedrigen bis mittleren Hitze, um Ihr Gusseisen zu schonen und leckere Ergebnisse zu erzielen.<br \/>\nBranchenf\u00fchrend: Unsere Produkte werden in Herstellungsbetrieben auf der ganzen Welt aus den hochwertigsten Materialien gefertigt \u2013 damit wir die Qualit\u00e4t gew\u00e4hrleisten k\u00f6nnen, die Sie von Le Creuset erwarten.<\/p>\n<p><strong>Material:<\/strong> Emailliertes Gusseisen<br \/>\n<strong>Hergestellt in:<\/strong> Frankreich<br \/>\n<strong>Garantie:<\/strong> 30 Jahre<\/p>\n<p><strong>Warmequelle<\/strong><br \/>\nBackofen mit Grillfunktion<br \/>\nBackofen<br \/>\nElektroherd<br \/>\nGlaskeramik-Kochfeld<br \/>\nGasherd<br \/>\nInduktionsherd<\/p>\n<p><strong>Abmessungen<\/strong><br \/>\nFassungsverm\u00f6gen: 5 l<br \/>\nL\u00e4nge: 32.5 cm<br \/>\nBreite: 25.2 cm<br \/>\nH\u00f6he: 18.7 cm<br \/>\nTiefe: 13.1 cm<\/p>\n<p><strong>Gebrauch &amp; Pflege<\/strong><br \/>\n<strong>Aufbewahrung<\/strong><br \/>\nF\u00fcr den Gefrierschrank geeignet<\/p>\n<p><strong>Pflege<\/strong><br \/>\nSp\u00fclmaschinengeeignet<\/p>\n<p><strong>Vor dem ersten Gebrauch<\/strong><br \/>\nWir w\u00fcnschen Ihnen viel Freude beim Auspacken Ihres neuen Einkaufs! (Entfernen Sie die Aufkleber und die Verpackung.)<br \/>\nSp\u00fclen Sie Ihr Produkt von Le Creuset vor dem ersten Gebrauch mit hei\u00dfem Sp\u00fclwasser; sp\u00fclen Sie es abschlie\u00dfend gr\u00fcndlich ab und trocknen Sie es.<\/p>\n<p><strong>Kochen<\/strong><br \/>\nSch\u00fctzen Sie sich \u2013 verwenden Sie beim Umgang mit hei\u00dfen Gegenst\u00e4nden stets Ofenhandschuhe.<br \/>\nWir empfehlen, nur K\u00fcchenhelfer aus Silikon, Holz oder hitzebest\u00e4ndigem Kunststoff von Le Creuset zu verwenden. Verwenden Sie KEINE Messer oder Metallutensilien, da dies zu Verf\u00e4rbungen und Kratzern auf der emaillierten Oberfl\u00e4che des Produkts f\u00fchren kann.<br \/>\nVerwenden Sie das Produkt auf dem Kochfeld mit der am besten geeigneten Gr\u00f6\u00dfe \u2013 dadurch werden Ihre Speisen gleichm\u00e4\u00dfiger gegart und das Risiko von Besch\u00e4digungen an den Griffen und Seiten verringert. Dies ist besonders wichtig bei Induktionsherden: Wenn Sie ein Kochfeld mit falschem Durchmesser verwenden, besteht die Gefahr, dass das Produkt vom Kochfeld nicht \u201eerkannt\u201c wird.<br \/>\nDas Kochen bei mittlerer oder niedriger Hitze bringt die besten Ergebnisse \u2013 auch beim Braten und Anbraten. Lassen Sie die Pfanne allm\u00e4hlich hei\u00df werden, um gleichm\u00e4\u00dfig gegarte, wohlschmeckende Gerichte zu erzielen. Sollten Sie dennoch eine hohe Temperatur ben\u00f6tigen, mindern Sie die Hitze, sobald die gew\u00fcnschte Temperatur erreicht ist.<br \/>\nSchieben Sie das Produkt niemals \u00fcber ein Glaskeramikfeld\/eine Herdplatte, da dies zu Besch\u00e4digungen der Unterseite des Produkts und der Glasplatte f\u00fchren kann. Heben Sie das Produkt stattdessen immer an und stellen Sie es auf der Oberfl\u00e4che ab.<\/p>\n<p><strong>Reinigung<\/strong><br \/>\nLassen Sie Ihr Produkt abk\u00fchlen, bevor Sie es reinigen.<br \/>\nS\u00e4ubern Sie alle Reste vom Boden und den Seiten des Produkts ab. Falls Speisereste anhaften, f\u00fcllen Sie das Produkt mit warmem Sp\u00fclwasser und lassen Sie es 15 bis 20 Minuten einweichen, bevor Sie es wie gewohnt sp\u00fclen.<br \/>\nVerwenden Sie auf keiner der Oberfl\u00e4chen scheuernde Reinigungsmittel oder Metall, raue oder sehr harte Reinigungspads bzw. -b\u00fcrsten.<br \/>\nTrocknen Sie die Produkte nach dem Sp\u00fclen gut ab und bewahren Sie es an einem trockenen Ort auf.<\/p>\n","protected":false},"excerpt":{"rendered":"<p>Tiefe T\u00f6pf \u2026 haben viel zu bieten! Dank der extrahohen Seitenw\u00e4nde hat dieser gusseiserne Topf ein gro\u00dfes Fassungsverm\u00f6gen. Verwenden Sie<\/p>\n","protected":false},"featured_media":203630,"template":"","meta":{"_acf_changed":false,"inline_featured_image":false},"product_cat":[6709,14793],"product_tag":[25088,11387,11811,11381,14827,11383,11385,12315,12992,25022,12205],"acf":[],"yoast_head":"<!-- This site is optimized with the Yoast SEO Premium plugin v18.6 (Yoast SEO v19.13) - https:\/\/yoast.com\/wordpress\/plugins\/seo\/ -->\n<title>LE CREUSET Evolution Tiefe Gusseisen Cocotte 24 cm Schwarz Matt<\/title>\n<meta name=\"description\" content=\"Entdecken Sie LE CREUSET Evolution Tiefe Gusseisen Cocotte 24 cm Schwarz Matt bei ErresseShop. Qualit\u00e4t, Stil und Funktionalit\u00e4t \u2013 jetzt online bestellen!\" \/>\n<meta name=\"robots\" content=\"index, follow, max-snippet:-1, max-image-preview:large, max-video-preview:-1\" \/>\n<link rel=\"canonical\" href=\"https:\/\/www.erresse-shop.it\/de\/shop\/toepfe-pfannen\/schalldaempfer-und-kokotten\/le-creuset-hoher-runder-brater-aus-gusseisen-24-cm-schwarz-matt\/\" \/>\n<meta property=\"og:locale\" content=\"de_DE\" \/>\n<meta property=\"og:type\" content=\"article\" \/>\n<meta property=\"og:title\" content=\"LE CREUSET Evolution Tiefe Gusseisen Cocotte 24 cm Schwarz Matt\" \/>\n<meta property=\"og:description\" content=\"Entdecken Sie LE CREUSET Evolution Tiefe Gusseisen Cocotte 24 cm Schwarz Matt bei ErresseShop. Qualit\u00e4t, Stil und Funktionalit\u00e4t \u2013 jetzt online bestellen!\" \/>\n<meta property=\"og:url\" content=\"https:\/\/www.erresse-shop.it\/de\/shop\/toepfe-pfannen\/schalldaempfer-und-kokotten\/le-creuset-hoher-runder-brater-aus-gusseisen-24-cm-schwarz-matt\/\" \/>\n<meta property=\"og:site_name\" content=\"Erresse Shop\" \/>\n<meta property=\"article:modified_time\" content=\"2025-01-17T09:00:12+00:00\" \/>\n<meta property=\"og:image\" content=\"https:\/\/www.erresse-shop.it\/wp-content\/uploads\/2022\/11\/le-creuset-cocotte-profonda-nero1.jpg\" \/>\n\t<meta property=\"og:image:width\" content=\"800\" \/>\n\t<meta property=\"og:image:height\" content=\"800\" \/>\n\t<meta property=\"og:image:type\" content=\"image\/jpeg\" \/>\n<meta name=\"twitter:card\" content=\"summary_large_image\" \/>\n<script type=\"application\/ld+json\" class=\"yoast-schema-graph\">{\"@context\":\"https:\/\/schema.org\",\"@graph\":[{\"@type\":\"WebPage\",\"@id\":\"https:\/\/www.erresse-shop.it\/de\/shop\/toepfe-pfannen\/schalldaempfer-und-kokotten\/le-creuset-hoher-runder-brater-aus-gusseisen-24-cm-schwarz-matt\/\",\"url\":\"https:\/\/www.erresse-shop.it\/de\/shop\/toepfe-pfannen\/schalldaempfer-und-kokotten\/le-creuset-hoher-runder-brater-aus-gusseisen-24-cm-schwarz-matt\/\",\"name\":\"LE CREUSET Evolution Tiefe Gusseisen Cocotte 24 cm Schwarz Matt\",\"isPartOf\":{\"@id\":\"https:\/\/www.erresse-shop.it\/de\/#website\"},\"datePublished\":\"2022-11-04T14:08:49+00:00\",\"dateModified\":\"2025-01-17T09:00:12+00:00\",\"description\":\"Entdecken Sie LE CREUSET Evolution Tiefe Gusseisen Cocotte 24 cm Schwarz Matt bei ErresseShop. Qualit\u00e4t, Stil und Funktionalit\u00e4t \u2013 jetzt online bestellen!\",\"breadcrumb\":{\"@id\":\"https:\/\/www.erresse-shop.it\/de\/shop\/toepfe-pfannen\/schalldaempfer-und-kokotten\/le-creuset-hoher-runder-brater-aus-gusseisen-24-cm-schwarz-matt\/#breadcrumb\"},\"inLanguage\":\"de-DE\",\"potentialAction\":[{\"@type\":\"ReadAction\",\"target\":[\"https:\/\/www.erresse-shop.it\/de\/shop\/toepfe-pfannen\/schalldaempfer-und-kokotten\/le-creuset-hoher-runder-brater-aus-gusseisen-24-cm-schwarz-matt\/\"]}]},{\"@type\":\"BreadcrumbList\",\"@id\":\"https:\/\/www.erresse-shop.it\/de\/shop\/toepfe-pfannen\/schalldaempfer-und-kokotten\/le-creuset-hoher-runder-brater-aus-gusseisen-24-cm-schwarz-matt\/#breadcrumb\",\"itemListElement\":[{\"@type\":\"ListItem\",\"position\":1,\"name\":\"Home\",\"item\":\"https:\/\/www.erresse-shop.it\/de\/\"},{\"@type\":\"ListItem\",\"position\":2,\"name\":\"Shop\",\"item\":\"https:\/\/www.erresse-shop.it\/de\/shop\/\"},{\"@type\":\"ListItem\",\"position\":3,\"name\":\"LE CREUSET Evolution Tiefe Gusseisen Cocotte 24 cm Schwarz Matt\"}]},{\"@type\":\"WebSite\",\"@id\":\"https:\/\/www.erresse-shop.it\/de\/#website\",\"url\":\"https:\/\/www.erresse-shop.it\/de\/\",\"name\":\"Erresse Shop\",\"description\":\"Articoli di qualit\u00e0 per la casa\",\"potentialAction\":[{\"@type\":\"SearchAction\",\"target\":{\"@type\":\"EntryPoint\",\"urlTemplate\":\"https:\/\/www.erresse-shop.it\/de\/?s={search_term_string}\"},\"query-input\":\"required name=search_term_string\"}],\"inLanguage\":\"de-DE\"}]}<\/script>\n<!-- \/ Yoast SEO Premium plugin. -->","yoast_head_json":{"title":"LE CREUSET Evolution Tiefe Gusseisen Cocotte 24 cm Schwarz Matt","description":"Entdecken Sie LE CREUSET Evolution Tiefe Gusseisen Cocotte 24 cm Schwarz Matt bei ErresseShop. Qualit\u00e4t, Stil und Funktionalit\u00e4t \u2013 jetzt online bestellen!","robots":{"index":"index","follow":"follow","max-snippet":"max-snippet:-1","max-image-preview":"max-image-preview:large","max-video-preview":"max-video-preview:-1"},"canonical":"https:\/\/www.erresse-shop.it\/de\/shop\/toepfe-pfannen\/schalldaempfer-und-kokotten\/le-creuset-hoher-runder-brater-aus-gusseisen-24-cm-schwarz-matt\/","og_locale":"de_DE","og_type":"article","og_title":"LE CREUSET Evolution Tiefe Gusseisen Cocotte 24 cm Schwarz Matt","og_description":"Entdecken Sie LE CREUSET Evolution Tiefe Gusseisen Cocotte 24 cm Schwarz Matt bei ErresseShop. Qualit\u00e4t, Stil und Funktionalit\u00e4t \u2013 jetzt online bestellen!","og_url":"https:\/\/www.erresse-shop.it\/de\/shop\/toepfe-pfannen\/schalldaempfer-und-kokotten\/le-creuset-hoher-runder-brater-aus-gusseisen-24-cm-schwarz-matt\/","og_site_name":"Erresse Shop","article_modified_time":"2025-01-17T09:00:12+00:00","og_image":[{"width":800,"height":800,"url":"https:\/\/www.erresse-shop.it\/wp-content\/uploads\/2022\/11\/le-creuset-cocotte-profonda-nero1.jpg","type":"image\/jpeg"}],"twitter_card":"summary_large_image","schema":{"@context":"https:\/\/schema.org","@graph":[{"@type":"WebPage","@id":"https:\/\/www.erresse-shop.it\/de\/shop\/toepfe-pfannen\/schalldaempfer-und-kokotten\/le-creuset-hoher-runder-brater-aus-gusseisen-24-cm-schwarz-matt\/","url":"https:\/\/www.erresse-shop.it\/de\/shop\/toepfe-pfannen\/schalldaempfer-und-kokotten\/le-creuset-hoher-runder-brater-aus-gusseisen-24-cm-schwarz-matt\/","name":"LE CREUSET Evolution Tiefe Gusseisen Cocotte 24 cm Schwarz Matt","isPartOf":{"@id":"https:\/\/www.erresse-shop.it\/de\/#website"},"datePublished":"2022-11-04T14:08:49+00:00","dateModified":"2025-01-17T09:00:12+00:00","description":"Entdecken Sie LE CREUSET Evolution Tiefe Gusseisen Cocotte 24 cm Schwarz Matt bei ErresseShop. Qualit\u00e4t, Stil und Funktionalit\u00e4t \u2013 jetzt online bestellen!","breadcrumb":{"@id":"https:\/\/www.erresse-shop.it\/de\/shop\/toepfe-pfannen\/schalldaempfer-und-kokotten\/le-creuset-hoher-runder-brater-aus-gusseisen-24-cm-schwarz-matt\/#breadcrumb"},"inLanguage":"de-DE","potentialAction":[{"@type":"ReadAction","target":["https:\/\/www.erresse-shop.it\/de\/shop\/toepfe-pfannen\/schalldaempfer-und-kokotten\/le-creuset-hoher-runder-brater-aus-gusseisen-24-cm-schwarz-matt\/"]}]},{"@type":"BreadcrumbList","@id":"https:\/\/www.erresse-shop.it\/de\/shop\/toepfe-pfannen\/schalldaempfer-und-kokotten\/le-creuset-hoher-runder-brater-aus-gusseisen-24-cm-schwarz-matt\/#breadcrumb","itemListElement":[{"@type":"ListItem","position":1,"name":"Home","item":"https:\/\/www.erresse-shop.it\/de\/"},{"@type":"ListItem","position":2,"name":"Shop","item":"https:\/\/www.erresse-shop.it\/de\/shop\/"},{"@type":"ListItem","position":3,"name":"LE CREUSET Evolution Tiefe Gusseisen Cocotte 24 cm Schwarz Matt"}]},{"@type":"WebSite","@id":"https:\/\/www.erresse-shop.it\/de\/#website","url":"https:\/\/www.erresse-shop.it\/de\/","name":"Erresse Shop","description":"Articoli di qualit\u00e0 per la casa","potentialAction":[{"@type":"SearchAction","target":{"@type":"EntryPoint","urlTemplate":"https:\/\/www.erresse-shop.it\/de\/?s={search_term_string}"},"query-input":"required name=search_term_string"}],"inLanguage":"de-DE"}]}},"df_price":229.96,"df_sale_price":229.96,"df_regular_price":385,"df_image_link":"https:\/\/www.erresse-shop.it\/wp-content\/uploads\/2022\/11\/le-creuset-cocotte-profonda-nero1-300x300.jpg","_links":{"self":[{"href":"https:\/\/www.erresse-shop.it\/de\/wp-json\/wp\/v2\/product\/202628"}],"collection":[{"href":"https:\/\/www.erresse-shop.it\/de\/wp-json\/wp\/v2\/product"}],"about":[{"href":"https:\/\/www.erresse-shop.it\/de\/wp-json\/wp\/v2\/types\/product"}],"wp:featuredmedia":[{"embeddable":true,"href":"https:\/\/www.erresse-shop.it\/de\/wp-json\/wp\/v2\/media\/203630"}],"wp:attachment":[{"href":"https:\/\/www.erresse-shop.it\/de\/wp-json\/wp\/v2\/media?parent=202628"}],"wp:term":[{"taxonomy":"product_cat","embeddable":true,"href":"https:\/\/www.erresse-shop.it\/de\/wp-json\/wp\/v2\/product_cat?post=202628"},{"taxonomy":"product_tag","embeddable":true,"href":"https:\/\/www.erresse-shop.it\/de\/wp-json\/wp\/v2\/product_tag?post=202628"}],"curies":[{"name":"wp","href":"https:\/\/api.w.org\/{rel}","templated":true}]}}