{"id":201919,"date":"2022-11-03T10:07:13","date_gmt":"2022-11-03T10:07:15","guid":{"rendered":"https:\/\/www.erresse-shop.it\/?post_type=product&#038;p=201919"},"modified":"2023-07-31T00:10:04","modified_gmt":"2023-07-31T00:10:04","slug":"seletti-led-lampe-dreaming-gummy","status":"publish","type":"product","link":"https:\/\/www.erresse-shop.it\/de\/shop\/einrichtung-haus\/lampen\/seletti-led-lampe-dreaming-gummy\/","title":{"rendered":"SELETTI Led Lampe Dreaming Gummy"},"content":{"rendered":"<p>Gummy ist in erster Linie ein Tr\u00e4umer. Vielleicht ist er ein Zwerg, der nicht gerade gl\u00fccklich dar\u00fcber ist, in den Minen arbeiten zu m\u00fcssen, er ist der Nonkonformist der Gruppe.<\/p>\n<p>Er l\u00e4sst keine Gelegenheit aus, zu fantasieren und das Leben auf die leichte Schulter zu nehmen.<\/p>\n<p><strong>Im Detail:<\/strong><br \/>\nDesigner: Uto Balmoral<br \/>\nMaterial: Kunstharz<br \/>\nGr\u00f6\u00dfe: cm 22x42x h.26<\/p>\n","protected":false},"excerpt":{"rendered":"<p>Gummy ist in erster Linie ein Tr\u00e4umer. Vielleicht ist er ein Zwerg, der nicht gerade gl\u00fccklich dar\u00fcber ist, in den<\/p>\n","protected":false},"featured_media":201975,"template":"","meta":{"_acf_changed":false,"inline_featured_image":false},"product_cat":[6817,6862],"product_tag":[21117,21118,11949,25402],"acf":[],"yoast_head":"<!-- This site is optimized with the Yoast SEO Premium plugin v18.6 (Yoast SEO v19.13) - https:\/\/yoast.com\/wordpress\/plugins\/seo\/ -->\n<title>SELETTI Led Lampe Dreaming Gummy - Erresse Shop<\/title>\n<meta name=\"description\" content=\"Gummy ist in erster Linie ein Tr\u00e4umer. Vielleicht ist er ein Zwerg, der nicht gerade gl\u00fccklich dar\u00fcber ist, in den Minen arbeiten zu m\u00fcssen, er ist der\" \/>\n<meta name=\"robots\" content=\"index, follow, max-snippet:-1, max-image-preview:large, max-video-preview:-1\" \/>\n<link rel=\"canonical\" href=\"https:\/\/www.erresse-shop.it\/de\/shop\/einrichtung-haus\/lampen\/seletti-led-lampe-dreaming-gummy\/\" \/>\n<meta property=\"og:locale\" content=\"de_DE\" \/>\n<meta property=\"og:type\" content=\"article\" \/>\n<meta property=\"og:title\" content=\"SELETTI Led Lampe Dreaming Gummy\" \/>\n<meta property=\"og:description\" content=\"Gummy ist in erster Linie ein Tr\u00e4umer. Vielleicht ist er ein Zwerg, der nicht gerade gl\u00fccklich dar\u00fcber ist, in den Minen arbeiten zu m\u00fcssen, er ist der\" \/>\n<meta property=\"og:url\" content=\"https:\/\/www.erresse-shop.it\/de\/shop\/einrichtung-haus\/lampen\/seletti-led-lampe-dreaming-gummy\/\" \/>\n<meta property=\"og:site_name\" content=\"Erresse Shop\" \/>\n<meta property=\"article:modified_time\" content=\"2023-07-31T00:10:04+00:00\" \/>\n<meta property=\"og:image\" content=\"https:\/\/www.erresse-shop.it\/wp-content\/uploads\/2022\/11\/Seletti-Lampada-led-gnomo-dreaming9.jpg\" \/>\n\t<meta property=\"og:image:width\" content=\"800\" \/>\n\t<meta property=\"og:image:height\" content=\"800\" \/>\n\t<meta property=\"og:image:type\" content=\"image\/jpeg\" \/>\n<meta name=\"twitter:card\" content=\"summary_large_image\" \/>\n<script type=\"application\/ld+json\" class=\"yoast-schema-graph\">{\"@context\":\"https:\/\/schema.org\",\"@graph\":[{\"@type\":\"WebPage\",\"@id\":\"https:\/\/www.erresse-shop.it\/de\/shop\/einrichtung-haus\/lampen\/seletti-led-lampe-dreaming-gummy\/\",\"url\":\"https:\/\/www.erresse-shop.it\/de\/shop\/einrichtung-haus\/lampen\/seletti-led-lampe-dreaming-gummy\/\",\"name\":\"SELETTI Led Lampe Dreaming Gummy - Erresse Shop\",\"isPartOf\":{\"@id\":\"https:\/\/www.erresse-shop.it\/de\/#website\"},\"datePublished\":\"2022-11-03T10:07:15+00:00\",\"dateModified\":\"2023-07-31T00:10:04+00:00\",\"description\":\"Gummy ist in erster Linie ein Tr\u00e4umer. Vielleicht ist er ein Zwerg, der nicht gerade gl\u00fccklich dar\u00fcber ist, in den Minen arbeiten zu m\u00fcssen, er ist der\",\"breadcrumb\":{\"@id\":\"https:\/\/www.erresse-shop.it\/de\/shop\/einrichtung-haus\/lampen\/seletti-led-lampe-dreaming-gummy\/#breadcrumb\"},\"inLanguage\":\"de-DE\",\"potentialAction\":[{\"@type\":\"ReadAction\",\"target\":[\"https:\/\/www.erresse-shop.it\/de\/shop\/einrichtung-haus\/lampen\/seletti-led-lampe-dreaming-gummy\/\"]}]},{\"@type\":\"BreadcrumbList\",\"@id\":\"https:\/\/www.erresse-shop.it\/de\/shop\/einrichtung-haus\/lampen\/seletti-led-lampe-dreaming-gummy\/#breadcrumb\",\"itemListElement\":[{\"@type\":\"ListItem\",\"position\":1,\"name\":\"Home\",\"item\":\"https:\/\/www.erresse-shop.it\/de\/\"},{\"@type\":\"ListItem\",\"position\":2,\"name\":\"Shop\",\"item\":\"https:\/\/www.erresse-shop.it\/de\/shop\/\"},{\"@type\":\"ListItem\",\"position\":3,\"name\":\"SELETTI Led Lampe Dreaming Gummy\"}]},{\"@type\":\"WebSite\",\"@id\":\"https:\/\/www.erresse-shop.it\/de\/#website\",\"url\":\"https:\/\/www.erresse-shop.it\/de\/\",\"name\":\"Erresse Shop\",\"description\":\"Articoli di qualit\u00e0 per la casa\",\"potentialAction\":[{\"@type\":\"SearchAction\",\"target\":{\"@type\":\"EntryPoint\",\"urlTemplate\":\"https:\/\/www.erresse-shop.it\/de\/?s={search_term_string}\"},\"query-input\":\"required name=search_term_string\"}],\"inLanguage\":\"de-DE\"}]}<\/script>\n<!-- \/ Yoast SEO Premium plugin. -->","yoast_head_json":{"title":"SELETTI Led Lampe Dreaming Gummy - Erresse Shop","description":"Gummy ist in erster Linie ein Tr\u00e4umer. Vielleicht ist er ein Zwerg, der nicht gerade gl\u00fccklich dar\u00fcber ist, in den Minen arbeiten zu m\u00fcssen, er ist der","robots":{"index":"index","follow":"follow","max-snippet":"max-snippet:-1","max-image-preview":"max-image-preview:large","max-video-preview":"max-video-preview:-1"},"canonical":"https:\/\/www.erresse-shop.it\/de\/shop\/einrichtung-haus\/lampen\/seletti-led-lampe-dreaming-gummy\/","og_locale":"de_DE","og_type":"article","og_title":"SELETTI Led Lampe Dreaming Gummy","og_description":"Gummy ist in erster Linie ein Tr\u00e4umer. Vielleicht ist er ein Zwerg, der nicht gerade gl\u00fccklich dar\u00fcber ist, in den Minen arbeiten zu m\u00fcssen, er ist der","og_url":"https:\/\/www.erresse-shop.it\/de\/shop\/einrichtung-haus\/lampen\/seletti-led-lampe-dreaming-gummy\/","og_site_name":"Erresse Shop","article_modified_time":"2023-07-31T00:10:04+00:00","og_image":[{"width":800,"height":800,"url":"https:\/\/www.erresse-shop.it\/wp-content\/uploads\/2022\/11\/Seletti-Lampada-led-gnomo-dreaming9.jpg","type":"image\/jpeg"}],"twitter_card":"summary_large_image","schema":{"@context":"https:\/\/schema.org","@graph":[{"@type":"WebPage","@id":"https:\/\/www.erresse-shop.it\/de\/shop\/einrichtung-haus\/lampen\/seletti-led-lampe-dreaming-gummy\/","url":"https:\/\/www.erresse-shop.it\/de\/shop\/einrichtung-haus\/lampen\/seletti-led-lampe-dreaming-gummy\/","name":"SELETTI Led Lampe Dreaming Gummy - Erresse Shop","isPartOf":{"@id":"https:\/\/www.erresse-shop.it\/de\/#website"},"datePublished":"2022-11-03T10:07:15+00:00","dateModified":"2023-07-31T00:10:04+00:00","description":"Gummy ist in erster Linie ein Tr\u00e4umer. Vielleicht ist er ein Zwerg, der nicht gerade gl\u00fccklich dar\u00fcber ist, in den Minen arbeiten zu m\u00fcssen, er ist der","breadcrumb":{"@id":"https:\/\/www.erresse-shop.it\/de\/shop\/einrichtung-haus\/lampen\/seletti-led-lampe-dreaming-gummy\/#breadcrumb"},"inLanguage":"de-DE","potentialAction":[{"@type":"ReadAction","target":["https:\/\/www.erresse-shop.it\/de\/shop\/einrichtung-haus\/lampen\/seletti-led-lampe-dreaming-gummy\/"]}]},{"@type":"BreadcrumbList","@id":"https:\/\/www.erresse-shop.it\/de\/shop\/einrichtung-haus\/lampen\/seletti-led-lampe-dreaming-gummy\/#breadcrumb","itemListElement":[{"@type":"ListItem","position":1,"name":"Home","item":"https:\/\/www.erresse-shop.it\/de\/"},{"@type":"ListItem","position":2,"name":"Shop","item":"https:\/\/www.erresse-shop.it\/de\/shop\/"},{"@type":"ListItem","position":3,"name":"SELETTI Led Lampe Dreaming Gummy"}]},{"@type":"WebSite","@id":"https:\/\/www.erresse-shop.it\/de\/#website","url":"https:\/\/www.erresse-shop.it\/de\/","name":"Erresse Shop","description":"Articoli di qualit\u00e0 per la casa","potentialAction":[{"@type":"SearchAction","target":{"@type":"EntryPoint","urlTemplate":"https:\/\/www.erresse-shop.it\/de\/?s={search_term_string}"},"query-input":"required name=search_term_string"}],"inLanguage":"de-DE"}]}},"df_price":121.05,"df_sale_price":121.05,"df_regular_price":269,"df_image_link":"https:\/\/www.erresse-shop.it\/wp-content\/uploads\/2022\/11\/Seletti-Lampada-led-gnomo-dreaming9-300x300.jpg","_links":{"self":[{"href":"https:\/\/www.erresse-shop.it\/de\/wp-json\/wp\/v2\/product\/201919"}],"collection":[{"href":"https:\/\/www.erresse-shop.it\/de\/wp-json\/wp\/v2\/product"}],"about":[{"href":"https:\/\/www.erresse-shop.it\/de\/wp-json\/wp\/v2\/types\/product"}],"wp:featuredmedia":[{"embeddable":true,"href":"https:\/\/www.erresse-shop.it\/de\/wp-json\/wp\/v2\/media\/201975"}],"wp:attachment":[{"href":"https:\/\/www.erresse-shop.it\/de\/wp-json\/wp\/v2\/media?parent=201919"}],"wp:term":[{"taxonomy":"product_cat","embeddable":true,"href":"https:\/\/www.erresse-shop.it\/de\/wp-json\/wp\/v2\/product_cat?post=201919"},{"taxonomy":"product_tag","embeddable":true,"href":"https:\/\/www.erresse-shop.it\/de\/wp-json\/wp\/v2\/product_tag?post=201919"}],"curies":[{"name":"wp","href":"https:\/\/api.w.org\/{rel}","templated":true}]}}