{"id":201727,"date":"2022-11-02T15:21:27","date_gmt":"2022-11-02T15:21:30","guid":{"rendered":"https:\/\/www.erresse-shop.it\/?post_type=product&#038;p=201727"},"modified":"2025-01-17T09:00:09","modified_gmt":"2025-01-17T09:00:09","slug":"le-creuset-wasserkessel-tradition-ofenrot","status":"publish","type":"product","link":"https:\/\/www.erresse-shop.it\/de\/shop\/kuche\/wasserkocher\/le-creuset-wasserkessel-tradition-ofenrot\/","title":{"rendered":"LE CREUSET Wasserkessel Tradition Ofenrot"},"content":{"rendered":"<p><strong>Eine sch\u00f6ne Tasse Tee?<\/strong><br \/>\nDieser klassische Wasserkessel pfeift, wenn das Wasser kocht, und verleiht Ihrer K\u00fcche eine traditionelle Note. Ein besonders starker induktionstauglicher Boden sorgt f\u00fcr eine schnelle Erw\u00e4rmung des Wassers, w\u00e4hrend ein ergonomischer, hitzebest\u00e4ndiger Griff ein sicheres und einfaches Ausgie\u00dfen erm\u00f6glicht. Er ist aus emailliertem Stahl gefertigt und setzt einen lebhaften farblichen Akzent in Ihrem Zuhause.<\/p>\n<p><strong>Produktinformationen<\/strong><br \/>\n<strong>Eigenschaften<\/strong><br \/>\nBunte Farbpalette: Unser Sortiment ist in einer Vielzahl an Farben erh\u00e4ltlich und bringt lebendige Nuancen in Ihre K\u00fcche.<br \/>\nVerbesserte Effizienz: Unsere Wasserkessel verf\u00fcgen \u00fcber eine breite Boden f\u00fcr eine effiziente Erw\u00e4rmung.<br \/>\nBranchenf\u00fchrend: Unsere Produkte werden in Herstellungsbetrieben auf der ganzen Welt aus den hochwertigsten Materialien gefertigt \u2013 damit wir die Qualit\u00e4t gew\u00e4hrleisten k\u00f6nnen, die Sie von Le Creuset erwarten.<\/p>\n<p><strong>Material:<\/strong> Emaillierter Karbonstahl<br \/>\n<strong>Hergestellt in:<\/strong> Thailand<br \/>\n<strong>Garantie:<\/strong> 5 Jahre<\/p>\n<p><strong>Warmequelle<\/strong><br \/>\nElektroherd<br \/>\nGlaskeramik-Kochfeld<br \/>\nGasherd<br \/>\nInduktionsherd<\/p>\n<p><strong>Abmessungen<\/strong><br \/>\nFassungsverm\u00f6gen: 2.1 l<br \/>\nL\u00e4nge: 27.3 cm<br \/>\nBreite: 20.9 cm<br \/>\nH\u00f6he: 25.1 cm<\/p>\n<p><strong>Gebrauch &amp; Pflege<\/strong><br \/>\n<strong>Vor dem ersten Gebrauch<\/strong><br \/>\nWir w\u00fcnschen Ihnen viel Freude beim Auspacken Ihres neuen Einkaufs! (Entfernen Sie die Aufkleber und die Verpackung.)<br \/>\nSp\u00fclen Sie Ihr Produkt von Le Creuset vor dem ersten Gebrauch mit hei\u00dfem Sp\u00fclwasser; sp\u00fclen Sie es abschlie\u00dfend gr\u00fcndlich ab und trocknen Sie es.<br \/>\nVor dem ersten Gebrauch des Wasserkessels entfernen Sie den Deckel, f\u00fcllen Sie den Wasserkessel mit sauberem Wasser, kochen Sie das Wasser auf und sch\u00fctten Sie es dann weg.<br \/>\nBef\u00fcllen Sie ihn nicht \u00fcber die Markierungslinie hinaus.<\/p>\n<p><strong>Kochen<\/strong><br \/>\nVermeiden Sie beim Kochen auf Induktionsherden die \u201ePower\u201c-Funktion, da sie nur zum schnellen Erhitzen gro\u00dfer Wassermengen verwendet werden sollte.<br \/>\nHeben Sie den Wasserkessel an und stellen Sie ihn auf die Oberfl\u00e4che, anstatt ihn zu verschieben, um eine Besch\u00e4digung des Kesselbodens oder der Oberfl\u00e4che zu vermeiden<br \/>\nSchieben Sie das Produkt niemals \u00fcber ein Glaskeramikfeld\/eine Herdplatte, da dies zu Besch\u00e4digungen der Unterseite des Produkts und der Glasplatte f\u00fchren kann. Heben Sie das Produkt stattdessen immer an und stellen Sie es auf der Oberfl\u00e4che ab.<br \/>\nStellen Sie ihn im hei\u00dfen Zustand auf eine hitzebest\u00e4ndige Oberfl\u00e4che.<\/p>\n<p><strong>Reinigung<\/strong><br \/>\nReinigen Sie Ihren Wasserkessel nach jedem Gebrauch \u2013 sp\u00fclen Sie ihn von Hand mit einem neutralen Sp\u00fclmittel. Verwenden Sie niemals scheuernde B\u00fcrsten oder Reinigungsmittel, da diese die Emaille besch\u00e4digen k\u00f6nnten. Fertig? Trocknen Sie Ihren Wasserkessel gr\u00fcndlich ab, um Kalkablagerungen zu verhindern.<br \/>\nLassen Sie kein Wasser im Wasserkessel zur\u00fcck, wenn er nicht in Gebrauch ist.<br \/>\nUm Kalkablagerungen zu entfernen, f\u00fcllen Sie den Wasserkessel bis zur H\u00f6chstmarke mit einer Mischung aus 50 % Wasser und 50 % Wei\u00dfweinessig und lassen Sie ihn 20 Minuten lang k\u00f6cheln. Wenn die Ablagerung hartn\u00e4ckig ist, verwenden Sie einen sanften Entkalker.<br \/>\nTrocknen Sie die Produkte nach dem Sp\u00fclen gut ab und bewahren Sie es an einem trockenen Ort auf.<\/p>\n<p><strong>Gebrauch<\/strong><br \/>\nVerwenden Sie das Produkt auf dem Kochfeld mit der am besten geeigneten Gr\u00f6\u00dfe, um Besch\u00e4digungen oder \u00dcberhitzung zu vermeiden.<br \/>\nVerlassen Sie sich bei Induktionsherden\/Herdplatten nicht auf die automatische Abschaltfunktion. Im Falle einer Fehlfunktion kann das gesamte Wasser im Wasserkessel verdampfen, was zu Besch\u00e4digungen durch \u00dcberhitzung f\u00fchren kann.<br \/>\nStellen Sie bei Wasserkesseln mit klappbarem Griff sicher, dass der Griff fest in der aufrechten Position ist, bevor Sie den Wasserkessel auf die W\u00e4rmequelle stellen, um eine m\u00f6gliche \u00dcberhitzung des Griffs zu vermeiden.<br \/>\nSchlie\u00dfen Sie den Deckel fest, um den Griff vor Dampf zu sch\u00fctzen.<br \/>\nAchten Sie immer darauf, dass der Ausguss und die Einkerbungen des Deckels von Ihnen und anderen Personen weg zeigt.<br \/>\nLassen Sie den Wasserkessel nicht austrocknen beim Kochen, da dies schnell zu einer \u00dcberhitzung f\u00fchrt.<br \/>\nDenken Sie daran, die W\u00e4rmequelle auszuschalten, wenn das Wasser zu kochen beginnt und nehmen Sie den Wasserkessel von der W\u00e4rmequelle.<br \/>\nHat Ihr Wasser gekocht? Warten Sie 10\u201315 Sekunden, bevor Sie den Wasserkessel von der Kochstelle nehmen und beginnen Sie dann mit dem Ausgie\u00dfen.Kippen Sie den Wasserkessel niemals kopf\u00fcber. Vergewissern Sie sich, dass der Deckelknopf fest nach unten gedr\u00fcckt ist.<br \/>\nLassen Sie Ihren Wasserkessel gr\u00fcndlich abk\u00fchlen, bevor Sie kaltes Wasser nachf\u00fcllen.<\/p>\n","protected":false},"excerpt":{"rendered":"<p>Eine sch\u00f6ne Tasse Tee? Dieser klassische Wasserkessel pfeift, wenn das Wasser kocht, und verleiht Ihrer K\u00fcche eine traditionelle Note. Ein<\/p>\n","protected":false},"featured_media":200697,"template":"","meta":{"_acf_changed":false,"inline_featured_image":false},"product_cat":[6742,21074],"product_tag":[11652,12201,21186,21099],"acf":[],"yoast_head":"<!-- This site is optimized with the Yoast SEO Premium plugin v18.6 (Yoast SEO v19.13) - https:\/\/yoast.com\/wordpress\/plugins\/seo\/ -->\n<title>LE CREUSET Wasserkessel Tradition Ofenrot<\/title>\n<meta name=\"description\" content=\"Entdecken Sie LE CREUSET Wasserkessel Tradition Ofenrot bei ErresseShop. Qualit\u00e4t, Stil und Funktionalit\u00e4t \u2013 jetzt online bestellen!\" \/>\n<meta name=\"robots\" content=\"index, follow, max-snippet:-1, max-image-preview:large, max-video-preview:-1\" \/>\n<link rel=\"canonical\" href=\"https:\/\/www.erresse-shop.it\/de\/shop\/kuche\/wasserkocher\/le-creuset-wasserkessel-tradition-ofenrot\/\" \/>\n<meta property=\"og:locale\" content=\"de_DE\" \/>\n<meta property=\"og:type\" content=\"article\" \/>\n<meta property=\"og:title\" content=\"LE CREUSET Wasserkessel Tradition Ofenrot\" \/>\n<meta property=\"og:description\" content=\"Entdecken Sie LE CREUSET Wasserkessel Tradition Ofenrot bei ErresseShop. Qualit\u00e4t, Stil und Funktionalit\u00e4t \u2013 jetzt online bestellen!\" \/>\n<meta property=\"og:url\" content=\"https:\/\/www.erresse-shop.it\/de\/shop\/kuche\/wasserkocher\/le-creuset-wasserkessel-tradition-ofenrot\/\" \/>\n<meta property=\"og:site_name\" content=\"Erresse Shop\" \/>\n<meta property=\"article:modified_time\" content=\"2025-01-17T09:00:09+00:00\" \/>\n<meta property=\"og:image\" content=\"https:\/\/www.erresse-shop.it\/wp-content\/uploads\/2022\/10\/Le-Creuset-Bollitore-Tradition-Arancio2.jpg\" \/>\n\t<meta property=\"og:image:width\" content=\"800\" \/>\n\t<meta property=\"og:image:height\" content=\"800\" \/>\n\t<meta property=\"og:image:type\" content=\"image\/jpeg\" \/>\n<meta name=\"twitter:card\" content=\"summary_large_image\" \/>\n<script type=\"application\/ld+json\" class=\"yoast-schema-graph\">{\"@context\":\"https:\/\/schema.org\",\"@graph\":[{\"@type\":\"WebPage\",\"@id\":\"https:\/\/www.erresse-shop.it\/de\/shop\/kuche\/wasserkocher\/le-creuset-wasserkessel-tradition-ofenrot\/\",\"url\":\"https:\/\/www.erresse-shop.it\/de\/shop\/kuche\/wasserkocher\/le-creuset-wasserkessel-tradition-ofenrot\/\",\"name\":\"LE CREUSET Wasserkessel Tradition Ofenrot\",\"isPartOf\":{\"@id\":\"https:\/\/www.erresse-shop.it\/de\/#website\"},\"datePublished\":\"2022-11-02T15:21:30+00:00\",\"dateModified\":\"2025-01-17T09:00:09+00:00\",\"description\":\"Entdecken Sie LE CREUSET Wasserkessel Tradition Ofenrot bei ErresseShop. Qualit\u00e4t, Stil und Funktionalit\u00e4t \u2013 jetzt online bestellen!\",\"breadcrumb\":{\"@id\":\"https:\/\/www.erresse-shop.it\/de\/shop\/kuche\/wasserkocher\/le-creuset-wasserkessel-tradition-ofenrot\/#breadcrumb\"},\"inLanguage\":\"de-DE\",\"potentialAction\":[{\"@type\":\"ReadAction\",\"target\":[\"https:\/\/www.erresse-shop.it\/de\/shop\/kuche\/wasserkocher\/le-creuset-wasserkessel-tradition-ofenrot\/\"]}]},{\"@type\":\"BreadcrumbList\",\"@id\":\"https:\/\/www.erresse-shop.it\/de\/shop\/kuche\/wasserkocher\/le-creuset-wasserkessel-tradition-ofenrot\/#breadcrumb\",\"itemListElement\":[{\"@type\":\"ListItem\",\"position\":1,\"name\":\"Home\",\"item\":\"https:\/\/www.erresse-shop.it\/de\/\"},{\"@type\":\"ListItem\",\"position\":2,\"name\":\"Shop\",\"item\":\"https:\/\/www.erresse-shop.it\/de\/shop\/\"},{\"@type\":\"ListItem\",\"position\":3,\"name\":\"LE CREUSET Wasserkessel Tradition Ofenrot\"}]},{\"@type\":\"WebSite\",\"@id\":\"https:\/\/www.erresse-shop.it\/de\/#website\",\"url\":\"https:\/\/www.erresse-shop.it\/de\/\",\"name\":\"Erresse Shop\",\"description\":\"Articoli di qualit\u00e0 per la casa\",\"potentialAction\":[{\"@type\":\"SearchAction\",\"target\":{\"@type\":\"EntryPoint\",\"urlTemplate\":\"https:\/\/www.erresse-shop.it\/de\/?s={search_term_string}\"},\"query-input\":\"required name=search_term_string\"}],\"inLanguage\":\"de-DE\"}]}<\/script>\n<!-- \/ Yoast SEO Premium plugin. -->","yoast_head_json":{"title":"LE CREUSET Wasserkessel Tradition Ofenrot","description":"Entdecken Sie LE CREUSET Wasserkessel Tradition Ofenrot bei ErresseShop. Qualit\u00e4t, Stil und Funktionalit\u00e4t \u2013 jetzt online bestellen!","robots":{"index":"index","follow":"follow","max-snippet":"max-snippet:-1","max-image-preview":"max-image-preview:large","max-video-preview":"max-video-preview:-1"},"canonical":"https:\/\/www.erresse-shop.it\/de\/shop\/kuche\/wasserkocher\/le-creuset-wasserkessel-tradition-ofenrot\/","og_locale":"de_DE","og_type":"article","og_title":"LE CREUSET Wasserkessel Tradition Ofenrot","og_description":"Entdecken Sie LE CREUSET Wasserkessel Tradition Ofenrot bei ErresseShop. Qualit\u00e4t, Stil und Funktionalit\u00e4t \u2013 jetzt online bestellen!","og_url":"https:\/\/www.erresse-shop.it\/de\/shop\/kuche\/wasserkocher\/le-creuset-wasserkessel-tradition-ofenrot\/","og_site_name":"Erresse Shop","article_modified_time":"2025-01-17T09:00:09+00:00","og_image":[{"width":800,"height":800,"url":"https:\/\/www.erresse-shop.it\/wp-content\/uploads\/2022\/10\/Le-Creuset-Bollitore-Tradition-Arancio2.jpg","type":"image\/jpeg"}],"twitter_card":"summary_large_image","schema":{"@context":"https:\/\/schema.org","@graph":[{"@type":"WebPage","@id":"https:\/\/www.erresse-shop.it\/de\/shop\/kuche\/wasserkocher\/le-creuset-wasserkessel-tradition-ofenrot\/","url":"https:\/\/www.erresse-shop.it\/de\/shop\/kuche\/wasserkocher\/le-creuset-wasserkessel-tradition-ofenrot\/","name":"LE CREUSET Wasserkessel Tradition Ofenrot","isPartOf":{"@id":"https:\/\/www.erresse-shop.it\/de\/#website"},"datePublished":"2022-11-02T15:21:30+00:00","dateModified":"2025-01-17T09:00:09+00:00","description":"Entdecken Sie LE CREUSET Wasserkessel Tradition Ofenrot bei ErresseShop. Qualit\u00e4t, Stil und Funktionalit\u00e4t \u2013 jetzt online bestellen!","breadcrumb":{"@id":"https:\/\/www.erresse-shop.it\/de\/shop\/kuche\/wasserkocher\/le-creuset-wasserkessel-tradition-ofenrot\/#breadcrumb"},"inLanguage":"de-DE","potentialAction":[{"@type":"ReadAction","target":["https:\/\/www.erresse-shop.it\/de\/shop\/kuche\/wasserkocher\/le-creuset-wasserkessel-tradition-ofenrot\/"]}]},{"@type":"BreadcrumbList","@id":"https:\/\/www.erresse-shop.it\/de\/shop\/kuche\/wasserkocher\/le-creuset-wasserkessel-tradition-ofenrot\/#breadcrumb","itemListElement":[{"@type":"ListItem","position":1,"name":"Home","item":"https:\/\/www.erresse-shop.it\/de\/"},{"@type":"ListItem","position":2,"name":"Shop","item":"https:\/\/www.erresse-shop.it\/de\/shop\/"},{"@type":"ListItem","position":3,"name":"LE CREUSET Wasserkessel Tradition Ofenrot"}]},{"@type":"WebSite","@id":"https:\/\/www.erresse-shop.it\/de\/#website","url":"https:\/\/www.erresse-shop.it\/de\/","name":"Erresse Shop","description":"Articoli di qualit\u00e0 per la casa","potentialAction":[{"@type":"SearchAction","target":{"@type":"EntryPoint","urlTemplate":"https:\/\/www.erresse-shop.it\/de\/?s={search_term_string}"},"query-input":"required name=search_term_string"}],"inLanguage":"de-DE"}]}},"df_price":99.95,"df_sale_price":99.95,"df_regular_price":135,"df_image_link":"https:\/\/www.erresse-shop.it\/wp-content\/uploads\/2022\/10\/Le-Creuset-Bollitore-Tradition-Arancio2-300x300.jpg","_links":{"self":[{"href":"https:\/\/www.erresse-shop.it\/de\/wp-json\/wp\/v2\/product\/201727"}],"collection":[{"href":"https:\/\/www.erresse-shop.it\/de\/wp-json\/wp\/v2\/product"}],"about":[{"href":"https:\/\/www.erresse-shop.it\/de\/wp-json\/wp\/v2\/types\/product"}],"wp:featuredmedia":[{"embeddable":true,"href":"https:\/\/www.erresse-shop.it\/de\/wp-json\/wp\/v2\/media\/200697"}],"wp:attachment":[{"href":"https:\/\/www.erresse-shop.it\/de\/wp-json\/wp\/v2\/media?parent=201727"}],"wp:term":[{"taxonomy":"product_cat","embeddable":true,"href":"https:\/\/www.erresse-shop.it\/de\/wp-json\/wp\/v2\/product_cat?post=201727"},{"taxonomy":"product_tag","embeddable":true,"href":"https:\/\/www.erresse-shop.it\/de\/wp-json\/wp\/v2\/product_tag?post=201727"}],"curies":[{"name":"wp","href":"https:\/\/api.w.org\/{rel}","templated":true}]}}