{"id":199516,"date":"2022-10-28T13:28:32","date_gmt":"2022-10-28T13:28:35","guid":{"rendered":"https:\/\/www.erresse-shop.it\/?post_type=product&#038;p=199516"},"modified":"2025-01-17T11:08:59","modified_gmt":"2025-01-17T11:08:59","slug":"magimix-power-blender-chrom-mit-mini-bol","status":"publish","type":"product","link":"https:\/\/www.erresse-shop.it\/de\/shop\/kleine-elektrogeraete\/mixer\/magimix-power-blender-chrom-mit-mini-bol\/","title":{"rendered":"MAGIMIX Power Blender Chrom mit Mini Bol"},"content":{"rendered":"<p><span style=\"text-decoration: underline;\"><strong>Blender einschlie\u00dflich Mini Bol!<\/strong><\/span><\/p>\n<p><strong>MAGIMIX<\/strong><\/p>\n<p>Es ist in Frankreich, im Herzen der Region Burgund, ber\u00fchmt f\u00fcr seine Gastronomie, da\u00df Magimix erfunden, vor mehr als vierzig Jahren, die K\u00fcchenmaschine.<br \/>\nHeute Magimix Ger\u00e4te sind die inl\u00e4ndische Version der Ger\u00e4te f\u00fcr Profis gedacht. Die besten Restaurants in der ganzen Welt nutzen die Profi-Version unserer Produkte.<br \/>\nIm Bereich Magimix, werden Sie die gesamte Palette der K\u00fcchenger\u00e4te zu finden.<br \/>\nImmer an der Spitze der Innovation in der K\u00fcche, ist stolz darauf, Magimix ihre neueste Kollektion f\u00fcr das Vergn\u00fcgen des Kochens als gro\u00dfer Koch zu pr\u00e4sentieren.<\/p>\n<p><strong>POWER BLENDER<\/strong><\/p>\n<p>Die Blendermix erm\u00f6glicht es, eine sehr weiche Konsistenz f\u00fcr Smoothies zu erhalten, f\u00fcr Suppen und Teig, zum der Risse.<br \/>\nSie k\u00f6nnen auch zersto\u00dfenem Eis und gefrorenen Desserts zu tragen in der ein Wimpernschlag!<br \/>\nExclusive System BlenderMix: Turbulenzen f\u00fcr perfekte Emulsion optimiert.<br \/>\nVon 600 bis 22.000 U \/ min: gro\u00dfe Drehzahlbereich, progressive Start, Pulsbetrieb Turbo f\u00fcr mehr Cremesuppen.<br \/>\nGlasbeh\u00e4lter best\u00e4ndig gegen das hei\u00dfe und kalte Vorbereitungen zu widerstehen.<\/p>\n<p><strong>TECHNISCHE BESCHREIBUNG<\/strong><br \/>\nCapacity: 1,8 Liter<br \/>\nBlenderMix: Perfekt f\u00fcr Emulsionen<br \/>\n5 vorprogrammierte Funktionen: Crushed Eis, Smoothies, Suppen, Semifreddo, Automatische Sp\u00fclung<br \/>\nVariable Geschwindigkeit: Progressive Start, Pulsbetrieb Turbo<br \/>\nContainer: Hitzebest\u00e4ndigem Glas<br \/>\nMischschaufel: 1<br \/>\nEnergiespar: Standby 0 W<br \/>\nKochbuch und App<br \/>\nReinigung: Voll<br \/>\nMaterial: 0% BPA<br \/>\nMotorleistung: 1300 W<br \/>\nDrehzahl: von 600 bis 22.000<br \/>\nGarantie: 3 Jahre<br \/>\nMa\u00dfe: H405 x L165 x P165 mm<br \/>\nGewicht: 4,8 kg<\/p>\n<p>Please note: the power plug is European Schuko<\/p>\n<p><u style=\"font-size: 13px; line-height: 20.8px;\"><strong>Not for sale outside from Europe<\/strong><\/u><\/p>\n","protected":false},"excerpt":{"rendered":"<p>Blender einschlie\u00dflich Mini Bol! MAGIMIX Es ist in Frankreich, im Herzen der Region Burgund, ber\u00fchmt f\u00fcr seine Gastronomie, da\u00df Magimix<\/p>\n","protected":false},"featured_media":111724,"template":"","meta":{"_acf_changed":false,"inline_featured_image":false},"product_cat":[6703,6886],"product_tag":[11923,13005,11415,11925,15614,12315,16842,13008],"acf":[],"yoast_head":"<!-- This site is optimized with the Yoast SEO Premium plugin v18.6 (Yoast SEO v19.13) - https:\/\/yoast.com\/wordpress\/plugins\/seo\/ -->\n<title>MAGIMIX Power Blender Chrom mit Mini Bol<\/title>\n<meta name=\"description\" content=\"Entdecken Sie MAGIMIX Power Blender Chrom mit Mini Bol bei ErresseShop. Qualit\u00e4t, Stil und Funktionalit\u00e4t \u2013 jetzt online bestellen!\" \/>\n<meta name=\"robots\" content=\"index, follow, max-snippet:-1, max-image-preview:large, max-video-preview:-1\" \/>\n<link rel=\"canonical\" href=\"https:\/\/www.erresse-shop.it\/de\/shop\/kleine-elektrogeraete\/mixer\/magimix-power-blender-chrom-mit-mini-bol\/\" \/>\n<meta property=\"og:locale\" content=\"de_DE\" \/>\n<meta property=\"og:type\" content=\"article\" \/>\n<meta property=\"og:title\" content=\"MAGIMIX Power Blender Chrom mit Mini Bol\" \/>\n<meta property=\"og:description\" content=\"Entdecken Sie MAGIMIX Power Blender Chrom mit Mini Bol bei ErresseShop. Qualit\u00e4t, Stil und Funktionalit\u00e4t \u2013 jetzt online bestellen!\" \/>\n<meta property=\"og:url\" content=\"https:\/\/www.erresse-shop.it\/de\/shop\/kleine-elektrogeraete\/mixer\/magimix-power-blender-chrom-mit-mini-bol\/\" \/>\n<meta property=\"og:site_name\" content=\"Erresse Shop\" \/>\n<meta property=\"article:modified_time\" content=\"2025-01-17T11:08:59+00:00\" \/>\n<meta property=\"og:image\" content=\"https:\/\/www.erresse-shop.it\/wp-content\/uploads\/2021\/08\/MAGIMIX-Frullatore-Grigio-con-Minibol-wm.jpg\" \/>\n\t<meta property=\"og:image:width\" content=\"1000\" \/>\n\t<meta property=\"og:image:height\" content=\"1000\" \/>\n\t<meta property=\"og:image:type\" content=\"image\/jpeg\" \/>\n<meta name=\"twitter:card\" content=\"summary_large_image\" \/>\n<script type=\"application\/ld+json\" class=\"yoast-schema-graph\">{\"@context\":\"https:\/\/schema.org\",\"@graph\":[{\"@type\":\"WebPage\",\"@id\":\"https:\/\/www.erresse-shop.it\/de\/shop\/kleine-elektrogeraete\/mixer\/magimix-power-blender-chrom-mit-mini-bol\/\",\"url\":\"https:\/\/www.erresse-shop.it\/de\/shop\/kleine-elektrogeraete\/mixer\/magimix-power-blender-chrom-mit-mini-bol\/\",\"name\":\"MAGIMIX Power Blender Chrom mit Mini Bol\",\"isPartOf\":{\"@id\":\"https:\/\/www.erresse-shop.it\/de\/#website\"},\"datePublished\":\"2022-10-28T13:28:35+00:00\",\"dateModified\":\"2025-01-17T11:08:59+00:00\",\"description\":\"Entdecken Sie MAGIMIX Power Blender Chrom mit Mini Bol bei ErresseShop. Qualit\u00e4t, Stil und Funktionalit\u00e4t \u2013 jetzt online bestellen!\",\"breadcrumb\":{\"@id\":\"https:\/\/www.erresse-shop.it\/de\/shop\/kleine-elektrogeraete\/mixer\/magimix-power-blender-chrom-mit-mini-bol\/#breadcrumb\"},\"inLanguage\":\"de-DE\",\"potentialAction\":[{\"@type\":\"ReadAction\",\"target\":[\"https:\/\/www.erresse-shop.it\/de\/shop\/kleine-elektrogeraete\/mixer\/magimix-power-blender-chrom-mit-mini-bol\/\"]}]},{\"@type\":\"BreadcrumbList\",\"@id\":\"https:\/\/www.erresse-shop.it\/de\/shop\/kleine-elektrogeraete\/mixer\/magimix-power-blender-chrom-mit-mini-bol\/#breadcrumb\",\"itemListElement\":[{\"@type\":\"ListItem\",\"position\":1,\"name\":\"Home\",\"item\":\"https:\/\/www.erresse-shop.it\/de\/\"},{\"@type\":\"ListItem\",\"position\":2,\"name\":\"Shop\",\"item\":\"https:\/\/www.erresse-shop.it\/de\/shop\/\"},{\"@type\":\"ListItem\",\"position\":3,\"name\":\"MAGIMIX Power Blender Chrom mit Mini Bol\"}]},{\"@type\":\"WebSite\",\"@id\":\"https:\/\/www.erresse-shop.it\/de\/#website\",\"url\":\"https:\/\/www.erresse-shop.it\/de\/\",\"name\":\"Erresse Shop\",\"description\":\"Articoli di qualit\u00e0 per la casa\",\"potentialAction\":[{\"@type\":\"SearchAction\",\"target\":{\"@type\":\"EntryPoint\",\"urlTemplate\":\"https:\/\/www.erresse-shop.it\/de\/?s={search_term_string}\"},\"query-input\":\"required name=search_term_string\"}],\"inLanguage\":\"de-DE\"}]}<\/script>\n<!-- \/ Yoast SEO Premium plugin. -->","yoast_head_json":{"title":"MAGIMIX Power Blender Chrom mit Mini Bol","description":"Entdecken Sie MAGIMIX Power Blender Chrom mit Mini Bol bei ErresseShop. Qualit\u00e4t, Stil und Funktionalit\u00e4t \u2013 jetzt online bestellen!","robots":{"index":"index","follow":"follow","max-snippet":"max-snippet:-1","max-image-preview":"max-image-preview:large","max-video-preview":"max-video-preview:-1"},"canonical":"https:\/\/www.erresse-shop.it\/de\/shop\/kleine-elektrogeraete\/mixer\/magimix-power-blender-chrom-mit-mini-bol\/","og_locale":"de_DE","og_type":"article","og_title":"MAGIMIX Power Blender Chrom mit Mini Bol","og_description":"Entdecken Sie MAGIMIX Power Blender Chrom mit Mini Bol bei ErresseShop. Qualit\u00e4t, Stil und Funktionalit\u00e4t \u2013 jetzt online bestellen!","og_url":"https:\/\/www.erresse-shop.it\/de\/shop\/kleine-elektrogeraete\/mixer\/magimix-power-blender-chrom-mit-mini-bol\/","og_site_name":"Erresse Shop","article_modified_time":"2025-01-17T11:08:59+00:00","og_image":[{"width":1000,"height":1000,"url":"https:\/\/www.erresse-shop.it\/wp-content\/uploads\/2021\/08\/MAGIMIX-Frullatore-Grigio-con-Minibol-wm.jpg","type":"image\/jpeg"}],"twitter_card":"summary_large_image","schema":{"@context":"https:\/\/schema.org","@graph":[{"@type":"WebPage","@id":"https:\/\/www.erresse-shop.it\/de\/shop\/kleine-elektrogeraete\/mixer\/magimix-power-blender-chrom-mit-mini-bol\/","url":"https:\/\/www.erresse-shop.it\/de\/shop\/kleine-elektrogeraete\/mixer\/magimix-power-blender-chrom-mit-mini-bol\/","name":"MAGIMIX Power Blender Chrom mit Mini Bol","isPartOf":{"@id":"https:\/\/www.erresse-shop.it\/de\/#website"},"datePublished":"2022-10-28T13:28:35+00:00","dateModified":"2025-01-17T11:08:59+00:00","description":"Entdecken Sie MAGIMIX Power Blender Chrom mit Mini Bol bei ErresseShop. Qualit\u00e4t, Stil und Funktionalit\u00e4t \u2013 jetzt online bestellen!","breadcrumb":{"@id":"https:\/\/www.erresse-shop.it\/de\/shop\/kleine-elektrogeraete\/mixer\/magimix-power-blender-chrom-mit-mini-bol\/#breadcrumb"},"inLanguage":"de-DE","potentialAction":[{"@type":"ReadAction","target":["https:\/\/www.erresse-shop.it\/de\/shop\/kleine-elektrogeraete\/mixer\/magimix-power-blender-chrom-mit-mini-bol\/"]}]},{"@type":"BreadcrumbList","@id":"https:\/\/www.erresse-shop.it\/de\/shop\/kleine-elektrogeraete\/mixer\/magimix-power-blender-chrom-mit-mini-bol\/#breadcrumb","itemListElement":[{"@type":"ListItem","position":1,"name":"Home","item":"https:\/\/www.erresse-shop.it\/de\/"},{"@type":"ListItem","position":2,"name":"Shop","item":"https:\/\/www.erresse-shop.it\/de\/shop\/"},{"@type":"ListItem","position":3,"name":"MAGIMIX Power Blender Chrom mit Mini Bol"}]},{"@type":"WebSite","@id":"https:\/\/www.erresse-shop.it\/de\/#website","url":"https:\/\/www.erresse-shop.it\/de\/","name":"Erresse Shop","description":"Articoli di qualit\u00e0 per la casa","potentialAction":[{"@type":"SearchAction","target":{"@type":"EntryPoint","urlTemplate":"https:\/\/www.erresse-shop.it\/de\/?s={search_term_string}"},"query-input":"required name=search_term_string"}],"inLanguage":"de-DE"}]}},"df_price":201.5,"df_sale_price":201.5,"df_regular_price":310,"df_image_link":"https:\/\/www.erresse-shop.it\/wp-content\/uploads\/2021\/08\/MAGIMIX-Frullatore-Grigio-con-Minibol-wm-300x300.jpg","_links":{"self":[{"href":"https:\/\/www.erresse-shop.it\/de\/wp-json\/wp\/v2\/product\/199516"}],"collection":[{"href":"https:\/\/www.erresse-shop.it\/de\/wp-json\/wp\/v2\/product"}],"about":[{"href":"https:\/\/www.erresse-shop.it\/de\/wp-json\/wp\/v2\/types\/product"}],"wp:featuredmedia":[{"embeddable":true,"href":"https:\/\/www.erresse-shop.it\/de\/wp-json\/wp\/v2\/media\/111724"}],"wp:attachment":[{"href":"https:\/\/www.erresse-shop.it\/de\/wp-json\/wp\/v2\/media?parent=199516"}],"wp:term":[{"taxonomy":"product_cat","embeddable":true,"href":"https:\/\/www.erresse-shop.it\/de\/wp-json\/wp\/v2\/product_cat?post=199516"},{"taxonomy":"product_tag","embeddable":true,"href":"https:\/\/www.erresse-shop.it\/de\/wp-json\/wp\/v2\/product_tag?post=199516"}],"curies":[{"name":"wp","href":"https:\/\/api.w.org\/{rel}","templated":true}]}}