{"id":199176,"date":"2022-10-27T13:23:15","date_gmt":"2022-10-27T13:23:16","guid":{"rendered":"https:\/\/www.erresse-shop.it\/?post_type=product&#038;p=199176"},"modified":"2025-01-22T07:40:26","modified_gmt":"2025-01-22T07:40:26","slug":"cuisinart-wasserkocher","status":"publish","type":"product","link":"https:\/\/www.erresse-shop.it\/de\/shop\/kuche\/cuisinart-wasserkocher\/","title":{"rendered":"CUISINART Wasserkocher"},"content":{"rendered":"<p>Dieser elegante Wasserkocher aus Edelstahl geh\u00f6rt zu unserer Style Collection und verleiht Ihrer K\u00fcche einen subtilen Farbakzent.<\/p>\n<p>Dank der verschiedenen Temperaturoptionen und der Leistung von 3 kW eignet sich das Ger\u00e4t perfekt f\u00fcr den Genuss von feinen Tees und Kr\u00e4utertees. Ausgewogenes und ergonomisches Design.<\/p>\n<p>Vervollst\u00e4ndigen Sie den Look mit einem passenden Toaster in der gleichen sch\u00f6nen Ausf\u00fchrung oder kombinieren Sie die verschiedenen Farbt\u00f6ne.<\/p>\n<p>Der Multi-Temperatur-Wasserkocher von Cuisinart bietet mehrere Temperaturoptionen, die in 5 \u00b0C-Schritten eingestellt werden k\u00f6nnen. So wird sichergestellt, dass Sie immer das beste Ergebnis f\u00fcr das von Ihnen gew\u00e4hlte Getr\u00e4nk erhalten.<\/p>\n<p>Verwenden Sie die Einstellung 85 \u00b0C, um das zarte Aroma von gr\u00fcnem und wei\u00dfem Tee zu erhalten, die Einstellungen 90 und 95 \u00b0C f\u00fcr perfekten amerikanischen Kaffee und die Einstellung 100 \u00b0C f\u00fcr Kr\u00e4uter- und Schwarztee.<\/p>\n<p>Auf dem praktischen LCD-Display k\u00f6nnen Sie jederzeit die Wassertemperatur ablesen, damit Sie wissen, wann die gew\u00fcnschte Temperatur erreicht ist.<\/p>\n<p>Das Geh\u00e4use aus hochwertigem Edelstahl ist mit einer sch\u00f6nen, leicht zu reinigenden Silberlackierung versehen. Der gro\u00dfe Ausguss und der gut ausbalancierte Griff sorgen f\u00fcr eine bequeme Handhabung dieses Wasserkochers.<\/p>\n<p><strong>TECHNISCHE MERKMALE:<\/strong><\/p>\n<ul>\n<li>Variable Temperatur zwischen 85-100 \u00b0C.<\/li>\n<li>Wasserkocher aus rostfreiem Stahl.<\/li>\n<li>Das LCD-Display zeigt die Wassertemperatur an.<\/li>\n<li>3 kW f\u00fcr schnelles Kochen.<\/li>\n<li>1,7 Liter Fassungsverm\u00f6gen.<\/li>\n<li>Gro\u00dfer Ausguss f\u00fcr einfaches Ausgie\u00dfen.<\/li>\n<li>360\u00b0-Sockel f\u00fcr Links- und Rechtsh\u00e4nder.<\/li>\n<li>Herausnehmbarer Anti-Kalk-Wasserfilter.<\/li>\n<li>Automatische Sicherheitsabschaltung.<\/li>\n<li>Im Sockel integriertes Kabelgeh\u00e4use.<\/li>\n<\/ul>\n<p><span style=\"text-decoration: underline;\"><strong>3 Jahre Garantie<\/strong><\/span><br \/>\n<span style=\"text-decoration: underline;\"><strong>Nicht zum Verkauf au\u00dferhalb Europas<\/strong><\/span><\/p>\n","protected":false},"excerpt":{"rendered":"<p>Dieser elegante Wasserkocher aus Edelstahl geh\u00f6rt zu unserer Style Collection und verleiht Ihrer K\u00fcche einen subtilen Farbakzent. Dank der verschiedenen<\/p>\n","protected":false},"featured_media":488298,"template":"","meta":{"_acf_changed":false,"inline_featured_image":false},"product_cat":[6742],"product_tag":[24366],"acf":[],"yoast_head":"<!-- This site is optimized with the Yoast SEO Premium plugin v18.6 (Yoast SEO v19.13) - https:\/\/yoast.com\/wordpress\/plugins\/seo\/ -->\n<title>CUISINART Wasserkocher<\/title>\n<meta name=\"description\" content=\"Entdecken Sie CUISINART Wasserkocher bei ErresseShop. Qualit\u00e4t, Stil und Funktionalit\u00e4t \u2013 jetzt online bestellen!\" \/>\n<meta name=\"robots\" content=\"index, follow, max-snippet:-1, max-image-preview:large, max-video-preview:-1\" \/>\n<link rel=\"canonical\" href=\"https:\/\/www.erresse-shop.it\/de\/shop\/kuche\/cuisinart-wasserkocher\/\" \/>\n<meta property=\"og:locale\" content=\"de_DE\" \/>\n<meta property=\"og:type\" content=\"article\" \/>\n<meta property=\"og:title\" content=\"CUISINART Wasserkocher\" \/>\n<meta property=\"og:description\" content=\"Entdecken Sie CUISINART Wasserkocher bei ErresseShop. Qualit\u00e4t, Stil und Funktionalit\u00e4t \u2013 jetzt online bestellen!\" \/>\n<meta property=\"og:url\" content=\"https:\/\/www.erresse-shop.it\/de\/shop\/kuche\/cuisinart-wasserkocher\/\" \/>\n<meta property=\"og:site_name\" content=\"Erresse Shop\" \/>\n<meta property=\"article:modified_time\" content=\"2025-01-22T07:40:26+00:00\" \/>\n<meta property=\"og:image\" content=\"https:\/\/www.erresse-shop.it\/wp-content\/uploads\/2022\/10\/CUISINART-Bollitore-Elettrico.gif\" \/>\n\t<meta property=\"og:image:width\" content=\"800\" \/>\n\t<meta property=\"og:image:height\" content=\"800\" \/>\n\t<meta property=\"og:image:type\" content=\"image\/gif\" \/>\n<meta name=\"twitter:card\" content=\"summary_large_image\" \/>\n<script type=\"application\/ld+json\" class=\"yoast-schema-graph\">{\"@context\":\"https:\/\/schema.org\",\"@graph\":[{\"@type\":\"WebPage\",\"@id\":\"https:\/\/www.erresse-shop.it\/de\/shop\/kuche\/cuisinart-wasserkocher\/\",\"url\":\"https:\/\/www.erresse-shop.it\/de\/shop\/kuche\/cuisinart-wasserkocher\/\",\"name\":\"CUISINART Wasserkocher\",\"isPartOf\":{\"@id\":\"https:\/\/www.erresse-shop.it\/de\/#website\"},\"datePublished\":\"2022-10-27T13:23:16+00:00\",\"dateModified\":\"2025-01-22T07:40:26+00:00\",\"description\":\"Entdecken Sie CUISINART Wasserkocher bei ErresseShop. Qualit\u00e4t, Stil und Funktionalit\u00e4t \u2013 jetzt online bestellen!\",\"breadcrumb\":{\"@id\":\"https:\/\/www.erresse-shop.it\/de\/shop\/kuche\/cuisinart-wasserkocher\/#breadcrumb\"},\"inLanguage\":\"de-DE\",\"potentialAction\":[{\"@type\":\"ReadAction\",\"target\":[\"https:\/\/www.erresse-shop.it\/de\/shop\/kuche\/cuisinart-wasserkocher\/\"]}]},{\"@type\":\"BreadcrumbList\",\"@id\":\"https:\/\/www.erresse-shop.it\/de\/shop\/kuche\/cuisinart-wasserkocher\/#breadcrumb\",\"itemListElement\":[{\"@type\":\"ListItem\",\"position\":1,\"name\":\"Home\",\"item\":\"https:\/\/www.erresse-shop.it\/de\/\"},{\"@type\":\"ListItem\",\"position\":2,\"name\":\"Shop\",\"item\":\"https:\/\/www.erresse-shop.it\/de\/shop\/\"},{\"@type\":\"ListItem\",\"position\":3,\"name\":\"CUISINART Wasserkocher\"}]},{\"@type\":\"WebSite\",\"@id\":\"https:\/\/www.erresse-shop.it\/de\/#website\",\"url\":\"https:\/\/www.erresse-shop.it\/de\/\",\"name\":\"Erresse Shop\",\"description\":\"Articoli di qualit\u00e0 per la casa\",\"potentialAction\":[{\"@type\":\"SearchAction\",\"target\":{\"@type\":\"EntryPoint\",\"urlTemplate\":\"https:\/\/www.erresse-shop.it\/de\/?s={search_term_string}\"},\"query-input\":\"required name=search_term_string\"}],\"inLanguage\":\"de-DE\"}]}<\/script>\n<!-- \/ Yoast SEO Premium plugin. -->","yoast_head_json":{"title":"CUISINART Wasserkocher","description":"Entdecken Sie CUISINART Wasserkocher bei ErresseShop. Qualit\u00e4t, Stil und Funktionalit\u00e4t \u2013 jetzt online bestellen!","robots":{"index":"index","follow":"follow","max-snippet":"max-snippet:-1","max-image-preview":"max-image-preview:large","max-video-preview":"max-video-preview:-1"},"canonical":"https:\/\/www.erresse-shop.it\/de\/shop\/kuche\/cuisinart-wasserkocher\/","og_locale":"de_DE","og_type":"article","og_title":"CUISINART Wasserkocher","og_description":"Entdecken Sie CUISINART Wasserkocher bei ErresseShop. Qualit\u00e4t, Stil und Funktionalit\u00e4t \u2013 jetzt online bestellen!","og_url":"https:\/\/www.erresse-shop.it\/de\/shop\/kuche\/cuisinart-wasserkocher\/","og_site_name":"Erresse Shop","article_modified_time":"2025-01-22T07:40:26+00:00","og_image":[{"width":800,"height":800,"url":"https:\/\/www.erresse-shop.it\/wp-content\/uploads\/2022\/10\/CUISINART-Bollitore-Elettrico.gif","type":"image\/gif"}],"twitter_card":"summary_large_image","schema":{"@context":"https:\/\/schema.org","@graph":[{"@type":"WebPage","@id":"https:\/\/www.erresse-shop.it\/de\/shop\/kuche\/cuisinart-wasserkocher\/","url":"https:\/\/www.erresse-shop.it\/de\/shop\/kuche\/cuisinart-wasserkocher\/","name":"CUISINART Wasserkocher","isPartOf":{"@id":"https:\/\/www.erresse-shop.it\/de\/#website"},"datePublished":"2022-10-27T13:23:16+00:00","dateModified":"2025-01-22T07:40:26+00:00","description":"Entdecken Sie CUISINART Wasserkocher bei ErresseShop. Qualit\u00e4t, Stil und Funktionalit\u00e4t \u2013 jetzt online bestellen!","breadcrumb":{"@id":"https:\/\/www.erresse-shop.it\/de\/shop\/kuche\/cuisinart-wasserkocher\/#breadcrumb"},"inLanguage":"de-DE","potentialAction":[{"@type":"ReadAction","target":["https:\/\/www.erresse-shop.it\/de\/shop\/kuche\/cuisinart-wasserkocher\/"]}]},{"@type":"BreadcrumbList","@id":"https:\/\/www.erresse-shop.it\/de\/shop\/kuche\/cuisinart-wasserkocher\/#breadcrumb","itemListElement":[{"@type":"ListItem","position":1,"name":"Home","item":"https:\/\/www.erresse-shop.it\/de\/"},{"@type":"ListItem","position":2,"name":"Shop","item":"https:\/\/www.erresse-shop.it\/de\/shop\/"},{"@type":"ListItem","position":3,"name":"CUISINART Wasserkocher"}]},{"@type":"WebSite","@id":"https:\/\/www.erresse-shop.it\/de\/#website","url":"https:\/\/www.erresse-shop.it\/de\/","name":"Erresse Shop","description":"Articoli di qualit\u00e0 per la casa","potentialAction":[{"@type":"SearchAction","target":{"@type":"EntryPoint","urlTemplate":"https:\/\/www.erresse-shop.it\/de\/?s={search_term_string}"},"query-input":"required name=search_term_string"}],"inLanguage":"de-DE"}]}},"df_price":119.9,"df_sale_price":119.9,"df_regular_price":119.9,"df_image_link":"https:\/\/www.erresse-shop.it\/wp-content\/uploads\/2022\/10\/CUISINART-Bollitore-300x300.jpg","_links":{"self":[{"href":"https:\/\/www.erresse-shop.it\/de\/wp-json\/wp\/v2\/product\/199176"}],"collection":[{"href":"https:\/\/www.erresse-shop.it\/de\/wp-json\/wp\/v2\/product"}],"about":[{"href":"https:\/\/www.erresse-shop.it\/de\/wp-json\/wp\/v2\/types\/product"}],"wp:featuredmedia":[{"embeddable":true,"href":"https:\/\/www.erresse-shop.it\/de\/wp-json\/wp\/v2\/media\/488298"}],"wp:attachment":[{"href":"https:\/\/www.erresse-shop.it\/de\/wp-json\/wp\/v2\/media?parent=199176"}],"wp:term":[{"taxonomy":"product_cat","embeddable":true,"href":"https:\/\/www.erresse-shop.it\/de\/wp-json\/wp\/v2\/product_cat?post=199176"},{"taxonomy":"product_tag","embeddable":true,"href":"https:\/\/www.erresse-shop.it\/de\/wp-json\/wp\/v2\/product_tag?post=199176"}],"curies":[{"name":"wp","href":"https:\/\/api.w.org\/{rel}","templated":true}]}}