{"id":198987,"date":"2022-10-26T14:38:16","date_gmt":"2022-10-26T14:38:18","guid":{"rendered":"https:\/\/www.erresse-shop.it\/?post_type=product&#038;p=198987"},"modified":"2025-01-22T07:40:26","modified_gmt":"2025-01-22T07:40:26","slug":"cuisinart-3-in-1-grill-waffle-e-omelette-maker","status":"publish","type":"product","link":"https:\/\/www.erresse-shop.it\/de\/shop\/kuche\/cuisinart-3-in-1-grill-waffle-e-omelette-maker\/","title":{"rendered":"CUISINART 3 IN 1 Grill, Waffle e Omelette Maker"},"content":{"rendered":"<p>Der Cuisinart 3-in-1 Grill-, Waffel- und Omelette-Maker ist ein vielseitiges Produkt, das Sie in Ihrer K\u00fcche haben sollten. Er ist ideal f\u00fcr die schnelle und einfache Zubereitung von Mahlzeiten und Snacks. Mit einer H\u00f6chsttemperatur von 210\u02daC grillt er Fleisch in wenigen Minuten. Dank der variablen Temperatureinstellungen haben Sie die volle Kontrolle \u00fcber die Zubereitung und k\u00f6nnen so auch bei Fisch und Gem\u00fcse optimale Ergebnisse erzielen.<\/p>\n<p>Er geh\u00f6rt zur Style Collection und passt perfekt in jede K\u00fcche. Au\u00dferdem ist er so kompakt und leicht, dass er problemlos in einem Schrank untergebracht werden kann.<\/p>\n<p>Der Cuisinart 3-in-1 Grill-, Waffel- und Omelettezubereiter ist mit austauschbaren, sp\u00fclmaschinenfesten Grill-, Waffel- und Omelettplatten ausgestattet, so dass er f\u00fcr eine Vielzahl von Rezepten verwendet werden kann.<\/p>\n<p>Die Grillplatten eignen sich zum schnellen Grillen von Fleisch, Fisch und Gem\u00fcse, aber auch zum Zubereiten von Sandwiches und vielem mehr. Dank des schwimmenden Gelenks liegt die obere Platte sanft auf dem Gargut auf und gart es von beiden Seiten &#8211; f\u00fcr saftige Ergebnisse in k\u00fcrzester Zeit.<\/p>\n<p>Verwenden Sie die Waffelplatten, um s\u00fc\u00dfe oder herzhafte Waffeln mit einer perfekten Kruste und einem weichen Kern zu backen. Das ideale Zubeh\u00f6r f\u00fcr die Zubereitung eines leckeren Fr\u00fchst\u00fccks oder eines Brunchs.<\/p>\n<p>Mit Omelettplatten lassen sich auch leichte und fluffige Omeletts in wenigen Minuten zubereiten. Sie k\u00f6nnen auch zur Herstellung von Tortillas, Mini-Quiches und vielem mehr verwendet werden.<\/p>\n<p>Au\u00dferdem verf\u00fcgt er \u00fcber eine integrierte Fettauffangschale, die \u00fcbersch\u00fcssiges Fett beim Grillen diskret auff\u00e4ngt und so f\u00fcr eine ges\u00fcndere und leichtere Zubereitung sorgt.<\/p>\n<p>Dank seiner kompakten Gr\u00f6\u00dfe k\u00f6nnen Sie ihn immer auf der K\u00fcchenarbeitsplatte stehen lassen oder ihn bequem in der Speisekammer aufbewahren und nur bei Bedarf herausnehmen.<\/p>\n<p><strong>TECHNISCHE MERKMALE:<\/strong><\/p>\n<ul>\n<li>Kompakte Abmessungen<\/li>\n<li>Gleichbleibende Leistung auch bei hohen Temperaturen Max. Temperatur 210\u02daC<\/li>\n<li>Einstellbare Temperatur mit Kontrollleuchte<\/li>\n<li>Inklusive 1 Satz Grillplatten, 1 Satz Waffelplatten und 1 Satz Omelettplatten<br \/>\nAuswechselbare Teller mit Antihaftbeschichtung, sp\u00fclmaschinengeeignet<\/li>\n<li>Schwimmende Deckplatte mit eingesetzten Grillplatten<\/li>\n<li>Verschlusssystem mit eingelegten Waffel- und Omelettplatten f\u00fcr perfekt versiegelte R\u00e4nder<\/li>\n<li>Integrierte Fettauffangwanne<\/li>\n<\/ul>\n<p><span style=\"text-decoration: underline;\"><strong>5 Jahre Garantie<\/strong><\/span><br \/>\n<span style=\"text-decoration: underline;\"><strong>Nicht zum Verkauf au\u00dferhalb Europas<\/strong><\/span><\/p>\n","protected":false},"excerpt":{"rendered":"<p>Der Cuisinart 3-in-1 Grill-, Waffel- und Omelette-Maker ist ein vielseitiges Produkt, das Sie in Ihrer K\u00fcche haben sollten. Er ist<\/p>\n","protected":false},"featured_media":202072,"template":"","meta":{"_acf_changed":false,"inline_featured_image":false},"product_cat":[6742],"product_tag":[24366],"acf":[],"yoast_head":"<!-- This site is optimized with the Yoast SEO Premium plugin v18.6 (Yoast SEO v19.13) - https:\/\/yoast.com\/wordpress\/plugins\/seo\/ -->\n<title>CUISINART 3 IN 1 Grill, Waffle e Omelette Maker<\/title>\n<meta name=\"description\" content=\"Entdecken Sie CUISINART 3 IN 1 Grill, Waffle e Omelette Maker bei ErresseShop. Qualit\u00e4t, Stil und Funktionalit\u00e4t \u2013 jetzt online bestellen!\" \/>\n<meta name=\"robots\" content=\"index, follow, max-snippet:-1, max-image-preview:large, max-video-preview:-1\" \/>\n<link rel=\"canonical\" href=\"https:\/\/www.erresse-shop.it\/de\/shop\/kuche\/cuisinart-3-in-1-grill-waffle-e-omelette-maker\/\" \/>\n<meta property=\"og:locale\" content=\"de_DE\" \/>\n<meta property=\"og:type\" content=\"article\" \/>\n<meta property=\"og:title\" content=\"CUISINART 3 IN 1 Grill, Waffle e Omelette Maker\" \/>\n<meta property=\"og:description\" content=\"Entdecken Sie CUISINART 3 IN 1 Grill, Waffle e Omelette Maker bei ErresseShop. Qualit\u00e4t, Stil und Funktionalit\u00e4t \u2013 jetzt online bestellen!\" \/>\n<meta property=\"og:url\" content=\"https:\/\/www.erresse-shop.it\/de\/shop\/kuche\/cuisinart-3-in-1-grill-waffle-e-omelette-maker\/\" \/>\n<meta property=\"og:site_name\" content=\"Erresse Shop\" \/>\n<meta property=\"article:modified_time\" content=\"2025-01-22T07:40:26+00:00\" \/>\n<meta property=\"og:image\" content=\"https:\/\/www.erresse-shop.it\/wp-content\/uploads\/2022\/10\/Cuisinart-grill-3-in-1.jpg\" \/>\n\t<meta property=\"og:image:width\" content=\"800\" \/>\n\t<meta property=\"og:image:height\" content=\"800\" \/>\n\t<meta property=\"og:image:type\" content=\"image\/jpeg\" \/>\n<meta name=\"twitter:card\" content=\"summary_large_image\" \/>\n<script type=\"application\/ld+json\" class=\"yoast-schema-graph\">{\"@context\":\"https:\/\/schema.org\",\"@graph\":[{\"@type\":\"WebPage\",\"@id\":\"https:\/\/www.erresse-shop.it\/de\/shop\/kuche\/cuisinart-3-in-1-grill-waffle-e-omelette-maker\/\",\"url\":\"https:\/\/www.erresse-shop.it\/de\/shop\/kuche\/cuisinart-3-in-1-grill-waffle-e-omelette-maker\/\",\"name\":\"CUISINART 3 IN 1 Grill, Waffle e Omelette Maker\",\"isPartOf\":{\"@id\":\"https:\/\/www.erresse-shop.it\/de\/#website\"},\"datePublished\":\"2022-10-26T14:38:18+00:00\",\"dateModified\":\"2025-01-22T07:40:26+00:00\",\"description\":\"Entdecken Sie CUISINART 3 IN 1 Grill, Waffle e Omelette Maker bei ErresseShop. Qualit\u00e4t, Stil und Funktionalit\u00e4t \u2013 jetzt online bestellen!\",\"breadcrumb\":{\"@id\":\"https:\/\/www.erresse-shop.it\/de\/shop\/kuche\/cuisinart-3-in-1-grill-waffle-e-omelette-maker\/#breadcrumb\"},\"inLanguage\":\"de-DE\",\"potentialAction\":[{\"@type\":\"ReadAction\",\"target\":[\"https:\/\/www.erresse-shop.it\/de\/shop\/kuche\/cuisinart-3-in-1-grill-waffle-e-omelette-maker\/\"]}]},{\"@type\":\"BreadcrumbList\",\"@id\":\"https:\/\/www.erresse-shop.it\/de\/shop\/kuche\/cuisinart-3-in-1-grill-waffle-e-omelette-maker\/#breadcrumb\",\"itemListElement\":[{\"@type\":\"ListItem\",\"position\":1,\"name\":\"Home\",\"item\":\"https:\/\/www.erresse-shop.it\/de\/\"},{\"@type\":\"ListItem\",\"position\":2,\"name\":\"Shop\",\"item\":\"https:\/\/www.erresse-shop.it\/de\/shop\/\"},{\"@type\":\"ListItem\",\"position\":3,\"name\":\"CUISINART 3 IN 1 Grill, Waffle e Omelette Maker\"}]},{\"@type\":\"WebSite\",\"@id\":\"https:\/\/www.erresse-shop.it\/de\/#website\",\"url\":\"https:\/\/www.erresse-shop.it\/de\/\",\"name\":\"Erresse Shop\",\"description\":\"Articoli di qualit\u00e0 per la casa\",\"potentialAction\":[{\"@type\":\"SearchAction\",\"target\":{\"@type\":\"EntryPoint\",\"urlTemplate\":\"https:\/\/www.erresse-shop.it\/de\/?s={search_term_string}\"},\"query-input\":\"required name=search_term_string\"}],\"inLanguage\":\"de-DE\"}]}<\/script>\n<!-- \/ Yoast SEO Premium plugin. -->","yoast_head_json":{"title":"CUISINART 3 IN 1 Grill, Waffle e Omelette Maker","description":"Entdecken Sie CUISINART 3 IN 1 Grill, Waffle e Omelette Maker bei ErresseShop. Qualit\u00e4t, Stil und Funktionalit\u00e4t \u2013 jetzt online bestellen!","robots":{"index":"index","follow":"follow","max-snippet":"max-snippet:-1","max-image-preview":"max-image-preview:large","max-video-preview":"max-video-preview:-1"},"canonical":"https:\/\/www.erresse-shop.it\/de\/shop\/kuche\/cuisinart-3-in-1-grill-waffle-e-omelette-maker\/","og_locale":"de_DE","og_type":"article","og_title":"CUISINART 3 IN 1 Grill, Waffle e Omelette Maker","og_description":"Entdecken Sie CUISINART 3 IN 1 Grill, Waffle e Omelette Maker bei ErresseShop. Qualit\u00e4t, Stil und Funktionalit\u00e4t \u2013 jetzt online bestellen!","og_url":"https:\/\/www.erresse-shop.it\/de\/shop\/kuche\/cuisinart-3-in-1-grill-waffle-e-omelette-maker\/","og_site_name":"Erresse Shop","article_modified_time":"2025-01-22T07:40:26+00:00","og_image":[{"width":800,"height":800,"url":"https:\/\/www.erresse-shop.it\/wp-content\/uploads\/2022\/10\/Cuisinart-grill-3-in-1.jpg","type":"image\/jpeg"}],"twitter_card":"summary_large_image","schema":{"@context":"https:\/\/schema.org","@graph":[{"@type":"WebPage","@id":"https:\/\/www.erresse-shop.it\/de\/shop\/kuche\/cuisinart-3-in-1-grill-waffle-e-omelette-maker\/","url":"https:\/\/www.erresse-shop.it\/de\/shop\/kuche\/cuisinart-3-in-1-grill-waffle-e-omelette-maker\/","name":"CUISINART 3 IN 1 Grill, Waffle e Omelette Maker","isPartOf":{"@id":"https:\/\/www.erresse-shop.it\/de\/#website"},"datePublished":"2022-10-26T14:38:18+00:00","dateModified":"2025-01-22T07:40:26+00:00","description":"Entdecken Sie CUISINART 3 IN 1 Grill, Waffle e Omelette Maker bei ErresseShop. Qualit\u00e4t, Stil und Funktionalit\u00e4t \u2013 jetzt online bestellen!","breadcrumb":{"@id":"https:\/\/www.erresse-shop.it\/de\/shop\/kuche\/cuisinart-3-in-1-grill-waffle-e-omelette-maker\/#breadcrumb"},"inLanguage":"de-DE","potentialAction":[{"@type":"ReadAction","target":["https:\/\/www.erresse-shop.it\/de\/shop\/kuche\/cuisinart-3-in-1-grill-waffle-e-omelette-maker\/"]}]},{"@type":"BreadcrumbList","@id":"https:\/\/www.erresse-shop.it\/de\/shop\/kuche\/cuisinart-3-in-1-grill-waffle-e-omelette-maker\/#breadcrumb","itemListElement":[{"@type":"ListItem","position":1,"name":"Home","item":"https:\/\/www.erresse-shop.it\/de\/"},{"@type":"ListItem","position":2,"name":"Shop","item":"https:\/\/www.erresse-shop.it\/de\/shop\/"},{"@type":"ListItem","position":3,"name":"CUISINART 3 IN 1 Grill, Waffle e Omelette Maker"}]},{"@type":"WebSite","@id":"https:\/\/www.erresse-shop.it\/de\/#website","url":"https:\/\/www.erresse-shop.it\/de\/","name":"Erresse Shop","description":"Articoli di qualit\u00e0 per la casa","potentialAction":[{"@type":"SearchAction","target":{"@type":"EntryPoint","urlTemplate":"https:\/\/www.erresse-shop.it\/de\/?s={search_term_string}"},"query-input":"required name=search_term_string"}],"inLanguage":"de-DE"}]}},"df_price":169.9,"df_sale_price":169.9,"df_regular_price":169.9,"df_image_link":"https:\/\/www.erresse-shop.it\/wp-content\/uploads\/2022\/10\/Cuisinart-grill-3-in-1-300x300.jpg","_links":{"self":[{"href":"https:\/\/www.erresse-shop.it\/de\/wp-json\/wp\/v2\/product\/198987"}],"collection":[{"href":"https:\/\/www.erresse-shop.it\/de\/wp-json\/wp\/v2\/product"}],"about":[{"href":"https:\/\/www.erresse-shop.it\/de\/wp-json\/wp\/v2\/types\/product"}],"wp:featuredmedia":[{"embeddable":true,"href":"https:\/\/www.erresse-shop.it\/de\/wp-json\/wp\/v2\/media\/202072"}],"wp:attachment":[{"href":"https:\/\/www.erresse-shop.it\/de\/wp-json\/wp\/v2\/media?parent=198987"}],"wp:term":[{"taxonomy":"product_cat","embeddable":true,"href":"https:\/\/www.erresse-shop.it\/de\/wp-json\/wp\/v2\/product_cat?post=198987"},{"taxonomy":"product_tag","embeddable":true,"href":"https:\/\/www.erresse-shop.it\/de\/wp-json\/wp\/v2\/product_tag?post=198987"}],"curies":[{"name":"wp","href":"https:\/\/api.w.org\/{rel}","templated":true}]}}