{"id":197450,"date":"2022-10-25T12:12:21","date_gmt":"2022-10-25T12:12:22","guid":{"rendered":"https:\/\/www.erresse-shop.it\/?post_type=product&#038;p=197450"},"modified":"2025-01-22T07:36:39","modified_gmt":"2025-01-22T07:36:39","slug":"cuisinart-doppelter-plattengrill","status":"publish","type":"product","link":"https:\/\/www.erresse-shop.it\/de\/shop\/kuche\/cuisinart-doppelter-plattengrill\/","title":{"rendered":"CUISINART Doppelter Plattengrill"},"content":{"rendered":"<p>Dieser Cuisinart Grill ist ein echtes Multifunktionskochfeld. Die Grillplatten sind sp\u00fclmaschinenfest und k\u00f6nnen f\u00fcr eine Vielzahl von Rezepten verwendet werden: gegrilltes Gem\u00fcse, Sandwiches, Steaks und vieles mehr.<\/p>\n<p>Seine graue Metallic-Oberfl\u00e4che mit Edelstahlakzenten ist recht kompakt und l\u00e4sst sich leicht verstauen.<\/p>\n<p>Dieser Grill ist mit abnehmbaren, sp\u00fclmaschinenfesten Rippenplatten ausgestattet.<\/p>\n<p>Mit der H\u00f6chsttemperatur von 240 \u00b0C kann ein Steak in wenigen Minuten gegart werden, und die verschiedenen Temperaturoptionen erm\u00f6glichen auch f\u00fcr empfindliche Lebensmittel wie Fisch und Gem\u00fcse eine angemessene Garung. Die schnelle Erhitzung und die Temperaturstabilit\u00e4t erm\u00f6glichen ein professionelles Kochergebnis, egal welches Rezept Sie w\u00e4hlen. Die hochwertige Antihaftbeschichtung ist perfekt f\u00fcr gesundes Kochen mit sehr wenig Fett. Sie verf\u00fcgt au\u00dferdem \u00fcber eine Auffangschale f\u00fcr \u00fcbersch\u00fcssiges \u00d6l.<\/p>\n<p>Im geschlossenen Zustand erm\u00f6glichen die schwimmenden Scharniere, dass der Deckel sanft auf die Lebensmittel dr\u00fcckt, ohne sie zu zerdr\u00fccken. Ge\u00f6ffnet kann er f\u00fcr empfindlichere Lebensmittel verwendet werden, wodurch sich die verf\u00fcgbare Kochfl\u00e4che vergr\u00f6\u00dfert. Der Timer steuert die Garzeit.<\/p>\n<p><strong>ZUBEH\u00d6R:<\/strong><\/p>\n<ul>\n<li>Gerippter Tellersatz<\/li>\n<li>Reinigungsspatel<\/li>\n<\/ul>\n<p><strong>TECHNISCHE MERKMALE:<\/strong><\/p>\n<ul>\n<li>Abnehmbares, maschinenwaschbares Rippenteller-Set.<\/li>\n<li>Hochwertige Antihaftbeschichtung f\u00fcr leichte Reinigung.<\/li>\n<li>Timer von 0 bis 30 Minuten.<\/li>\n<li>Variable Temperaturregelung bis zu 240 \u00b0C.<\/li>\n<li>Kann als geschlossener oder offener Grill verwendet werden.<\/li>\n<li>H\u00f6henverstellbares Scharnier bis zu 8 cm.<\/li>\n<li>Die integrierte Fettauffangschale sorgt f\u00fcr ges\u00fcnderes Kochen.<\/li>\n<li>Abmessungen (geschlossen): 20 (H) x 37 (B) x 33 (T) cm<\/li>\n<\/ul>\n<p><span style=\"text-decoration: underline;\"><strong>5 Jahre Garantie<\/strong><\/span><br \/>\n<span style=\"text-decoration: underline;\"><strong>Nicht zum Verkauf au\u00dferhalb Europas<\/strong><\/span><\/p>\n","protected":false},"excerpt":{"rendered":"<p>Dieser Cuisinart Grill ist ein echtes Multifunktionskochfeld. Die Grillplatten sind sp\u00fclmaschinenfest und k\u00f6nnen f\u00fcr eine Vielzahl von Rezepten verwendet werden:<\/p>\n","protected":false},"featured_media":492080,"template":"","meta":{"_acf_changed":false,"inline_featured_image":false},"product_cat":[6742],"product_tag":[24366],"acf":[],"yoast_head":"<!-- This site is optimized with the Yoast SEO Premium plugin v18.6 (Yoast SEO v19.13) - https:\/\/yoast.com\/wordpress\/plugins\/seo\/ -->\n<title>CUISINART Doppelter Plattengrill<\/title>\n<meta name=\"description\" content=\"Entdecken Sie CUISINART Doppelter Plattengrill bei ErresseShop. Qualit\u00e4t, Stil und Funktionalit\u00e4t \u2013 jetzt online bestellen!\" \/>\n<meta name=\"robots\" content=\"index, follow, max-snippet:-1, max-image-preview:large, max-video-preview:-1\" \/>\n<link rel=\"canonical\" href=\"https:\/\/www.erresse-shop.it\/de\/shop\/kuche\/cuisinart-doppelter-plattengrill\/\" \/>\n<meta property=\"og:locale\" content=\"de_DE\" \/>\n<meta property=\"og:type\" content=\"article\" \/>\n<meta property=\"og:title\" content=\"CUISINART Doppelter Plattengrill\" \/>\n<meta property=\"og:description\" content=\"Entdecken Sie CUISINART Doppelter Plattengrill bei ErresseShop. Qualit\u00e4t, Stil und Funktionalit\u00e4t \u2013 jetzt online bestellen!\" \/>\n<meta property=\"og:url\" content=\"https:\/\/www.erresse-shop.it\/de\/shop\/kuche\/cuisinart-doppelter-plattengrill\/\" \/>\n<meta property=\"og:site_name\" content=\"Erresse Shop\" \/>\n<meta property=\"article:modified_time\" content=\"2025-01-22T07:36:39+00:00\" \/>\n<meta property=\"og:image\" content=\"https:\/\/www.erresse-shop.it\/wp-content\/uploads\/2022\/10\/Cuisinart-grill-bistecchiera1.jpg\" \/>\n\t<meta property=\"og:image:width\" content=\"1200\" \/>\n\t<meta property=\"og:image:height\" content=\"1200\" \/>\n\t<meta property=\"og:image:type\" content=\"image\/jpeg\" \/>\n<meta name=\"twitter:card\" content=\"summary_large_image\" \/>\n<script type=\"application\/ld+json\" class=\"yoast-schema-graph\">{\"@context\":\"https:\/\/schema.org\",\"@graph\":[{\"@type\":\"WebPage\",\"@id\":\"https:\/\/www.erresse-shop.it\/de\/shop\/kuche\/cuisinart-doppelter-plattengrill\/\",\"url\":\"https:\/\/www.erresse-shop.it\/de\/shop\/kuche\/cuisinart-doppelter-plattengrill\/\",\"name\":\"CUISINART Doppelter Plattengrill\",\"isPartOf\":{\"@id\":\"https:\/\/www.erresse-shop.it\/de\/#website\"},\"datePublished\":\"2022-10-25T12:12:22+00:00\",\"dateModified\":\"2025-01-22T07:36:39+00:00\",\"description\":\"Entdecken Sie CUISINART Doppelter Plattengrill bei ErresseShop. Qualit\u00e4t, Stil und Funktionalit\u00e4t \u2013 jetzt online bestellen!\",\"breadcrumb\":{\"@id\":\"https:\/\/www.erresse-shop.it\/de\/shop\/kuche\/cuisinart-doppelter-plattengrill\/#breadcrumb\"},\"inLanguage\":\"de-DE\",\"potentialAction\":[{\"@type\":\"ReadAction\",\"target\":[\"https:\/\/www.erresse-shop.it\/de\/shop\/kuche\/cuisinart-doppelter-plattengrill\/\"]}]},{\"@type\":\"BreadcrumbList\",\"@id\":\"https:\/\/www.erresse-shop.it\/de\/shop\/kuche\/cuisinart-doppelter-plattengrill\/#breadcrumb\",\"itemListElement\":[{\"@type\":\"ListItem\",\"position\":1,\"name\":\"Home\",\"item\":\"https:\/\/www.erresse-shop.it\/de\/\"},{\"@type\":\"ListItem\",\"position\":2,\"name\":\"Shop\",\"item\":\"https:\/\/www.erresse-shop.it\/de\/shop\/\"},{\"@type\":\"ListItem\",\"position\":3,\"name\":\"CUISINART Doppelter Plattengrill\"}]},{\"@type\":\"WebSite\",\"@id\":\"https:\/\/www.erresse-shop.it\/de\/#website\",\"url\":\"https:\/\/www.erresse-shop.it\/de\/\",\"name\":\"Erresse Shop\",\"description\":\"Articoli di qualit\u00e0 per la casa\",\"potentialAction\":[{\"@type\":\"SearchAction\",\"target\":{\"@type\":\"EntryPoint\",\"urlTemplate\":\"https:\/\/www.erresse-shop.it\/de\/?s={search_term_string}\"},\"query-input\":\"required name=search_term_string\"}],\"inLanguage\":\"de-DE\"}]}<\/script>\n<!-- \/ Yoast SEO Premium plugin. -->","yoast_head_json":{"title":"CUISINART Doppelter Plattengrill","description":"Entdecken Sie CUISINART Doppelter Plattengrill bei ErresseShop. Qualit\u00e4t, Stil und Funktionalit\u00e4t \u2013 jetzt online bestellen!","robots":{"index":"index","follow":"follow","max-snippet":"max-snippet:-1","max-image-preview":"max-image-preview:large","max-video-preview":"max-video-preview:-1"},"canonical":"https:\/\/www.erresse-shop.it\/de\/shop\/kuche\/cuisinart-doppelter-plattengrill\/","og_locale":"de_DE","og_type":"article","og_title":"CUISINART Doppelter Plattengrill","og_description":"Entdecken Sie CUISINART Doppelter Plattengrill bei ErresseShop. Qualit\u00e4t, Stil und Funktionalit\u00e4t \u2013 jetzt online bestellen!","og_url":"https:\/\/www.erresse-shop.it\/de\/shop\/kuche\/cuisinart-doppelter-plattengrill\/","og_site_name":"Erresse Shop","article_modified_time":"2025-01-22T07:36:39+00:00","og_image":[{"width":1200,"height":1200,"url":"https:\/\/www.erresse-shop.it\/wp-content\/uploads\/2022\/10\/Cuisinart-grill-bistecchiera1.jpg","type":"image\/jpeg"}],"twitter_card":"summary_large_image","schema":{"@context":"https:\/\/schema.org","@graph":[{"@type":"WebPage","@id":"https:\/\/www.erresse-shop.it\/de\/shop\/kuche\/cuisinart-doppelter-plattengrill\/","url":"https:\/\/www.erresse-shop.it\/de\/shop\/kuche\/cuisinart-doppelter-plattengrill\/","name":"CUISINART Doppelter Plattengrill","isPartOf":{"@id":"https:\/\/www.erresse-shop.it\/de\/#website"},"datePublished":"2022-10-25T12:12:22+00:00","dateModified":"2025-01-22T07:36:39+00:00","description":"Entdecken Sie CUISINART Doppelter Plattengrill bei ErresseShop. Qualit\u00e4t, Stil und Funktionalit\u00e4t \u2013 jetzt online bestellen!","breadcrumb":{"@id":"https:\/\/www.erresse-shop.it\/de\/shop\/kuche\/cuisinart-doppelter-plattengrill\/#breadcrumb"},"inLanguage":"de-DE","potentialAction":[{"@type":"ReadAction","target":["https:\/\/www.erresse-shop.it\/de\/shop\/kuche\/cuisinart-doppelter-plattengrill\/"]}]},{"@type":"BreadcrumbList","@id":"https:\/\/www.erresse-shop.it\/de\/shop\/kuche\/cuisinart-doppelter-plattengrill\/#breadcrumb","itemListElement":[{"@type":"ListItem","position":1,"name":"Home","item":"https:\/\/www.erresse-shop.it\/de\/"},{"@type":"ListItem","position":2,"name":"Shop","item":"https:\/\/www.erresse-shop.it\/de\/shop\/"},{"@type":"ListItem","position":3,"name":"CUISINART Doppelter Plattengrill"}]},{"@type":"WebSite","@id":"https:\/\/www.erresse-shop.it\/de\/#website","url":"https:\/\/www.erresse-shop.it\/de\/","name":"Erresse Shop","description":"Articoli di qualit\u00e0 per la casa","potentialAction":[{"@type":"SearchAction","target":{"@type":"EntryPoint","urlTemplate":"https:\/\/www.erresse-shop.it\/de\/?s={search_term_string}"},"query-input":"required name=search_term_string"}],"inLanguage":"de-DE"}]}},"df_price":179.9,"df_sale_price":179.9,"df_regular_price":179.9,"df_image_link":"https:\/\/www.erresse-shop.it\/wp-content\/uploads\/2022\/10\/CUISINART-Grill-Doppia-Piastra-300x300.jpg","_links":{"self":[{"href":"https:\/\/www.erresse-shop.it\/de\/wp-json\/wp\/v2\/product\/197450"}],"collection":[{"href":"https:\/\/www.erresse-shop.it\/de\/wp-json\/wp\/v2\/product"}],"about":[{"href":"https:\/\/www.erresse-shop.it\/de\/wp-json\/wp\/v2\/types\/product"}],"wp:featuredmedia":[{"embeddable":true,"href":"https:\/\/www.erresse-shop.it\/de\/wp-json\/wp\/v2\/media\/492080"}],"wp:attachment":[{"href":"https:\/\/www.erresse-shop.it\/de\/wp-json\/wp\/v2\/media?parent=197450"}],"wp:term":[{"taxonomy":"product_cat","embeddable":true,"href":"https:\/\/www.erresse-shop.it\/de\/wp-json\/wp\/v2\/product_cat?post=197450"},{"taxonomy":"product_tag","embeddable":true,"href":"https:\/\/www.erresse-shop.it\/de\/wp-json\/wp\/v2\/product_tag?post=197450"}],"curies":[{"name":"wp","href":"https:\/\/api.w.org\/{rel}","templated":true}]}}