{"id":195660,"date":"2022-10-21T07:09:51","date_gmt":"2022-10-21T07:09:52","guid":{"rendered":"https:\/\/www.erresse-shop.it\/?post_type=product&#038;p=195660"},"modified":"2025-01-22T07:36:38","modified_gmt":"2025-01-22T07:36:38","slug":"cuisinart-multifunktionskocher-mit-glasdeckel","status":"publish","type":"product","link":"https:\/\/www.erresse-shop.it\/de\/shop\/kuche\/cuisinart-multifunktionskocher-mit-glasdeckel\/","title":{"rendered":"CUISINART Multifunktionskocher mit Glasdeckel"},"content":{"rendered":"<p>F\u00fcr k\u00f6stliche und einfach zuzubereitende Rezepte. Kochen, Grillen, D\u00e4mpfen, Schmoren, ideal auch f\u00fcr lange Garzeiten. Sie k\u00f6nnen schnell und einfach hausgemachte Rezepte f\u00fcr die ganze Familie zubereiten. Ob ein perfekt gegrilltes Steak mit ged\u00fcnstetem Gem\u00fcse oder eine klassische Paella, er ist gro\u00df genug, um Familienmahlzeiten zuzubereiten, aber auch kompakt genug, um eine Mahlzeit f\u00fcr eine Person zuzubereiten.<\/p>\n<p>Als Teil der Style Collection macht er in Ihrer K\u00fcche eine gute Figur und ist so kompakt und leicht, dass er problemlos in einem Schrank verstaut werden kann.<\/p>\n<p>COOKING heizt in weniger als 6 Minuten auf, mit einem Temperaturbereich von 90 \u030aC bis 220 \u030aC ist er perfekt f\u00fcr alle Arten des Kochens, vom Kochen bei hohen Temperaturen bis zum langen Garen.<\/p>\n<p>Im Lieferumfang sind drei verschiedene Zubeh\u00f6rteile enthalten: eine antihaftbeschichtete Grillplatte, eine antihaftbeschichtete Auflaufform und eine D\u00e4mpfschale aus Stahl, die zusammen mit dem Glasdeckel gestapelt werden k\u00f6nnen, um sie ordentlich zu verstauen. Das Zubeh\u00f6r und der Glasdeckel sind sp\u00fclmaschinenfest, was eine einfache Reinigung erm\u00f6glicht.<\/p>\n<p>Verwenden Sie die Kasserolle zum Anbraten von Zutaten, zum Blanchieren oder zum Kochen k\u00f6stlicher Rezepte wie Eint\u00f6pfe und Schmorgerichte.<\/p>\n<p>Geben Sie Wasser in die Kasserolle, bevor Sie den Edelstahl-Dampfeinsatz einsetzen, um Fisch, Gem\u00fcse und mehr schonend zu garen. Oder verwenden Sie die antihaftbeschichtete Grillplatte zum Anbraten von Fleisch und zum Grillen von Fisch, Fleisch und Gem\u00fcse &#8211; in Minutenschnelle und mit maximalem Geschmack.<\/p>\n<p><strong>ZUBEH\u00d6R:<\/strong><\/p>\n<ul>\n<li>Antihaftbeschichtete Auflaufform<\/li>\n<li>Dampfgarbeh\u00e4lter aus rostfreiem Stahl<\/li>\n<li>Antihaft-Grill<\/li>\n<li>Glasdeckel<\/li>\n<\/ul>\n<p><strong>TECHNISCHE MERKMALE:<\/strong><\/p>\n<ul>\n<li>Grillen, Anbraten, D\u00fcnsten, Garen; alles in einem kompakten und leicht zu reinigenden Multifunktionsger\u00e4t<\/li>\n<li>Pr\u00e4zise kontrolliertes Garen mit verschiedenen Temperatureinstellungen von 90\u02daC bis 220\u02daC<\/li>\n<li>Schnelle Aufheizzeit: in weniger als 6 Minuten fertig<\/li>\n<li>Kasserolle mit Glasdeckel, ideal zum Anbraten und Kochen von Langkochrezepten<\/li>\n<li>D\u00e4mpfeinsatz aus Edelstahl, zur Verwendung in der Kasserolle f\u00fcr schnelles und einfaches D\u00e4mpfen<\/li>\n<li>Antihaft-Gitterrost f\u00fcr perfektes, fettarmes Kochen<\/li>\n<li>Glasdeckel zur Verwendung bei verschiedenen Zubereitungen<\/li>\n<li>Kasserolle und Grill mit hochwertiger Antihaftbeschichtung<\/li>\n<li>Geschirrsp\u00fclmaschinenfestes Zubeh\u00f6r<\/li>\n<\/ul>\n<p><span style=\"text-decoration: underline;\"><strong>3 Jahre Garantie<\/strong><\/span><br \/>\n<span style=\"text-decoration: underline;\"><strong>Nicht zum Verkauf au\u00dferhalb Europas<\/strong><\/span><\/p>\n","protected":false},"excerpt":{"rendered":"<p>F\u00fcr k\u00f6stliche und einfach zuzubereitende Rezepte. Kochen, Grillen, D\u00e4mpfen, Schmoren, ideal auch f\u00fcr lange Garzeiten. Sie k\u00f6nnen schnell und einfach<\/p>\n","protected":false},"featured_media":195700,"template":"","meta":{"_acf_changed":false,"inline_featured_image":false},"product_cat":[6742],"product_tag":[24366],"acf":[],"yoast_head":"<!-- This site is optimized with the Yoast SEO Premium plugin v18.6 (Yoast SEO v19.13) - https:\/\/yoast.com\/wordpress\/plugins\/seo\/ -->\n<title>CUISINART Multifunktionskocher mit Glasdeckel<\/title>\n<meta name=\"description\" content=\"Entdecken Sie CUISINART Multifunktionskocher mit Glasdeckel bei ErresseShop. Qualit\u00e4t, Stil und Funktionalit\u00e4t \u2013 jetzt online bestellen!\" \/>\n<meta name=\"robots\" content=\"index, follow, max-snippet:-1, max-image-preview:large, max-video-preview:-1\" \/>\n<link rel=\"canonical\" href=\"https:\/\/www.erresse-shop.it\/de\/shop\/kuche\/cuisinart-multifunktionskocher-mit-glasdeckel\/\" \/>\n<meta property=\"og:locale\" content=\"de_DE\" \/>\n<meta property=\"og:type\" content=\"article\" \/>\n<meta property=\"og:title\" content=\"CUISINART Multifunktionskocher mit Glasdeckel\" \/>\n<meta property=\"og:description\" content=\"Entdecken Sie CUISINART Multifunktionskocher mit Glasdeckel bei ErresseShop. Qualit\u00e4t, Stil und Funktionalit\u00e4t \u2013 jetzt online bestellen!\" \/>\n<meta property=\"og:url\" content=\"https:\/\/www.erresse-shop.it\/de\/shop\/kuche\/cuisinart-multifunktionskocher-mit-glasdeckel\/\" \/>\n<meta property=\"og:site_name\" content=\"Erresse Shop\" \/>\n<meta property=\"article:modified_time\" content=\"2025-01-22T07:36:38+00:00\" \/>\n<meta property=\"og:image\" content=\"https:\/\/www.erresse-shop.it\/wp-content\/uploads\/2022\/10\/CUISINART-cooking.jpg\" \/>\n\t<meta property=\"og:image:width\" content=\"800\" \/>\n\t<meta property=\"og:image:height\" content=\"800\" \/>\n\t<meta property=\"og:image:type\" content=\"image\/jpeg\" \/>\n<meta name=\"twitter:card\" content=\"summary_large_image\" \/>\n<script type=\"application\/ld+json\" class=\"yoast-schema-graph\">{\"@context\":\"https:\/\/schema.org\",\"@graph\":[{\"@type\":\"WebPage\",\"@id\":\"https:\/\/www.erresse-shop.it\/de\/shop\/kuche\/cuisinart-multifunktionskocher-mit-glasdeckel\/\",\"url\":\"https:\/\/www.erresse-shop.it\/de\/shop\/kuche\/cuisinart-multifunktionskocher-mit-glasdeckel\/\",\"name\":\"CUISINART Multifunktionskocher mit Glasdeckel\",\"isPartOf\":{\"@id\":\"https:\/\/www.erresse-shop.it\/de\/#website\"},\"datePublished\":\"2022-10-21T07:09:52+00:00\",\"dateModified\":\"2025-01-22T07:36:38+00:00\",\"description\":\"Entdecken Sie CUISINART Multifunktionskocher mit Glasdeckel bei ErresseShop. Qualit\u00e4t, Stil und Funktionalit\u00e4t \u2013 jetzt online bestellen!\",\"breadcrumb\":{\"@id\":\"https:\/\/www.erresse-shop.it\/de\/shop\/kuche\/cuisinart-multifunktionskocher-mit-glasdeckel\/#breadcrumb\"},\"inLanguage\":\"de-DE\",\"potentialAction\":[{\"@type\":\"ReadAction\",\"target\":[\"https:\/\/www.erresse-shop.it\/de\/shop\/kuche\/cuisinart-multifunktionskocher-mit-glasdeckel\/\"]}]},{\"@type\":\"BreadcrumbList\",\"@id\":\"https:\/\/www.erresse-shop.it\/de\/shop\/kuche\/cuisinart-multifunktionskocher-mit-glasdeckel\/#breadcrumb\",\"itemListElement\":[{\"@type\":\"ListItem\",\"position\":1,\"name\":\"Home\",\"item\":\"https:\/\/www.erresse-shop.it\/de\/\"},{\"@type\":\"ListItem\",\"position\":2,\"name\":\"Shop\",\"item\":\"https:\/\/www.erresse-shop.it\/de\/shop\/\"},{\"@type\":\"ListItem\",\"position\":3,\"name\":\"CUISINART Multifunktionskocher mit Glasdeckel\"}]},{\"@type\":\"WebSite\",\"@id\":\"https:\/\/www.erresse-shop.it\/de\/#website\",\"url\":\"https:\/\/www.erresse-shop.it\/de\/\",\"name\":\"Erresse Shop\",\"description\":\"Articoli di qualit\u00e0 per la casa\",\"potentialAction\":[{\"@type\":\"SearchAction\",\"target\":{\"@type\":\"EntryPoint\",\"urlTemplate\":\"https:\/\/www.erresse-shop.it\/de\/?s={search_term_string}\"},\"query-input\":\"required name=search_term_string\"}],\"inLanguage\":\"de-DE\"}]}<\/script>\n<!-- \/ Yoast SEO Premium plugin. -->","yoast_head_json":{"title":"CUISINART Multifunktionskocher mit Glasdeckel","description":"Entdecken Sie CUISINART Multifunktionskocher mit Glasdeckel bei ErresseShop. Qualit\u00e4t, Stil und Funktionalit\u00e4t \u2013 jetzt online bestellen!","robots":{"index":"index","follow":"follow","max-snippet":"max-snippet:-1","max-image-preview":"max-image-preview:large","max-video-preview":"max-video-preview:-1"},"canonical":"https:\/\/www.erresse-shop.it\/de\/shop\/kuche\/cuisinart-multifunktionskocher-mit-glasdeckel\/","og_locale":"de_DE","og_type":"article","og_title":"CUISINART Multifunktionskocher mit Glasdeckel","og_description":"Entdecken Sie CUISINART Multifunktionskocher mit Glasdeckel bei ErresseShop. Qualit\u00e4t, Stil und Funktionalit\u00e4t \u2013 jetzt online bestellen!","og_url":"https:\/\/www.erresse-shop.it\/de\/shop\/kuche\/cuisinart-multifunktionskocher-mit-glasdeckel\/","og_site_name":"Erresse Shop","article_modified_time":"2025-01-22T07:36:38+00:00","og_image":[{"width":800,"height":800,"url":"https:\/\/www.erresse-shop.it\/wp-content\/uploads\/2022\/10\/CUISINART-cooking.jpg","type":"image\/jpeg"}],"twitter_card":"summary_large_image","schema":{"@context":"https:\/\/schema.org","@graph":[{"@type":"WebPage","@id":"https:\/\/www.erresse-shop.it\/de\/shop\/kuche\/cuisinart-multifunktionskocher-mit-glasdeckel\/","url":"https:\/\/www.erresse-shop.it\/de\/shop\/kuche\/cuisinart-multifunktionskocher-mit-glasdeckel\/","name":"CUISINART Multifunktionskocher mit Glasdeckel","isPartOf":{"@id":"https:\/\/www.erresse-shop.it\/de\/#website"},"datePublished":"2022-10-21T07:09:52+00:00","dateModified":"2025-01-22T07:36:38+00:00","description":"Entdecken Sie CUISINART Multifunktionskocher mit Glasdeckel bei ErresseShop. Qualit\u00e4t, Stil und Funktionalit\u00e4t \u2013 jetzt online bestellen!","breadcrumb":{"@id":"https:\/\/www.erresse-shop.it\/de\/shop\/kuche\/cuisinart-multifunktionskocher-mit-glasdeckel\/#breadcrumb"},"inLanguage":"de-DE","potentialAction":[{"@type":"ReadAction","target":["https:\/\/www.erresse-shop.it\/de\/shop\/kuche\/cuisinart-multifunktionskocher-mit-glasdeckel\/"]}]},{"@type":"BreadcrumbList","@id":"https:\/\/www.erresse-shop.it\/de\/shop\/kuche\/cuisinart-multifunktionskocher-mit-glasdeckel\/#breadcrumb","itemListElement":[{"@type":"ListItem","position":1,"name":"Home","item":"https:\/\/www.erresse-shop.it\/de\/"},{"@type":"ListItem","position":2,"name":"Shop","item":"https:\/\/www.erresse-shop.it\/de\/shop\/"},{"@type":"ListItem","position":3,"name":"CUISINART Multifunktionskocher mit Glasdeckel"}]},{"@type":"WebSite","@id":"https:\/\/www.erresse-shop.it\/de\/#website","url":"https:\/\/www.erresse-shop.it\/de\/","name":"Erresse Shop","description":"Articoli di qualit\u00e0 per la casa","potentialAction":[{"@type":"SearchAction","target":{"@type":"EntryPoint","urlTemplate":"https:\/\/www.erresse-shop.it\/de\/?s={search_term_string}"},"query-input":"required name=search_term_string"}],"inLanguage":"de-DE"}]}},"df_price":199.9,"df_sale_price":199.9,"df_regular_price":199.9,"df_image_link":"https:\/\/www.erresse-shop.it\/wp-content\/uploads\/2022\/10\/CUISINART-cooking-300x300.jpg","_links":{"self":[{"href":"https:\/\/www.erresse-shop.it\/de\/wp-json\/wp\/v2\/product\/195660"}],"collection":[{"href":"https:\/\/www.erresse-shop.it\/de\/wp-json\/wp\/v2\/product"}],"about":[{"href":"https:\/\/www.erresse-shop.it\/de\/wp-json\/wp\/v2\/types\/product"}],"wp:featuredmedia":[{"embeddable":true,"href":"https:\/\/www.erresse-shop.it\/de\/wp-json\/wp\/v2\/media\/195700"}],"wp:attachment":[{"href":"https:\/\/www.erresse-shop.it\/de\/wp-json\/wp\/v2\/media?parent=195660"}],"wp:term":[{"taxonomy":"product_cat","embeddable":true,"href":"https:\/\/www.erresse-shop.it\/de\/wp-json\/wp\/v2\/product_cat?post=195660"},{"taxonomy":"product_tag","embeddable":true,"href":"https:\/\/www.erresse-shop.it\/de\/wp-json\/wp\/v2\/product_tag?post=195660"}],"curies":[{"name":"wp","href":"https:\/\/api.w.org\/{rel}","templated":true}]}}