{"id":195586,"date":"2022-10-21T06:16:20","date_gmt":"2022-10-21T06:16:21","guid":{"rendered":"https:\/\/www.erresse-shop.it\/?post_type=product&#038;p=195586"},"modified":"2025-01-22T07:36:37","modified_gmt":"2025-01-22T07:36:37","slug":"cuisinart-mini-backofen-und-luftfritteuse","status":"publish","type":"product","link":"https:\/\/www.erresse-shop.it\/de\/shop\/kuche\/cuisinart-mini-backofen-und-luftfritteuse\/","title":{"rendered":"CUISINART Mini-Backofen und Luftfritteuse"},"content":{"rendered":"<p>Mit dem Mini-Backofen mit Fritteuse von Cuisinart k\u00f6nnen Sie schnell und einfach gebackene oder luftgefrorene Rezepte mit wenig oder gar keinem \u00d6lzusatz zubereiten &#8211; eine ges\u00fcndere Alternative zum normalen Frittieren.<\/p>\n<p>Mit 7 verschiedenen Kochfunktionen ist sie viel mehr als nur eine Luftfritteuse. Sie k\u00f6nnen damit auch gebackene K\u00f6stlichkeiten, k\u00f6stliche Braten, leckere, knusprige Pizzen, fachm\u00e4nnisch gegrilltes Fleisch und Fisch und genau nach Ihren W\u00fcnschen gebr\u00e4unte Sandwiches zubereiten.<\/p>\n<p>Mit einer superschnellen Aufheizzeit von 90 Sekunden ist dieses Produkt fast sofort einsatzbereit. Seine leistungsstarke, luftgesteuerte Technologie gart 30 Prozent schneller als ein herk\u00f6mmlicher Backofen, so dass Sie in wenigen Minuten perfekt gleichm\u00e4\u00dfig gegarte Gerichte zubereiten k\u00f6nnen.<\/p>\n<p>Der Air Fryer Mini Oven von Cuisinart ist wirklich einfach zu bedienen. Mit 4 einfachen Drehreglern k\u00f6nnen Sie die Temperatur, die Kochfunktion, die Toastintensit\u00e4t und die Kochzeit ausw\u00e4hlen und haben so die volle Kontrolle.<\/p>\n<p>Er ist kompakt und hat dennoch ein gro\u00dfes Fassungsverm\u00f6gen von 17 Litern, was bedeutet, dass er gro\u00df genug ist, um Rezepte f\u00fcr eine vierk\u00f6pfige Familie zuzubereiten. Sie k\u00f6nnen auf 2 Ebenen kochen, eine Pizza backen oder ein ganzes 1,8 kg schweres Huhn braten.<\/p>\n<p>Es gibt 6 Temperatureinstellungen von 90\u00b0C f\u00fcr die Warmhaltung bis 230\u00b0C f\u00fcr das Frittieren in der Luft mit einem eingebauten Timer, der nach Beendigung des Garvorgangs einen Signalton abgibt und den Ofen automatisch ausschaltet, um ein \u00dcbergaren zu verhindern.<\/p>\n<p>Backen Sie leckere Kuchen und Quiches oder tauen Sie Tiefk\u00fchlkost mit der Backfunktion auf.<\/p>\n<p>Oder nutzen Sie die Grillfunktion, um Fleisch, Fisch und Gem\u00fcse im Handumdrehen zu grillen.<\/p>\n<p>Mit der Toastfunktion k\u00f6nnen Sie schnell und einfach ein Mittagessen zubereiten, z. B. einen leckeren goldgelben gef\u00fcllten Toast.<\/p>\n<p>Mit der Toastfunktion k\u00f6nnen Sie Brot, Scones und Bagels schnell und einfach r\u00f6sten. Mit dem variablen Br\u00e4unungsregler k\u00f6nnen Sie den Toast ganz nach Ihrem Geschmack r\u00f6sten.<\/p>\n<p>Der Backofen kann auch zum Warmhalten von Zubereitungen oder zum Aufw\u00e4rmen von Resten des Vorabends verwendet werden.<br \/>\nDar\u00fcber hinaus verf\u00fcgt der Cuisinart Air Fryer Mini-Backofen \u00fcber eine antihaftbeschichtete Innenseite und leicht zu reinigendes Zubeh\u00f6r.<\/p>\n<p><strong>TECHNISCHE MERKMALE:<\/strong><\/p>\n<ul>\n<li>Vielseitiger Mini-Backofen mit Fritteuse<\/li>\n<li>7 Funktionen: Frittieren, Braten, Backen, Grillen, Toasten, Warmhalten<\/li>\n<li>Superstarke und kontrollierte Luftstromtechnologie sorgt f\u00fcr ultraschnelle Erw\u00e4rmung. Das Produkt ist in nur 90 Sekunden einsatzbereit<\/li>\n<li>Die Speisen werden schnell und gleichm\u00e4\u00dfig gegart, 30 % schneller als in einem herk\u00f6mmlichen Ofen<\/li>\n<li>6 Temperatureinstellungen, von 90\u02daC bei Warmhaltung bis 230\u02daC beim Luftfritieren<\/li>\n<li>Kompakte Gr\u00f6\u00dfe, aber mit gro\u00dfer Kochkapazit\u00e4t<\/li>\n<li>Frittierkorb 25 cm x 29 cm<\/li>\n<li>2 Einlegeb\u00f6den f\u00fcr gleichm\u00e4\u00dfiges Kochen auf 2 Ebenen<\/li>\n<li>Leicht zu reinigende Antihaft-Innenseite<\/li>\n<li>Innenbeleuchtung bietet maximale Sichtbarkeit f\u00fcr zus\u00e4tzliche Kontrolle der Kochergebnisse<\/li>\n<li>60-Minuten-Timer mit automatischer Abschaltung<\/li>\n<li>Enthaltenes Zubeh\u00f6r: 1 Frittierkorb, 1 Grill und 1 Backblech<\/li>\n<\/ul>\n<p><span style=\"text-decoration: underline;\"><strong>3 Jahre Garantie<\/strong><\/span><br \/>\n<span style=\"text-decoration: underline;\"><strong>Nicht zum Verkauf au\u00dferhalb Europas<\/strong><\/span><\/p>\n","protected":false},"excerpt":{"rendered":"<p>Mit dem Mini-Backofen mit Fritteuse von Cuisinart k\u00f6nnen Sie schnell und einfach gebackene oder luftgefrorene Rezepte mit wenig oder gar<\/p>\n","protected":false},"featured_media":195649,"template":"","meta":{"_acf_changed":false,"inline_featured_image":false},"product_cat":[6742],"product_tag":[24366],"acf":[],"yoast_head":"<!-- This site is optimized with the Yoast SEO Premium plugin v18.6 (Yoast SEO v19.13) - https:\/\/yoast.com\/wordpress\/plugins\/seo\/ -->\n<title>CUISINART Mini-Backofen und Luftfritteuse<\/title>\n<meta name=\"description\" content=\"Entdecken Sie CUISINART Mini-Backofen und Luftfritteuse bei ErresseShop. Qualit\u00e4t, Stil und Funktionalit\u00e4t \u2013 jetzt online bestellen!\" \/>\n<meta name=\"robots\" content=\"index, follow, max-snippet:-1, max-image-preview:large, max-video-preview:-1\" \/>\n<link rel=\"canonical\" href=\"https:\/\/www.erresse-shop.it\/de\/shop\/kuche\/cuisinart-mini-backofen-und-luftfritteuse\/\" \/>\n<meta property=\"og:locale\" content=\"de_DE\" \/>\n<meta property=\"og:type\" content=\"article\" \/>\n<meta property=\"og:title\" content=\"CUISINART Mini-Backofen und Luftfritteuse\" \/>\n<meta property=\"og:description\" content=\"Entdecken Sie CUISINART Mini-Backofen und Luftfritteuse bei ErresseShop. Qualit\u00e4t, Stil und Funktionalit\u00e4t \u2013 jetzt online bestellen!\" \/>\n<meta property=\"og:url\" content=\"https:\/\/www.erresse-shop.it\/de\/shop\/kuche\/cuisinart-mini-backofen-und-luftfritteuse\/\" \/>\n<meta property=\"og:site_name\" content=\"Erresse Shop\" \/>\n<meta property=\"article:modified_time\" content=\"2025-01-22T07:36:37+00:00\" \/>\n<meta property=\"og:image\" content=\"https:\/\/www.erresse-shop.it\/wp-content\/uploads\/2022\/10\/CUISINART-Air-fryer.jpg\" \/>\n\t<meta property=\"og:image:width\" content=\"800\" \/>\n\t<meta property=\"og:image:height\" content=\"800\" \/>\n\t<meta property=\"og:image:type\" content=\"image\/jpeg\" \/>\n<meta name=\"twitter:card\" content=\"summary_large_image\" \/>\n<script type=\"application\/ld+json\" class=\"yoast-schema-graph\">{\"@context\":\"https:\/\/schema.org\",\"@graph\":[{\"@type\":\"WebPage\",\"@id\":\"https:\/\/www.erresse-shop.it\/de\/shop\/kuche\/cuisinart-mini-backofen-und-luftfritteuse\/\",\"url\":\"https:\/\/www.erresse-shop.it\/de\/shop\/kuche\/cuisinart-mini-backofen-und-luftfritteuse\/\",\"name\":\"CUISINART Mini-Backofen und Luftfritteuse\",\"isPartOf\":{\"@id\":\"https:\/\/www.erresse-shop.it\/de\/#website\"},\"datePublished\":\"2022-10-21T06:16:21+00:00\",\"dateModified\":\"2025-01-22T07:36:37+00:00\",\"description\":\"Entdecken Sie CUISINART Mini-Backofen und Luftfritteuse bei ErresseShop. Qualit\u00e4t, Stil und Funktionalit\u00e4t \u2013 jetzt online bestellen!\",\"breadcrumb\":{\"@id\":\"https:\/\/www.erresse-shop.it\/de\/shop\/kuche\/cuisinart-mini-backofen-und-luftfritteuse\/#breadcrumb\"},\"inLanguage\":\"de-DE\",\"potentialAction\":[{\"@type\":\"ReadAction\",\"target\":[\"https:\/\/www.erresse-shop.it\/de\/shop\/kuche\/cuisinart-mini-backofen-und-luftfritteuse\/\"]}]},{\"@type\":\"BreadcrumbList\",\"@id\":\"https:\/\/www.erresse-shop.it\/de\/shop\/kuche\/cuisinart-mini-backofen-und-luftfritteuse\/#breadcrumb\",\"itemListElement\":[{\"@type\":\"ListItem\",\"position\":1,\"name\":\"Home\",\"item\":\"https:\/\/www.erresse-shop.it\/de\/\"},{\"@type\":\"ListItem\",\"position\":2,\"name\":\"Shop\",\"item\":\"https:\/\/www.erresse-shop.it\/de\/shop\/\"},{\"@type\":\"ListItem\",\"position\":3,\"name\":\"CUISINART Mini-Backofen und Luftfritteuse\"}]},{\"@type\":\"WebSite\",\"@id\":\"https:\/\/www.erresse-shop.it\/de\/#website\",\"url\":\"https:\/\/www.erresse-shop.it\/de\/\",\"name\":\"Erresse Shop\",\"description\":\"Articoli di qualit\u00e0 per la casa\",\"potentialAction\":[{\"@type\":\"SearchAction\",\"target\":{\"@type\":\"EntryPoint\",\"urlTemplate\":\"https:\/\/www.erresse-shop.it\/de\/?s={search_term_string}\"},\"query-input\":\"required name=search_term_string\"}],\"inLanguage\":\"de-DE\"}]}<\/script>\n<!-- \/ Yoast SEO Premium plugin. -->","yoast_head_json":{"title":"CUISINART Mini-Backofen und Luftfritteuse","description":"Entdecken Sie CUISINART Mini-Backofen und Luftfritteuse bei ErresseShop. Qualit\u00e4t, Stil und Funktionalit\u00e4t \u2013 jetzt online bestellen!","robots":{"index":"index","follow":"follow","max-snippet":"max-snippet:-1","max-image-preview":"max-image-preview:large","max-video-preview":"max-video-preview:-1"},"canonical":"https:\/\/www.erresse-shop.it\/de\/shop\/kuche\/cuisinart-mini-backofen-und-luftfritteuse\/","og_locale":"de_DE","og_type":"article","og_title":"CUISINART Mini-Backofen und Luftfritteuse","og_description":"Entdecken Sie CUISINART Mini-Backofen und Luftfritteuse bei ErresseShop. Qualit\u00e4t, Stil und Funktionalit\u00e4t \u2013 jetzt online bestellen!","og_url":"https:\/\/www.erresse-shop.it\/de\/shop\/kuche\/cuisinart-mini-backofen-und-luftfritteuse\/","og_site_name":"Erresse Shop","article_modified_time":"2025-01-22T07:36:37+00:00","og_image":[{"width":800,"height":800,"url":"https:\/\/www.erresse-shop.it\/wp-content\/uploads\/2022\/10\/CUISINART-Air-fryer.jpg","type":"image\/jpeg"}],"twitter_card":"summary_large_image","schema":{"@context":"https:\/\/schema.org","@graph":[{"@type":"WebPage","@id":"https:\/\/www.erresse-shop.it\/de\/shop\/kuche\/cuisinart-mini-backofen-und-luftfritteuse\/","url":"https:\/\/www.erresse-shop.it\/de\/shop\/kuche\/cuisinart-mini-backofen-und-luftfritteuse\/","name":"CUISINART Mini-Backofen und Luftfritteuse","isPartOf":{"@id":"https:\/\/www.erresse-shop.it\/de\/#website"},"datePublished":"2022-10-21T06:16:21+00:00","dateModified":"2025-01-22T07:36:37+00:00","description":"Entdecken Sie CUISINART Mini-Backofen und Luftfritteuse bei ErresseShop. Qualit\u00e4t, Stil und Funktionalit\u00e4t \u2013 jetzt online bestellen!","breadcrumb":{"@id":"https:\/\/www.erresse-shop.it\/de\/shop\/kuche\/cuisinart-mini-backofen-und-luftfritteuse\/#breadcrumb"},"inLanguage":"de-DE","potentialAction":[{"@type":"ReadAction","target":["https:\/\/www.erresse-shop.it\/de\/shop\/kuche\/cuisinart-mini-backofen-und-luftfritteuse\/"]}]},{"@type":"BreadcrumbList","@id":"https:\/\/www.erresse-shop.it\/de\/shop\/kuche\/cuisinart-mini-backofen-und-luftfritteuse\/#breadcrumb","itemListElement":[{"@type":"ListItem","position":1,"name":"Home","item":"https:\/\/www.erresse-shop.it\/de\/"},{"@type":"ListItem","position":2,"name":"Shop","item":"https:\/\/www.erresse-shop.it\/de\/shop\/"},{"@type":"ListItem","position":3,"name":"CUISINART Mini-Backofen und Luftfritteuse"}]},{"@type":"WebSite","@id":"https:\/\/www.erresse-shop.it\/de\/#website","url":"https:\/\/www.erresse-shop.it\/de\/","name":"Erresse Shop","description":"Articoli di qualit\u00e0 per la casa","potentialAction":[{"@type":"SearchAction","target":{"@type":"EntryPoint","urlTemplate":"https:\/\/www.erresse-shop.it\/de\/?s={search_term_string}"},"query-input":"required name=search_term_string"}],"inLanguage":"de-DE"}]}},"df_price":299.9,"df_sale_price":299.9,"df_regular_price":299.9,"df_image_link":"https:\/\/www.erresse-shop.it\/wp-content\/uploads\/2022\/10\/CUISINART-Air-fryer-300x300.jpg","_links":{"self":[{"href":"https:\/\/www.erresse-shop.it\/de\/wp-json\/wp\/v2\/product\/195586"}],"collection":[{"href":"https:\/\/www.erresse-shop.it\/de\/wp-json\/wp\/v2\/product"}],"about":[{"href":"https:\/\/www.erresse-shop.it\/de\/wp-json\/wp\/v2\/types\/product"}],"wp:featuredmedia":[{"embeddable":true,"href":"https:\/\/www.erresse-shop.it\/de\/wp-json\/wp\/v2\/media\/195649"}],"wp:attachment":[{"href":"https:\/\/www.erresse-shop.it\/de\/wp-json\/wp\/v2\/media?parent=195586"}],"wp:term":[{"taxonomy":"product_cat","embeddable":true,"href":"https:\/\/www.erresse-shop.it\/de\/wp-json\/wp\/v2\/product_cat?post=195586"},{"taxonomy":"product_tag","embeddable":true,"href":"https:\/\/www.erresse-shop.it\/de\/wp-json\/wp\/v2\/product_tag?post=195586"}],"curies":[{"name":"wp","href":"https:\/\/api.w.org\/{rel}","templated":true}]}}