{"id":195423,"date":"2022-10-20T13:03:39","date_gmt":"2022-10-20T13:03:40","guid":{"rendered":"https:\/\/www.erresse-shop.it\/?post_type=product&#038;p=195423"},"modified":"2025-01-16T14:58:40","modified_gmt":"2025-01-16T14:58:40","slug":"cuisinart-knetmaschine","status":"publish","type":"product","link":"https:\/\/www.erresse-shop.it\/de\/shop\/kleine-elektrogeraete\/knetmaschinen\/cuisinart-knetmaschine\/","title":{"rendered":"CUISINART Knetmaschine"},"content":{"rendered":"<p>Mit dem Planetenmixer von Cuisinart k\u00f6nnen Sie Ihre Kreativit\u00e4t in der K\u00fcche voll aussch\u00f6pfen. Mit diesem Standmixer, der Benutzerfreundlichkeit, Leistung und Stil vereint, k\u00f6nnen Sie m\u00fchelos Brotteig kneten, Eischnee aufschlagen oder Mischungen, Teige und So\u00dfen zubereiten.<br \/>\nZw\u00f6lf verschiedene Geschwindigkeitsstufen erm\u00f6glichen eine pr\u00e4zise Kontrolle w\u00e4hrend des Gebrauchs. W\u00e4hlen Sie die niedrige Geschwindigkeitsstufe, um Lebensmittel schonend zu zerkleinern, oder schalten Sie auf die h\u00f6here Geschwindigkeitsstufe, um Zutaten in Sekundenschnelle zu p\u00fcrieren.<\/p>\n<p>Die 5,2-Liter-Sch\u00fcssel aus rostfreiem Stahl fasst auch gro\u00dfe Mengen an Zutaten. Der transparente Deckel mit Spritzschutz verhindert das Versch\u00fctten von Fl\u00fcssigkeiten und erm\u00f6glicht es Ihnen, die laufende Zubereitung zu \u00fcberwachen.<\/p>\n<p>Der Planetenmixer von Cuisinart ist mit seiner sch\u00f6nen Verarbeitung und seinem eleganten Design das perfekte Zubeh\u00f6r f\u00fcr jede K\u00fcche.<\/p>\n<p><strong>TECHNISCHE MERKMALE:<\/strong><\/p>\n<ul>\n<li>500-W-Hochleistungsmotor &#8211; kraftvoll und zuverl\u00e4ssig f\u00fcr die sekundenschnelle Zubereitung mit hoher Intensit\u00e4t<\/li>\n<li>12 Geschwindigkeitsstufen f\u00fcr eine Vielzahl von Rezepten &#8211; die pr\u00e4zise Steuerung der Einstellungen erm\u00f6glicht es Ihnen, in Sekundenschnelle zwischen ultrasanftem und kraftvollem Mixen zu wechseln<br \/>\n5,2-Liter-Sch\u00fcssel mit gro\u00dfem Fassungsverm\u00f6gen, sp\u00fclmaschinengeeignet<\/li>\n<li>Professioneller Schneebesen zum Aufschlagen &#8211; aus Edelstahl mit<\/li>\n<li>Aluminiumkopf, perfekt zum sanften Einarbeiten von Luft in das Eiwei\u00df, zum Schlagen von Sahne, um sie fest, leicht und schaumig zu machen, oder zum perfekten Mixen von Zutaten<\/li>\n<li>Flacher R\u00fchrquirl &#8211; perfekt zum Mischen von Keksen, Kuchen und Teigen<\/li>\n<li>Knethaken &#8211; perfekt f\u00fcr Brot, Pizza und Pasta<\/li>\n<li>Spritzschutzdeckel mit Ausgie\u00dfer &#8211; verhindert Spritzer bei der Arbeit und eignet sich perfekt, um Zutaten nach und nach hinzuzuf\u00fcgen und dabei die laufenden Zubereitungen im Blick zu behalten<\/li>\n<li>Der Hebehebel arretiert den Planetenmischer fest in der angehobenen<\/li>\n<li>Position, so dass die Zutaten leicht hinzugef\u00fcgt und die Sch\u00fcssel abgenommen werden k\u00f6nnen<\/li>\n<li>Edelstahlsch\u00fcssel mit ergonomischem Griff<\/li>\n<li>Stabiler Rahmen und Sockel aus Metalldruckguss<\/li>\n<\/ul>\n<p><span style=\"text-decoration: underline;\"><strong>3 Jahre Garantie<\/strong><\/span><br \/>\n<span style=\"text-decoration: underline;\"><strong>Nicht zum Verkauf au\u00dferhalb Europas<\/strong><\/span><\/p>\n","protected":false},"excerpt":{"rendered":"<p>Mit dem Planetenmixer von Cuisinart k\u00f6nnen Sie Ihre Kreativit\u00e4t in der K\u00fcche voll aussch\u00f6pfen. Mit diesem Standmixer, der Benutzerfreundlichkeit, Leistung<\/p>\n","protected":false},"featured_media":477270,"template":"","meta":{"_acf_changed":false,"inline_featured_image":false},"product_cat":[6703,14475],"product_tag":[23911,23691],"acf":[],"yoast_head":"<!-- This site is optimized with the Yoast SEO Premium plugin v18.6 (Yoast SEO v19.13) - https:\/\/yoast.com\/wordpress\/plugins\/seo\/ -->\n<title>CUISINART Knetmaschine<\/title>\n<meta name=\"description\" content=\"Entdecken Sie CUISINART Knetmaschine bei ErresseShop. Qualit\u00e4t, Stil und Funktionalit\u00e4t \u2013 jetzt online bestellen!\" \/>\n<meta name=\"robots\" content=\"index, follow, max-snippet:-1, max-image-preview:large, max-video-preview:-1\" \/>\n<link rel=\"canonical\" href=\"https:\/\/www.erresse-shop.it\/de\/shop\/kleine-elektrogeraete\/knetmaschinen\/cuisinart-knetmaschine\/\" \/>\n<meta property=\"og:locale\" content=\"de_DE\" \/>\n<meta property=\"og:type\" content=\"article\" \/>\n<meta property=\"og:title\" content=\"CUISINART Knetmaschine\" \/>\n<meta property=\"og:description\" content=\"Entdecken Sie CUISINART Knetmaschine bei ErresseShop. Qualit\u00e4t, Stil und Funktionalit\u00e4t \u2013 jetzt online bestellen!\" \/>\n<meta property=\"og:url\" content=\"https:\/\/www.erresse-shop.it\/de\/shop\/kleine-elektrogeraete\/knetmaschinen\/cuisinart-knetmaschine\/\" \/>\n<meta property=\"og:site_name\" content=\"Erresse Shop\" \/>\n<meta property=\"article:modified_time\" content=\"2025-01-16T14:58:40+00:00\" \/>\n<meta property=\"og:image\" content=\"https:\/\/www.erresse-shop.it\/wp-content\/uploads\/2022\/10\/CUISINART-impastatrice3.jpg\" \/>\n\t<meta property=\"og:image:width\" content=\"800\" \/>\n\t<meta property=\"og:image:height\" content=\"800\" \/>\n\t<meta property=\"og:image:type\" content=\"image\/jpeg\" \/>\n<meta name=\"twitter:card\" content=\"summary_large_image\" \/>\n<script type=\"application\/ld+json\" class=\"yoast-schema-graph\">{\"@context\":\"https:\/\/schema.org\",\"@graph\":[{\"@type\":\"WebPage\",\"@id\":\"https:\/\/www.erresse-shop.it\/de\/shop\/kleine-elektrogeraete\/knetmaschinen\/cuisinart-knetmaschine\/\",\"url\":\"https:\/\/www.erresse-shop.it\/de\/shop\/kleine-elektrogeraete\/knetmaschinen\/cuisinart-knetmaschine\/\",\"name\":\"CUISINART Knetmaschine\",\"isPartOf\":{\"@id\":\"https:\/\/www.erresse-shop.it\/de\/#website\"},\"datePublished\":\"2022-10-20T13:03:40+00:00\",\"dateModified\":\"2025-01-16T14:58:40+00:00\",\"description\":\"Entdecken Sie CUISINART Knetmaschine bei ErresseShop. Qualit\u00e4t, Stil und Funktionalit\u00e4t \u2013 jetzt online bestellen!\",\"breadcrumb\":{\"@id\":\"https:\/\/www.erresse-shop.it\/de\/shop\/kleine-elektrogeraete\/knetmaschinen\/cuisinart-knetmaschine\/#breadcrumb\"},\"inLanguage\":\"de-DE\",\"potentialAction\":[{\"@type\":\"ReadAction\",\"target\":[\"https:\/\/www.erresse-shop.it\/de\/shop\/kleine-elektrogeraete\/knetmaschinen\/cuisinart-knetmaschine\/\"]}]},{\"@type\":\"BreadcrumbList\",\"@id\":\"https:\/\/www.erresse-shop.it\/de\/shop\/kleine-elektrogeraete\/knetmaschinen\/cuisinart-knetmaschine\/#breadcrumb\",\"itemListElement\":[{\"@type\":\"ListItem\",\"position\":1,\"name\":\"Home\",\"item\":\"https:\/\/www.erresse-shop.it\/de\/\"},{\"@type\":\"ListItem\",\"position\":2,\"name\":\"Shop\",\"item\":\"https:\/\/www.erresse-shop.it\/de\/shop\/\"},{\"@type\":\"ListItem\",\"position\":3,\"name\":\"CUISINART Knetmaschine\"}]},{\"@type\":\"WebSite\",\"@id\":\"https:\/\/www.erresse-shop.it\/de\/#website\",\"url\":\"https:\/\/www.erresse-shop.it\/de\/\",\"name\":\"Erresse Shop\",\"description\":\"Articoli di qualit\u00e0 per la casa\",\"potentialAction\":[{\"@type\":\"SearchAction\",\"target\":{\"@type\":\"EntryPoint\",\"urlTemplate\":\"https:\/\/www.erresse-shop.it\/de\/?s={search_term_string}\"},\"query-input\":\"required name=search_term_string\"}],\"inLanguage\":\"de-DE\"}]}<\/script>\n<!-- \/ Yoast SEO Premium plugin. -->","yoast_head_json":{"title":"CUISINART Knetmaschine","description":"Entdecken Sie CUISINART Knetmaschine bei ErresseShop. Qualit\u00e4t, Stil und Funktionalit\u00e4t \u2013 jetzt online bestellen!","robots":{"index":"index","follow":"follow","max-snippet":"max-snippet:-1","max-image-preview":"max-image-preview:large","max-video-preview":"max-video-preview:-1"},"canonical":"https:\/\/www.erresse-shop.it\/de\/shop\/kleine-elektrogeraete\/knetmaschinen\/cuisinart-knetmaschine\/","og_locale":"de_DE","og_type":"article","og_title":"CUISINART Knetmaschine","og_description":"Entdecken Sie CUISINART Knetmaschine bei ErresseShop. Qualit\u00e4t, Stil und Funktionalit\u00e4t \u2013 jetzt online bestellen!","og_url":"https:\/\/www.erresse-shop.it\/de\/shop\/kleine-elektrogeraete\/knetmaschinen\/cuisinart-knetmaschine\/","og_site_name":"Erresse Shop","article_modified_time":"2025-01-16T14:58:40+00:00","og_image":[{"width":800,"height":800,"url":"https:\/\/www.erresse-shop.it\/wp-content\/uploads\/2022\/10\/CUISINART-impastatrice3.jpg","type":"image\/jpeg"}],"twitter_card":"summary_large_image","schema":{"@context":"https:\/\/schema.org","@graph":[{"@type":"WebPage","@id":"https:\/\/www.erresse-shop.it\/de\/shop\/kleine-elektrogeraete\/knetmaschinen\/cuisinart-knetmaschine\/","url":"https:\/\/www.erresse-shop.it\/de\/shop\/kleine-elektrogeraete\/knetmaschinen\/cuisinart-knetmaschine\/","name":"CUISINART Knetmaschine","isPartOf":{"@id":"https:\/\/www.erresse-shop.it\/de\/#website"},"datePublished":"2022-10-20T13:03:40+00:00","dateModified":"2025-01-16T14:58:40+00:00","description":"Entdecken Sie CUISINART Knetmaschine bei ErresseShop. Qualit\u00e4t, Stil und Funktionalit\u00e4t \u2013 jetzt online bestellen!","breadcrumb":{"@id":"https:\/\/www.erresse-shop.it\/de\/shop\/kleine-elektrogeraete\/knetmaschinen\/cuisinart-knetmaschine\/#breadcrumb"},"inLanguage":"de-DE","potentialAction":[{"@type":"ReadAction","target":["https:\/\/www.erresse-shop.it\/de\/shop\/kleine-elektrogeraete\/knetmaschinen\/cuisinart-knetmaschine\/"]}]},{"@type":"BreadcrumbList","@id":"https:\/\/www.erresse-shop.it\/de\/shop\/kleine-elektrogeraete\/knetmaschinen\/cuisinart-knetmaschine\/#breadcrumb","itemListElement":[{"@type":"ListItem","position":1,"name":"Home","item":"https:\/\/www.erresse-shop.it\/de\/"},{"@type":"ListItem","position":2,"name":"Shop","item":"https:\/\/www.erresse-shop.it\/de\/shop\/"},{"@type":"ListItem","position":3,"name":"CUISINART Knetmaschine"}]},{"@type":"WebSite","@id":"https:\/\/www.erresse-shop.it\/de\/#website","url":"https:\/\/www.erresse-shop.it\/de\/","name":"Erresse Shop","description":"Articoli di qualit\u00e0 per la casa","potentialAction":[{"@type":"SearchAction","target":{"@type":"EntryPoint","urlTemplate":"https:\/\/www.erresse-shop.it\/de\/?s={search_term_string}"},"query-input":"required name=search_term_string"}],"inLanguage":"de-DE"}]}},"df_price":449.9,"df_sale_price":449.9,"df_regular_price":449.9,"df_image_link":"https:\/\/www.erresse-shop.it\/wp-content\/uploads\/2022\/10\/CUISINART-Impastatrice-3-300x300.jpg","_links":{"self":[{"href":"https:\/\/www.erresse-shop.it\/de\/wp-json\/wp\/v2\/product\/195423"}],"collection":[{"href":"https:\/\/www.erresse-shop.it\/de\/wp-json\/wp\/v2\/product"}],"about":[{"href":"https:\/\/www.erresse-shop.it\/de\/wp-json\/wp\/v2\/types\/product"}],"wp:featuredmedia":[{"embeddable":true,"href":"https:\/\/www.erresse-shop.it\/de\/wp-json\/wp\/v2\/media\/477270"}],"wp:attachment":[{"href":"https:\/\/www.erresse-shop.it\/de\/wp-json\/wp\/v2\/media?parent=195423"}],"wp:term":[{"taxonomy":"product_cat","embeddable":true,"href":"https:\/\/www.erresse-shop.it\/de\/wp-json\/wp\/v2\/product_cat?post=195423"},{"taxonomy":"product_tag","embeddable":true,"href":"https:\/\/www.erresse-shop.it\/de\/wp-json\/wp\/v2\/product_tag?post=195423"}],"curies":[{"name":"wp","href":"https:\/\/api.w.org\/{rel}","templated":true}]}}