{"id":195281,"date":"2022-10-20T10:35:23","date_gmt":"2022-10-20T10:35:24","guid":{"rendered":"https:\/\/www.erresse-shop.it\/?post_type=product&#038;p=195281"},"modified":"2025-01-22T07:36:36","modified_gmt":"2025-01-22T07:36:36","slug":"cuisinart-mini-holzhackmaschine-rosa","status":"publish","type":"product","link":"https:\/\/www.erresse-shop.it\/de\/shop\/kuche\/cuisinart-mini-holzhackmaschine-rosa\/","title":{"rendered":"CUISINART Mini-Holzhackmaschine Rosa"},"content":{"rendered":"<p>Diese Mini-K\u00fcchenmaschine ist Teil unserer Style Collection und passt perfekt in jede K\u00fcche. Sie vereint die Leistung einer K\u00fcchenmaschine mit kompakten, platzsparenden Abmessungen.<\/p>\n<p>Verwenden Sie ihn zum Hacken, Mixen, P\u00fcrieren und Verquirlen &#8211; perfekt zum Zerkleinern und f\u00fcr die Zubereitung von So\u00dfen.<\/p>\n<p>Mit dem Cuisinart Mini Prep Pro mit einem Fassungsverm\u00f6gen von 900 ml k\u00f6nnen Sie schnell und einfach Zwiebeln und Knoblauch hacken, sowie Paniermehl herstellen und N\u00fcsse mahlen. Sie k\u00f6nnen auch So\u00dfen, Pesto, Hummus und Mayonnaise herstellen. Er eignet sich auch hervorragend zum Mixen kleinerer Mengen, z. B. f\u00fcr Smoothies, Kompotte und Babynahrung.<\/p>\n<p>Mit nur 1 Klinge, die sich zum Zerkleinern\/Mischen oder Mahlen in beide Richtungen drehen l\u00e4sst, ist er wirklich einfach zu bedienen. Die Sch\u00fcssel und die Klinge sind sp\u00fclmaschinenfest und lassen sich leicht reinigen.<\/p>\n<p><strong>ZUBEH\u00d6R:<\/strong><\/p>\n<ul>\n<li>Klinge<\/li>\n<li>Spatel<\/li>\n<\/ul>\n<p><strong>TECHNISCHE MERKMALE:<\/strong><\/p>\n<ul>\n<li>Hochwertige Edelstahlklinge und leistungsstarker Motor f\u00fcr optimale<\/li>\n<li>Leistung und gleichm\u00e4\u00dfige Ergebnisse.<\/li>\n<li>250 W AC-Motor.<\/li>\n<li>900 ml Fassungsverm\u00f6gen &#8211; kompakte Gr\u00f6\u00dfe.<\/li>\n<li>Die doppelseitige Klinge ist auf der einen Seite zum Schleifen und auf der anderen zum Mischen gesch\u00e4rft.<\/li>\n<li>Die Klinge dreht sich in beide Richtungen, was dazu beitr\u00e4gt, die Zutaten in der Sch\u00fcssel zu bewegen und gleichm\u00e4\u00dfige Ergebnisse zu erzielen.<\/li>\n<li>Kompaktes und leichtes Design.<\/li>\n<li>Impulsbetrieb f\u00fcr totale Kontrolle.<\/li>\n<li>Kompaktes und leichtes Design<\/li>\n<li>Das BladeLock\u2122-System h\u00e4lt die Klinge w\u00e4hrend des Gie\u00dfens sicher in Position.<\/li>\n<li>Durch das Loch im Deckel lassen sich Fl\u00fcssigkeiten langsam einf\u00fcllen &#8211; ideal f\u00fcr Mayonnaise.<\/li>\n<li>Klinge, Deckel und Sch\u00fcssel sind komplett abnehmbar und sp\u00fclmaschinenfest f\u00fcr eine einfache Reinigung.<\/li>\n<\/ul>\n<p><span style=\"text-decoration: underline;\"><strong>5 Jahre Garantie<\/strong><\/span><br \/>\n<span style=\"text-decoration: underline;\"><strong>Nicht zum Verkauf au\u00dferhalb Europas<\/strong><\/span><\/p>\n","protected":false},"excerpt":{"rendered":"<p>Diese Mini-K\u00fcchenmaschine ist Teil unserer Style Collection und passt perfekt in jede K\u00fcche. Sie vereint die Leistung einer K\u00fcchenmaschine mit<\/p>\n","protected":false},"featured_media":195296,"template":"","meta":{"_acf_changed":false,"inline_featured_image":false},"product_cat":[6742],"product_tag":[24366],"acf":[],"yoast_head":"<!-- This site is optimized with the Yoast SEO Premium plugin v18.6 (Yoast SEO v19.13) - https:\/\/yoast.com\/wordpress\/plugins\/seo\/ -->\n<title>CUISINART Mini-Holzhackmaschine Rosa<\/title>\n<meta name=\"description\" content=\"Entdecken Sie CUISINART Mini-Holzhackmaschine Rosa bei ErresseShop. Qualit\u00e4t, Stil und Funktionalit\u00e4t \u2013 jetzt online bestellen!\" \/>\n<meta name=\"robots\" content=\"index, follow, max-snippet:-1, max-image-preview:large, max-video-preview:-1\" \/>\n<link rel=\"canonical\" href=\"https:\/\/www.erresse-shop.it\/de\/shop\/kuche\/cuisinart-mini-holzhackmaschine-rosa\/\" \/>\n<meta property=\"og:locale\" content=\"de_DE\" \/>\n<meta property=\"og:type\" content=\"article\" \/>\n<meta property=\"og:title\" content=\"CUISINART Mini-Holzhackmaschine Rosa\" \/>\n<meta property=\"og:description\" content=\"Entdecken Sie CUISINART Mini-Holzhackmaschine Rosa bei ErresseShop. Qualit\u00e4t, Stil und Funktionalit\u00e4t \u2013 jetzt online bestellen!\" \/>\n<meta property=\"og:url\" content=\"https:\/\/www.erresse-shop.it\/de\/shop\/kuche\/cuisinart-mini-holzhackmaschine-rosa\/\" \/>\n<meta property=\"og:site_name\" content=\"Erresse Shop\" \/>\n<meta property=\"article:modified_time\" content=\"2025-01-22T07:36:36+00:00\" \/>\n<meta property=\"og:image\" content=\"https:\/\/www.erresse-shop.it\/wp-content\/uploads\/2022\/10\/CUISINART-Mini-robot-rosa4-1.jpg\" \/>\n\t<meta property=\"og:image:width\" content=\"800\" \/>\n\t<meta property=\"og:image:height\" content=\"800\" \/>\n\t<meta property=\"og:image:type\" content=\"image\/jpeg\" \/>\n<meta name=\"twitter:card\" content=\"summary_large_image\" \/>\n<script type=\"application\/ld+json\" class=\"yoast-schema-graph\">{\"@context\":\"https:\/\/schema.org\",\"@graph\":[{\"@type\":\"WebPage\",\"@id\":\"https:\/\/www.erresse-shop.it\/de\/shop\/kuche\/cuisinart-mini-holzhackmaschine-rosa\/\",\"url\":\"https:\/\/www.erresse-shop.it\/de\/shop\/kuche\/cuisinart-mini-holzhackmaschine-rosa\/\",\"name\":\"CUISINART Mini-Holzhackmaschine Rosa\",\"isPartOf\":{\"@id\":\"https:\/\/www.erresse-shop.it\/de\/#website\"},\"datePublished\":\"2022-10-20T10:35:24+00:00\",\"dateModified\":\"2025-01-22T07:36:36+00:00\",\"description\":\"Entdecken Sie CUISINART Mini-Holzhackmaschine Rosa bei ErresseShop. Qualit\u00e4t, Stil und Funktionalit\u00e4t \u2013 jetzt online bestellen!\",\"breadcrumb\":{\"@id\":\"https:\/\/www.erresse-shop.it\/de\/shop\/kuche\/cuisinart-mini-holzhackmaschine-rosa\/#breadcrumb\"},\"inLanguage\":\"de-DE\",\"potentialAction\":[{\"@type\":\"ReadAction\",\"target\":[\"https:\/\/www.erresse-shop.it\/de\/shop\/kuche\/cuisinart-mini-holzhackmaschine-rosa\/\"]}]},{\"@type\":\"BreadcrumbList\",\"@id\":\"https:\/\/www.erresse-shop.it\/de\/shop\/kuche\/cuisinart-mini-holzhackmaschine-rosa\/#breadcrumb\",\"itemListElement\":[{\"@type\":\"ListItem\",\"position\":1,\"name\":\"Home\",\"item\":\"https:\/\/www.erresse-shop.it\/de\/\"},{\"@type\":\"ListItem\",\"position\":2,\"name\":\"Shop\",\"item\":\"https:\/\/www.erresse-shop.it\/de\/shop\/\"},{\"@type\":\"ListItem\",\"position\":3,\"name\":\"CUISINART Mini-Holzhackmaschine Rosa\"}]},{\"@type\":\"WebSite\",\"@id\":\"https:\/\/www.erresse-shop.it\/de\/#website\",\"url\":\"https:\/\/www.erresse-shop.it\/de\/\",\"name\":\"Erresse Shop\",\"description\":\"Articoli di qualit\u00e0 per la casa\",\"potentialAction\":[{\"@type\":\"SearchAction\",\"target\":{\"@type\":\"EntryPoint\",\"urlTemplate\":\"https:\/\/www.erresse-shop.it\/de\/?s={search_term_string}\"},\"query-input\":\"required name=search_term_string\"}],\"inLanguage\":\"de-DE\"}]}<\/script>\n<!-- \/ Yoast SEO Premium plugin. -->","yoast_head_json":{"title":"CUISINART Mini-Holzhackmaschine Rosa","description":"Entdecken Sie CUISINART Mini-Holzhackmaschine Rosa bei ErresseShop. Qualit\u00e4t, Stil und Funktionalit\u00e4t \u2013 jetzt online bestellen!","robots":{"index":"index","follow":"follow","max-snippet":"max-snippet:-1","max-image-preview":"max-image-preview:large","max-video-preview":"max-video-preview:-1"},"canonical":"https:\/\/www.erresse-shop.it\/de\/shop\/kuche\/cuisinart-mini-holzhackmaschine-rosa\/","og_locale":"de_DE","og_type":"article","og_title":"CUISINART Mini-Holzhackmaschine Rosa","og_description":"Entdecken Sie CUISINART Mini-Holzhackmaschine Rosa bei ErresseShop. Qualit\u00e4t, Stil und Funktionalit\u00e4t \u2013 jetzt online bestellen!","og_url":"https:\/\/www.erresse-shop.it\/de\/shop\/kuche\/cuisinart-mini-holzhackmaschine-rosa\/","og_site_name":"Erresse Shop","article_modified_time":"2025-01-22T07:36:36+00:00","og_image":[{"width":800,"height":800,"url":"https:\/\/www.erresse-shop.it\/wp-content\/uploads\/2022\/10\/CUISINART-Mini-robot-rosa4-1.jpg","type":"image\/jpeg"}],"twitter_card":"summary_large_image","schema":{"@context":"https:\/\/schema.org","@graph":[{"@type":"WebPage","@id":"https:\/\/www.erresse-shop.it\/de\/shop\/kuche\/cuisinart-mini-holzhackmaschine-rosa\/","url":"https:\/\/www.erresse-shop.it\/de\/shop\/kuche\/cuisinart-mini-holzhackmaschine-rosa\/","name":"CUISINART Mini-Holzhackmaschine Rosa","isPartOf":{"@id":"https:\/\/www.erresse-shop.it\/de\/#website"},"datePublished":"2022-10-20T10:35:24+00:00","dateModified":"2025-01-22T07:36:36+00:00","description":"Entdecken Sie CUISINART Mini-Holzhackmaschine Rosa bei ErresseShop. Qualit\u00e4t, Stil und Funktionalit\u00e4t \u2013 jetzt online bestellen!","breadcrumb":{"@id":"https:\/\/www.erresse-shop.it\/de\/shop\/kuche\/cuisinart-mini-holzhackmaschine-rosa\/#breadcrumb"},"inLanguage":"de-DE","potentialAction":[{"@type":"ReadAction","target":["https:\/\/www.erresse-shop.it\/de\/shop\/kuche\/cuisinart-mini-holzhackmaschine-rosa\/"]}]},{"@type":"BreadcrumbList","@id":"https:\/\/www.erresse-shop.it\/de\/shop\/kuche\/cuisinart-mini-holzhackmaschine-rosa\/#breadcrumb","itemListElement":[{"@type":"ListItem","position":1,"name":"Home","item":"https:\/\/www.erresse-shop.it\/de\/"},{"@type":"ListItem","position":2,"name":"Shop","item":"https:\/\/www.erresse-shop.it\/de\/shop\/"},{"@type":"ListItem","position":3,"name":"CUISINART Mini-Holzhackmaschine Rosa"}]},{"@type":"WebSite","@id":"https:\/\/www.erresse-shop.it\/de\/#website","url":"https:\/\/www.erresse-shop.it\/de\/","name":"Erresse Shop","description":"Articoli di qualit\u00e0 per la casa","potentialAction":[{"@type":"SearchAction","target":{"@type":"EntryPoint","urlTemplate":"https:\/\/www.erresse-shop.it\/de\/?s={search_term_string}"},"query-input":"required name=search_term_string"}],"inLanguage":"de-DE"}]}},"df_price":69.9,"df_sale_price":69.9,"df_regular_price":69.9,"df_image_link":"https:\/\/www.erresse-shop.it\/wp-content\/uploads\/2022\/10\/CUISINART-Mini-robot-rosa4-1-300x300.jpg","_links":{"self":[{"href":"https:\/\/www.erresse-shop.it\/de\/wp-json\/wp\/v2\/product\/195281"}],"collection":[{"href":"https:\/\/www.erresse-shop.it\/de\/wp-json\/wp\/v2\/product"}],"about":[{"href":"https:\/\/www.erresse-shop.it\/de\/wp-json\/wp\/v2\/types\/product"}],"wp:featuredmedia":[{"embeddable":true,"href":"https:\/\/www.erresse-shop.it\/de\/wp-json\/wp\/v2\/media\/195296"}],"wp:attachment":[{"href":"https:\/\/www.erresse-shop.it\/de\/wp-json\/wp\/v2\/media?parent=195281"}],"wp:term":[{"taxonomy":"product_cat","embeddable":true,"href":"https:\/\/www.erresse-shop.it\/de\/wp-json\/wp\/v2\/product_cat?post=195281"},{"taxonomy":"product_tag","embeddable":true,"href":"https:\/\/www.erresse-shop.it\/de\/wp-json\/wp\/v2\/product_tag?post=195281"}],"curies":[{"name":"wp","href":"https:\/\/api.w.org\/{rel}","templated":true}]}}