{"id":195250,"date":"2022-10-20T10:10:50","date_gmt":"2022-10-20T10:10:52","guid":{"rendered":"https:\/\/www.erresse-shop.it\/?post_type=product&#038;p=195250"},"modified":"2025-01-17T18:00:08","modified_gmt":"2025-01-17T18:00:08","slug":"villeroy-boch-schaukelpferd-toys-fantasy","status":"publish","type":"product","link":"https:\/\/www.erresse-shop.it\/de\/shop\/einrichtung-haus\/dekoartikel\/villeroy-boch-schaukelpferd-toys-fantasy\/","title":{"rendered":"VILLEROY &#038; BOCH Schaukelpferd Toy&#8217;s Fantasy"},"content":{"rendered":"<p><strong>Eine fr\u00f6hliche und festliche Dekoration f\u00fcr Tisch und Haus<\/strong><br \/>\nDie Kollektion Winter Collage Accessoires ist Teil der gro\u00dfen Weihnachtswelt von Villeroy &amp; Boch. Hier finden Sie die richtigen Accessoires, um Ihrem Tisch, Ihrem Weihnachtsbaum und Ihrem Zuhause den letzten Schliff zu geben. Diese wundersch\u00f6n gestaltete Figur ist eine tolle Dekoration f\u00fcr Ihr Zuhause oder Ihren festlich gedeckten Tisch. Schm\u00fccken Sie Ihr Zuhause mit sch\u00f6nen Dekorationen.<\/p>\n","protected":false},"excerpt":{"rendered":"<p>Eine fr\u00f6hliche und festliche Dekoration f\u00fcr Tisch und Haus Die Kollektion Winter Collage Accessoires ist Teil der gro\u00dfen Weihnachtswelt von<\/p>\n","protected":false},"featured_media":195277,"template":"","meta":{"_acf_changed":false,"inline_featured_image":false},"product_cat":[6817,14442],"product_tag":[23911,20502],"acf":[],"yoast_head":"<!-- This site is optimized with the Yoast SEO Premium plugin v18.6 (Yoast SEO v19.13) - https:\/\/yoast.com\/wordpress\/plugins\/seo\/ -->\n<title>VILLEROY &amp; BOCH Schaukelpferd Toy&#039;s Fantasy<\/title>\n<meta name=\"description\" content=\"Entdecken Sie VILLEROY &amp; BOCH Schaukelpferd Toy&#039;s Fantasy bei ErresseShop. Qualit\u00e4t, Stil und Funktionalit\u00e4t \u2013 jetzt online bestellen!\" \/>\n<meta name=\"robots\" content=\"index, follow, max-snippet:-1, max-image-preview:large, max-video-preview:-1\" \/>\n<link rel=\"canonical\" href=\"https:\/\/www.erresse-shop.it\/de\/shop\/einrichtung-haus\/dekoartikel\/villeroy-boch-schaukelpferd-toys-fantasy\/\" \/>\n<meta property=\"og:locale\" content=\"de_DE\" \/>\n<meta property=\"og:type\" content=\"article\" \/>\n<meta property=\"og:title\" content=\"VILLEROY &amp; BOCH Schaukelpferd Toy&#039;s Fantasy\" \/>\n<meta property=\"og:description\" content=\"Entdecken Sie VILLEROY &amp; BOCH Schaukelpferd Toy&#039;s Fantasy bei ErresseShop. Qualit\u00e4t, Stil und Funktionalit\u00e4t \u2013 jetzt online bestellen!\" \/>\n<meta property=\"og:url\" content=\"https:\/\/www.erresse-shop.it\/de\/shop\/einrichtung-haus\/dekoartikel\/villeroy-boch-schaukelpferd-toys-fantasy\/\" \/>\n<meta property=\"og:site_name\" content=\"Erresse Shop\" \/>\n<meta property=\"article:modified_time\" content=\"2025-01-17T18:00:08+00:00\" \/>\n<meta property=\"og:image\" content=\"https:\/\/www.erresse-shop.it\/wp-content\/uploads\/2022\/10\/VILLEROY-BOCH-Cavallo-Dondolo.jpg\" \/>\n\t<meta property=\"og:image:width\" content=\"800\" \/>\n\t<meta property=\"og:image:height\" content=\"800\" \/>\n\t<meta property=\"og:image:type\" content=\"image\/jpeg\" \/>\n<meta name=\"twitter:card\" content=\"summary_large_image\" \/>\n<script type=\"application\/ld+json\" class=\"yoast-schema-graph\">{\"@context\":\"https:\/\/schema.org\",\"@graph\":[{\"@type\":\"WebPage\",\"@id\":\"https:\/\/www.erresse-shop.it\/de\/shop\/einrichtung-haus\/dekoartikel\/villeroy-boch-schaukelpferd-toys-fantasy\/\",\"url\":\"https:\/\/www.erresse-shop.it\/de\/shop\/einrichtung-haus\/dekoartikel\/villeroy-boch-schaukelpferd-toys-fantasy\/\",\"name\":\"VILLEROY & BOCH Schaukelpferd Toy's Fantasy\",\"isPartOf\":{\"@id\":\"https:\/\/www.erresse-shop.it\/de\/#website\"},\"datePublished\":\"2022-10-20T10:10:52+00:00\",\"dateModified\":\"2025-01-17T18:00:08+00:00\",\"description\":\"Entdecken Sie VILLEROY & BOCH Schaukelpferd Toy's Fantasy bei ErresseShop. Qualit\u00e4t, Stil und Funktionalit\u00e4t \u2013 jetzt online bestellen!\",\"breadcrumb\":{\"@id\":\"https:\/\/www.erresse-shop.it\/de\/shop\/einrichtung-haus\/dekoartikel\/villeroy-boch-schaukelpferd-toys-fantasy\/#breadcrumb\"},\"inLanguage\":\"de-DE\",\"potentialAction\":[{\"@type\":\"ReadAction\",\"target\":[\"https:\/\/www.erresse-shop.it\/de\/shop\/einrichtung-haus\/dekoartikel\/villeroy-boch-schaukelpferd-toys-fantasy\/\"]}]},{\"@type\":\"BreadcrumbList\",\"@id\":\"https:\/\/www.erresse-shop.it\/de\/shop\/einrichtung-haus\/dekoartikel\/villeroy-boch-schaukelpferd-toys-fantasy\/#breadcrumb\",\"itemListElement\":[{\"@type\":\"ListItem\",\"position\":1,\"name\":\"Home\",\"item\":\"https:\/\/www.erresse-shop.it\/de\/\"},{\"@type\":\"ListItem\",\"position\":2,\"name\":\"Shop\",\"item\":\"https:\/\/www.erresse-shop.it\/de\/shop\/\"},{\"@type\":\"ListItem\",\"position\":3,\"name\":\"VILLEROY &#038; BOCH Schaukelpferd Toy&#8217;s Fantasy\"}]},{\"@type\":\"WebSite\",\"@id\":\"https:\/\/www.erresse-shop.it\/de\/#website\",\"url\":\"https:\/\/www.erresse-shop.it\/de\/\",\"name\":\"Erresse Shop\",\"description\":\"Articoli di qualit\u00e0 per la casa\",\"potentialAction\":[{\"@type\":\"SearchAction\",\"target\":{\"@type\":\"EntryPoint\",\"urlTemplate\":\"https:\/\/www.erresse-shop.it\/de\/?s={search_term_string}\"},\"query-input\":\"required name=search_term_string\"}],\"inLanguage\":\"de-DE\"}]}<\/script>\n<!-- \/ Yoast SEO Premium plugin. -->","yoast_head_json":{"title":"VILLEROY & BOCH Schaukelpferd Toy's Fantasy","description":"Entdecken Sie VILLEROY & BOCH Schaukelpferd Toy's Fantasy bei ErresseShop. Qualit\u00e4t, Stil und Funktionalit\u00e4t \u2013 jetzt online bestellen!","robots":{"index":"index","follow":"follow","max-snippet":"max-snippet:-1","max-image-preview":"max-image-preview:large","max-video-preview":"max-video-preview:-1"},"canonical":"https:\/\/www.erresse-shop.it\/de\/shop\/einrichtung-haus\/dekoartikel\/villeroy-boch-schaukelpferd-toys-fantasy\/","og_locale":"de_DE","og_type":"article","og_title":"VILLEROY & BOCH Schaukelpferd Toy's Fantasy","og_description":"Entdecken Sie VILLEROY & BOCH Schaukelpferd Toy's Fantasy bei ErresseShop. Qualit\u00e4t, Stil und Funktionalit\u00e4t \u2013 jetzt online bestellen!","og_url":"https:\/\/www.erresse-shop.it\/de\/shop\/einrichtung-haus\/dekoartikel\/villeroy-boch-schaukelpferd-toys-fantasy\/","og_site_name":"Erresse Shop","article_modified_time":"2025-01-17T18:00:08+00:00","og_image":[{"width":800,"height":800,"url":"https:\/\/www.erresse-shop.it\/wp-content\/uploads\/2022\/10\/VILLEROY-BOCH-Cavallo-Dondolo.jpg","type":"image\/jpeg"}],"twitter_card":"summary_large_image","schema":{"@context":"https:\/\/schema.org","@graph":[{"@type":"WebPage","@id":"https:\/\/www.erresse-shop.it\/de\/shop\/einrichtung-haus\/dekoartikel\/villeroy-boch-schaukelpferd-toys-fantasy\/","url":"https:\/\/www.erresse-shop.it\/de\/shop\/einrichtung-haus\/dekoartikel\/villeroy-boch-schaukelpferd-toys-fantasy\/","name":"VILLEROY & BOCH Schaukelpferd Toy's Fantasy","isPartOf":{"@id":"https:\/\/www.erresse-shop.it\/de\/#website"},"datePublished":"2022-10-20T10:10:52+00:00","dateModified":"2025-01-17T18:00:08+00:00","description":"Entdecken Sie VILLEROY & BOCH Schaukelpferd Toy's Fantasy bei ErresseShop. Qualit\u00e4t, Stil und Funktionalit\u00e4t \u2013 jetzt online bestellen!","breadcrumb":{"@id":"https:\/\/www.erresse-shop.it\/de\/shop\/einrichtung-haus\/dekoartikel\/villeroy-boch-schaukelpferd-toys-fantasy\/#breadcrumb"},"inLanguage":"de-DE","potentialAction":[{"@type":"ReadAction","target":["https:\/\/www.erresse-shop.it\/de\/shop\/einrichtung-haus\/dekoartikel\/villeroy-boch-schaukelpferd-toys-fantasy\/"]}]},{"@type":"BreadcrumbList","@id":"https:\/\/www.erresse-shop.it\/de\/shop\/einrichtung-haus\/dekoartikel\/villeroy-boch-schaukelpferd-toys-fantasy\/#breadcrumb","itemListElement":[{"@type":"ListItem","position":1,"name":"Home","item":"https:\/\/www.erresse-shop.it\/de\/"},{"@type":"ListItem","position":2,"name":"Shop","item":"https:\/\/www.erresse-shop.it\/de\/shop\/"},{"@type":"ListItem","position":3,"name":"VILLEROY &#038; BOCH Schaukelpferd Toy&#8217;s Fantasy"}]},{"@type":"WebSite","@id":"https:\/\/www.erresse-shop.it\/de\/#website","url":"https:\/\/www.erresse-shop.it\/de\/","name":"Erresse Shop","description":"Articoli di qualit\u00e0 per la casa","potentialAction":[{"@type":"SearchAction","target":{"@type":"EntryPoint","urlTemplate":"https:\/\/www.erresse-shop.it\/de\/?s={search_term_string}"},"query-input":"required name=search_term_string"}],"inLanguage":"de-DE"}]}},"df_price":24.95,"df_sale_price":24.95,"df_regular_price":49.9,"df_image_link":"https:\/\/www.erresse-shop.it\/wp-content\/uploads\/2022\/10\/VILLEROY-BOCH-Cavallo-Dondolo-300x300.jpg","_links":{"self":[{"href":"https:\/\/www.erresse-shop.it\/de\/wp-json\/wp\/v2\/product\/195250"}],"collection":[{"href":"https:\/\/www.erresse-shop.it\/de\/wp-json\/wp\/v2\/product"}],"about":[{"href":"https:\/\/www.erresse-shop.it\/de\/wp-json\/wp\/v2\/types\/product"}],"wp:featuredmedia":[{"embeddable":true,"href":"https:\/\/www.erresse-shop.it\/de\/wp-json\/wp\/v2\/media\/195277"}],"wp:attachment":[{"href":"https:\/\/www.erresse-shop.it\/de\/wp-json\/wp\/v2\/media?parent=195250"}],"wp:term":[{"taxonomy":"product_cat","embeddable":true,"href":"https:\/\/www.erresse-shop.it\/de\/wp-json\/wp\/v2\/product_cat?post=195250"},{"taxonomy":"product_tag","embeddable":true,"href":"https:\/\/www.erresse-shop.it\/de\/wp-json\/wp\/v2\/product_tag?post=195250"}],"curies":[{"name":"wp","href":"https:\/\/api.w.org\/{rel}","templated":true}]}}