{"id":195116,"date":"2022-10-20T09:23:23","date_gmt":"2022-10-20T09:23:25","guid":{"rendered":"https:\/\/www.erresse-shop.it\/?post_type=product&#038;p=195116"},"modified":"2025-01-22T07:36:29","modified_gmt":"2025-01-22T07:36:29","slug":"cuisinart-elektrischer-weinoffner","status":"publish","type":"product","link":"https:\/\/www.erresse-shop.it\/de\/shop\/kuche\/cuisinart-elektrischer-weinoffner\/","title":{"rendered":"CUISINART Elektrischer Wein\u00f6ffner"},"content":{"rendered":"<p><strong>KABELLOSE SAMMLUNG<\/strong><\/p>\n<p>Dieser elegante automatische Flaschen\u00f6ffner ist Teil unserer Cordless Collection und \u00f6ffnet Ihre Lieblingsflaschen mit Leichtigkeit. Er erkennt, entfernt und wirft den Korken in einem Arbeitsgang aus und wird mit allem notwendigen Zubeh\u00f6r zum \u00d6ffnen, Einschenken und Aufbewahren von Wein geliefert.<\/p>\n<p>Mit unserem kabellosen automatischen Flaschen\u00f6ffner ist das \u00d6ffnen Ihrer Lieblingsweinflaschen ein Kinderspiel. Er ist mit einem eingebauten Cutter ausgestattet, um die Folienverpackung der Flasche zu entfernen. Einmal angebracht, erkennt er den Korken automatisch und entfernt ihn in einem einfachen Schritt.<\/p>\n<p>Ein Weinausgie\u00dfer ist ebenfalls im Lieferumfang enthalten: Stecken Sie ihn einfach in die ge\u00f6ffnete Flasche, um den Wein beim Einschenken zu entl\u00fcften und den Geschmack zu verbessern. Au\u00dferdem gibt es einen Vakuumverschlie\u00dfer mit Datumsanzeige, um die Frische des noch nicht fertiggestellten Weins zu bewahren und das Datum des ersten \u00d6ffnens der Flasche zu speichern.<\/p>\n<p>Dieser kabellose automatische Flaschen\u00f6ffner wird mit Lithium-Ionen-Akkus und einem USB-Ladeger\u00e4t betrieben und ist immer einsatzbereit, wenn Sie ihn brauchen, denn mit einer vollen 2\u00bd-st\u00fcndigen Ladung k\u00f6nnen bis zu 50 Flaschen ge\u00f6ffnet werden. Dank der Lithium-Ionen-Technologie bietet er auch bei niedrigem Batteriestand eine un\u00fcbertroffene Leistung.<\/p>\n<p>Die Batteriestandsanzeige informiert Sie, wenn der Ladezustand zur Neige geht.<\/p>\n<p>Unser kabelloser automatischer Flaschen\u00f6ffner ist das perfekte Geschenk f\u00fcr Weinliebhaber und funktioniert sowohl mit Natur- als auch mit Kunstkorken.<\/p>\n<p><strong>TECHNISCHE MERKMALE:<\/strong><\/p>\n<ul>\n<li>Automatisches \u00d6ffnen von Natur- und Kunststoffkorken<\/li>\n<li>Kabellos f\u00fcr maximale Flexibilit\u00e4t und Benutzerfreundlichkeit<\/li>\n<li>Kompakte Gr\u00f6\u00dfe<\/li>\n<li>Volle Aufladung in 2\u00bd Stunden zum \u00d6ffnen von bis zu 50 Flaschen<\/li>\n<li>Lithium-Ionen-Akku f\u00fcr konstante, leistungsstarke Leistung<\/li>\n<li>Batterieleuchten zeigen den Batteriestand an<\/li>\n<li>USB-Kabel und Adapter im Lieferumfang enthalten<\/li>\n<li>Inklusive Kapselschneider<\/li>\n<li>Inklusive Ausgie\u00dfer f\u00fcr Wein<\/li>\n<li>Inklusive Vakuumversiegler mit Datumsanzeige, um den Geschmack von unfertigen Weinen zu bewahren<\/li>\n<\/ul>\n<p><span style=\"text-decoration: underline;\"><strong>2 Jahre Garantie<\/strong><\/span><br \/>\n<span style=\"text-decoration: underline;\"><strong>Nicht zum Verkauf au\u00dferhalb Europas<\/strong><\/span><\/p>\n","protected":false},"excerpt":{"rendered":"<p>KABELLOSE SAMMLUNG Dieser elegante automatische Flaschen\u00f6ffner ist Teil unserer Cordless Collection und \u00f6ffnet Ihre Lieblingsflaschen mit Leichtigkeit. Er erkennt, entfernt<\/p>\n","protected":false},"featured_media":195167,"template":"","meta":{"_acf_changed":false,"inline_featured_image":false},"product_cat":[6742],"product_tag":[24366],"acf":[],"yoast_head":"<!-- This site is optimized with the Yoast SEO Premium plugin v18.6 (Yoast SEO v19.13) - https:\/\/yoast.com\/wordpress\/plugins\/seo\/ -->\n<title>CUISINART Elektrischer Wein\u00f6ffner<\/title>\n<meta name=\"description\" content=\"Entdecken Sie CUISINART Elektrischer Wein\u00f6ffner bei ErresseShop. Qualit\u00e4t, Stil und Funktionalit\u00e4t \u2013 jetzt online bestellen!\" \/>\n<meta name=\"robots\" content=\"index, follow, max-snippet:-1, max-image-preview:large, max-video-preview:-1\" \/>\n<link rel=\"canonical\" href=\"https:\/\/www.erresse-shop.it\/de\/shop\/kuche\/cuisinart-elektrischer-weinoffner\/\" \/>\n<meta property=\"og:locale\" content=\"de_DE\" \/>\n<meta property=\"og:type\" content=\"article\" \/>\n<meta property=\"og:title\" content=\"CUISINART Elektrischer Wein\u00f6ffner\" \/>\n<meta property=\"og:description\" content=\"Entdecken Sie CUISINART Elektrischer Wein\u00f6ffner bei ErresseShop. Qualit\u00e4t, Stil und Funktionalit\u00e4t \u2013 jetzt online bestellen!\" \/>\n<meta property=\"og:url\" content=\"https:\/\/www.erresse-shop.it\/de\/shop\/kuche\/cuisinart-elektrischer-weinoffner\/\" \/>\n<meta property=\"og:site_name\" content=\"Erresse Shop\" \/>\n<meta property=\"article:modified_time\" content=\"2025-01-22T07:36:29+00:00\" \/>\n<meta property=\"og:image\" content=\"https:\/\/www.erresse-shop.it\/wp-content\/uploads\/2022\/10\/Apri-vino-amb-1-RWO100E-Image-4.jpg\" \/>\n\t<meta property=\"og:image:width\" content=\"800\" \/>\n\t<meta property=\"og:image:height\" content=\"800\" \/>\n\t<meta property=\"og:image:type\" content=\"image\/jpeg\" \/>\n<meta name=\"twitter:card\" content=\"summary_large_image\" \/>\n<script type=\"application\/ld+json\" class=\"yoast-schema-graph\">{\"@context\":\"https:\/\/schema.org\",\"@graph\":[{\"@type\":\"WebPage\",\"@id\":\"https:\/\/www.erresse-shop.it\/de\/shop\/kuche\/cuisinart-elektrischer-weinoffner\/\",\"url\":\"https:\/\/www.erresse-shop.it\/de\/shop\/kuche\/cuisinart-elektrischer-weinoffner\/\",\"name\":\"CUISINART Elektrischer Wein\u00f6ffner\",\"isPartOf\":{\"@id\":\"https:\/\/www.erresse-shop.it\/de\/#website\"},\"datePublished\":\"2022-10-20T09:23:25+00:00\",\"dateModified\":\"2025-01-22T07:36:29+00:00\",\"description\":\"Entdecken Sie CUISINART Elektrischer Wein\u00f6ffner bei ErresseShop. Qualit\u00e4t, Stil und Funktionalit\u00e4t \u2013 jetzt online bestellen!\",\"breadcrumb\":{\"@id\":\"https:\/\/www.erresse-shop.it\/de\/shop\/kuche\/cuisinart-elektrischer-weinoffner\/#breadcrumb\"},\"inLanguage\":\"de-DE\",\"potentialAction\":[{\"@type\":\"ReadAction\",\"target\":[\"https:\/\/www.erresse-shop.it\/de\/shop\/kuche\/cuisinart-elektrischer-weinoffner\/\"]}]},{\"@type\":\"BreadcrumbList\",\"@id\":\"https:\/\/www.erresse-shop.it\/de\/shop\/kuche\/cuisinart-elektrischer-weinoffner\/#breadcrumb\",\"itemListElement\":[{\"@type\":\"ListItem\",\"position\":1,\"name\":\"Home\",\"item\":\"https:\/\/www.erresse-shop.it\/de\/\"},{\"@type\":\"ListItem\",\"position\":2,\"name\":\"Shop\",\"item\":\"https:\/\/www.erresse-shop.it\/de\/shop\/\"},{\"@type\":\"ListItem\",\"position\":3,\"name\":\"CUISINART Elektrischer Wein\u00f6ffner\"}]},{\"@type\":\"WebSite\",\"@id\":\"https:\/\/www.erresse-shop.it\/de\/#website\",\"url\":\"https:\/\/www.erresse-shop.it\/de\/\",\"name\":\"Erresse Shop\",\"description\":\"Articoli di qualit\u00e0 per la casa\",\"potentialAction\":[{\"@type\":\"SearchAction\",\"target\":{\"@type\":\"EntryPoint\",\"urlTemplate\":\"https:\/\/www.erresse-shop.it\/de\/?s={search_term_string}\"},\"query-input\":\"required name=search_term_string\"}],\"inLanguage\":\"de-DE\"}]}<\/script>\n<!-- \/ Yoast SEO Premium plugin. -->","yoast_head_json":{"title":"CUISINART Elektrischer Wein\u00f6ffner","description":"Entdecken Sie CUISINART Elektrischer Wein\u00f6ffner bei ErresseShop. Qualit\u00e4t, Stil und Funktionalit\u00e4t \u2013 jetzt online bestellen!","robots":{"index":"index","follow":"follow","max-snippet":"max-snippet:-1","max-image-preview":"max-image-preview:large","max-video-preview":"max-video-preview:-1"},"canonical":"https:\/\/www.erresse-shop.it\/de\/shop\/kuche\/cuisinart-elektrischer-weinoffner\/","og_locale":"de_DE","og_type":"article","og_title":"CUISINART Elektrischer Wein\u00f6ffner","og_description":"Entdecken Sie CUISINART Elektrischer Wein\u00f6ffner bei ErresseShop. Qualit\u00e4t, Stil und Funktionalit\u00e4t \u2013 jetzt online bestellen!","og_url":"https:\/\/www.erresse-shop.it\/de\/shop\/kuche\/cuisinart-elektrischer-weinoffner\/","og_site_name":"Erresse Shop","article_modified_time":"2025-01-22T07:36:29+00:00","og_image":[{"width":800,"height":800,"url":"https:\/\/www.erresse-shop.it\/wp-content\/uploads\/2022\/10\/Apri-vino-amb-1-RWO100E-Image-4.jpg","type":"image\/jpeg"}],"twitter_card":"summary_large_image","schema":{"@context":"https:\/\/schema.org","@graph":[{"@type":"WebPage","@id":"https:\/\/www.erresse-shop.it\/de\/shop\/kuche\/cuisinart-elektrischer-weinoffner\/","url":"https:\/\/www.erresse-shop.it\/de\/shop\/kuche\/cuisinart-elektrischer-weinoffner\/","name":"CUISINART Elektrischer Wein\u00f6ffner","isPartOf":{"@id":"https:\/\/www.erresse-shop.it\/de\/#website"},"datePublished":"2022-10-20T09:23:25+00:00","dateModified":"2025-01-22T07:36:29+00:00","description":"Entdecken Sie CUISINART Elektrischer Wein\u00f6ffner bei ErresseShop. Qualit\u00e4t, Stil und Funktionalit\u00e4t \u2013 jetzt online bestellen!","breadcrumb":{"@id":"https:\/\/www.erresse-shop.it\/de\/shop\/kuche\/cuisinart-elektrischer-weinoffner\/#breadcrumb"},"inLanguage":"de-DE","potentialAction":[{"@type":"ReadAction","target":["https:\/\/www.erresse-shop.it\/de\/shop\/kuche\/cuisinart-elektrischer-weinoffner\/"]}]},{"@type":"BreadcrumbList","@id":"https:\/\/www.erresse-shop.it\/de\/shop\/kuche\/cuisinart-elektrischer-weinoffner\/#breadcrumb","itemListElement":[{"@type":"ListItem","position":1,"name":"Home","item":"https:\/\/www.erresse-shop.it\/de\/"},{"@type":"ListItem","position":2,"name":"Shop","item":"https:\/\/www.erresse-shop.it\/de\/shop\/"},{"@type":"ListItem","position":3,"name":"CUISINART Elektrischer Wein\u00f6ffner"}]},{"@type":"WebSite","@id":"https:\/\/www.erresse-shop.it\/de\/#website","url":"https:\/\/www.erresse-shop.it\/de\/","name":"Erresse Shop","description":"Articoli di qualit\u00e0 per la casa","potentialAction":[{"@type":"SearchAction","target":{"@type":"EntryPoint","urlTemplate":"https:\/\/www.erresse-shop.it\/de\/?s={search_term_string}"},"query-input":"required name=search_term_string"}],"inLanguage":"de-DE"}]}},"df_price":79.9,"df_sale_price":79.9,"df_regular_price":79.9,"df_image_link":"https:\/\/www.erresse-shop.it\/wp-content\/uploads\/2022\/10\/Apri-vino-amb-1-RWO100E-Image-4-300x300.jpg","_links":{"self":[{"href":"https:\/\/www.erresse-shop.it\/de\/wp-json\/wp\/v2\/product\/195116"}],"collection":[{"href":"https:\/\/www.erresse-shop.it\/de\/wp-json\/wp\/v2\/product"}],"about":[{"href":"https:\/\/www.erresse-shop.it\/de\/wp-json\/wp\/v2\/types\/product"}],"wp:featuredmedia":[{"embeddable":true,"href":"https:\/\/www.erresse-shop.it\/de\/wp-json\/wp\/v2\/media\/195167"}],"wp:attachment":[{"href":"https:\/\/www.erresse-shop.it\/de\/wp-json\/wp\/v2\/media?parent=195116"}],"wp:term":[{"taxonomy":"product_cat","embeddable":true,"href":"https:\/\/www.erresse-shop.it\/de\/wp-json\/wp\/v2\/product_cat?post=195116"},{"taxonomy":"product_tag","embeddable":true,"href":"https:\/\/www.erresse-shop.it\/de\/wp-json\/wp\/v2\/product_tag?post=195116"}],"curies":[{"name":"wp","href":"https:\/\/api.w.org\/{rel}","templated":true}]}}