{"id":195012,"date":"2022-10-20T07:49:17","date_gmt":"2022-10-20T07:49:18","guid":{"rendered":"https:\/\/www.erresse-shop.it\/?post_type=product&#038;p=195012"},"modified":"2025-01-22T07:36:27","modified_gmt":"2025-01-22T07:36:27","slug":"cuisinart-kabelloser-elektrischer-schneebesen","status":"publish","type":"product","link":"https:\/\/www.erresse-shop.it\/de\/shop\/kuche\/cuisinart-kabelloser-elektrischer-schneebesen\/","title":{"rendered":"CUISINART Kabelloser elektrischer Schneebesen"},"content":{"rendered":"<p><strong>KABELLOSE SAMMLUNG<\/strong><\/p>\n<p>Dieser elektrische R\u00fchrer aus unserer Cordless Collection mit kabellosen Edelstahl-Schl\u00e4gern mischt m\u00fchelos Teige und Glasuren und schl\u00e4gt Baiser und Sahne in Sekundenschnelle. Es eignet sich auch hervorragend zum P\u00fcrieren von Kartoffeln.<\/p>\n<p>Da er kabellos ist, m\u00fcssen Sie sich keine Gedanken \u00fcber eine freie Steckdose in Ihrer N\u00e4he machen: Sie k\u00f6nnen Ihr Rezept \u00fcberall in der K\u00fcche zubereiten, von der Kochinsel bis zum Kochfeld oder der Arbeitsplatte, ohne dass Kabel im Weg sind.<\/p>\n<p>Dieser kabellose elektrische R\u00fchrbesen von Cuisinart ist besonders leistungsstark und bietet mit seinen 5 Geschwindigkeitsstufen die volle Kontrolle \u00fcber jede Art der Zubereitung. Beginnen Sie langsam und erh\u00f6hen Sie die Geschwindigkeit, um ein Verspritzen der Zutaten zu vermeiden. Die Einstellungen lassen sich w\u00e4hrend des Gebrauchs leicht mit einer Hand verstellen: Verwenden Sie eine niedrige Geschwindigkeit zum Schlagen von Sahne und eine h\u00f6here Geschwindigkeit f\u00fcr Buttercreme oder dickere Teige.<\/p>\n<p>Die praktische, selbsttragende Konstruktion erm\u00f6glicht es, dass die Peitschen auf der Arbeitsplatte angehoben bleiben und nach dem Gebrauch leicht verstaut werden k\u00f6nnen. Die Peitschen aus hochwertigem Edelstahl sind auf maximale Leistung ausgelegt und haben keinen zentralen Schaft, wodurch sie leichter zu reinigen sind. Dieses Produkt ist kompakt und gut ausbalanciert, so dass es bequem und einfach zu halten ist.<\/p>\n<p>Mit ihren Lithium-Ionen-Akkus und dem USB-Ladeger\u00e4t bieten diese leistungsstarken Elektropeitschen auch bei niedrigem Batteriestand eine unvergleichliche Leistung. Eine volle Ladung von 130 Minuten reicht f\u00fcr etwa 30 Minuten Dauerbetrieb.<\/p>\n<p>Die Batteriestandsanzeige informiert Sie, wenn der Ladezustand zur Neige geht.<\/p>\n<p>Alle Zubeh\u00f6rteile sind zur einfachen Reinigung sp\u00fclmaschinengeeignet.<\/p>\n<p><strong>TECHNISCHE MERKMALE:<\/strong><\/p>\n<ul>\n<li>Kabellos f\u00fcr maximale Flexibilit\u00e4t und Benutzerfreundlichkeit<\/li>\n<li>Kompakte Gr\u00f6\u00dfe<\/li>\n<li>Aufrechtes Design<\/li>\n<li>Peitschen aus rostfreiem Stahl<\/li>\n<li>5 Geschwindigkeitsstufen<\/li>\n<li>Eine volle Ladung von 130 Minuten gew\u00e4hrleistet eine kontinuierliche Nutzung von ca. 30 Minuten<\/li>\n<li>Lithium-Ionen-Akku f\u00fcr konstante, leistungsstarke Leistung<\/li>\n<li>Akku-Lichtanzeigen zeigen den Ladezustand an<\/li>\n<li>USB-Kabel und Adapter im Lieferumfang enthalten<\/li>\n<li>Geschirrsp\u00fclmaschinenfestes Zubeh\u00f6r<\/li>\n<\/ul>\n<p><strong>2 Jahre Garantie<\/strong><br \/>\n<strong>Nicht zum Verkauf au\u00dferhalb Europas<\/strong><\/p>\n","protected":false},"excerpt":{"rendered":"<p>KABELLOSE SAMMLUNG Dieser elektrische R\u00fchrer aus unserer Cordless Collection mit kabellosen Edelstahl-Schl\u00e4gern mischt m\u00fchelos Teige und Glasuren und schl\u00e4gt Baiser<\/p>\n","protected":false},"featured_media":195053,"template":"","meta":{"_acf_changed":false,"inline_featured_image":false},"product_cat":[6742],"product_tag":[24366],"acf":[],"yoast_head":"<!-- This site is optimized with the Yoast SEO Premium plugin v18.6 (Yoast SEO v19.13) - https:\/\/yoast.com\/wordpress\/plugins\/seo\/ -->\n<title>CUISINART Kabelloser elektrischer Schneebesen<\/title>\n<meta name=\"description\" content=\"Entdecken Sie CUISINART Kabelloser elektrischer Schneebesen bei ErresseShop. Qualit\u00e4t, Stil und Funktionalit\u00e4t \u2013 jetzt online bestellen!\" \/>\n<meta name=\"robots\" content=\"index, follow, max-snippet:-1, max-image-preview:large, max-video-preview:-1\" \/>\n<link rel=\"canonical\" href=\"https:\/\/www.erresse-shop.it\/de\/shop\/kuche\/cuisinart-kabelloser-elektrischer-schneebesen\/\" \/>\n<meta property=\"og:locale\" content=\"de_DE\" \/>\n<meta property=\"og:type\" content=\"article\" \/>\n<meta property=\"og:title\" content=\"CUISINART Kabelloser elektrischer Schneebesen\" \/>\n<meta property=\"og:description\" content=\"Entdecken Sie CUISINART Kabelloser elektrischer Schneebesen bei ErresseShop. Qualit\u00e4t, Stil und Funktionalit\u00e4t \u2013 jetzt online bestellen!\" \/>\n<meta property=\"og:url\" content=\"https:\/\/www.erresse-shop.it\/de\/shop\/kuche\/cuisinart-kabelloser-elektrischer-schneebesen\/\" \/>\n<meta property=\"og:site_name\" content=\"Erresse Shop\" \/>\n<meta property=\"article:modified_time\" content=\"2025-01-22T07:36:27+00:00\" \/>\n<meta property=\"og:image\" content=\"https:\/\/www.erresse-shop.it\/wp-content\/uploads\/2022\/10\/Sbattitore.jpg\" \/>\n\t<meta property=\"og:image:width\" content=\"800\" \/>\n\t<meta property=\"og:image:height\" content=\"714\" \/>\n\t<meta property=\"og:image:type\" content=\"image\/jpeg\" \/>\n<meta name=\"twitter:card\" content=\"summary_large_image\" \/>\n<script type=\"application\/ld+json\" class=\"yoast-schema-graph\">{\"@context\":\"https:\/\/schema.org\",\"@graph\":[{\"@type\":\"WebPage\",\"@id\":\"https:\/\/www.erresse-shop.it\/de\/shop\/kuche\/cuisinart-kabelloser-elektrischer-schneebesen\/\",\"url\":\"https:\/\/www.erresse-shop.it\/de\/shop\/kuche\/cuisinart-kabelloser-elektrischer-schneebesen\/\",\"name\":\"CUISINART Kabelloser elektrischer Schneebesen\",\"isPartOf\":{\"@id\":\"https:\/\/www.erresse-shop.it\/de\/#website\"},\"datePublished\":\"2022-10-20T07:49:18+00:00\",\"dateModified\":\"2025-01-22T07:36:27+00:00\",\"description\":\"Entdecken Sie CUISINART Kabelloser elektrischer Schneebesen bei ErresseShop. Qualit\u00e4t, Stil und Funktionalit\u00e4t \u2013 jetzt online bestellen!\",\"breadcrumb\":{\"@id\":\"https:\/\/www.erresse-shop.it\/de\/shop\/kuche\/cuisinart-kabelloser-elektrischer-schneebesen\/#breadcrumb\"},\"inLanguage\":\"de-DE\",\"potentialAction\":[{\"@type\":\"ReadAction\",\"target\":[\"https:\/\/www.erresse-shop.it\/de\/shop\/kuche\/cuisinart-kabelloser-elektrischer-schneebesen\/\"]}]},{\"@type\":\"BreadcrumbList\",\"@id\":\"https:\/\/www.erresse-shop.it\/de\/shop\/kuche\/cuisinart-kabelloser-elektrischer-schneebesen\/#breadcrumb\",\"itemListElement\":[{\"@type\":\"ListItem\",\"position\":1,\"name\":\"Home\",\"item\":\"https:\/\/www.erresse-shop.it\/de\/\"},{\"@type\":\"ListItem\",\"position\":2,\"name\":\"Shop\",\"item\":\"https:\/\/www.erresse-shop.it\/de\/shop\/\"},{\"@type\":\"ListItem\",\"position\":3,\"name\":\"CUISINART Kabelloser elektrischer Schneebesen\"}]},{\"@type\":\"WebSite\",\"@id\":\"https:\/\/www.erresse-shop.it\/de\/#website\",\"url\":\"https:\/\/www.erresse-shop.it\/de\/\",\"name\":\"Erresse Shop\",\"description\":\"Articoli di qualit\u00e0 per la casa\",\"potentialAction\":[{\"@type\":\"SearchAction\",\"target\":{\"@type\":\"EntryPoint\",\"urlTemplate\":\"https:\/\/www.erresse-shop.it\/de\/?s={search_term_string}\"},\"query-input\":\"required name=search_term_string\"}],\"inLanguage\":\"de-DE\"}]}<\/script>\n<!-- \/ Yoast SEO Premium plugin. -->","yoast_head_json":{"title":"CUISINART Kabelloser elektrischer Schneebesen","description":"Entdecken Sie CUISINART Kabelloser elektrischer Schneebesen bei ErresseShop. Qualit\u00e4t, Stil und Funktionalit\u00e4t \u2013 jetzt online bestellen!","robots":{"index":"index","follow":"follow","max-snippet":"max-snippet:-1","max-image-preview":"max-image-preview:large","max-video-preview":"max-video-preview:-1"},"canonical":"https:\/\/www.erresse-shop.it\/de\/shop\/kuche\/cuisinart-kabelloser-elektrischer-schneebesen\/","og_locale":"de_DE","og_type":"article","og_title":"CUISINART Kabelloser elektrischer Schneebesen","og_description":"Entdecken Sie CUISINART Kabelloser elektrischer Schneebesen bei ErresseShop. Qualit\u00e4t, Stil und Funktionalit\u00e4t \u2013 jetzt online bestellen!","og_url":"https:\/\/www.erresse-shop.it\/de\/shop\/kuche\/cuisinart-kabelloser-elektrischer-schneebesen\/","og_site_name":"Erresse Shop","article_modified_time":"2025-01-22T07:36:27+00:00","og_image":[{"width":800,"height":714,"url":"https:\/\/www.erresse-shop.it\/wp-content\/uploads\/2022\/10\/Sbattitore.jpg","type":"image\/jpeg"}],"twitter_card":"summary_large_image","schema":{"@context":"https:\/\/schema.org","@graph":[{"@type":"WebPage","@id":"https:\/\/www.erresse-shop.it\/de\/shop\/kuche\/cuisinart-kabelloser-elektrischer-schneebesen\/","url":"https:\/\/www.erresse-shop.it\/de\/shop\/kuche\/cuisinart-kabelloser-elektrischer-schneebesen\/","name":"CUISINART Kabelloser elektrischer Schneebesen","isPartOf":{"@id":"https:\/\/www.erresse-shop.it\/de\/#website"},"datePublished":"2022-10-20T07:49:18+00:00","dateModified":"2025-01-22T07:36:27+00:00","description":"Entdecken Sie CUISINART Kabelloser elektrischer Schneebesen bei ErresseShop. Qualit\u00e4t, Stil und Funktionalit\u00e4t \u2013 jetzt online bestellen!","breadcrumb":{"@id":"https:\/\/www.erresse-shop.it\/de\/shop\/kuche\/cuisinart-kabelloser-elektrischer-schneebesen\/#breadcrumb"},"inLanguage":"de-DE","potentialAction":[{"@type":"ReadAction","target":["https:\/\/www.erresse-shop.it\/de\/shop\/kuche\/cuisinart-kabelloser-elektrischer-schneebesen\/"]}]},{"@type":"BreadcrumbList","@id":"https:\/\/www.erresse-shop.it\/de\/shop\/kuche\/cuisinart-kabelloser-elektrischer-schneebesen\/#breadcrumb","itemListElement":[{"@type":"ListItem","position":1,"name":"Home","item":"https:\/\/www.erresse-shop.it\/de\/"},{"@type":"ListItem","position":2,"name":"Shop","item":"https:\/\/www.erresse-shop.it\/de\/shop\/"},{"@type":"ListItem","position":3,"name":"CUISINART Kabelloser elektrischer Schneebesen"}]},{"@type":"WebSite","@id":"https:\/\/www.erresse-shop.it\/de\/#website","url":"https:\/\/www.erresse-shop.it\/de\/","name":"Erresse Shop","description":"Articoli di qualit\u00e0 per la casa","potentialAction":[{"@type":"SearchAction","target":{"@type":"EntryPoint","urlTemplate":"https:\/\/www.erresse-shop.it\/de\/?s={search_term_string}"},"query-input":"required name=search_term_string"}],"inLanguage":"de-DE"}]}},"df_price":99.9,"df_sale_price":99.9,"df_regular_price":99.9,"df_image_link":"https:\/\/www.erresse-shop.it\/wp-content\/uploads\/2022\/10\/Sbattitore-300x268.jpg","_links":{"self":[{"href":"https:\/\/www.erresse-shop.it\/de\/wp-json\/wp\/v2\/product\/195012"}],"collection":[{"href":"https:\/\/www.erresse-shop.it\/de\/wp-json\/wp\/v2\/product"}],"about":[{"href":"https:\/\/www.erresse-shop.it\/de\/wp-json\/wp\/v2\/types\/product"}],"wp:featuredmedia":[{"embeddable":true,"href":"https:\/\/www.erresse-shop.it\/de\/wp-json\/wp\/v2\/media\/195053"}],"wp:attachment":[{"href":"https:\/\/www.erresse-shop.it\/de\/wp-json\/wp\/v2\/media?parent=195012"}],"wp:term":[{"taxonomy":"product_cat","embeddable":true,"href":"https:\/\/www.erresse-shop.it\/de\/wp-json\/wp\/v2\/product_cat?post=195012"},{"taxonomy":"product_tag","embeddable":true,"href":"https:\/\/www.erresse-shop.it\/de\/wp-json\/wp\/v2\/product_tag?post=195012"}],"curies":[{"name":"wp","href":"https:\/\/api.w.org\/{rel}","templated":true}]}}