{"id":194933,"date":"2022-10-20T07:28:30","date_gmt":"2022-10-20T07:28:31","guid":{"rendered":"https:\/\/www.erresse-shop.it\/?post_type=product&#038;p=194933"},"modified":"2025-01-22T07:36:26","modified_gmt":"2025-01-22T07:36:26","slug":"cuisinart-handmixer-fur-getranke-wireless","status":"publish","type":"product","link":"https:\/\/www.erresse-shop.it\/de\/shop\/kuche\/cuisinart-handmixer-fur-getranke-wireless\/","title":{"rendered":"CUISINART Handmixer f\u00fcr Getr\u00e4nke Wireless"},"content":{"rendered":"<p><strong>KABELLOSE SAMMLUNG<\/strong><\/p>\n<p>Dieser leistungsstarke Mixer aus unserer Cordless Collection ist kompakt, leicht und kabellos &#8211; ideal f\u00fcr die Zubereitung von Smoothies und anderen Rezepten, wo immer Sie sind.<\/p>\n<p>Der kabellose Mixer On the Go bietet Ihnen eine unvergleichliche Flexibilit\u00e4t: Sie k\u00f6nnen ihn f\u00fcr schnelle Smoothies im B\u00fcro oder f\u00fcr einen Eiwei\u00dfshake nach dem Fitnessstudio mitnehmen, Sie k\u00f6nnen ihn aber auch einfach zu Hause verwenden, um Cocktails und Suppen zuzubereiten.<\/p>\n<p>Da er kabellos ist, m\u00fcssen Sie sich keine Sorgen um eine freie Steckdose in Ihrer N\u00e4he machen, und seine kompakte Gr\u00f6\u00dfe passt gut auf Ihre Arbeitsplatte oder Ihr Regal, ohne zu viel Platz zu beanspruchen.<\/p>\n<p>Dieser leistungsstarke Mixer wird mit Lithium-Ionen-Akkus und einem USB-Ladeger\u00e4t betrieben und bietet Ihnen auch bei niedrigem Akkustand eine unvergleichliche Leistung. Eine volle 2-Stunden-Ladung liefert genug Energie f\u00fcr etwa 8 Smoothies.<\/p>\n<p>Die Batteriestandsanzeige informiert Sie, wenn der Ladezustand zur Neige geht.<\/p>\n<p>Er kann auch zum P\u00fcrieren von Suppen, zur Herstellung von Cocktails, Dressings und So\u00dfen sowie f\u00fcr andere Rezepte, wie z. B. zum Panieren und Hacken von N\u00fcssen, verwendet werden.<\/p>\n<p>Der Tritan-Becher ist BPA-frei und sp\u00fclmaschinenfest f\u00fcr eine einfache Reinigung. Er wird mit einem Deckel geliefert, damit Sie Ihre Kreationen \u00fcberall genie\u00dfen k\u00f6nnen, und mit einer Klingenabdeckung, um die Klinge nach dem Gebrauch sicher aufzubewahren.<\/p>\n<p><strong>TECHNISCHE MERKMALE:<\/strong><\/p>\n<ul>\n<li>Kabellos f\u00fcr maximale Flexibilit\u00e4t und Benutzerfreundlichkeit<\/li>\n<li>Kompakte Gr\u00f6\u00dfe<\/li>\n<li>2 Stunden volle Ladung f\u00fcr etwa 8 Smoothies<\/li>\n<li>Lithium-Ionen-Akku f\u00fcr konstante, hohe Leistung<\/li>\n<li>Akku-Lichtanzeigen zeigen den Ladezustand an<\/li>\n<li>Inklusive USB-Kabel und Adapter<\/li>\n<li>BPA-freier Becher aus Tritan, 450 ml Fassungsverm\u00f6gen<\/li>\n<li>Inklusive Deckel und Klingenschutz<\/li>\n<li>Geschirrsp\u00fclmaschinenfestes Zubeh\u00f6r<\/li>\n<li>Sicherheitsschloss-System<\/li>\n<\/ul>\n<p><span style=\"text-decoration: underline;\"><strong>2 Jahre Garantie<\/strong><\/span><br \/>\n<span style=\"text-decoration: underline;\"><strong>Nicht zum Verkauf au\u00dferhalb Europas<\/strong><\/span><\/p>\n","protected":false},"excerpt":{"rendered":"<p>KABELLOSE SAMMLUNG Dieser leistungsstarke Mixer aus unserer Cordless Collection ist kompakt, leicht und kabellos &#8211; ideal f\u00fcr die Zubereitung von<\/p>\n","protected":false},"featured_media":194990,"template":"","meta":{"_acf_changed":false,"inline_featured_image":false},"product_cat":[6742],"product_tag":[24366],"acf":[],"yoast_head":"<!-- This site is optimized with the Yoast SEO Premium plugin v18.6 (Yoast SEO v19.13) - https:\/\/yoast.com\/wordpress\/plugins\/seo\/ -->\n<title>CUISINART Handmixer f\u00fcr Getr\u00e4nke Wireless<\/title>\n<meta name=\"description\" content=\"Entdecken Sie CUISINART Handmixer f\u00fcr Getr\u00e4nke Wireless bei ErresseShop. Qualit\u00e4t, Stil und Funktionalit\u00e4t \u2013 jetzt online bestellen!\" \/>\n<meta name=\"robots\" content=\"index, follow, max-snippet:-1, max-image-preview:large, max-video-preview:-1\" \/>\n<link rel=\"canonical\" href=\"https:\/\/www.erresse-shop.it\/de\/shop\/kuche\/cuisinart-handmixer-fur-getranke-wireless\/\" \/>\n<meta property=\"og:locale\" content=\"de_DE\" \/>\n<meta property=\"og:type\" content=\"article\" \/>\n<meta property=\"og:title\" content=\"CUISINART Handmixer f\u00fcr Getr\u00e4nke Wireless\" \/>\n<meta property=\"og:description\" content=\"Entdecken Sie CUISINART Handmixer f\u00fcr Getr\u00e4nke Wireless bei ErresseShop. Qualit\u00e4t, Stil und Funktionalit\u00e4t \u2013 jetzt online bestellen!\" \/>\n<meta property=\"og:url\" content=\"https:\/\/www.erresse-shop.it\/de\/shop\/kuche\/cuisinart-handmixer-fur-getranke-wireless\/\" \/>\n<meta property=\"og:site_name\" content=\"Erresse Shop\" \/>\n<meta property=\"article:modified_time\" content=\"2025-01-22T07:36:26+00:00\" \/>\n<meta property=\"og:image\" content=\"https:\/\/www.erresse-shop.it\/wp-content\/uploads\/2022\/10\/Frullatore-portatile-RPB100E-Image-4.jpg\" \/>\n\t<meta property=\"og:image:width\" content=\"800\" \/>\n\t<meta property=\"og:image:height\" content=\"800\" \/>\n\t<meta property=\"og:image:type\" content=\"image\/jpeg\" \/>\n<meta name=\"twitter:card\" content=\"summary_large_image\" \/>\n<script type=\"application\/ld+json\" class=\"yoast-schema-graph\">{\"@context\":\"https:\/\/schema.org\",\"@graph\":[{\"@type\":\"WebPage\",\"@id\":\"https:\/\/www.erresse-shop.it\/de\/shop\/kuche\/cuisinart-handmixer-fur-getranke-wireless\/\",\"url\":\"https:\/\/www.erresse-shop.it\/de\/shop\/kuche\/cuisinart-handmixer-fur-getranke-wireless\/\",\"name\":\"CUISINART Handmixer f\u00fcr Getr\u00e4nke Wireless\",\"isPartOf\":{\"@id\":\"https:\/\/www.erresse-shop.it\/de\/#website\"},\"datePublished\":\"2022-10-20T07:28:31+00:00\",\"dateModified\":\"2025-01-22T07:36:26+00:00\",\"description\":\"Entdecken Sie CUISINART Handmixer f\u00fcr Getr\u00e4nke Wireless bei ErresseShop. Qualit\u00e4t, Stil und Funktionalit\u00e4t \u2013 jetzt online bestellen!\",\"breadcrumb\":{\"@id\":\"https:\/\/www.erresse-shop.it\/de\/shop\/kuche\/cuisinart-handmixer-fur-getranke-wireless\/#breadcrumb\"},\"inLanguage\":\"de-DE\",\"potentialAction\":[{\"@type\":\"ReadAction\",\"target\":[\"https:\/\/www.erresse-shop.it\/de\/shop\/kuche\/cuisinart-handmixer-fur-getranke-wireless\/\"]}]},{\"@type\":\"BreadcrumbList\",\"@id\":\"https:\/\/www.erresse-shop.it\/de\/shop\/kuche\/cuisinart-handmixer-fur-getranke-wireless\/#breadcrumb\",\"itemListElement\":[{\"@type\":\"ListItem\",\"position\":1,\"name\":\"Home\",\"item\":\"https:\/\/www.erresse-shop.it\/de\/\"},{\"@type\":\"ListItem\",\"position\":2,\"name\":\"Shop\",\"item\":\"https:\/\/www.erresse-shop.it\/de\/shop\/\"},{\"@type\":\"ListItem\",\"position\":3,\"name\":\"CUISINART Handmixer f\u00fcr Getr\u00e4nke Wireless\"}]},{\"@type\":\"WebSite\",\"@id\":\"https:\/\/www.erresse-shop.it\/de\/#website\",\"url\":\"https:\/\/www.erresse-shop.it\/de\/\",\"name\":\"Erresse Shop\",\"description\":\"Articoli di qualit\u00e0 per la casa\",\"potentialAction\":[{\"@type\":\"SearchAction\",\"target\":{\"@type\":\"EntryPoint\",\"urlTemplate\":\"https:\/\/www.erresse-shop.it\/de\/?s={search_term_string}\"},\"query-input\":\"required name=search_term_string\"}],\"inLanguage\":\"de-DE\"}]}<\/script>\n<!-- \/ Yoast SEO Premium plugin. -->","yoast_head_json":{"title":"CUISINART Handmixer f\u00fcr Getr\u00e4nke Wireless","description":"Entdecken Sie CUISINART Handmixer f\u00fcr Getr\u00e4nke Wireless bei ErresseShop. Qualit\u00e4t, Stil und Funktionalit\u00e4t \u2013 jetzt online bestellen!","robots":{"index":"index","follow":"follow","max-snippet":"max-snippet:-1","max-image-preview":"max-image-preview:large","max-video-preview":"max-video-preview:-1"},"canonical":"https:\/\/www.erresse-shop.it\/de\/shop\/kuche\/cuisinart-handmixer-fur-getranke-wireless\/","og_locale":"de_DE","og_type":"article","og_title":"CUISINART Handmixer f\u00fcr Getr\u00e4nke Wireless","og_description":"Entdecken Sie CUISINART Handmixer f\u00fcr Getr\u00e4nke Wireless bei ErresseShop. Qualit\u00e4t, Stil und Funktionalit\u00e4t \u2013 jetzt online bestellen!","og_url":"https:\/\/www.erresse-shop.it\/de\/shop\/kuche\/cuisinart-handmixer-fur-getranke-wireless\/","og_site_name":"Erresse Shop","article_modified_time":"2025-01-22T07:36:26+00:00","og_image":[{"width":800,"height":800,"url":"https:\/\/www.erresse-shop.it\/wp-content\/uploads\/2022\/10\/Frullatore-portatile-RPB100E-Image-4.jpg","type":"image\/jpeg"}],"twitter_card":"summary_large_image","schema":{"@context":"https:\/\/schema.org","@graph":[{"@type":"WebPage","@id":"https:\/\/www.erresse-shop.it\/de\/shop\/kuche\/cuisinart-handmixer-fur-getranke-wireless\/","url":"https:\/\/www.erresse-shop.it\/de\/shop\/kuche\/cuisinart-handmixer-fur-getranke-wireless\/","name":"CUISINART Handmixer f\u00fcr Getr\u00e4nke Wireless","isPartOf":{"@id":"https:\/\/www.erresse-shop.it\/de\/#website"},"datePublished":"2022-10-20T07:28:31+00:00","dateModified":"2025-01-22T07:36:26+00:00","description":"Entdecken Sie CUISINART Handmixer f\u00fcr Getr\u00e4nke Wireless bei ErresseShop. Qualit\u00e4t, Stil und Funktionalit\u00e4t \u2013 jetzt online bestellen!","breadcrumb":{"@id":"https:\/\/www.erresse-shop.it\/de\/shop\/kuche\/cuisinart-handmixer-fur-getranke-wireless\/#breadcrumb"},"inLanguage":"de-DE","potentialAction":[{"@type":"ReadAction","target":["https:\/\/www.erresse-shop.it\/de\/shop\/kuche\/cuisinart-handmixer-fur-getranke-wireless\/"]}]},{"@type":"BreadcrumbList","@id":"https:\/\/www.erresse-shop.it\/de\/shop\/kuche\/cuisinart-handmixer-fur-getranke-wireless\/#breadcrumb","itemListElement":[{"@type":"ListItem","position":1,"name":"Home","item":"https:\/\/www.erresse-shop.it\/de\/"},{"@type":"ListItem","position":2,"name":"Shop","item":"https:\/\/www.erresse-shop.it\/de\/shop\/"},{"@type":"ListItem","position":3,"name":"CUISINART Handmixer f\u00fcr Getr\u00e4nke Wireless"}]},{"@type":"WebSite","@id":"https:\/\/www.erresse-shop.it\/de\/#website","url":"https:\/\/www.erresse-shop.it\/de\/","name":"Erresse Shop","description":"Articoli di qualit\u00e0 per la casa","potentialAction":[{"@type":"SearchAction","target":{"@type":"EntryPoint","urlTemplate":"https:\/\/www.erresse-shop.it\/de\/?s={search_term_string}"},"query-input":"required name=search_term_string"}],"inLanguage":"de-DE"}]}},"df_price":99.9,"df_sale_price":99.9,"df_regular_price":99.9,"df_image_link":"https:\/\/www.erresse-shop.it\/wp-content\/uploads\/2022\/10\/Frullatore-portatile-RPB100E-Image-4-300x300.jpg","_links":{"self":[{"href":"https:\/\/www.erresse-shop.it\/de\/wp-json\/wp\/v2\/product\/194933"}],"collection":[{"href":"https:\/\/www.erresse-shop.it\/de\/wp-json\/wp\/v2\/product"}],"about":[{"href":"https:\/\/www.erresse-shop.it\/de\/wp-json\/wp\/v2\/types\/product"}],"wp:featuredmedia":[{"embeddable":true,"href":"https:\/\/www.erresse-shop.it\/de\/wp-json\/wp\/v2\/media\/194990"}],"wp:attachment":[{"href":"https:\/\/www.erresse-shop.it\/de\/wp-json\/wp\/v2\/media?parent=194933"}],"wp:term":[{"taxonomy":"product_cat","embeddable":true,"href":"https:\/\/www.erresse-shop.it\/de\/wp-json\/wp\/v2\/product_cat?post=194933"},{"taxonomy":"product_tag","embeddable":true,"href":"https:\/\/www.erresse-shop.it\/de\/wp-json\/wp\/v2\/product_tag?post=194933"}],"curies":[{"name":"wp","href":"https:\/\/api.w.org\/{rel}","templated":true}]}}