{"id":194882,"date":"2022-10-20T07:01:56","date_gmt":"2022-10-20T07:01:57","guid":{"rendered":"https:\/\/www.erresse-shop.it\/?post_type=product&#038;p=194882"},"modified":"2025-01-22T07:36:25","modified_gmt":"2025-01-22T07:36:25","slug":"cuisinart-kabelloser-stabmixer","status":"publish","type":"product","link":"https:\/\/www.erresse-shop.it\/de\/shop\/kuche\/cuisinart-kabelloser-stabmixer\/","title":{"rendered":"CUISINART Kabelloser Stabmixer"},"content":{"rendered":"<p><strong>KABELLOSE SAMMLUNG<\/strong><\/p>\n<p>Dieser kabellose Stabmixer aus unserer Cordless Collection eignet sich mit seinem Zubeh\u00f6r perfekt f\u00fcr die Zubereitung verschiedener Rezepte und hilft Ihnen beim Mixen, P\u00fcrieren, Schlagen, Hacken und P\u00fcrieren.<\/p>\n<p>Da er kabellos ist, m\u00fcssen Sie sich keine Gedanken \u00fcber eine freie Steckdose in Ihrer N\u00e4he machen: Sie k\u00f6nnen Ihr Rezept \u00fcberall in der K\u00fcche zubereiten, von der Kochinsel bis zum Kochfeld oder der Arbeitsplatte, ohne dass Kabel im Weg sind.<\/p>\n<p>Dieser Eintauchmischer bietet maximalen Komfort bei der Verwendung. Verwenden Sie den Edelstahlmixer zusammen mit dem mitgelieferten BPA-freien Krug, um Saucen, Smoothies und Cocktails zuzubereiten. Dieses Zubeh\u00f6rteil kann f\u00fcr Zutaten bis zu 100\u00b0C verwendet werden und eignet sich daher auch hervorragend f\u00fcr Suppen.<\/p>\n<p>Der Schneebesen eignet sich perfekt zum Schlagen von Sahne, zum Herstellen von Teigen und Baisers. Sie k\u00f6nnen auch einfach den Zerkleinerungsaufsatz verwenden, um allt\u00e4gliche Aufgaben wie das Zerkleinern von Gem\u00fcse und Kr\u00e4utern, die Herstellung von Paniermehl, So\u00dfen und Dressings zu beschleunigen.<\/p>\n<p>Dieser leistungsstarke Stabmixer wird mit Lithium-Ionen-Akkus und einem USB-Ladeger\u00e4t betrieben und bietet auch bei niedrigem Akkuladestand eine unvergleichliche Leistung. Eine volle Ladung von 130 Minuten reicht f\u00fcr etwa 30 Minuten Dauerbetrieb.<\/p>\n<p>Die Batteriestandsanzeige informiert Sie, wenn der Ladezustand zur Neige geht.<\/p>\n<p>Alle Zubeh\u00f6rteile sind zur einfachen Reinigung sp\u00fclmaschinengeeignet.<\/p>\n<p><strong>TECHNISCHE MERKMALE:<\/strong><\/p>\n<ul>\n<li>Kabellos f\u00fcr maximale Flexibilit\u00e4t und Benutzerfreundlichkeit<\/li>\n<li>Kompakte Gr\u00f6\u00dfe<\/li>\n<li>Edelstahl-Tauchmixer, sicher f\u00fcr Zutaten bis zu 100\u00b0C<\/li>\n<li>BPA-freier Mixerbeh\u00e4lter<\/li>\n<li>Schneebesen<\/li>\n<li>Mini-K\u00fcchenmaschine mit 250 ml Fassungsverm\u00f6gen<\/li>\n<li>Eine volle Ladung von 130 Minuten gew\u00e4hrleistet eine kontinuierliche<\/li>\n<li>Nutzung von ca. 30 Minuten<\/li>\n<li>Lithium-Ionen-Akku f\u00fcr konstante, leistungsstarke Leistung<\/li>\n<li>Batterieleuchten zeigen den Batteriestand an<\/li>\n<li>Inklusive USB-Kabel und Adapter<\/li>\n<li>Geschirrsp\u00fclmaschinenfestes Zubeh\u00f6r<\/li>\n<li>Sicherheitsschloss-System<\/li>\n<\/ul>\n<p><span style=\"text-decoration: underline;\"><strong>2 Jahre Garantie<\/strong><\/span><br \/>\n<span style=\"text-decoration: underline;\"><strong>Nicht zum Verkauf au\u00dferhalb Europas<\/strong><\/span><\/p>\n","protected":false},"excerpt":{"rendered":"<p>KABELLOSE SAMMLUNG Dieser kabellose Stabmixer aus unserer Cordless Collection eignet sich mit seinem Zubeh\u00f6r perfekt f\u00fcr die Zubereitung verschiedener Rezepte<\/p>\n","protected":false},"featured_media":194905,"template":"","meta":{"_acf_changed":false,"inline_featured_image":false},"product_cat":[6742],"product_tag":[24366],"acf":[],"yoast_head":"<!-- This site is optimized with the Yoast SEO Premium plugin v18.6 (Yoast SEO v19.13) - https:\/\/yoast.com\/wordpress\/plugins\/seo\/ -->\n<title>CUISINART Kabelloser Stabmixer<\/title>\n<meta name=\"description\" content=\"Entdecken Sie CUISINART Kabelloser Stabmixer bei ErresseShop. Qualit\u00e4t, Stil und Funktionalit\u00e4t \u2013 jetzt online bestellen!\" \/>\n<meta name=\"robots\" content=\"index, follow, max-snippet:-1, max-image-preview:large, max-video-preview:-1\" \/>\n<link rel=\"canonical\" href=\"https:\/\/www.erresse-shop.it\/de\/shop\/kuche\/cuisinart-kabelloser-stabmixer\/\" \/>\n<meta property=\"og:locale\" content=\"de_DE\" \/>\n<meta property=\"og:type\" content=\"article\" \/>\n<meta property=\"og:title\" content=\"CUISINART Kabelloser Stabmixer\" \/>\n<meta property=\"og:description\" content=\"Entdecken Sie CUISINART Kabelloser Stabmixer bei ErresseShop. Qualit\u00e4t, Stil und Funktionalit\u00e4t \u2013 jetzt online bestellen!\" \/>\n<meta property=\"og:url\" content=\"https:\/\/www.erresse-shop.it\/de\/shop\/kuche\/cuisinart-kabelloser-stabmixer\/\" \/>\n<meta property=\"og:site_name\" content=\"Erresse Shop\" \/>\n<meta property=\"article:modified_time\" content=\"2025-01-22T07:36:25+00:00\" \/>\n<meta property=\"og:image\" content=\"https:\/\/www.erresse-shop.it\/wp-content\/uploads\/2022\/10\/Cusinart-Frullatore-immersione-RHB100E-Image-1.jpg\" \/>\n\t<meta property=\"og:image:width\" content=\"800\" \/>\n\t<meta property=\"og:image:height\" content=\"800\" \/>\n\t<meta property=\"og:image:type\" content=\"image\/jpeg\" \/>\n<meta name=\"twitter:card\" content=\"summary_large_image\" \/>\n<script type=\"application\/ld+json\" class=\"yoast-schema-graph\">{\"@context\":\"https:\/\/schema.org\",\"@graph\":[{\"@type\":\"WebPage\",\"@id\":\"https:\/\/www.erresse-shop.it\/de\/shop\/kuche\/cuisinart-kabelloser-stabmixer\/\",\"url\":\"https:\/\/www.erresse-shop.it\/de\/shop\/kuche\/cuisinart-kabelloser-stabmixer\/\",\"name\":\"CUISINART Kabelloser Stabmixer\",\"isPartOf\":{\"@id\":\"https:\/\/www.erresse-shop.it\/de\/#website\"},\"datePublished\":\"2022-10-20T07:01:57+00:00\",\"dateModified\":\"2025-01-22T07:36:25+00:00\",\"description\":\"Entdecken Sie CUISINART Kabelloser Stabmixer bei ErresseShop. Qualit\u00e4t, Stil und Funktionalit\u00e4t \u2013 jetzt online bestellen!\",\"breadcrumb\":{\"@id\":\"https:\/\/www.erresse-shop.it\/de\/shop\/kuche\/cuisinart-kabelloser-stabmixer\/#breadcrumb\"},\"inLanguage\":\"de-DE\",\"potentialAction\":[{\"@type\":\"ReadAction\",\"target\":[\"https:\/\/www.erresse-shop.it\/de\/shop\/kuche\/cuisinart-kabelloser-stabmixer\/\"]}]},{\"@type\":\"BreadcrumbList\",\"@id\":\"https:\/\/www.erresse-shop.it\/de\/shop\/kuche\/cuisinart-kabelloser-stabmixer\/#breadcrumb\",\"itemListElement\":[{\"@type\":\"ListItem\",\"position\":1,\"name\":\"Home\",\"item\":\"https:\/\/www.erresse-shop.it\/de\/\"},{\"@type\":\"ListItem\",\"position\":2,\"name\":\"Shop\",\"item\":\"https:\/\/www.erresse-shop.it\/de\/shop\/\"},{\"@type\":\"ListItem\",\"position\":3,\"name\":\"CUISINART Kabelloser Stabmixer\"}]},{\"@type\":\"WebSite\",\"@id\":\"https:\/\/www.erresse-shop.it\/de\/#website\",\"url\":\"https:\/\/www.erresse-shop.it\/de\/\",\"name\":\"Erresse Shop\",\"description\":\"Articoli di qualit\u00e0 per la casa\",\"potentialAction\":[{\"@type\":\"SearchAction\",\"target\":{\"@type\":\"EntryPoint\",\"urlTemplate\":\"https:\/\/www.erresse-shop.it\/de\/?s={search_term_string}\"},\"query-input\":\"required name=search_term_string\"}],\"inLanguage\":\"de-DE\"}]}<\/script>\n<!-- \/ Yoast SEO Premium plugin. -->","yoast_head_json":{"title":"CUISINART Kabelloser Stabmixer","description":"Entdecken Sie CUISINART Kabelloser Stabmixer bei ErresseShop. Qualit\u00e4t, Stil und Funktionalit\u00e4t \u2013 jetzt online bestellen!","robots":{"index":"index","follow":"follow","max-snippet":"max-snippet:-1","max-image-preview":"max-image-preview:large","max-video-preview":"max-video-preview:-1"},"canonical":"https:\/\/www.erresse-shop.it\/de\/shop\/kuche\/cuisinart-kabelloser-stabmixer\/","og_locale":"de_DE","og_type":"article","og_title":"CUISINART Kabelloser Stabmixer","og_description":"Entdecken Sie CUISINART Kabelloser Stabmixer bei ErresseShop. Qualit\u00e4t, Stil und Funktionalit\u00e4t \u2013 jetzt online bestellen!","og_url":"https:\/\/www.erresse-shop.it\/de\/shop\/kuche\/cuisinart-kabelloser-stabmixer\/","og_site_name":"Erresse Shop","article_modified_time":"2025-01-22T07:36:25+00:00","og_image":[{"width":800,"height":800,"url":"https:\/\/www.erresse-shop.it\/wp-content\/uploads\/2022\/10\/Cusinart-Frullatore-immersione-RHB100E-Image-1.jpg","type":"image\/jpeg"}],"twitter_card":"summary_large_image","schema":{"@context":"https:\/\/schema.org","@graph":[{"@type":"WebPage","@id":"https:\/\/www.erresse-shop.it\/de\/shop\/kuche\/cuisinart-kabelloser-stabmixer\/","url":"https:\/\/www.erresse-shop.it\/de\/shop\/kuche\/cuisinart-kabelloser-stabmixer\/","name":"CUISINART Kabelloser Stabmixer","isPartOf":{"@id":"https:\/\/www.erresse-shop.it\/de\/#website"},"datePublished":"2022-10-20T07:01:57+00:00","dateModified":"2025-01-22T07:36:25+00:00","description":"Entdecken Sie CUISINART Kabelloser Stabmixer bei ErresseShop. Qualit\u00e4t, Stil und Funktionalit\u00e4t \u2013 jetzt online bestellen!","breadcrumb":{"@id":"https:\/\/www.erresse-shop.it\/de\/shop\/kuche\/cuisinart-kabelloser-stabmixer\/#breadcrumb"},"inLanguage":"de-DE","potentialAction":[{"@type":"ReadAction","target":["https:\/\/www.erresse-shop.it\/de\/shop\/kuche\/cuisinart-kabelloser-stabmixer\/"]}]},{"@type":"BreadcrumbList","@id":"https:\/\/www.erresse-shop.it\/de\/shop\/kuche\/cuisinart-kabelloser-stabmixer\/#breadcrumb","itemListElement":[{"@type":"ListItem","position":1,"name":"Home","item":"https:\/\/www.erresse-shop.it\/de\/"},{"@type":"ListItem","position":2,"name":"Shop","item":"https:\/\/www.erresse-shop.it\/de\/shop\/"},{"@type":"ListItem","position":3,"name":"CUISINART Kabelloser Stabmixer"}]},{"@type":"WebSite","@id":"https:\/\/www.erresse-shop.it\/de\/#website","url":"https:\/\/www.erresse-shop.it\/de\/","name":"Erresse Shop","description":"Articoli di qualit\u00e0 per la casa","potentialAction":[{"@type":"SearchAction","target":{"@type":"EntryPoint","urlTemplate":"https:\/\/www.erresse-shop.it\/de\/?s={search_term_string}"},"query-input":"required name=search_term_string"}],"inLanguage":"de-DE"}]}},"df_price":119.9,"df_sale_price":119.9,"df_regular_price":119.9,"df_image_link":"https:\/\/www.erresse-shop.it\/wp-content\/uploads\/2022\/10\/Cusinart-Frullatore-immersione-RHB100E-Image-1-300x300.jpg","_links":{"self":[{"href":"https:\/\/www.erresse-shop.it\/de\/wp-json\/wp\/v2\/product\/194882"}],"collection":[{"href":"https:\/\/www.erresse-shop.it\/de\/wp-json\/wp\/v2\/product"}],"about":[{"href":"https:\/\/www.erresse-shop.it\/de\/wp-json\/wp\/v2\/types\/product"}],"wp:featuredmedia":[{"embeddable":true,"href":"https:\/\/www.erresse-shop.it\/de\/wp-json\/wp\/v2\/media\/194905"}],"wp:attachment":[{"href":"https:\/\/www.erresse-shop.it\/de\/wp-json\/wp\/v2\/media?parent=194882"}],"wp:term":[{"taxonomy":"product_cat","embeddable":true,"href":"https:\/\/www.erresse-shop.it\/de\/wp-json\/wp\/v2\/product_cat?post=194882"},{"taxonomy":"product_tag","embeddable":true,"href":"https:\/\/www.erresse-shop.it\/de\/wp-json\/wp\/v2\/product_tag?post=194882"}],"curies":[{"name":"wp","href":"https:\/\/api.w.org\/{rel}","templated":true}]}}