{"id":194321,"date":"2022-10-19T07:29:36","date_gmt":"2022-10-19T07:29:37","guid":{"rendered":"https:\/\/www.erresse-shop.it\/?post_type=product&#038;p=194321"},"modified":"2025-01-17T17:58:40","modified_gmt":"2025-01-17T17:58:40","slug":"versace-home-vase-24-cm-jungle-animalier","status":"publish","type":"product","link":"https:\/\/www.erresse-shop.it\/de\/shop\/einrichtung-haus\/vasen\/versace-home-vase-24-cm-jungle-animalier\/","title":{"rendered":"VERSACE HOME Vase 24 cm Jungle Animalier"},"content":{"rendered":"<p>Eine <strong>Vase<\/strong> aus der Kollektion<strong> Jungle Animalier<\/strong>, hergestellt aus feinstem dekoriertem Porzellan. Die Vase ist ein au\u00dfergew\u00f6hnliches Einrichtungsaccessoire und zeigt das Muster Jungle Animalier in einer Palette leuchtender Farben.<\/p>\n<p>Die klassischen goldenen Verzierungen des ber\u00fchmten Modehauses stechen hervor, begleitet von gro\u00dfen Bl\u00e4ttern und exotischen Blumen. Unten befindet sich eine Sonne, die die ikonische &#8220;<strong>Medusa<\/strong>&#8221; von <strong>Versace<\/strong> einschlie\u00dft. Die Vase Jungle Animalier passt zu jeder noch so skurrilen Einrichtung und l\u00e4sst Sie in exotische und ferne L\u00e4nder reisen! Entworfen und hergestellt von Rosenthal Versace.<\/p>\n<p>Material: Porzellan.<br \/>\nAbmessungen: H 24 cm.<br \/>\nKollektion: Dschungel Animalier.<\/p>\n","protected":false},"excerpt":{"rendered":"<p>Eine Vase aus der Kollektion Jungle Animalier, hergestellt aus feinstem dekoriertem Porzellan. Die Vase ist ein au\u00dfergew\u00f6hnliches Einrichtungsaccessoire und zeigt<\/p>\n","protected":false},"featured_media":475833,"template":"","meta":{"_acf_changed":false,"inline_featured_image":false},"product_cat":[6817,14421],"product_tag":[23691,20793,24681],"acf":[],"yoast_head":"<!-- This site is optimized with the Yoast SEO Premium plugin v18.6 (Yoast SEO v19.13) - https:\/\/yoast.com\/wordpress\/plugins\/seo\/ -->\n<title>VERSACE HOME Vase 24 cm Jungle Animalier<\/title>\n<meta name=\"description\" content=\"Entdecken Sie VERSACE HOME Vase 24 cm Jungle Animalier bei ErresseShop. Qualit\u00e4t, Stil und Funktionalit\u00e4t \u2013 jetzt online bestellen!\" \/>\n<meta name=\"robots\" content=\"index, follow, max-snippet:-1, max-image-preview:large, max-video-preview:-1\" \/>\n<link rel=\"canonical\" href=\"https:\/\/www.erresse-shop.it\/de\/shop\/einrichtung-haus\/vasen\/versace-home-vase-24-cm-jungle-animalier\/\" \/>\n<meta property=\"og:locale\" content=\"de_DE\" \/>\n<meta property=\"og:type\" content=\"article\" \/>\n<meta property=\"og:title\" content=\"VERSACE HOME Vase 24 cm Jungle Animalier\" \/>\n<meta property=\"og:description\" content=\"Entdecken Sie VERSACE HOME Vase 24 cm Jungle Animalier bei ErresseShop. Qualit\u00e4t, Stil und Funktionalit\u00e4t \u2013 jetzt online bestellen!\" \/>\n<meta property=\"og:url\" content=\"https:\/\/www.erresse-shop.it\/de\/shop\/einrichtung-haus\/vasen\/versace-home-vase-24-cm-jungle-animalier\/\" \/>\n<meta property=\"og:site_name\" content=\"Erresse Shop\" \/>\n<meta property=\"article:modified_time\" content=\"2025-01-17T17:58:40+00:00\" \/>\n<meta property=\"og:image\" content=\"https:\/\/www.erresse-shop.it\/wp-content\/uploads\/2022\/10\/VERSACE-HOME-Vaso-Jungle-Animalier-24-cm.jpg\" \/>\n\t<meta property=\"og:image:width\" content=\"800\" \/>\n\t<meta property=\"og:image:height\" content=\"800\" \/>\n\t<meta property=\"og:image:type\" content=\"image\/jpeg\" \/>\n<meta name=\"twitter:card\" content=\"summary_large_image\" \/>\n<script type=\"application\/ld+json\" class=\"yoast-schema-graph\">{\"@context\":\"https:\/\/schema.org\",\"@graph\":[{\"@type\":\"WebPage\",\"@id\":\"https:\/\/www.erresse-shop.it\/de\/shop\/einrichtung-haus\/vasen\/versace-home-vase-24-cm-jungle-animalier\/\",\"url\":\"https:\/\/www.erresse-shop.it\/de\/shop\/einrichtung-haus\/vasen\/versace-home-vase-24-cm-jungle-animalier\/\",\"name\":\"VERSACE HOME Vase 24 cm Jungle Animalier\",\"isPartOf\":{\"@id\":\"https:\/\/www.erresse-shop.it\/de\/#website\"},\"datePublished\":\"2022-10-19T07:29:37+00:00\",\"dateModified\":\"2025-01-17T17:58:40+00:00\",\"description\":\"Entdecken Sie VERSACE HOME Vase 24 cm Jungle Animalier bei ErresseShop. Qualit\u00e4t, Stil und Funktionalit\u00e4t \u2013 jetzt online bestellen!\",\"breadcrumb\":{\"@id\":\"https:\/\/www.erresse-shop.it\/de\/shop\/einrichtung-haus\/vasen\/versace-home-vase-24-cm-jungle-animalier\/#breadcrumb\"},\"inLanguage\":\"de-DE\",\"potentialAction\":[{\"@type\":\"ReadAction\",\"target\":[\"https:\/\/www.erresse-shop.it\/de\/shop\/einrichtung-haus\/vasen\/versace-home-vase-24-cm-jungle-animalier\/\"]}]},{\"@type\":\"BreadcrumbList\",\"@id\":\"https:\/\/www.erresse-shop.it\/de\/shop\/einrichtung-haus\/vasen\/versace-home-vase-24-cm-jungle-animalier\/#breadcrumb\",\"itemListElement\":[{\"@type\":\"ListItem\",\"position\":1,\"name\":\"Home\",\"item\":\"https:\/\/www.erresse-shop.it\/de\/\"},{\"@type\":\"ListItem\",\"position\":2,\"name\":\"Shop\",\"item\":\"https:\/\/www.erresse-shop.it\/de\/shop\/\"},{\"@type\":\"ListItem\",\"position\":3,\"name\":\"VERSACE HOME Vase 24 cm Jungle Animalier\"}]},{\"@type\":\"WebSite\",\"@id\":\"https:\/\/www.erresse-shop.it\/de\/#website\",\"url\":\"https:\/\/www.erresse-shop.it\/de\/\",\"name\":\"Erresse Shop\",\"description\":\"Articoli di qualit\u00e0 per la casa\",\"potentialAction\":[{\"@type\":\"SearchAction\",\"target\":{\"@type\":\"EntryPoint\",\"urlTemplate\":\"https:\/\/www.erresse-shop.it\/de\/?s={search_term_string}\"},\"query-input\":\"required name=search_term_string\"}],\"inLanguage\":\"de-DE\"}]}<\/script>\n<!-- \/ Yoast SEO Premium plugin. -->","yoast_head_json":{"title":"VERSACE HOME Vase 24 cm Jungle Animalier","description":"Entdecken Sie VERSACE HOME Vase 24 cm Jungle Animalier bei ErresseShop. Qualit\u00e4t, Stil und Funktionalit\u00e4t \u2013 jetzt online bestellen!","robots":{"index":"index","follow":"follow","max-snippet":"max-snippet:-1","max-image-preview":"max-image-preview:large","max-video-preview":"max-video-preview:-1"},"canonical":"https:\/\/www.erresse-shop.it\/de\/shop\/einrichtung-haus\/vasen\/versace-home-vase-24-cm-jungle-animalier\/","og_locale":"de_DE","og_type":"article","og_title":"VERSACE HOME Vase 24 cm Jungle Animalier","og_description":"Entdecken Sie VERSACE HOME Vase 24 cm Jungle Animalier bei ErresseShop. Qualit\u00e4t, Stil und Funktionalit\u00e4t \u2013 jetzt online bestellen!","og_url":"https:\/\/www.erresse-shop.it\/de\/shop\/einrichtung-haus\/vasen\/versace-home-vase-24-cm-jungle-animalier\/","og_site_name":"Erresse Shop","article_modified_time":"2025-01-17T17:58:40+00:00","og_image":[{"width":800,"height":800,"url":"https:\/\/www.erresse-shop.it\/wp-content\/uploads\/2022\/10\/VERSACE-HOME-Vaso-Jungle-Animalier-24-cm.jpg","type":"image\/jpeg"}],"twitter_card":"summary_large_image","schema":{"@context":"https:\/\/schema.org","@graph":[{"@type":"WebPage","@id":"https:\/\/www.erresse-shop.it\/de\/shop\/einrichtung-haus\/vasen\/versace-home-vase-24-cm-jungle-animalier\/","url":"https:\/\/www.erresse-shop.it\/de\/shop\/einrichtung-haus\/vasen\/versace-home-vase-24-cm-jungle-animalier\/","name":"VERSACE HOME Vase 24 cm Jungle Animalier","isPartOf":{"@id":"https:\/\/www.erresse-shop.it\/de\/#website"},"datePublished":"2022-10-19T07:29:37+00:00","dateModified":"2025-01-17T17:58:40+00:00","description":"Entdecken Sie VERSACE HOME Vase 24 cm Jungle Animalier bei ErresseShop. Qualit\u00e4t, Stil und Funktionalit\u00e4t \u2013 jetzt online bestellen!","breadcrumb":{"@id":"https:\/\/www.erresse-shop.it\/de\/shop\/einrichtung-haus\/vasen\/versace-home-vase-24-cm-jungle-animalier\/#breadcrumb"},"inLanguage":"de-DE","potentialAction":[{"@type":"ReadAction","target":["https:\/\/www.erresse-shop.it\/de\/shop\/einrichtung-haus\/vasen\/versace-home-vase-24-cm-jungle-animalier\/"]}]},{"@type":"BreadcrumbList","@id":"https:\/\/www.erresse-shop.it\/de\/shop\/einrichtung-haus\/vasen\/versace-home-vase-24-cm-jungle-animalier\/#breadcrumb","itemListElement":[{"@type":"ListItem","position":1,"name":"Home","item":"https:\/\/www.erresse-shop.it\/de\/"},{"@type":"ListItem","position":2,"name":"Shop","item":"https:\/\/www.erresse-shop.it\/de\/shop\/"},{"@type":"ListItem","position":3,"name":"VERSACE HOME Vase 24 cm Jungle Animalier"}]},{"@type":"WebSite","@id":"https:\/\/www.erresse-shop.it\/de\/#website","url":"https:\/\/www.erresse-shop.it\/de\/","name":"Erresse Shop","description":"Articoli di qualit\u00e0 per la casa","potentialAction":[{"@type":"SearchAction","target":{"@type":"EntryPoint","urlTemplate":"https:\/\/www.erresse-shop.it\/de\/?s={search_term_string}"},"query-input":"required name=search_term_string"}],"inLanguage":"de-DE"}]}},"df_price":212.5,"df_sale_price":212.5,"df_regular_price":425,"df_image_link":"https:\/\/www.erresse-shop.it\/wp-content\/uploads\/2022\/10\/VERSACE-HOME-Vaso-24cm-Jungle-Animalier-300x300.jpg","_links":{"self":[{"href":"https:\/\/www.erresse-shop.it\/de\/wp-json\/wp\/v2\/product\/194321"}],"collection":[{"href":"https:\/\/www.erresse-shop.it\/de\/wp-json\/wp\/v2\/product"}],"about":[{"href":"https:\/\/www.erresse-shop.it\/de\/wp-json\/wp\/v2\/types\/product"}],"wp:featuredmedia":[{"embeddable":true,"href":"https:\/\/www.erresse-shop.it\/de\/wp-json\/wp\/v2\/media\/475833"}],"wp:attachment":[{"href":"https:\/\/www.erresse-shop.it\/de\/wp-json\/wp\/v2\/media?parent=194321"}],"wp:term":[{"taxonomy":"product_cat","embeddable":true,"href":"https:\/\/www.erresse-shop.it\/de\/wp-json\/wp\/v2\/product_cat?post=194321"},{"taxonomy":"product_tag","embeddable":true,"href":"https:\/\/www.erresse-shop.it\/de\/wp-json\/wp\/v2\/product_tag?post=194321"}],"curies":[{"name":"wp","href":"https:\/\/api.w.org\/{rel}","templated":true}]}}