{"id":19397,"date":"2016-12-05T11:05:36","date_gmt":"2016-12-05T11:05:36","guid":{"rendered":"https:\/\/www.erresse-shop.it\/?post_type=product&#038;p=19397"},"modified":"2021-12-20T16:59:39","modified_gmt":"2021-12-20T16:59:39","slug":"giusti-flasche-bona-notte-grun","status":"publish","type":"product","link":"https:\/\/www.erresse-shop.it\/de\/shop\/tisch\/karaffen-flaschen-kruege\/giusti-flasche-bona-notte-grun\/","title":{"rendered":"MARIO LUCA GIUSTI Flasche Bona Notte Gr\u00fcn"},"content":{"rendered":"<p><span title=\"Oggetti belli, puliti, semplici ed eleganti, di design, colorati: disegnati e progettati dallo stilista Mario Luca Giusti di Firenze.\">Sch\u00f6ne Dinge , sauber, einfach , elegantes Design, gef\u00e4rbt: entworfen und von Designer Luca Mario Giusti Florenz entwickelt.<\/span><\/p>\n<p><span title=\"Un modo nuovo e moderno di pensare bicchieri, brocche, alzate e accessori per la tavola in materiale plastico: acrilico e policarbonato.\">Eine neue und moderne Art des Denkens Gl\u00e4ser , Kr\u00fcge, Steigleitungen und Tisch-Accessoires Kunststoff Acryl und Polycarbonat.<\/span><\/p>\n<p><span title=\"Le collezioni, studiate e ideate dallo stesso Giusti si arricchiscono ogni anno di nuovi modelli aggiungendo oggetti dalle forme fantasiose e dalle tinte che spaziano dal bianco, al nero, dal trasparente ai colori pi\u00f9 brillanti.\">Die Sammlungen , von der gleichen Giusti entworfen und konzipiert werden jedes Jahr durch neue Modelle , indem Objekte mit phantasievollen Formen und Farben von wei\u00df bis schwarz, transparent f\u00fcr die helleren Farben bereichert. <\/span><span title=\"L'ispirazione arriva dalla natura, dal paesaggio, dall'arte italiana; per fare un bicchiere si guarda una collina o le sfaccettature del diamante, per un servizio di piatti si rubano un disegno dell'Ottocento, le piante della giungla equatoriale, i fiori\">Die Inspiration kommt aus der Natur , Landschaft, italienische Kunst pr\u00e4sentiert, um ein Glas zu machen sieht auf einem H\u00fcgel oder die Facetten des Diamanten, f\u00fcr eine Reihe von Gerichten, die Sie stehlen eine Zeichnung des neunzehnten Jahrhunderts, die \u00e4quatorialen Dschungel Pflanzen, Blumen <\/span><span title=\"di un giardino inglese, il manto di animali della savana.\">von einem englischen Garten , der Mantel der Tiere der Savanne. <\/span><span title=\"Per i colori si prendono in prestito quelli dell'arcobaleno e anche di pi\u00f9.\">Um leihen die Farben sind die des Regenbogens und mehr.<\/span><\/p>\n<p><span title=\"La Bottiglia Bona, bella ed elegante con tappo ermetico: ideale per portare a tavola la vostra acqua con stile.\">Flasche Bona , sch\u00f6n und elegant mit luftdichtem Deckel , ideal , um Ihren Wasser-Tisch mit Stil tragen . <\/span><span title=\"Realizzata in materiale acrilico ha una forma classica, ideale per decorare la tavola con stile ed essenzialit\u00e0 .Lavaggio a mano, a freddo.\">Aus Acryl Material hat eine klassische Form , ideal f\u00fcr die Tischdekoration mit Stil und Einfachheit. Handw\u00e4sche, kalt.<\/span><\/p>\n","protected":false},"excerpt":{"rendered":"<p>Sch\u00f6ne Dinge , sauber, einfach , elegantes Design, gef\u00e4rbt: entworfen und von Designer Luca Mario Giusti Florenz entwickelt. Eine neue<\/p>\n","protected":false},"featured_media":434571,"template":"","meta":{"_acf_changed":false,"inline_featured_image":false},"product_cat":[6859,6787],"product_tag":[25027,11843,11849,24398,24604,25022,12419,11847],"acf":[],"yoast_head":"<!-- This site is optimized with the Yoast SEO Premium plugin v18.6 (Yoast SEO v19.13) - https:\/\/yoast.com\/wordpress\/plugins\/seo\/ -->\n<title>MARIO LUCA GIUSTI Flasche Bona Notte Gr\u00fcn - Erresse Shop<\/title>\n<meta name=\"description\" content=\"Sch\u00f6ne Dinge , sauber, einfach , elegantes Design, gef\u00e4rbt: entworfen und von Designer Luca Mario Giusti Florenz entwickelt. Eine neue und moderne Art des\" \/>\n<meta name=\"robots\" content=\"index, follow, max-snippet:-1, max-image-preview:large, max-video-preview:-1\" \/>\n<link rel=\"canonical\" href=\"https:\/\/www.erresse-shop.it\/de\/shop\/tisch\/karaffen-flaschen-kruege\/giusti-flasche-bona-notte-grun\/\" \/>\n<meta property=\"og:locale\" content=\"de_DE\" \/>\n<meta property=\"og:type\" content=\"article\" \/>\n<meta property=\"og:title\" content=\"MARIO LUCA GIUSTI Flasche Bona Notte Gr\u00fcn\" \/>\n<meta property=\"og:description\" content=\"Sch\u00f6ne Dinge , sauber, einfach , elegantes Design, gef\u00e4rbt: entworfen und von Designer Luca Mario Giusti Florenz entwickelt. Eine neue und moderne Art des\" \/>\n<meta property=\"og:url\" content=\"https:\/\/www.erresse-shop.it\/de\/shop\/tisch\/karaffen-flaschen-kruege\/giusti-flasche-bona-notte-grun\/\" \/>\n<meta property=\"og:site_name\" content=\"Erresse Shop\" \/>\n<meta property=\"article:modified_time\" content=\"2021-12-20T16:59:39+00:00\" \/>\n<meta property=\"og:image\" content=\"https:\/\/www.erresse-shop.it\/wp-content\/uploads\/2016\/12\/MARIO-LUCA-GIUSTI-Bottiglia-Bona-Notte-verde-1.jpg\" \/>\n\t<meta property=\"og:image:width\" content=\"1200\" \/>\n\t<meta property=\"og:image:height\" content=\"1200\" \/>\n\t<meta property=\"og:image:type\" content=\"image\/jpeg\" \/>\n<meta name=\"twitter:card\" content=\"summary_large_image\" \/>\n<script type=\"application\/ld+json\" class=\"yoast-schema-graph\">{\"@context\":\"https:\/\/schema.org\",\"@graph\":[{\"@type\":\"WebPage\",\"@id\":\"https:\/\/www.erresse-shop.it\/de\/shop\/tisch\/karaffen-flaschen-kruege\/giusti-flasche-bona-notte-grun\/\",\"url\":\"https:\/\/www.erresse-shop.it\/de\/shop\/tisch\/karaffen-flaschen-kruege\/giusti-flasche-bona-notte-grun\/\",\"name\":\"MARIO LUCA GIUSTI Flasche Bona Notte Gr\u00fcn - Erresse Shop\",\"isPartOf\":{\"@id\":\"https:\/\/www.erresse-shop.it\/de\/#website\"},\"datePublished\":\"2016-12-05T11:05:36+00:00\",\"dateModified\":\"2021-12-20T16:59:39+00:00\",\"description\":\"Sch\u00f6ne Dinge , sauber, einfach , elegantes Design, gef\u00e4rbt: entworfen und von Designer Luca Mario Giusti Florenz entwickelt. Eine neue und moderne Art des\",\"breadcrumb\":{\"@id\":\"https:\/\/www.erresse-shop.it\/de\/shop\/tisch\/karaffen-flaschen-kruege\/giusti-flasche-bona-notte-grun\/#breadcrumb\"},\"inLanguage\":\"de-DE\",\"potentialAction\":[{\"@type\":\"ReadAction\",\"target\":[\"https:\/\/www.erresse-shop.it\/de\/shop\/tisch\/karaffen-flaschen-kruege\/giusti-flasche-bona-notte-grun\/\"]}]},{\"@type\":\"BreadcrumbList\",\"@id\":\"https:\/\/www.erresse-shop.it\/de\/shop\/tisch\/karaffen-flaschen-kruege\/giusti-flasche-bona-notte-grun\/#breadcrumb\",\"itemListElement\":[{\"@type\":\"ListItem\",\"position\":1,\"name\":\"Home\",\"item\":\"https:\/\/www.erresse-shop.it\/de\/\"},{\"@type\":\"ListItem\",\"position\":2,\"name\":\"Shop\",\"item\":\"https:\/\/www.erresse-shop.it\/de\/shop\/\"},{\"@type\":\"ListItem\",\"position\":3,\"name\":\"MARIO LUCA GIUSTI Flasche Bona Notte Gr\u00fcn\"}]},{\"@type\":\"WebSite\",\"@id\":\"https:\/\/www.erresse-shop.it\/de\/#website\",\"url\":\"https:\/\/www.erresse-shop.it\/de\/\",\"name\":\"Erresse Shop\",\"description\":\"Articoli di qualit\u00e0 per la casa\",\"potentialAction\":[{\"@type\":\"SearchAction\",\"target\":{\"@type\":\"EntryPoint\",\"urlTemplate\":\"https:\/\/www.erresse-shop.it\/de\/?s={search_term_string}\"},\"query-input\":\"required name=search_term_string\"}],\"inLanguage\":\"de-DE\"}]}<\/script>\n<!-- \/ Yoast SEO Premium plugin. -->","yoast_head_json":{"title":"MARIO LUCA GIUSTI Flasche Bona Notte Gr\u00fcn - Erresse Shop","description":"Sch\u00f6ne Dinge , sauber, einfach , elegantes Design, gef\u00e4rbt: entworfen und von Designer Luca Mario Giusti Florenz entwickelt. Eine neue und moderne Art des","robots":{"index":"index","follow":"follow","max-snippet":"max-snippet:-1","max-image-preview":"max-image-preview:large","max-video-preview":"max-video-preview:-1"},"canonical":"https:\/\/www.erresse-shop.it\/de\/shop\/tisch\/karaffen-flaschen-kruege\/giusti-flasche-bona-notte-grun\/","og_locale":"de_DE","og_type":"article","og_title":"MARIO LUCA GIUSTI Flasche Bona Notte Gr\u00fcn","og_description":"Sch\u00f6ne Dinge , sauber, einfach , elegantes Design, gef\u00e4rbt: entworfen und von Designer Luca Mario Giusti Florenz entwickelt. Eine neue und moderne Art des","og_url":"https:\/\/www.erresse-shop.it\/de\/shop\/tisch\/karaffen-flaschen-kruege\/giusti-flasche-bona-notte-grun\/","og_site_name":"Erresse Shop","article_modified_time":"2021-12-20T16:59:39+00:00","og_image":[{"width":1200,"height":1200,"url":"https:\/\/www.erresse-shop.it\/wp-content\/uploads\/2016\/12\/MARIO-LUCA-GIUSTI-Bottiglia-Bona-Notte-verde-1.jpg","type":"image\/jpeg"}],"twitter_card":"summary_large_image","schema":{"@context":"https:\/\/schema.org","@graph":[{"@type":"WebPage","@id":"https:\/\/www.erresse-shop.it\/de\/shop\/tisch\/karaffen-flaschen-kruege\/giusti-flasche-bona-notte-grun\/","url":"https:\/\/www.erresse-shop.it\/de\/shop\/tisch\/karaffen-flaschen-kruege\/giusti-flasche-bona-notte-grun\/","name":"MARIO LUCA GIUSTI Flasche Bona Notte Gr\u00fcn - Erresse Shop","isPartOf":{"@id":"https:\/\/www.erresse-shop.it\/de\/#website"},"datePublished":"2016-12-05T11:05:36+00:00","dateModified":"2021-12-20T16:59:39+00:00","description":"Sch\u00f6ne Dinge , sauber, einfach , elegantes Design, gef\u00e4rbt: entworfen und von Designer Luca Mario Giusti Florenz entwickelt. Eine neue und moderne Art des","breadcrumb":{"@id":"https:\/\/www.erresse-shop.it\/de\/shop\/tisch\/karaffen-flaschen-kruege\/giusti-flasche-bona-notte-grun\/#breadcrumb"},"inLanguage":"de-DE","potentialAction":[{"@type":"ReadAction","target":["https:\/\/www.erresse-shop.it\/de\/shop\/tisch\/karaffen-flaschen-kruege\/giusti-flasche-bona-notte-grun\/"]}]},{"@type":"BreadcrumbList","@id":"https:\/\/www.erresse-shop.it\/de\/shop\/tisch\/karaffen-flaschen-kruege\/giusti-flasche-bona-notte-grun\/#breadcrumb","itemListElement":[{"@type":"ListItem","position":1,"name":"Home","item":"https:\/\/www.erresse-shop.it\/de\/"},{"@type":"ListItem","position":2,"name":"Shop","item":"https:\/\/www.erresse-shop.it\/de\/shop\/"},{"@type":"ListItem","position":3,"name":"MARIO LUCA GIUSTI Flasche Bona Notte Gr\u00fcn"}]},{"@type":"WebSite","@id":"https:\/\/www.erresse-shop.it\/de\/#website","url":"https:\/\/www.erresse-shop.it\/de\/","name":"Erresse Shop","description":"Articoli di qualit\u00e0 per la casa","potentialAction":[{"@type":"SearchAction","target":{"@type":"EntryPoint","urlTemplate":"https:\/\/www.erresse-shop.it\/de\/?s={search_term_string}"},"query-input":"required name=search_term_string"}],"inLanguage":"de-DE"}]}},"df_price":29,"df_sale_price":29,"df_regular_price":42,"df_image_link":"https:\/\/www.erresse-shop.it\/wp-content\/uploads\/2016\/12\/MARIO-LUCA-GIUSTI-Bottiglia-Bona-Notte-verde-1-300x300.jpg","_links":{"self":[{"href":"https:\/\/www.erresse-shop.it\/de\/wp-json\/wp\/v2\/product\/19397"}],"collection":[{"href":"https:\/\/www.erresse-shop.it\/de\/wp-json\/wp\/v2\/product"}],"about":[{"href":"https:\/\/www.erresse-shop.it\/de\/wp-json\/wp\/v2\/types\/product"}],"wp:featuredmedia":[{"embeddable":true,"href":"https:\/\/www.erresse-shop.it\/de\/wp-json\/wp\/v2\/media\/434571"}],"wp:attachment":[{"href":"https:\/\/www.erresse-shop.it\/de\/wp-json\/wp\/v2\/media?parent=19397"}],"wp:term":[{"taxonomy":"product_cat","embeddable":true,"href":"https:\/\/www.erresse-shop.it\/de\/wp-json\/wp\/v2\/product_cat?post=19397"},{"taxonomy":"product_tag","embeddable":true,"href":"https:\/\/www.erresse-shop.it\/de\/wp-json\/wp\/v2\/product_tag?post=19397"}],"curies":[{"name":"wp","href":"https:\/\/api.w.org\/{rel}","templated":true}]}}