{"id":193688,"date":"2022-10-17T10:09:28","date_gmt":"2022-10-17T10:09:29","guid":{"rendered":"https:\/\/www.erresse-shop.it\/?post_type=product&#038;p=193688"},"modified":"2025-01-17T07:54:32","modified_gmt":"2025-01-17T07:54:32","slug":"jura-cappuccinator-heiss-kalt","status":"publish","type":"product","link":"https:\/\/www.erresse-shop.it\/de\/shop\/kleine-elektrogeraete\/milchaufschaumer\/jura-cappuccinator-heiss-kalt\/","title":{"rendered":"JURA Cappuccinator Heiss &#038; Kalt"},"content":{"rendered":"<p><strong>MAGISCHER MILCHSCHAUM<\/strong><br \/>\nWeich und vielseitig. Mit dem frischen, cremigen Milchschaum aus dem JURA Cappuccino-Zubereiter ist es nun endlich m\u00f6glich, Spezialit\u00e4ten wie das Trendgetr\u00e4nk Flat White auch in einer kalten Variante zuzubereiten.<\/p>\n<p>Das klare, minimalistische Design, die detaillierte Haptik und die ausgesuchten Materialien machen den Aufsch\u00e4um-Assistenten besonders einfach in der Handhabung, bei h\u00f6chster Hygiene. Ausgestattet mit zwei Zubeh\u00f6rteilen, bereitet er auf Knopfdruck kalte, hei\u00dfe oder kochende Milch und Milchschaum zu.<\/p>\n<p>Ob als Erg\u00e4nzung zu jedem Kaffeespezialit\u00e4ten-Vollautomaten oder als unverzichtbares Zubeh\u00f6r f\u00fcr alle Liebhaber von Milchspezialit\u00e4ten, der JURA-Cappuccino-Zubereiter hilft, die Vielfalt der Rezepte zu erh\u00f6hen und die Zubereitungskunst zu perfektionieren.<\/p>\n<p><strong>VARIETY<\/strong><br \/>\nOb als Garnitur oder als Grundzutat, der weiche, cremige Milchschaum verleiht trendigen Spezialit\u00e4ten die n\u00f6tige Frische und Leichtigkeit. Kalt, hei\u00df oder kochend &#8211; die Cappuccino-Maschine erm\u00f6glicht die Zubereitung von K\u00f6stlichkeiten f\u00fcr jede Jahreszeit. Eine hei\u00dfe Schokolade im Winter, ein fruchtiger Cold Romanoff im Fr\u00fchling, ein Iced Flat White im Sommer oder ein Iced Chai Latte im Herbst &#8211; der Fantasie sind keine Grenzen gesetzt! Das beiliegende Rezeptheft liefert einige Ideen f\u00fcr die Zubereitung von exklusiven Trendgetr\u00e4nken.<\/p>\n<p><strong>KALTER MILCHSCHAUM AUF KNOPFDRUCK<\/strong><br \/>\nUm kalte, hei\u00dfe oder kochende Milch im Milchbeh\u00e4lter aufzusch\u00e4umen, dr\u00fccken Sie einfach ein-, zwei- oder dreimal die ergonomische Bedientaste. Intuitive Farbpiktogramme best\u00e4tigen den gew\u00e4hlten Modus.<\/p>\n<p><strong>AUSGEKL\u00dcGELTES DESIGN<\/strong><br \/>\nHaptik und \u00c4sthetik der Cappuccino-Maschine sind dem klassischen JURA-Design nachempfunden und sorgen f\u00fcr einfache Handhabung und optimale Hygiene. Der Milchbeh\u00e4lter verf\u00fcgt \u00fcber eine angenehme Soft-Touch-Griffoberfl\u00e4che und elegante Chromdetails. Pflegeleichte Materialien wie Edelstahl und abgerundete Formen machen die Reinigung des Beh\u00e4lters besonders einfach.<\/p>\n<p>KLEINE GRUNDFL\u00c4CHE<br \/>\nDer Ern\u00e4hrungsschlauch und das Zubeh\u00f6r k\u00f6nnen bequem in der Basis aufbewahrt werden. Dank seiner Abmessungen von 13 x 21 cm passt der Cappuccinator in jeden K\u00fcchenschrank.<\/p>\n<p>TECHNISCHE MERKMALE<\/p>\n<p>Kabell\u00e4nge 0,8 m<br \/>\nSpannung 120 &#8211; 240 V ~<br \/>\nFrequenz 50 &#8211; 60 Hz<br \/>\nGewicht 1 kg<br \/>\nBreite 12,5 cm<br \/>\nH\u00f6he 20,9 cm<\/p>\n","protected":false},"excerpt":{"rendered":"<p>MAGISCHER MILCHSCHAUM Weich und vielseitig. Mit dem frischen, cremigen Milchschaum aus dem JURA Cappuccino-Zubereiter ist es nun endlich m\u00f6glich, Spezialit\u00e4ten<\/p>\n","protected":false},"featured_media":193726,"template":"","meta":{"_acf_changed":false,"inline_featured_image":false},"product_cat":[6703,20619],"product_tag":[23624,11837,20766,20627],"acf":[],"yoast_head":"<!-- This site is optimized with the Yoast SEO Premium plugin v18.6 (Yoast SEO v19.13) - https:\/\/yoast.com\/wordpress\/plugins\/seo\/ -->\n<title>JURA Cappuccinator Heiss &amp; Kalt<\/title>\n<meta name=\"description\" content=\"Entdecken Sie JURA Cappuccinator Heiss &amp; Kalt bei ErresseShop. Qualit\u00e4t, Stil und Funktionalit\u00e4t \u2013 jetzt online bestellen!\" \/>\n<meta name=\"robots\" content=\"index, follow, max-snippet:-1, max-image-preview:large, max-video-preview:-1\" \/>\n<link rel=\"canonical\" href=\"https:\/\/www.erresse-shop.it\/de\/shop\/kleine-elektrogeraete\/milchaufschaumer\/jura-cappuccinator-heiss-kalt\/\" \/>\n<meta property=\"og:locale\" content=\"de_DE\" \/>\n<meta property=\"og:type\" content=\"article\" \/>\n<meta property=\"og:title\" content=\"JURA Cappuccinator Heiss &amp; Kalt\" \/>\n<meta property=\"og:description\" content=\"Entdecken Sie JURA Cappuccinator Heiss &amp; Kalt bei ErresseShop. Qualit\u00e4t, Stil und Funktionalit\u00e4t \u2013 jetzt online bestellen!\" \/>\n<meta property=\"og:url\" content=\"https:\/\/www.erresse-shop.it\/de\/shop\/kleine-elektrogeraete\/milchaufschaumer\/jura-cappuccinator-heiss-kalt\/\" \/>\n<meta property=\"og:site_name\" content=\"Erresse Shop\" \/>\n<meta property=\"article:modified_time\" content=\"2025-01-17T07:54:32+00:00\" \/>\n<meta property=\"og:image\" content=\"https:\/\/www.erresse-shop.it\/wp-content\/uploads\/2022\/10\/JURA-cappuccinatore4.jpg\" \/>\n\t<meta property=\"og:image:width\" content=\"800\" \/>\n\t<meta property=\"og:image:height\" content=\"800\" \/>\n\t<meta property=\"og:image:type\" content=\"image\/jpeg\" \/>\n<meta name=\"twitter:card\" content=\"summary_large_image\" \/>\n<script type=\"application\/ld+json\" class=\"yoast-schema-graph\">{\"@context\":\"https:\/\/schema.org\",\"@graph\":[{\"@type\":\"WebPage\",\"@id\":\"https:\/\/www.erresse-shop.it\/de\/shop\/kleine-elektrogeraete\/milchaufschaumer\/jura-cappuccinator-heiss-kalt\/\",\"url\":\"https:\/\/www.erresse-shop.it\/de\/shop\/kleine-elektrogeraete\/milchaufschaumer\/jura-cappuccinator-heiss-kalt\/\",\"name\":\"JURA Cappuccinator Heiss & Kalt\",\"isPartOf\":{\"@id\":\"https:\/\/www.erresse-shop.it\/de\/#website\"},\"datePublished\":\"2022-10-17T10:09:29+00:00\",\"dateModified\":\"2025-01-17T07:54:32+00:00\",\"description\":\"Entdecken Sie JURA Cappuccinator Heiss & Kalt bei ErresseShop. Qualit\u00e4t, Stil und Funktionalit\u00e4t \u2013 jetzt online bestellen!\",\"breadcrumb\":{\"@id\":\"https:\/\/www.erresse-shop.it\/de\/shop\/kleine-elektrogeraete\/milchaufschaumer\/jura-cappuccinator-heiss-kalt\/#breadcrumb\"},\"inLanguage\":\"de-DE\",\"potentialAction\":[{\"@type\":\"ReadAction\",\"target\":[\"https:\/\/www.erresse-shop.it\/de\/shop\/kleine-elektrogeraete\/milchaufschaumer\/jura-cappuccinator-heiss-kalt\/\"]}]},{\"@type\":\"BreadcrumbList\",\"@id\":\"https:\/\/www.erresse-shop.it\/de\/shop\/kleine-elektrogeraete\/milchaufschaumer\/jura-cappuccinator-heiss-kalt\/#breadcrumb\",\"itemListElement\":[{\"@type\":\"ListItem\",\"position\":1,\"name\":\"Home\",\"item\":\"https:\/\/www.erresse-shop.it\/de\/\"},{\"@type\":\"ListItem\",\"position\":2,\"name\":\"Shop\",\"item\":\"https:\/\/www.erresse-shop.it\/de\/shop\/\"},{\"@type\":\"ListItem\",\"position\":3,\"name\":\"JURA Cappuccinator Heiss &#038; Kalt\"}]},{\"@type\":\"WebSite\",\"@id\":\"https:\/\/www.erresse-shop.it\/de\/#website\",\"url\":\"https:\/\/www.erresse-shop.it\/de\/\",\"name\":\"Erresse Shop\",\"description\":\"Articoli di qualit\u00e0 per la casa\",\"potentialAction\":[{\"@type\":\"SearchAction\",\"target\":{\"@type\":\"EntryPoint\",\"urlTemplate\":\"https:\/\/www.erresse-shop.it\/de\/?s={search_term_string}\"},\"query-input\":\"required name=search_term_string\"}],\"inLanguage\":\"de-DE\"}]}<\/script>\n<!-- \/ Yoast SEO Premium plugin. -->","yoast_head_json":{"title":"JURA Cappuccinator Heiss & Kalt","description":"Entdecken Sie JURA Cappuccinator Heiss & Kalt bei ErresseShop. Qualit\u00e4t, Stil und Funktionalit\u00e4t \u2013 jetzt online bestellen!","robots":{"index":"index","follow":"follow","max-snippet":"max-snippet:-1","max-image-preview":"max-image-preview:large","max-video-preview":"max-video-preview:-1"},"canonical":"https:\/\/www.erresse-shop.it\/de\/shop\/kleine-elektrogeraete\/milchaufschaumer\/jura-cappuccinator-heiss-kalt\/","og_locale":"de_DE","og_type":"article","og_title":"JURA Cappuccinator Heiss & Kalt","og_description":"Entdecken Sie JURA Cappuccinator Heiss & Kalt bei ErresseShop. Qualit\u00e4t, Stil und Funktionalit\u00e4t \u2013 jetzt online bestellen!","og_url":"https:\/\/www.erresse-shop.it\/de\/shop\/kleine-elektrogeraete\/milchaufschaumer\/jura-cappuccinator-heiss-kalt\/","og_site_name":"Erresse Shop","article_modified_time":"2025-01-17T07:54:32+00:00","og_image":[{"width":800,"height":800,"url":"https:\/\/www.erresse-shop.it\/wp-content\/uploads\/2022\/10\/JURA-cappuccinatore4.jpg","type":"image\/jpeg"}],"twitter_card":"summary_large_image","schema":{"@context":"https:\/\/schema.org","@graph":[{"@type":"WebPage","@id":"https:\/\/www.erresse-shop.it\/de\/shop\/kleine-elektrogeraete\/milchaufschaumer\/jura-cappuccinator-heiss-kalt\/","url":"https:\/\/www.erresse-shop.it\/de\/shop\/kleine-elektrogeraete\/milchaufschaumer\/jura-cappuccinator-heiss-kalt\/","name":"JURA Cappuccinator Heiss & Kalt","isPartOf":{"@id":"https:\/\/www.erresse-shop.it\/de\/#website"},"datePublished":"2022-10-17T10:09:29+00:00","dateModified":"2025-01-17T07:54:32+00:00","description":"Entdecken Sie JURA Cappuccinator Heiss & Kalt bei ErresseShop. Qualit\u00e4t, Stil und Funktionalit\u00e4t \u2013 jetzt online bestellen!","breadcrumb":{"@id":"https:\/\/www.erresse-shop.it\/de\/shop\/kleine-elektrogeraete\/milchaufschaumer\/jura-cappuccinator-heiss-kalt\/#breadcrumb"},"inLanguage":"de-DE","potentialAction":[{"@type":"ReadAction","target":["https:\/\/www.erresse-shop.it\/de\/shop\/kleine-elektrogeraete\/milchaufschaumer\/jura-cappuccinator-heiss-kalt\/"]}]},{"@type":"BreadcrumbList","@id":"https:\/\/www.erresse-shop.it\/de\/shop\/kleine-elektrogeraete\/milchaufschaumer\/jura-cappuccinator-heiss-kalt\/#breadcrumb","itemListElement":[{"@type":"ListItem","position":1,"name":"Home","item":"https:\/\/www.erresse-shop.it\/de\/"},{"@type":"ListItem","position":2,"name":"Shop","item":"https:\/\/www.erresse-shop.it\/de\/shop\/"},{"@type":"ListItem","position":3,"name":"JURA Cappuccinator Heiss &#038; Kalt"}]},{"@type":"WebSite","@id":"https:\/\/www.erresse-shop.it\/de\/#website","url":"https:\/\/www.erresse-shop.it\/de\/","name":"Erresse Shop","description":"Articoli di qualit\u00e0 per la casa","potentialAction":[{"@type":"SearchAction","target":{"@type":"EntryPoint","urlTemplate":"https:\/\/www.erresse-shop.it\/de\/?s={search_term_string}"},"query-input":"required name=search_term_string"}],"inLanguage":"de-DE"}]}},"df_price":107.91000000000001,"df_sale_price":107.91000000000001,"df_regular_price":119.9,"df_image_link":"https:\/\/www.erresse-shop.it\/wp-content\/uploads\/2022\/10\/JURA-cappuccinatore4-300x300.jpg","_links":{"self":[{"href":"https:\/\/www.erresse-shop.it\/de\/wp-json\/wp\/v2\/product\/193688"}],"collection":[{"href":"https:\/\/www.erresse-shop.it\/de\/wp-json\/wp\/v2\/product"}],"about":[{"href":"https:\/\/www.erresse-shop.it\/de\/wp-json\/wp\/v2\/types\/product"}],"wp:featuredmedia":[{"embeddable":true,"href":"https:\/\/www.erresse-shop.it\/de\/wp-json\/wp\/v2\/media\/193726"}],"wp:attachment":[{"href":"https:\/\/www.erresse-shop.it\/de\/wp-json\/wp\/v2\/media?parent=193688"}],"wp:term":[{"taxonomy":"product_cat","embeddable":true,"href":"https:\/\/www.erresse-shop.it\/de\/wp-json\/wp\/v2\/product_cat?post=193688"},{"taxonomy":"product_tag","embeddable":true,"href":"https:\/\/www.erresse-shop.it\/de\/wp-json\/wp\/v2\/product_tag?post=193688"}],"curies":[{"name":"wp","href":"https:\/\/api.w.org\/{rel}","templated":true}]}}