{"id":193023,"date":"2022-10-14T07:48:55","date_gmt":"2022-10-14T07:48:57","guid":{"rendered":"https:\/\/www.erresse-shop.it\/?post_type=product&#038;p=193023"},"modified":"2025-01-16T08:02:16","modified_gmt":"2025-01-16T08:02:16","slug":"berkel-home-slicer-home-line-plus-200-rot","status":"publish","type":"product","link":"https:\/\/www.erresse-shop.it\/de\/shop\/kleine-elektrogeraete\/aufschnittmaschinen\/berkel-home-slicer-home-line-plus-200-rot\/","title":{"rendered":"BERKEL Home Slicer Home Line Plus 200 Rot"},"content":{"rendered":"<p><strong>Home Line PLUS : Berkel bringt Design in die K\u00fcche.<\/strong> Diese Linie von Aufschnittmaschinen f\u00fcr den Hausgebrauch ist die Synthese aus dem Know-how des technischen Teams von Berkel, den funktionellen Anforderungen und den hohen Sicherheits- und Sauberkeitsstandards. Home Line Plus ist die Weiterentwicklung der professionellen Berkel-Schneidetechnik f\u00fcr ein einzigartiges K\u00fcchenerlebnis, das eine hohe Schneidleistung f\u00fcr alle Arten von Lebensmitteln garantiert: Aufschnitt, Fisch, K\u00e4se, Obst, Gem\u00fcse und Brot. Essentielle und abgerundete Linien, die verbl\u00fcffen und faszinieren, aber vor allem in ihren au\u00dfergew\u00f6hnlich kompakten Abmessungen ausgestellt werden sollen. Die Home Line Plus zeichnet sich nicht nur durch ihr einzigartiges Design aus, sondern auch durch ihre technischen und funktionellen Eigenschaften, die das Verbrauchererlebnis verbessern: Die professionell profilierte Klinge aus verchromtem Stahl sorgt f\u00fcr einen perfekten Schnitt, reduziert den Abfall und gew\u00e4hrleistet gleichm\u00e4\u00dfige Scheiben. Der Messerschutz mit durchgehendem Profil verbessert die Gl\u00e4tte des zu schneidenden Produkts, und das diagonal \u00f6ffnende Segel erleichtert den Austritt des Schnitts f\u00fcr eine optimale Leistung. Der Motorblock gew\u00e4hrleistet eine bessere Leistung auch beim Schneiden h\u00e4rterer Produkte. Zus\u00e4tzlich sch\u00fctzt die Integration des CE-zertifizierten Sicherheitsschlosses und gew\u00e4hrleistet eine schnelle und einfache Reinigung. Digitale Innovation dank des in die Schneidemaschine integrierten NFC-Tags, der es dem Verbraucher erm\u00f6glicht, mit einem einfachen Smartphone ein exklusives Berkel-Erlebnis vor und nach dem Kauf zu haben.<\/p>\n<p>Einige Details k\u00f6nnen von den auf dem Foto gezeigten abweichen.<\/p>\n<p><strong>PERFORMANCE<\/strong><\/p>\n<ul>\n<li>Minimale Dicke der letzten Scheibe zur Minimierung des Produktabfalls<\/li>\n<li>Hebel zum \u00d6ffnen der Klinge mit 18 Positionen f\u00fcr die millimetergenaue Einstellung des Schnitts<\/li>\n<li>Schiefe Ebene nutzt die Schwerkraft f\u00fcr einen pr\u00e4ziseren und m\u00fcheloseren Schnitt<\/li>\n<li>Verchromte Stahlklinge mit professionellem Profil: reduziert den Abfall und sorgt f\u00fcr gleichm\u00e4\u00dfige Schnitte<\/li>\n<li>Durchgehend profilierter Messerschutz f\u00fcr Stabilit\u00e4t und besseres Gleiten des Schneidgutes<\/li>\n<li>Professioneller 0,25 PS \/ 0,19 kW Motor f\u00fcr exzellente Schnittleistung auch bei h\u00e4rtesten Produkten<\/li>\n<li>Eingebauter Klappenabweiser f\u00fcr leichteres Ausl\u00f6sen des Slice<\/li>\n<li>Der Produktunterst\u00fctzungsblock reduziert den Abstand zwischen Schlitten und Segel und erm\u00f6glicht die volle Unterst\u00fctzung der zu schneidenden Scheibe, um den Abfall zu minimieren<\/li>\n<li>Geh\u00e4use und Sockel aus einer speziellen Aluminiumlegierung und gummierte F\u00fc\u00dfe f\u00fcr maximale Stabilit\u00e4t w\u00e4hrend des Gebrauchs<\/li>\n<li>Vollst\u00e4ndig abgedichtetes IP65-Bedienfeld<\/li>\n<li>Schr\u00e4ges Segel\u00f6ffnungssystem f\u00fcr einfachen Produktaustritt beim Schneiden<\/li>\n<li>Anspitzer als Option zum Kauf erh\u00e4ltlich<\/li>\n<li>NFC-Tag: Achten Sie auf den gelben Aufkleber, um das Berkel-Erlebnis mit exklusiven Inhalten zu genie\u00dfen<\/li>\n<\/ul>\n<p><strong>REINIGUNG UND HYGIENE<\/strong><\/p>\n<ul>\n<li>Geh\u00e4use mit Klingenschutz: eine Schale auf der R\u00fcckseite der Klinge begrenzt die Zwischenr\u00e4ume, um die Ansammlung von Abf\u00e4llen zu verhindern<\/li>\n<li>Durchgehender Klingenschutz aus lebensmittelechtem Aluminium mit schnellem Ausbau zur einfachen Reinigung<\/li>\n<li>Kippplatte zur schnellen Reinigung des Maschinenk\u00f6rpers<\/li>\n<li>Leicht abnehmbarer und sp\u00fclmaschinenfester St\u00f6\u00dfel<\/li>\n<li>Inklusive Klingenabzieher<\/li>\n<li>Sockel mit Aluminiumplatte, so dass kein Spalt zwischen Maschine und Tisch entsteht<\/li>\n<\/ul>\n<p><strong>SICHERHEIT<\/strong><\/p>\n<ul>\n<li>CE-Sicherheitsverriegelung: In der gekippten Position der Platte bleibt das<\/li>\n<li>Segel geschlossen, um die Gefahr des Schneidens w\u00e4hrend der Reinigungsarbeiten zu vermeiden<\/li>\n<li>Professionelles Bedienfeld mit gut sichtbaren LED-EIN\/AUS-Schaltern<\/li>\n<li>Klingenschutzring aus lebensmittelechtem Aluminium f\u00fcr zus\u00e4tzliche Sicherheit<\/li>\n<li>Ergonomische Bedienelemente in bequemer Position, um den Kraftaufwand des Bedieners zu minimieren<\/li>\n<li>Automatische Abschaltung der Maschine bei Stromausfall<\/li>\n<\/ul>\n<p><strong>TECHNISCHE MERKMALE<\/strong><\/p>\n<p>Gewicht: 12,5 kg<br \/>\nH\u00f6he: 292 mm<br \/>\nTiefe: 530 mm<br \/>\nBreite: 328 mm<br \/>\nDurchmesser der Klinge: 195 mm<br \/>\nStecker: Kabel wird mit EU- und CH-Steckern geliefert<br \/>\nElektrische Daten: 230 V 50 Hz<br \/>\nMotorleistung: 0,19 kW<br \/>\nSchnittst\u00e4rke: 0 &#8211; 18 mm<br \/>\nSchneidkapazit\u00e4t (kreisf\u00f6rmig): 140 mm<br \/>\nSchnittkapazit\u00e4t (rechteckig): 200&#215;140 mm<br \/>\nAbnehmbare Teile: Klingenschutz, Schieber, kippbare, aber nicht abnehmbare Messerplatte<br \/>\nAnspitzer: nicht enthalten, optional im Angebot<br \/>\nKlingenabzieher: f\u00fcr eine gr\u00fcndliche Reinigung enthalten<br \/>\nDetails: Schr\u00e4ge Segel\u00f6ffnung f\u00fcr besseren Scheibenauslauf, durchgehender Profilmesserschutz f\u00fcr besseres Gleiten, Produktauflageblock f\u00fcr vollst\u00e4ndige Auflage der Scheibe und Minimierung des Abfalls<\/p>\n<p><span style=\"text-decoration: underline;\"><strong>Nicht zum Verkauf au\u00dferhalb Europas<\/strong><\/span><\/p>\n","protected":false},"excerpt":{"rendered":"<p>Home Line PLUS : Berkel bringt Design in die K\u00fcche. Diese Linie von Aufschnittmaschinen f\u00fcr den Hausgebrauch ist die Synthese<\/p>\n","protected":false},"featured_media":193056,"template":"","meta":{"_acf_changed":false,"inline_featured_image":false},"product_cat":[6703,17346],"product_tag":[17354,23911,17290,11718,19129,17355],"acf":[],"yoast_head":"<!-- This site is optimized with the Yoast SEO Premium plugin v18.6 (Yoast SEO v19.13) - https:\/\/yoast.com\/wordpress\/plugins\/seo\/ -->\n<title>BERKEL Home Slicer Home Line Plus 200 Rot<\/title>\n<meta name=\"description\" content=\"Entdecken Sie BERKEL Home Slicer Home Line Plus 200 Rot bei ErresseShop. Qualit\u00e4t, Stil und Funktionalit\u00e4t \u2013 jetzt online bestellen!\" \/>\n<meta name=\"robots\" content=\"index, follow, max-snippet:-1, max-image-preview:large, max-video-preview:-1\" \/>\n<link rel=\"canonical\" href=\"https:\/\/www.erresse-shop.it\/de\/shop\/kleine-elektrogeraete\/aufschnittmaschinen\/berkel-home-slicer-home-line-plus-200-rot\/\" \/>\n<meta property=\"og:locale\" content=\"de_DE\" \/>\n<meta property=\"og:type\" content=\"article\" \/>\n<meta property=\"og:title\" content=\"BERKEL Home Slicer Home Line Plus 200 Rot\" \/>\n<meta property=\"og:description\" content=\"Entdecken Sie BERKEL Home Slicer Home Line Plus 200 Rot bei ErresseShop. Qualit\u00e4t, Stil und Funktionalit\u00e4t \u2013 jetzt online bestellen!\" \/>\n<meta property=\"og:url\" content=\"https:\/\/www.erresse-shop.it\/de\/shop\/kleine-elektrogeraete\/aufschnittmaschinen\/berkel-home-slicer-home-line-plus-200-rot\/\" \/>\n<meta property=\"og:site_name\" content=\"Erresse Shop\" \/>\n<meta property=\"article:modified_time\" content=\"2025-01-16T08:02:16+00:00\" \/>\n<meta property=\"og:image\" content=\"https:\/\/www.erresse-shop.it\/wp-content\/uploads\/2022\/10\/BERKEL-affettatrice-domestica-home-line-plus-200-red-sina-eu-ch.jpg\" \/>\n\t<meta property=\"og:image:width\" content=\"800\" \/>\n\t<meta property=\"og:image:height\" content=\"800\" \/>\n\t<meta property=\"og:image:type\" content=\"image\/jpeg\" \/>\n<meta name=\"twitter:card\" content=\"summary_large_image\" \/>\n<script type=\"application\/ld+json\" class=\"yoast-schema-graph\">{\"@context\":\"https:\/\/schema.org\",\"@graph\":[{\"@type\":\"WebPage\",\"@id\":\"https:\/\/www.erresse-shop.it\/de\/shop\/kleine-elektrogeraete\/aufschnittmaschinen\/berkel-home-slicer-home-line-plus-200-rot\/\",\"url\":\"https:\/\/www.erresse-shop.it\/de\/shop\/kleine-elektrogeraete\/aufschnittmaschinen\/berkel-home-slicer-home-line-plus-200-rot\/\",\"name\":\"BERKEL Home Slicer Home Line Plus 200 Rot\",\"isPartOf\":{\"@id\":\"https:\/\/www.erresse-shop.it\/de\/#website\"},\"datePublished\":\"2022-10-14T07:48:57+00:00\",\"dateModified\":\"2025-01-16T08:02:16+00:00\",\"description\":\"Entdecken Sie BERKEL Home Slicer Home Line Plus 200 Rot bei ErresseShop. Qualit\u00e4t, Stil und Funktionalit\u00e4t \u2013 jetzt online bestellen!\",\"breadcrumb\":{\"@id\":\"https:\/\/www.erresse-shop.it\/de\/shop\/kleine-elektrogeraete\/aufschnittmaschinen\/berkel-home-slicer-home-line-plus-200-rot\/#breadcrumb\"},\"inLanguage\":\"de-DE\",\"potentialAction\":[{\"@type\":\"ReadAction\",\"target\":[\"https:\/\/www.erresse-shop.it\/de\/shop\/kleine-elektrogeraete\/aufschnittmaschinen\/berkel-home-slicer-home-line-plus-200-rot\/\"]}]},{\"@type\":\"BreadcrumbList\",\"@id\":\"https:\/\/www.erresse-shop.it\/de\/shop\/kleine-elektrogeraete\/aufschnittmaschinen\/berkel-home-slicer-home-line-plus-200-rot\/#breadcrumb\",\"itemListElement\":[{\"@type\":\"ListItem\",\"position\":1,\"name\":\"Home\",\"item\":\"https:\/\/www.erresse-shop.it\/de\/\"},{\"@type\":\"ListItem\",\"position\":2,\"name\":\"Shop\",\"item\":\"https:\/\/www.erresse-shop.it\/de\/shop\/\"},{\"@type\":\"ListItem\",\"position\":3,\"name\":\"BERKEL Home Slicer Home Line Plus 200 Rot\"}]},{\"@type\":\"WebSite\",\"@id\":\"https:\/\/www.erresse-shop.it\/de\/#website\",\"url\":\"https:\/\/www.erresse-shop.it\/de\/\",\"name\":\"Erresse Shop\",\"description\":\"Articoli di qualit\u00e0 per la casa\",\"potentialAction\":[{\"@type\":\"SearchAction\",\"target\":{\"@type\":\"EntryPoint\",\"urlTemplate\":\"https:\/\/www.erresse-shop.it\/de\/?s={search_term_string}\"},\"query-input\":\"required name=search_term_string\"}],\"inLanguage\":\"de-DE\"}]}<\/script>\n<!-- \/ Yoast SEO Premium plugin. -->","yoast_head_json":{"title":"BERKEL Home Slicer Home Line Plus 200 Rot","description":"Entdecken Sie BERKEL Home Slicer Home Line Plus 200 Rot bei ErresseShop. Qualit\u00e4t, Stil und Funktionalit\u00e4t \u2013 jetzt online bestellen!","robots":{"index":"index","follow":"follow","max-snippet":"max-snippet:-1","max-image-preview":"max-image-preview:large","max-video-preview":"max-video-preview:-1"},"canonical":"https:\/\/www.erresse-shop.it\/de\/shop\/kleine-elektrogeraete\/aufschnittmaschinen\/berkel-home-slicer-home-line-plus-200-rot\/","og_locale":"de_DE","og_type":"article","og_title":"BERKEL Home Slicer Home Line Plus 200 Rot","og_description":"Entdecken Sie BERKEL Home Slicer Home Line Plus 200 Rot bei ErresseShop. Qualit\u00e4t, Stil und Funktionalit\u00e4t \u2013 jetzt online bestellen!","og_url":"https:\/\/www.erresse-shop.it\/de\/shop\/kleine-elektrogeraete\/aufschnittmaschinen\/berkel-home-slicer-home-line-plus-200-rot\/","og_site_name":"Erresse Shop","article_modified_time":"2025-01-16T08:02:16+00:00","og_image":[{"width":800,"height":800,"url":"https:\/\/www.erresse-shop.it\/wp-content\/uploads\/2022\/10\/BERKEL-affettatrice-domestica-home-line-plus-200-red-sina-eu-ch.jpg","type":"image\/jpeg"}],"twitter_card":"summary_large_image","schema":{"@context":"https:\/\/schema.org","@graph":[{"@type":"WebPage","@id":"https:\/\/www.erresse-shop.it\/de\/shop\/kleine-elektrogeraete\/aufschnittmaschinen\/berkel-home-slicer-home-line-plus-200-rot\/","url":"https:\/\/www.erresse-shop.it\/de\/shop\/kleine-elektrogeraete\/aufschnittmaschinen\/berkel-home-slicer-home-line-plus-200-rot\/","name":"BERKEL Home Slicer Home Line Plus 200 Rot","isPartOf":{"@id":"https:\/\/www.erresse-shop.it\/de\/#website"},"datePublished":"2022-10-14T07:48:57+00:00","dateModified":"2025-01-16T08:02:16+00:00","description":"Entdecken Sie BERKEL Home Slicer Home Line Plus 200 Rot bei ErresseShop. Qualit\u00e4t, Stil und Funktionalit\u00e4t \u2013 jetzt online bestellen!","breadcrumb":{"@id":"https:\/\/www.erresse-shop.it\/de\/shop\/kleine-elektrogeraete\/aufschnittmaschinen\/berkel-home-slicer-home-line-plus-200-rot\/#breadcrumb"},"inLanguage":"de-DE","potentialAction":[{"@type":"ReadAction","target":["https:\/\/www.erresse-shop.it\/de\/shop\/kleine-elektrogeraete\/aufschnittmaschinen\/berkel-home-slicer-home-line-plus-200-rot\/"]}]},{"@type":"BreadcrumbList","@id":"https:\/\/www.erresse-shop.it\/de\/shop\/kleine-elektrogeraete\/aufschnittmaschinen\/berkel-home-slicer-home-line-plus-200-rot\/#breadcrumb","itemListElement":[{"@type":"ListItem","position":1,"name":"Home","item":"https:\/\/www.erresse-shop.it\/de\/"},{"@type":"ListItem","position":2,"name":"Shop","item":"https:\/\/www.erresse-shop.it\/de\/shop\/"},{"@type":"ListItem","position":3,"name":"BERKEL Home Slicer Home Line Plus 200 Rot"}]},{"@type":"WebSite","@id":"https:\/\/www.erresse-shop.it\/de\/#website","url":"https:\/\/www.erresse-shop.it\/de\/","name":"Erresse Shop","description":"Articoli di qualit\u00e0 per la casa","potentialAction":[{"@type":"SearchAction","target":{"@type":"EntryPoint","urlTemplate":"https:\/\/www.erresse-shop.it\/de\/?s={search_term_string}"},"query-input":"required name=search_term_string"}],"inLanguage":"de-DE"}]}},"df_price":299.5,"df_sale_price":299.5,"df_regular_price":599,"df_image_link":"https:\/\/www.erresse-shop.it\/wp-content\/uploads\/2022\/10\/BERKEL-affettatrice-domestica-home-line-plus-200-red-sina-eu-ch-300x300.jpg","_links":{"self":[{"href":"https:\/\/www.erresse-shop.it\/de\/wp-json\/wp\/v2\/product\/193023"}],"collection":[{"href":"https:\/\/www.erresse-shop.it\/de\/wp-json\/wp\/v2\/product"}],"about":[{"href":"https:\/\/www.erresse-shop.it\/de\/wp-json\/wp\/v2\/types\/product"}],"wp:featuredmedia":[{"embeddable":true,"href":"https:\/\/www.erresse-shop.it\/de\/wp-json\/wp\/v2\/media\/193056"}],"wp:attachment":[{"href":"https:\/\/www.erresse-shop.it\/de\/wp-json\/wp\/v2\/media?parent=193023"}],"wp:term":[{"taxonomy":"product_cat","embeddable":true,"href":"https:\/\/www.erresse-shop.it\/de\/wp-json\/wp\/v2\/product_cat?post=193023"},{"taxonomy":"product_tag","embeddable":true,"href":"https:\/\/www.erresse-shop.it\/de\/wp-json\/wp\/v2\/product_tag?post=193023"}],"curies":[{"name":"wp","href":"https:\/\/api.w.org\/{rel}","templated":true}]}}