{"id":191514,"date":"2022-10-07T08:09:35","date_gmt":"2022-10-07T08:09:36","guid":{"rendered":"https:\/\/www.erresse-shop.it\/?post_type=product&#038;p=191514"},"modified":"2025-01-17T18:00:03","modified_gmt":"2025-01-17T18:00:03","slug":"villeroy-boch-toys-delight-la-boule","status":"publish","type":"product","link":"https:\/\/www.erresse-shop.it\/de\/shop\/tisch\/teller-geschirr\/villeroy-boch-toys-delight-la-boule\/","title":{"rendered":"VILLEROY &#038; BOCH Toy&#8217;s Delight La Boule"},"content":{"rendered":"<p><strong>Der Zauber von Toy&#8217;s Delight: Die Toy&#8217;s Delight Kollektion verleiht jedem Moment einen Hauch von Charme.<br \/>\n<\/strong><br \/>\n<span style=\"text-decoration: underline;\">Design-Ikone im Weihnachtsstil<\/span><br \/>\nMit der Toy&#8217;s Delight-Kollektion bringen Sie eine nostalgische Weihnachtsatmosph\u00e4re in Ihr Zuhause. Das passende Geschirr und die dekorativen Accessoires sind mit h\u00fcbschen Motiven verziert, die sch\u00f6ne Kindheitserinnerungen wachrufen. Ideal zum Kombinieren, Sammeln und Verschenken. Funktionalit\u00e4t und ein ikonisches Design machen diese weihnachtliche La Boule nicht nur zu einem Blickfang auf jedem Tisch, sondern auch zu einem ganz besonderen Indoor-Objekt. La Boule besteht aus zwei Salatsch\u00fcsseln, zwei flachen Schalen und zwei Universaltellern sowie einer Servierplatte. Bringen Sie die festliche Weihnachtsstimmung auf den Tisch.<\/p>\n<p><span style=\"text-decoration: underline;\">Das Set besteht aus:<\/span><\/p>\n<p>2x Schale, 620ml<br \/>\n2x Schale, 500ml<br \/>\n2x Universal-Schale, 24cm<br \/>\n1x Servierplatte, 23,9cm<\/p>\n<p><strong>FEATURES<\/strong><\/p>\n<p><strong>Material:<\/strong> Hochwertiges Porzellan<br \/>\n<strong>Geeignet f\u00fcr die Mikrowelle:<\/strong> NEIN<br \/>\n<strong>Farbe:<\/strong> buntes Wei\u00df<\/p>\n<p><strong>SP\u00dcLMASCHINENGEEIGNET JA<\/strong><\/p>\n","protected":false},"excerpt":{"rendered":"<p>Der Zauber von Toy&#8217;s Delight: Die Toy&#8217;s Delight Kollektion verleiht jedem Moment einen Hauch von Charme. Design-Ikone im Weihnachtsstil Mit<\/p>\n","protected":false},"featured_media":191539,"template":"","meta":{"_acf_changed":false,"inline_featured_image":false},"product_cat":[6793,6787],"product_tag":[23911,20502,20504,20503],"acf":[],"yoast_head":"<!-- This site is optimized with the Yoast SEO Premium plugin v18.6 (Yoast SEO v19.13) - https:\/\/yoast.com\/wordpress\/plugins\/seo\/ -->\n<title>VILLEROY &amp; BOCH Toy&#039;s Delight La Boule<\/title>\n<meta name=\"description\" content=\"Entdecken Sie VILLEROY &amp; BOCH Toy&#039;s Delight La Boule bei ErresseShop. Qualit\u00e4t, Stil und Funktionalit\u00e4t \u2013 jetzt online bestellen!\" \/>\n<meta name=\"robots\" content=\"index, follow, max-snippet:-1, max-image-preview:large, max-video-preview:-1\" \/>\n<link rel=\"canonical\" href=\"https:\/\/www.erresse-shop.it\/de\/shop\/tisch\/teller-geschirr\/villeroy-boch-toys-delight-la-boule\/\" \/>\n<meta property=\"og:locale\" content=\"de_DE\" \/>\n<meta property=\"og:type\" content=\"article\" \/>\n<meta property=\"og:title\" content=\"VILLEROY &amp; BOCH Toy&#039;s Delight La Boule\" \/>\n<meta property=\"og:description\" content=\"Entdecken Sie VILLEROY &amp; BOCH Toy&#039;s Delight La Boule bei ErresseShop. Qualit\u00e4t, Stil und Funktionalit\u00e4t \u2013 jetzt online bestellen!\" \/>\n<meta property=\"og:url\" content=\"https:\/\/www.erresse-shop.it\/de\/shop\/tisch\/teller-geschirr\/villeroy-boch-toys-delight-la-boule\/\" \/>\n<meta property=\"og:site_name\" content=\"Erresse Shop\" \/>\n<meta property=\"article:modified_time\" content=\"2025-01-17T18:00:03+00:00\" \/>\n<meta property=\"og:image\" content=\"https:\/\/www.erresse-shop.it\/wp-content\/uploads\/2022\/10\/VILLEROY-BOCH-La-boule-natale.jpg\" \/>\n\t<meta property=\"og:image:width\" content=\"800\" \/>\n\t<meta property=\"og:image:height\" content=\"800\" \/>\n\t<meta property=\"og:image:type\" content=\"image\/jpeg\" \/>\n<meta name=\"twitter:card\" content=\"summary_large_image\" \/>\n<script type=\"application\/ld+json\" class=\"yoast-schema-graph\">{\"@context\":\"https:\/\/schema.org\",\"@graph\":[{\"@type\":\"WebPage\",\"@id\":\"https:\/\/www.erresse-shop.it\/de\/shop\/tisch\/teller-geschirr\/villeroy-boch-toys-delight-la-boule\/\",\"url\":\"https:\/\/www.erresse-shop.it\/de\/shop\/tisch\/teller-geschirr\/villeroy-boch-toys-delight-la-boule\/\",\"name\":\"VILLEROY & BOCH Toy's Delight La Boule\",\"isPartOf\":{\"@id\":\"https:\/\/www.erresse-shop.it\/de\/#website\"},\"datePublished\":\"2022-10-07T08:09:36+00:00\",\"dateModified\":\"2025-01-17T18:00:03+00:00\",\"description\":\"Entdecken Sie VILLEROY & BOCH Toy's Delight La Boule bei ErresseShop. Qualit\u00e4t, Stil und Funktionalit\u00e4t \u2013 jetzt online bestellen!\",\"breadcrumb\":{\"@id\":\"https:\/\/www.erresse-shop.it\/de\/shop\/tisch\/teller-geschirr\/villeroy-boch-toys-delight-la-boule\/#breadcrumb\"},\"inLanguage\":\"de-DE\",\"potentialAction\":[{\"@type\":\"ReadAction\",\"target\":[\"https:\/\/www.erresse-shop.it\/de\/shop\/tisch\/teller-geschirr\/villeroy-boch-toys-delight-la-boule\/\"]}]},{\"@type\":\"BreadcrumbList\",\"@id\":\"https:\/\/www.erresse-shop.it\/de\/shop\/tisch\/teller-geschirr\/villeroy-boch-toys-delight-la-boule\/#breadcrumb\",\"itemListElement\":[{\"@type\":\"ListItem\",\"position\":1,\"name\":\"Home\",\"item\":\"https:\/\/www.erresse-shop.it\/de\/\"},{\"@type\":\"ListItem\",\"position\":2,\"name\":\"Shop\",\"item\":\"https:\/\/www.erresse-shop.it\/de\/shop\/\"},{\"@type\":\"ListItem\",\"position\":3,\"name\":\"VILLEROY &#038; BOCH Toy&#8217;s Delight La Boule\"}]},{\"@type\":\"WebSite\",\"@id\":\"https:\/\/www.erresse-shop.it\/de\/#website\",\"url\":\"https:\/\/www.erresse-shop.it\/de\/\",\"name\":\"Erresse Shop\",\"description\":\"Articoli di qualit\u00e0 per la casa\",\"potentialAction\":[{\"@type\":\"SearchAction\",\"target\":{\"@type\":\"EntryPoint\",\"urlTemplate\":\"https:\/\/www.erresse-shop.it\/de\/?s={search_term_string}\"},\"query-input\":\"required name=search_term_string\"}],\"inLanguage\":\"de-DE\"}]}<\/script>\n<!-- \/ Yoast SEO Premium plugin. -->","yoast_head_json":{"title":"VILLEROY & BOCH Toy's Delight La Boule","description":"Entdecken Sie VILLEROY & BOCH Toy's Delight La Boule bei ErresseShop. Qualit\u00e4t, Stil und Funktionalit\u00e4t \u2013 jetzt online bestellen!","robots":{"index":"index","follow":"follow","max-snippet":"max-snippet:-1","max-image-preview":"max-image-preview:large","max-video-preview":"max-video-preview:-1"},"canonical":"https:\/\/www.erresse-shop.it\/de\/shop\/tisch\/teller-geschirr\/villeroy-boch-toys-delight-la-boule\/","og_locale":"de_DE","og_type":"article","og_title":"VILLEROY & BOCH Toy's Delight La Boule","og_description":"Entdecken Sie VILLEROY & BOCH Toy's Delight La Boule bei ErresseShop. Qualit\u00e4t, Stil und Funktionalit\u00e4t \u2013 jetzt online bestellen!","og_url":"https:\/\/www.erresse-shop.it\/de\/shop\/tisch\/teller-geschirr\/villeroy-boch-toys-delight-la-boule\/","og_site_name":"Erresse Shop","article_modified_time":"2025-01-17T18:00:03+00:00","og_image":[{"width":800,"height":800,"url":"https:\/\/www.erresse-shop.it\/wp-content\/uploads\/2022\/10\/VILLEROY-BOCH-La-boule-natale.jpg","type":"image\/jpeg"}],"twitter_card":"summary_large_image","schema":{"@context":"https:\/\/schema.org","@graph":[{"@type":"WebPage","@id":"https:\/\/www.erresse-shop.it\/de\/shop\/tisch\/teller-geschirr\/villeroy-boch-toys-delight-la-boule\/","url":"https:\/\/www.erresse-shop.it\/de\/shop\/tisch\/teller-geschirr\/villeroy-boch-toys-delight-la-boule\/","name":"VILLEROY & BOCH Toy's Delight La Boule","isPartOf":{"@id":"https:\/\/www.erresse-shop.it\/de\/#website"},"datePublished":"2022-10-07T08:09:36+00:00","dateModified":"2025-01-17T18:00:03+00:00","description":"Entdecken Sie VILLEROY & BOCH Toy's Delight La Boule bei ErresseShop. Qualit\u00e4t, Stil und Funktionalit\u00e4t \u2013 jetzt online bestellen!","breadcrumb":{"@id":"https:\/\/www.erresse-shop.it\/de\/shop\/tisch\/teller-geschirr\/villeroy-boch-toys-delight-la-boule\/#breadcrumb"},"inLanguage":"de-DE","potentialAction":[{"@type":"ReadAction","target":["https:\/\/www.erresse-shop.it\/de\/shop\/tisch\/teller-geschirr\/villeroy-boch-toys-delight-la-boule\/"]}]},{"@type":"BreadcrumbList","@id":"https:\/\/www.erresse-shop.it\/de\/shop\/tisch\/teller-geschirr\/villeroy-boch-toys-delight-la-boule\/#breadcrumb","itemListElement":[{"@type":"ListItem","position":1,"name":"Home","item":"https:\/\/www.erresse-shop.it\/de\/"},{"@type":"ListItem","position":2,"name":"Shop","item":"https:\/\/www.erresse-shop.it\/de\/shop\/"},{"@type":"ListItem","position":3,"name":"VILLEROY &#038; BOCH Toy&#8217;s Delight La Boule"}]},{"@type":"WebSite","@id":"https:\/\/www.erresse-shop.it\/de\/#website","url":"https:\/\/www.erresse-shop.it\/de\/","name":"Erresse Shop","description":"Articoli di qualit\u00e0 per la casa","potentialAction":[{"@type":"SearchAction","target":{"@type":"EntryPoint","urlTemplate":"https:\/\/www.erresse-shop.it\/de\/?s={search_term_string}"},"query-input":"required name=search_term_string"}],"inLanguage":"de-DE"}]}},"df_price":339.95,"df_sale_price":339.95,"df_regular_price":399,"df_image_link":"https:\/\/www.erresse-shop.it\/wp-content\/uploads\/2022\/10\/VILLEROY-BOCH-La-boule-natale-300x300.jpg","_links":{"self":[{"href":"https:\/\/www.erresse-shop.it\/de\/wp-json\/wp\/v2\/product\/191514"}],"collection":[{"href":"https:\/\/www.erresse-shop.it\/de\/wp-json\/wp\/v2\/product"}],"about":[{"href":"https:\/\/www.erresse-shop.it\/de\/wp-json\/wp\/v2\/types\/product"}],"wp:featuredmedia":[{"embeddable":true,"href":"https:\/\/www.erresse-shop.it\/de\/wp-json\/wp\/v2\/media\/191539"}],"wp:attachment":[{"href":"https:\/\/www.erresse-shop.it\/de\/wp-json\/wp\/v2\/media?parent=191514"}],"wp:term":[{"taxonomy":"product_cat","embeddable":true,"href":"https:\/\/www.erresse-shop.it\/de\/wp-json\/wp\/v2\/product_cat?post=191514"},{"taxonomy":"product_tag","embeddable":true,"href":"https:\/\/www.erresse-shop.it\/de\/wp-json\/wp\/v2\/product_tag?post=191514"}],"curies":[{"name":"wp","href":"https:\/\/api.w.org\/{rel}","templated":true}]}}