{"id":18953,"date":"2016-11-21T10:14:26","date_gmt":"2016-11-21T10:14:26","guid":{"rendered":"https:\/\/www.erresse-shop.it\/?post_type=product&#038;p=18953"},"modified":"2022-10-05T12:30:37","modified_gmt":"2022-10-05T12:30:37","slug":"giusti-krug-pallina-blau-grun__","status":"publish","type":"product","link":"https:\/\/www.erresse-shop.it\/de\/shop\/tisch\/karaffen-flaschen-kruege\/giusti-krug-pallina-blau-grun__\/","title":{"rendered":"MARIO LUCA GIUSTI Krug Pallina blau\/Gr\u00fcn"},"content":{"rendered":"<div>Sch\u00f6ne Dinge, sauber, einfach, elegantes Design, gef\u00e4rbt: entworfen und von Designer Luca Mario Giusti Florenz entwickelt.<\/div>\n<div>Elegant und kaleidoskopischen Geschirr Kollektionen inspiriert von alten Mustern und Formen in synthetischen Materialien wie Melamin, Polycarbonat und Acryl-Remake.&nbsp;<\/div>\n<div>&nbsp;<\/div>\n<div>Die Kollektionen werden von Mario Luca Giusti (Florenz-Italien) entwickelt und konzipiert werden jedes Jahr mit neuen Modellen bereichert, indem phantastisch geformten Objekten und Farben von wei\u00df bis schwarz, transparent f\u00fcr die helleren Farben. Die Inspiration kommt aus der Natur, der Landschaft, der italienischen Kunst; Blick auf einen H\u00fcgel oder den Facetten eines Diamanten, um ein Glas zu machen, f\u00fcr eine Reihe von Gerichten Diebstahl einer Gestaltung des neunzehnten Jahrhunderts, die \u00e4quatorialen Dschungel Pflanzen, Blumen eines Inglese Garten oder auf dem Fell von Tieren der Savanne. Leiht die Farben des Regenbogens und auch Brombeeren.<\/div>\n<div>&nbsp;<\/div>\n<div>Der Krug Kugel erinnert an den Stil der alten italienischen Kr\u00fcge, leicht und komfortabel. Es kann mehr als drei Liter Wasser zu halten. Aus Acryl Material hat eine klassische Form und rund, ideal, um die Tabelle mit Stil und Einfachheit zu verzieren. Handw\u00e4sche, kalt.<\/div>\n<div>&nbsp;<\/div>\n","protected":false},"excerpt":{"rendered":"<p>Sch\u00f6ne Dinge, sauber, einfach, elegantes Design, gef\u00e4rbt: entworfen und von Designer Luca Mario Giusti Florenz entwickelt. Elegant und kaleidoskopischen Geschirr<\/p>\n","protected":false},"featured_media":434191,"template":"","meta":{"_acf_changed":false,"inline_featured_image":false},"product_cat":[6859,6787],"product_tag":[11843,23911,11849,24604,25872,11847,21822],"acf":[],"yoast_head":"<!-- This site is optimized with the Yoast SEO Premium plugin v18.6 (Yoast SEO v19.13) - https:\/\/yoast.com\/wordpress\/plugins\/seo\/ -->\n<title>MARIO LUCA GIUSTI Krug Pallina blau\/Gr\u00fcn - Erresse Shop<\/title>\n<meta name=\"description\" content=\"Sch\u00f6ne Dinge, sauber, einfach, elegantes Design, gef\u00e4rbt: entworfen und von Designer Luca Mario Giusti Florenz entwickelt. Elegant und kaleidoskopischen\" \/>\n<meta name=\"robots\" content=\"index, follow, max-snippet:-1, max-image-preview:large, max-video-preview:-1\" \/>\n<link rel=\"canonical\" href=\"https:\/\/www.erresse-shop.it\/de\/shop\/tisch\/karaffen-flaschen-kruege\/giusti-krug-pallina-blau-grun__\/\" \/>\n<meta property=\"og:locale\" content=\"de_DE\" \/>\n<meta property=\"og:type\" content=\"article\" \/>\n<meta property=\"og:title\" content=\"MARIO LUCA GIUSTI Krug Pallina blau\/Gr\u00fcn\" \/>\n<meta property=\"og:description\" content=\"Sch\u00f6ne Dinge, sauber, einfach, elegantes Design, gef\u00e4rbt: entworfen und von Designer Luca Mario Giusti Florenz entwickelt. Elegant und kaleidoskopischen\" \/>\n<meta property=\"og:url\" content=\"https:\/\/www.erresse-shop.it\/de\/shop\/tisch\/karaffen-flaschen-kruege\/giusti-krug-pallina-blau-grun__\/\" \/>\n<meta property=\"og:site_name\" content=\"Erresse Shop\" \/>\n<meta property=\"article:modified_time\" content=\"2022-10-05T12:30:37+00:00\" \/>\n<meta property=\"og:image\" content=\"https:\/\/www.erresse-shop.it\/wp-content\/uploads\/2016\/11\/MARIO-LUCA-GIUSTI-Brocca-Pallina-blu_verde.jpg\" \/>\n\t<meta property=\"og:image:width\" content=\"1200\" \/>\n\t<meta property=\"og:image:height\" content=\"1200\" \/>\n\t<meta property=\"og:image:type\" content=\"image\/jpeg\" \/>\n<meta name=\"twitter:card\" content=\"summary_large_image\" \/>\n<script type=\"application\/ld+json\" class=\"yoast-schema-graph\">{\"@context\":\"https:\/\/schema.org\",\"@graph\":[{\"@type\":\"WebPage\",\"@id\":\"https:\/\/www.erresse-shop.it\/de\/shop\/tisch\/karaffen-flaschen-kruege\/giusti-krug-pallina-blau-grun__\/\",\"url\":\"https:\/\/www.erresse-shop.it\/de\/shop\/tisch\/karaffen-flaschen-kruege\/giusti-krug-pallina-blau-grun__\/\",\"name\":\"MARIO LUCA GIUSTI Krug Pallina blau\/Gr\u00fcn - Erresse Shop\",\"isPartOf\":{\"@id\":\"https:\/\/www.erresse-shop.it\/de\/#website\"},\"datePublished\":\"2016-11-21T10:14:26+00:00\",\"dateModified\":\"2022-10-05T12:30:37+00:00\",\"description\":\"Sch\u00f6ne Dinge, sauber, einfach, elegantes Design, gef\u00e4rbt: entworfen und von Designer Luca Mario Giusti Florenz entwickelt. Elegant und kaleidoskopischen\",\"breadcrumb\":{\"@id\":\"https:\/\/www.erresse-shop.it\/de\/shop\/tisch\/karaffen-flaschen-kruege\/giusti-krug-pallina-blau-grun__\/#breadcrumb\"},\"inLanguage\":\"de-DE\",\"potentialAction\":[{\"@type\":\"ReadAction\",\"target\":[\"https:\/\/www.erresse-shop.it\/de\/shop\/tisch\/karaffen-flaschen-kruege\/giusti-krug-pallina-blau-grun__\/\"]}]},{\"@type\":\"BreadcrumbList\",\"@id\":\"https:\/\/www.erresse-shop.it\/de\/shop\/tisch\/karaffen-flaschen-kruege\/giusti-krug-pallina-blau-grun__\/#breadcrumb\",\"itemListElement\":[{\"@type\":\"ListItem\",\"position\":1,\"name\":\"Home\",\"item\":\"https:\/\/www.erresse-shop.it\/de\/\"},{\"@type\":\"ListItem\",\"position\":2,\"name\":\"Shop\",\"item\":\"https:\/\/www.erresse-shop.it\/de\/shop\/\"},{\"@type\":\"ListItem\",\"position\":3,\"name\":\"MARIO LUCA GIUSTI Krug Pallina blau\/Gr\u00fcn\"}]},{\"@type\":\"WebSite\",\"@id\":\"https:\/\/www.erresse-shop.it\/de\/#website\",\"url\":\"https:\/\/www.erresse-shop.it\/de\/\",\"name\":\"Erresse Shop\",\"description\":\"Articoli di qualit\u00e0 per la casa\",\"potentialAction\":[{\"@type\":\"SearchAction\",\"target\":{\"@type\":\"EntryPoint\",\"urlTemplate\":\"https:\/\/www.erresse-shop.it\/de\/?s={search_term_string}\"},\"query-input\":\"required name=search_term_string\"}],\"inLanguage\":\"de-DE\"}]}<\/script>\n<!-- \/ Yoast SEO Premium plugin. -->","yoast_head_json":{"title":"MARIO LUCA GIUSTI Krug Pallina blau\/Gr\u00fcn - Erresse Shop","description":"Sch\u00f6ne Dinge, sauber, einfach, elegantes Design, gef\u00e4rbt: entworfen und von Designer Luca Mario Giusti Florenz entwickelt. Elegant und kaleidoskopischen","robots":{"index":"index","follow":"follow","max-snippet":"max-snippet:-1","max-image-preview":"max-image-preview:large","max-video-preview":"max-video-preview:-1"},"canonical":"https:\/\/www.erresse-shop.it\/de\/shop\/tisch\/karaffen-flaschen-kruege\/giusti-krug-pallina-blau-grun__\/","og_locale":"de_DE","og_type":"article","og_title":"MARIO LUCA GIUSTI Krug Pallina blau\/Gr\u00fcn","og_description":"Sch\u00f6ne Dinge, sauber, einfach, elegantes Design, gef\u00e4rbt: entworfen und von Designer Luca Mario Giusti Florenz entwickelt. Elegant und kaleidoskopischen","og_url":"https:\/\/www.erresse-shop.it\/de\/shop\/tisch\/karaffen-flaschen-kruege\/giusti-krug-pallina-blau-grun__\/","og_site_name":"Erresse Shop","article_modified_time":"2022-10-05T12:30:37+00:00","og_image":[{"width":1200,"height":1200,"url":"https:\/\/www.erresse-shop.it\/wp-content\/uploads\/2016\/11\/MARIO-LUCA-GIUSTI-Brocca-Pallina-blu_verde.jpg","type":"image\/jpeg"}],"twitter_card":"summary_large_image","schema":{"@context":"https:\/\/schema.org","@graph":[{"@type":"WebPage","@id":"https:\/\/www.erresse-shop.it\/de\/shop\/tisch\/karaffen-flaschen-kruege\/giusti-krug-pallina-blau-grun__\/","url":"https:\/\/www.erresse-shop.it\/de\/shop\/tisch\/karaffen-flaschen-kruege\/giusti-krug-pallina-blau-grun__\/","name":"MARIO LUCA GIUSTI Krug Pallina blau\/Gr\u00fcn - Erresse Shop","isPartOf":{"@id":"https:\/\/www.erresse-shop.it\/de\/#website"},"datePublished":"2016-11-21T10:14:26+00:00","dateModified":"2022-10-05T12:30:37+00:00","description":"Sch\u00f6ne Dinge, sauber, einfach, elegantes Design, gef\u00e4rbt: entworfen und von Designer Luca Mario Giusti Florenz entwickelt. Elegant und kaleidoskopischen","breadcrumb":{"@id":"https:\/\/www.erresse-shop.it\/de\/shop\/tisch\/karaffen-flaschen-kruege\/giusti-krug-pallina-blau-grun__\/#breadcrumb"},"inLanguage":"de-DE","potentialAction":[{"@type":"ReadAction","target":["https:\/\/www.erresse-shop.it\/de\/shop\/tisch\/karaffen-flaschen-kruege\/giusti-krug-pallina-blau-grun__\/"]}]},{"@type":"BreadcrumbList","@id":"https:\/\/www.erresse-shop.it\/de\/shop\/tisch\/karaffen-flaschen-kruege\/giusti-krug-pallina-blau-grun__\/#breadcrumb","itemListElement":[{"@type":"ListItem","position":1,"name":"Home","item":"https:\/\/www.erresse-shop.it\/de\/"},{"@type":"ListItem","position":2,"name":"Shop","item":"https:\/\/www.erresse-shop.it\/de\/shop\/"},{"@type":"ListItem","position":3,"name":"MARIO LUCA GIUSTI Krug Pallina blau\/Gr\u00fcn"}]},{"@type":"WebSite","@id":"https:\/\/www.erresse-shop.it\/de\/#website","url":"https:\/\/www.erresse-shop.it\/de\/","name":"Erresse Shop","description":"Articoli di qualit\u00e0 per la casa","potentialAction":[{"@type":"SearchAction","target":{"@type":"EntryPoint","urlTemplate":"https:\/\/www.erresse-shop.it\/de\/?s={search_term_string}"},"query-input":"required name=search_term_string"}],"inLanguage":"de-DE"}]}},"df_price":54,"df_sale_price":54,"df_regular_price":78,"df_image_link":"https:\/\/www.erresse-shop.it\/wp-content\/uploads\/2016\/11\/MARIO-LUCA-GIUSTI-Brocca-Pallina-blu_verde-300x300.jpg","_links":{"self":[{"href":"https:\/\/www.erresse-shop.it\/de\/wp-json\/wp\/v2\/product\/18953"}],"collection":[{"href":"https:\/\/www.erresse-shop.it\/de\/wp-json\/wp\/v2\/product"}],"about":[{"href":"https:\/\/www.erresse-shop.it\/de\/wp-json\/wp\/v2\/types\/product"}],"wp:featuredmedia":[{"embeddable":true,"href":"https:\/\/www.erresse-shop.it\/de\/wp-json\/wp\/v2\/media\/434191"}],"wp:attachment":[{"href":"https:\/\/www.erresse-shop.it\/de\/wp-json\/wp\/v2\/media?parent=18953"}],"wp:term":[{"taxonomy":"product_cat","embeddable":true,"href":"https:\/\/www.erresse-shop.it\/de\/wp-json\/wp\/v2\/product_cat?post=18953"},{"taxonomy":"product_tag","embeddable":true,"href":"https:\/\/www.erresse-shop.it\/de\/wp-json\/wp\/v2\/product_tag?post=18953"}],"curies":[{"name":"wp","href":"https:\/\/api.w.org\/{rel}","templated":true}]}}