{"id":18695,"date":"2016-09-24T11:02:40","date_gmt":"2016-09-24T11:02:40","guid":{"rendered":"https:\/\/www.erresse-shop.it\/?post_type=product&#038;p=18695"},"modified":"2022-11-13T21:57:24","modified_gmt":"2022-11-13T21:57:24","slug":"ruffoni-opus-cupra-kupfer-kasserolle-16cm-griff","status":"publish","type":"product","link":"https:\/\/www.erresse-shop.it\/de\/shop\/toepfe-pfannen\/toepfe-und-kochtoepfen\/ruffoni-opus-cupra-kupfer-kasserolle-16cm-griff\/","title":{"rendered":"RUFFONI Opus Cupra Kupfer-Kasserolle m\/Griff 16 cm"},"content":{"rendered":"<p><span title=\"La lavorazione del rame \u00e8 per la societ\u00e0 Ruffoni una vera passione, il raggiungimento di altissimi standard qualitativi \u00e8 il suo scopo primario, il superamento di tutte le normative mondiali in fatto di sicurezza per la cessione di piombo negli alimenti \u00e8 un dovere fondamentale a cui si\">Die Verarbeitung von Kupfer ist nun Ruffoni eine echte Leidenschaft , die Verwirklichung der hohen Qualit\u00e4tsstandards der Hauptzweck ist , ist die \u00dcberwindung aller Welt Ma\u00dfst\u00e4be in puncto Sicherheit f\u00fcr den Verkauf von Blei in Lebensmitteln eine grundlegende Pflicht, dem <\/span><span title=\"\u00e8 sempre attenuta rigidamente.\">hat immer eingehalten starr . <\/span><span title=\"L'alta considerazione che il team Ruffoni nutre verso il proprio lavoro gli impone di agire nella pi\u00f9 totale scrupolosit\u00e0 servendosi di materiali riciclabili sia per i prodotti che per gli imballi, e preferendo le tecniche manuali ai pi\u00f9 economici procedimenti chimici e meccanici di lavorazione.\">Das hohe Ansehen , dass das Team Ruffoni Feeds, um ihre Arbeit sie in v\u00f6lliger Gr\u00fcndlichkeit Verwendung von wiederverwertbaren Materialien sowohl f\u00fcr Produkte als auch f\u00fcr Verpackung und lieber manuelle Techniken auf g\u00fcnstigere chemische Prozesse und mechanische Bearbeitung erfordert handeln . Made in Italy<\/span><\/p>\n<p><span title=\"IL PRODOTTO\">DAS PRODUKT<\/span><br \/>\n<span title=\"La nostra filosofia consiste nel produrre oggetti professionali, ma senza esasperazioni, poich\u00e9 da sempre privilegiamo utilit\u00e0, semplicit\u00e0 d'uso e finiture accurate.\">Unsere Philosophie ist es, professionelle Produkte zu produzieren , ohne Schn\u00f6rkel , wie wir Privileg N\u00fctzlichkeit , Benutzerfreundlichkeit und pr\u00e4zise Verarbeitung zu erleichtern. <\/span><span title=\"Come per la buona riuscita di una vivanda, nel realizzare ognuno di questi pezzi riteniamo fondamentale la scelta degli ingredienti ed il metodo di lavoro.\">Als f\u00fcr den Erfolg des Kochens , jedem dieser St\u00fccke machen wir als wesentlich f\u00fcr die Auswahl der Zutaten und der Arbeitsweise .<\/span><\/p>\n<p><span title=\"IL RAME\">KUPFER<\/span><br \/>\n<span title=\"Da noi acquistato unicamente da fornitori certificati e lo spessore utilizzato \u00e8 stabilito in funzione del prodotto e del tipo di cottura.\">Da wir nur gekauft bei zertifizierten Anbietern und die Dicke verwendet wird je nach Produkt und Art der K\u00fcche bestimmt.<\/span><\/p>\n<p><strong><u>OPUS CUPRA<\/u><\/strong><\/p>\n<p><span title=\"Un set prestigioso che qualifica la cucina professionale arricchendone l'aspetto estetico ed evidenziando le capacit\u00e0 del cuoco.\"><span class=\"hps\">Das<\/span> <span class=\"hps\">Erbst\u00fcck Qualit\u00e4t<\/span> <span class=\"hps\">Kochgeschirr<\/span> <span class=\"hps\">vereint<\/span> <span class=\"hps\">Hand<\/span> <span class=\"hps\">gearbeiteten Details<\/span> <span class=\"hps\">mit den neuesten<\/span> <span class=\"hps\">Technologien, um<\/span> <span class=\"hps\">Metallverkleidung<\/span> <span class=\"hps atn\">state-of-<\/span><span class=\"atn\">the-Art-<\/span>Leistung zu gew\u00e4hrleisten.<br \/>\n<span class=\"hps\">Jedes St\u00fcck ist<\/span> <span class=\"hps\">2,3 mm<\/span> <span class=\"hps\">dick<\/span> <span class=\"hps\">aus massivem Kupfer<\/span> <span class=\"hps\">mit einer d\u00fcnnen<\/span> <span class=\"hps\">Aluminium-Kern<\/span> <span class=\"hps\">und einer Schicht<\/span> <span class=\"hps\">von rostfreiem Stahl<\/span> <span class=\"hps\">im Inneren.<\/span><br \/>\n<span class=\"hps\">Das Kupfer<\/span> <span class=\"hps\">kann W\u00e4rme<\/span> <span class=\"hps\">gleichm\u00e4\u00dfig \u00fcber den<\/span> <span class=\"hps\">Boden und<\/span> <span class=\"hps\">an den Seiten<\/span> <span class=\"hps\">der Wanne<\/span>, wie die <span class=\"hps\">Profi-K\u00f6che<\/span> <span class=\"hps\">ben\u00f6tigen<\/span> <span class=\"hps\">zu verbreiten,<\/span> <span class=\"hps\">w\u00e4hrend die innere<\/span> <span class=\"hps\">Schicht aus<\/span> <span class=\"hps\">Edelstahl macht<\/span> <span class=\"hps\">eine blendende<\/span>, solide, <span class=\"hps\">praktisch, hygienisch<\/span> <span class=\"hps\">und leicht zu reinigen<\/span> <span class=\"hps\">Objekt. <\/span><span class=\"hps\">Die<\/span> <span class=\"hps\">speziell entwickelte<\/span> <span class=\"hps\">Edelstahlgriffe<\/span> <span class=\"hps\">sind<\/span> <span class=\"hps\">robust<\/span> <span class=\"hps\">vernietet.<\/span><br \/>\n<span class=\"hps\">Die<\/span> <span class=\"hps\">geh\u00e4mmert<\/span> <span class=\"hps\">Fertig<\/span> <span class=\"hps\">Hand von unserem<\/span> <span class=\"hps\">Meister<\/span> <span class=\"hps\">Kupferschmiede<\/span> <span class=\"hps\">in Mailand<\/span> <span class=\"hps\">gemacht<\/span> <span class=\"hps\">drehen Sie den<\/span> <span class=\"hps\">Artikel in<\/span> <span class=\"hps\">einem Kunstwerk<\/span>, passend <span class=\"hps\">sowohl<\/span> <span class=\"hps\">den t\u00e4glichen Bedarf<\/span> <span class=\"hps\">und<\/span> <span class=\"hps\">besondere Abendessen<\/span>.<br \/>\n<span class=\"hps atn\">Die Edelstahl-<\/span>Griffe sind <span class=\"hps\">mit Bl\u00e4ttern und<\/span> <span class=\"hps\">den einzigartigen<\/span> <span class=\"hps\">versilberten<\/span> <span class=\"hps\">Kn\u00f6pfe<\/span> <span class=\"hps\">verziert sind<\/span> <span class=\"hps\">Hand in der Form<\/span> <span class=\"hps\">von verschiedenen Gem\u00fcse<\/span> <span class=\"hps\">gemei\u00dfelt.<\/span><br \/>\n<span class=\"hps\">Diese sch\u00f6nen<\/span> <span class=\"hps\">St\u00fccke<\/span>, <span class=\"hps\">f\u00fcr perfekte<\/span> <span class=\"hps\">Kochergebnisse<\/span> <span class=\"hps\">erstellt<\/span>, <span class=\"hps\">sind elegant<\/span> <span class=\"hps\">genug, um jeden<\/span> <span class=\"hps\">Esstisch<\/span> <span class=\"hps\">zieren<\/span>.<\/span><br \/>\n<span title=\"Adatte ad uso su tutti i fuochi (eccetto induzione).\">Geeignet f\u00fcr den Einsatz auf allen Brennern ( au\u00dfer Induktion ) .<\/span><\/p>\n","protected":false},"excerpt":{"rendered":"<p>Die Verarbeitung von Kupfer ist nun Ruffoni eine echte Leidenschaft , die Verwirklichung der hohen Qualit\u00e4tsstandards der Hauptzweck ist ,<\/p>\n","protected":false},"featured_media":18696,"template":"","meta":{"_acf_changed":false,"inline_featured_image":false},"product_cat":[6709,14776],"product_tag":[11387,11702,24681,11718,16632,11605,12205],"acf":[],"yoast_head":"<!-- This site is optimized with the Yoast SEO Premium plugin v18.6 (Yoast SEO v19.13) - https:\/\/yoast.com\/wordpress\/plugins\/seo\/ -->\n<title>RUFFONI Opus Cupra Kupfer-Kasserolle m\/Griff 16 cm - Erresse Shop<\/title>\n<meta name=\"description\" content=\"Die Verarbeitung von Kupfer ist nun Ruffoni eine echte Leidenschaft , die Verwirklichung der hohen Qualit\u00e4tsstandards der Hauptzweck ist , ist die\" \/>\n<meta name=\"robots\" content=\"index, follow, max-snippet:-1, max-image-preview:large, max-video-preview:-1\" \/>\n<link rel=\"canonical\" href=\"https:\/\/www.erresse-shop.it\/de\/shop\/toepfe-pfannen\/toepfe-und-kochtoepfen\/ruffoni-opus-cupra-kupfer-kasserolle-16cm-griff\/\" \/>\n<meta property=\"og:locale\" content=\"de_DE\" \/>\n<meta property=\"og:type\" content=\"article\" \/>\n<meta property=\"og:title\" content=\"RUFFONI Opus Cupra Kupfer-Kasserolle m\/Griff 16 cm\" \/>\n<meta property=\"og:description\" content=\"Die Verarbeitung von Kupfer ist nun Ruffoni eine echte Leidenschaft , die Verwirklichung der hohen Qualit\u00e4tsstandards der Hauptzweck ist , ist die\" \/>\n<meta property=\"og:url\" content=\"https:\/\/www.erresse-shop.it\/de\/shop\/toepfe-pfannen\/toepfe-und-kochtoepfen\/ruffoni-opus-cupra-kupfer-kasserolle-16cm-griff\/\" \/>\n<meta property=\"og:site_name\" content=\"Erresse Shop\" \/>\n<meta property=\"article:modified_time\" content=\"2022-11-13T21:57:24+00:00\" \/>\n<meta property=\"og:image\" content=\"https:\/\/www.erresse-shop.it\/wp-content\/uploads\/2016\/09\/products-CR16-2.jpg\" \/>\n\t<meta property=\"og:image:width\" content=\"730\" \/>\n\t<meta property=\"og:image:height\" content=\"543\" \/>\n\t<meta property=\"og:image:type\" content=\"image\/jpeg\" \/>\n<meta name=\"twitter:card\" content=\"summary_large_image\" \/>\n<script type=\"application\/ld+json\" class=\"yoast-schema-graph\">{\"@context\":\"https:\/\/schema.org\",\"@graph\":[{\"@type\":\"WebPage\",\"@id\":\"https:\/\/www.erresse-shop.it\/de\/shop\/toepfe-pfannen\/toepfe-und-kochtoepfen\/ruffoni-opus-cupra-kupfer-kasserolle-16cm-griff\/\",\"url\":\"https:\/\/www.erresse-shop.it\/de\/shop\/toepfe-pfannen\/toepfe-und-kochtoepfen\/ruffoni-opus-cupra-kupfer-kasserolle-16cm-griff\/\",\"name\":\"RUFFONI Opus Cupra Kupfer-Kasserolle m\/Griff 16 cm - Erresse Shop\",\"isPartOf\":{\"@id\":\"https:\/\/www.erresse-shop.it\/de\/#website\"},\"datePublished\":\"2016-09-24T11:02:40+00:00\",\"dateModified\":\"2022-11-13T21:57:24+00:00\",\"description\":\"Die Verarbeitung von Kupfer ist nun Ruffoni eine echte Leidenschaft , die Verwirklichung der hohen Qualit\u00e4tsstandards der Hauptzweck ist , ist die\",\"breadcrumb\":{\"@id\":\"https:\/\/www.erresse-shop.it\/de\/shop\/toepfe-pfannen\/toepfe-und-kochtoepfen\/ruffoni-opus-cupra-kupfer-kasserolle-16cm-griff\/#breadcrumb\"},\"inLanguage\":\"de-DE\",\"potentialAction\":[{\"@type\":\"ReadAction\",\"target\":[\"https:\/\/www.erresse-shop.it\/de\/shop\/toepfe-pfannen\/toepfe-und-kochtoepfen\/ruffoni-opus-cupra-kupfer-kasserolle-16cm-griff\/\"]}]},{\"@type\":\"BreadcrumbList\",\"@id\":\"https:\/\/www.erresse-shop.it\/de\/shop\/toepfe-pfannen\/toepfe-und-kochtoepfen\/ruffoni-opus-cupra-kupfer-kasserolle-16cm-griff\/#breadcrumb\",\"itemListElement\":[{\"@type\":\"ListItem\",\"position\":1,\"name\":\"Home\",\"item\":\"https:\/\/www.erresse-shop.it\/de\/\"},{\"@type\":\"ListItem\",\"position\":2,\"name\":\"Shop\",\"item\":\"https:\/\/www.erresse-shop.it\/de\/shop\/\"},{\"@type\":\"ListItem\",\"position\":3,\"name\":\"RUFFONI Opus Cupra Kupfer-Kasserolle m\/Griff 16 cm\"}]},{\"@type\":\"WebSite\",\"@id\":\"https:\/\/www.erresse-shop.it\/de\/#website\",\"url\":\"https:\/\/www.erresse-shop.it\/de\/\",\"name\":\"Erresse Shop\",\"description\":\"Articoli di qualit\u00e0 per la casa\",\"potentialAction\":[{\"@type\":\"SearchAction\",\"target\":{\"@type\":\"EntryPoint\",\"urlTemplate\":\"https:\/\/www.erresse-shop.it\/de\/?s={search_term_string}\"},\"query-input\":\"required name=search_term_string\"}],\"inLanguage\":\"de-DE\"}]}<\/script>\n<!-- \/ Yoast SEO Premium plugin. -->","yoast_head_json":{"title":"RUFFONI Opus Cupra Kupfer-Kasserolle m\/Griff 16 cm - Erresse Shop","description":"Die Verarbeitung von Kupfer ist nun Ruffoni eine echte Leidenschaft , die Verwirklichung der hohen Qualit\u00e4tsstandards der Hauptzweck ist , ist die","robots":{"index":"index","follow":"follow","max-snippet":"max-snippet:-1","max-image-preview":"max-image-preview:large","max-video-preview":"max-video-preview:-1"},"canonical":"https:\/\/www.erresse-shop.it\/de\/shop\/toepfe-pfannen\/toepfe-und-kochtoepfen\/ruffoni-opus-cupra-kupfer-kasserolle-16cm-griff\/","og_locale":"de_DE","og_type":"article","og_title":"RUFFONI Opus Cupra Kupfer-Kasserolle m\/Griff 16 cm","og_description":"Die Verarbeitung von Kupfer ist nun Ruffoni eine echte Leidenschaft , die Verwirklichung der hohen Qualit\u00e4tsstandards der Hauptzweck ist , ist die","og_url":"https:\/\/www.erresse-shop.it\/de\/shop\/toepfe-pfannen\/toepfe-und-kochtoepfen\/ruffoni-opus-cupra-kupfer-kasserolle-16cm-griff\/","og_site_name":"Erresse Shop","article_modified_time":"2022-11-13T21:57:24+00:00","og_image":[{"width":"730","height":"543","url":"https:\/\/www.erresse-shop.it\/wp-content\/uploads\/2016\/09\/products-CR16-2.jpg","type":"image\/jpeg"}],"twitter_card":"summary_large_image","schema":{"@context":"https:\/\/schema.org","@graph":[{"@type":"WebPage","@id":"https:\/\/www.erresse-shop.it\/de\/shop\/toepfe-pfannen\/toepfe-und-kochtoepfen\/ruffoni-opus-cupra-kupfer-kasserolle-16cm-griff\/","url":"https:\/\/www.erresse-shop.it\/de\/shop\/toepfe-pfannen\/toepfe-und-kochtoepfen\/ruffoni-opus-cupra-kupfer-kasserolle-16cm-griff\/","name":"RUFFONI Opus Cupra Kupfer-Kasserolle m\/Griff 16 cm - Erresse Shop","isPartOf":{"@id":"https:\/\/www.erresse-shop.it\/de\/#website"},"datePublished":"2016-09-24T11:02:40+00:00","dateModified":"2022-11-13T21:57:24+00:00","description":"Die Verarbeitung von Kupfer ist nun Ruffoni eine echte Leidenschaft , die Verwirklichung der hohen Qualit\u00e4tsstandards der Hauptzweck ist , ist die","breadcrumb":{"@id":"https:\/\/www.erresse-shop.it\/de\/shop\/toepfe-pfannen\/toepfe-und-kochtoepfen\/ruffoni-opus-cupra-kupfer-kasserolle-16cm-griff\/#breadcrumb"},"inLanguage":"de-DE","potentialAction":[{"@type":"ReadAction","target":["https:\/\/www.erresse-shop.it\/de\/shop\/toepfe-pfannen\/toepfe-und-kochtoepfen\/ruffoni-opus-cupra-kupfer-kasserolle-16cm-griff\/"]}]},{"@type":"BreadcrumbList","@id":"https:\/\/www.erresse-shop.it\/de\/shop\/toepfe-pfannen\/toepfe-und-kochtoepfen\/ruffoni-opus-cupra-kupfer-kasserolle-16cm-griff\/#breadcrumb","itemListElement":[{"@type":"ListItem","position":1,"name":"Home","item":"https:\/\/www.erresse-shop.it\/de\/"},{"@type":"ListItem","position":2,"name":"Shop","item":"https:\/\/www.erresse-shop.it\/de\/shop\/"},{"@type":"ListItem","position":3,"name":"RUFFONI Opus Cupra Kupfer-Kasserolle m\/Griff 16 cm"}]},{"@type":"WebSite","@id":"https:\/\/www.erresse-shop.it\/de\/#website","url":"https:\/\/www.erresse-shop.it\/de\/","name":"Erresse Shop","description":"Articoli di qualit\u00e0 per la casa","potentialAction":[{"@type":"SearchAction","target":{"@type":"EntryPoint","urlTemplate":"https:\/\/www.erresse-shop.it\/de\/?s={search_term_string}"},"query-input":"required name=search_term_string"}],"inLanguage":"de-DE"}]}},"df_price":211.5,"df_sale_price":211.5,"df_regular_price":423,"df_image_link":"https:\/\/www.erresse-shop.it\/wp-content\/uploads\/2016\/09\/products-CR16-2.jpg","_links":{"self":[{"href":"https:\/\/www.erresse-shop.it\/de\/wp-json\/wp\/v2\/product\/18695"}],"collection":[{"href":"https:\/\/www.erresse-shop.it\/de\/wp-json\/wp\/v2\/product"}],"about":[{"href":"https:\/\/www.erresse-shop.it\/de\/wp-json\/wp\/v2\/types\/product"}],"wp:featuredmedia":[{"embeddable":true,"href":"https:\/\/www.erresse-shop.it\/de\/wp-json\/wp\/v2\/media\/18696"}],"wp:attachment":[{"href":"https:\/\/www.erresse-shop.it\/de\/wp-json\/wp\/v2\/media?parent=18695"}],"wp:term":[{"taxonomy":"product_cat","embeddable":true,"href":"https:\/\/www.erresse-shop.it\/de\/wp-json\/wp\/v2\/product_cat?post=18695"},{"taxonomy":"product_tag","embeddable":true,"href":"https:\/\/www.erresse-shop.it\/de\/wp-json\/wp\/v2\/product_tag?post=18695"}],"curies":[{"name":"wp","href":"https:\/\/api.w.org\/{rel}","templated":true}]}}