{"id":18671,"date":"2016-09-23T17:04:05","date_gmt":"2016-09-23T17:04:05","guid":{"rendered":"https:\/\/www.erresse-shop.it\/?post_type=product&#038;p=18671"},"modified":"2024-12-23T19:00:10","modified_gmt":"2024-12-23T19:00:10","slug":"ruffoni-opus-prima-casseruola-20cm-de","status":"publish","type":"product","link":"https:\/\/www.erresse-shop.it\/de\/shop\/toepfe-pfannen\/toepfe-und-kochtoepfen\/ruffoni-opus-prima-casseruola-20cm-de\/","title":{"rendered":"RUFFONI Opus Prima Casseruola 20 cm"},"content":{"rendered":"<p><strong>OPUS PRIMA<\/strong>.<\/p>\n<p>Eine Reihe von au\u00dfergew\u00f6hnlichen Koch Objekte Frucht der Kombination einer fortschrittlichen Technologie und einer Verarbeitungs tausendj\u00e4hrig Herkunft noch durch unsere Meister gesichert.<br \/>\nHervorragende W\u00e4rmeverteilung und Temperaturkontrolle dank der massiven Aluminiumlegierungsschicht innerhalb 2 Schichten aus praktischen und hygienischem Edelstahl.<br \/>\nFertig manuell, bequeme Griffe aus Stahl und versilbertem Messing Kn\u00f6pfe erstaunliche Arbeit von Mail\u00e4nder Meister Silberschmiede machen wunderbare Kreationen geh\u00e4mmert, die einen Ehrenplatz auf dem Tisch haben.<br \/>\nGeeignet auf allen Brennern (einschlie\u00dflich Induktion) und sp\u00fclmaschinenfest .<\/p>\n<p>Jedes St\u00fcck wird mit Edelstahlgriffen und Hand geformten Silber fertig plattiert Kn\u00f6pfe von Silberschmiede in Mailand produziert, die jeweils in der Form eines anderen Gem\u00fcse.<br \/>\nDer Boden und der Au\u00dfenseite eines jeden Topf gestanzt mit unserer Marke, die Originalit\u00e4t und Authentizit\u00e4t von jedem St\u00fcck zu gew\u00e4hrleisten. Obwohl er ein Kunstwerk zu sein, sind diese beeindruckenden St\u00fccke auch extrem praktisch.<br \/>\nSie werden einen Ehrenplatz auf dem Tisch verdienen und wird immer erhalten Ihre ewige Anerkennung.<\/p>\n","protected":false},"excerpt":{"rendered":"<p>OPUS PRIMA. Eine Reihe von au\u00dfergew\u00f6hnlichen Koch Objekte Frucht der Kombination einer fortschrittlichen Technologie und einer Verarbeitungs tausendj\u00e4hrig Herkunft noch<\/p>\n","protected":false},"featured_media":18672,"template":"","meta":{"_acf_changed":false,"inline_featured_image":false},"product_cat":[6709,14776],"product_tag":[11387,11702,11385,24681,11718,11957,11605,12205],"acf":[],"yoast_head":"<!-- This site is optimized with the Yoast SEO Premium plugin v18.6 (Yoast SEO v19.13) - https:\/\/yoast.com\/wordpress\/plugins\/seo\/ -->\n<title>RUFFONI Opus Prima Casseruola 20 cm - Erresse Shop<\/title>\n<meta name=\"description\" content=\"OPUS PRIMA. Eine Reihe von au\u00dfergew\u00f6hnlichen Koch Objekte Frucht der Kombination einer fortschrittlichen Technologie und einer Verarbeitungs tausendj\u00e4hrig\" \/>\n<meta name=\"robots\" content=\"index, follow, max-snippet:-1, max-image-preview:large, max-video-preview:-1\" \/>\n<link rel=\"canonical\" href=\"https:\/\/www.erresse-shop.it\/de\/shop\/toepfe-pfannen\/toepfe-und-kochtoepfen\/ruffoni-opus-prima-casseruola-20cm-de\/\" \/>\n<meta property=\"og:locale\" content=\"de_DE\" \/>\n<meta property=\"og:type\" content=\"article\" \/>\n<meta property=\"og:title\" content=\"RUFFONI Opus Prima Casseruola 20 cm\" \/>\n<meta property=\"og:description\" content=\"OPUS PRIMA. Eine Reihe von au\u00dfergew\u00f6hnlichen Koch Objekte Frucht der Kombination einer fortschrittlichen Technologie und einer Verarbeitungs tausendj\u00e4hrig\" \/>\n<meta property=\"og:url\" content=\"https:\/\/www.erresse-shop.it\/de\/shop\/toepfe-pfannen\/toepfe-und-kochtoepfen\/ruffoni-opus-prima-casseruola-20cm-de\/\" \/>\n<meta property=\"og:site_name\" content=\"Erresse Shop\" \/>\n<meta property=\"article:modified_time\" content=\"2024-12-23T19:00:10+00:00\" \/>\n<meta property=\"og:image\" content=\"https:\/\/www.erresse-shop.it\/wp-content\/uploads\/2016\/09\/products-Opus-Prima-G20-2.jpg\" \/>\n\t<meta property=\"og:image:width\" content=\"1200\" \/>\n\t<meta property=\"og:image:height\" content=\"847\" \/>\n\t<meta property=\"og:image:type\" content=\"image\/jpeg\" \/>\n<meta name=\"twitter:card\" content=\"summary_large_image\" \/>\n<script type=\"application\/ld+json\" class=\"yoast-schema-graph\">{\"@context\":\"https:\/\/schema.org\",\"@graph\":[{\"@type\":\"WebPage\",\"@id\":\"https:\/\/www.erresse-shop.it\/de\/shop\/toepfe-pfannen\/toepfe-und-kochtoepfen\/ruffoni-opus-prima-casseruola-20cm-de\/\",\"url\":\"https:\/\/www.erresse-shop.it\/de\/shop\/toepfe-pfannen\/toepfe-und-kochtoepfen\/ruffoni-opus-prima-casseruola-20cm-de\/\",\"name\":\"RUFFONI Opus Prima Casseruola 20 cm - Erresse Shop\",\"isPartOf\":{\"@id\":\"https:\/\/www.erresse-shop.it\/de\/#website\"},\"datePublished\":\"2016-09-23T17:04:05+00:00\",\"dateModified\":\"2024-12-23T19:00:10+00:00\",\"description\":\"OPUS PRIMA. Eine Reihe von au\u00dfergew\u00f6hnlichen Koch Objekte Frucht der Kombination einer fortschrittlichen Technologie und einer Verarbeitungs tausendj\u00e4hrig\",\"breadcrumb\":{\"@id\":\"https:\/\/www.erresse-shop.it\/de\/shop\/toepfe-pfannen\/toepfe-und-kochtoepfen\/ruffoni-opus-prima-casseruola-20cm-de\/#breadcrumb\"},\"inLanguage\":\"de-DE\",\"potentialAction\":[{\"@type\":\"ReadAction\",\"target\":[\"https:\/\/www.erresse-shop.it\/de\/shop\/toepfe-pfannen\/toepfe-und-kochtoepfen\/ruffoni-opus-prima-casseruola-20cm-de\/\"]}]},{\"@type\":\"BreadcrumbList\",\"@id\":\"https:\/\/www.erresse-shop.it\/de\/shop\/toepfe-pfannen\/toepfe-und-kochtoepfen\/ruffoni-opus-prima-casseruola-20cm-de\/#breadcrumb\",\"itemListElement\":[{\"@type\":\"ListItem\",\"position\":1,\"name\":\"Home\",\"item\":\"https:\/\/www.erresse-shop.it\/de\/\"},{\"@type\":\"ListItem\",\"position\":2,\"name\":\"Shop\",\"item\":\"https:\/\/www.erresse-shop.it\/de\/shop\/\"},{\"@type\":\"ListItem\",\"position\":3,\"name\":\"RUFFONI Opus Prima Casseruola 20 cm\"}]},{\"@type\":\"WebSite\",\"@id\":\"https:\/\/www.erresse-shop.it\/de\/#website\",\"url\":\"https:\/\/www.erresse-shop.it\/de\/\",\"name\":\"Erresse Shop\",\"description\":\"Articoli di qualit\u00e0 per la casa\",\"potentialAction\":[{\"@type\":\"SearchAction\",\"target\":{\"@type\":\"EntryPoint\",\"urlTemplate\":\"https:\/\/www.erresse-shop.it\/de\/?s={search_term_string}\"},\"query-input\":\"required name=search_term_string\"}],\"inLanguage\":\"de-DE\"}]}<\/script>\n<!-- \/ Yoast SEO Premium plugin. -->","yoast_head_json":{"title":"RUFFONI Opus Prima Casseruola 20 cm - Erresse Shop","description":"OPUS PRIMA. Eine Reihe von au\u00dfergew\u00f6hnlichen Koch Objekte Frucht der Kombination einer fortschrittlichen Technologie und einer Verarbeitungs tausendj\u00e4hrig","robots":{"index":"index","follow":"follow","max-snippet":"max-snippet:-1","max-image-preview":"max-image-preview:large","max-video-preview":"max-video-preview:-1"},"canonical":"https:\/\/www.erresse-shop.it\/de\/shop\/toepfe-pfannen\/toepfe-und-kochtoepfen\/ruffoni-opus-prima-casseruola-20cm-de\/","og_locale":"de_DE","og_type":"article","og_title":"RUFFONI Opus Prima Casseruola 20 cm","og_description":"OPUS PRIMA. Eine Reihe von au\u00dfergew\u00f6hnlichen Koch Objekte Frucht der Kombination einer fortschrittlichen Technologie und einer Verarbeitungs tausendj\u00e4hrig","og_url":"https:\/\/www.erresse-shop.it\/de\/shop\/toepfe-pfannen\/toepfe-und-kochtoepfen\/ruffoni-opus-prima-casseruola-20cm-de\/","og_site_name":"Erresse Shop","article_modified_time":"2024-12-23T19:00:10+00:00","og_image":[{"width":"1200","height":"847","url":"https:\/\/www.erresse-shop.it\/wp-content\/uploads\/2016\/09\/products-Opus-Prima-G20-2.jpg","type":"image\/jpeg"}],"twitter_card":"summary_large_image","schema":{"@context":"https:\/\/schema.org","@graph":[{"@type":"WebPage","@id":"https:\/\/www.erresse-shop.it\/de\/shop\/toepfe-pfannen\/toepfe-und-kochtoepfen\/ruffoni-opus-prima-casseruola-20cm-de\/","url":"https:\/\/www.erresse-shop.it\/de\/shop\/toepfe-pfannen\/toepfe-und-kochtoepfen\/ruffoni-opus-prima-casseruola-20cm-de\/","name":"RUFFONI Opus Prima Casseruola 20 cm - Erresse Shop","isPartOf":{"@id":"https:\/\/www.erresse-shop.it\/de\/#website"},"datePublished":"2016-09-23T17:04:05+00:00","dateModified":"2024-12-23T19:00:10+00:00","description":"OPUS PRIMA. Eine Reihe von au\u00dfergew\u00f6hnlichen Koch Objekte Frucht der Kombination einer fortschrittlichen Technologie und einer Verarbeitungs tausendj\u00e4hrig","breadcrumb":{"@id":"https:\/\/www.erresse-shop.it\/de\/shop\/toepfe-pfannen\/toepfe-und-kochtoepfen\/ruffoni-opus-prima-casseruola-20cm-de\/#breadcrumb"},"inLanguage":"de-DE","potentialAction":[{"@type":"ReadAction","target":["https:\/\/www.erresse-shop.it\/de\/shop\/toepfe-pfannen\/toepfe-und-kochtoepfen\/ruffoni-opus-prima-casseruola-20cm-de\/"]}]},{"@type":"BreadcrumbList","@id":"https:\/\/www.erresse-shop.it\/de\/shop\/toepfe-pfannen\/toepfe-und-kochtoepfen\/ruffoni-opus-prima-casseruola-20cm-de\/#breadcrumb","itemListElement":[{"@type":"ListItem","position":1,"name":"Home","item":"https:\/\/www.erresse-shop.it\/de\/"},{"@type":"ListItem","position":2,"name":"Shop","item":"https:\/\/www.erresse-shop.it\/de\/shop\/"},{"@type":"ListItem","position":3,"name":"RUFFONI Opus Prima Casseruola 20 cm"}]},{"@type":"WebSite","@id":"https:\/\/www.erresse-shop.it\/de\/#website","url":"https:\/\/www.erresse-shop.it\/de\/","name":"Erresse Shop","description":"Articoli di qualit\u00e0 per la casa","potentialAction":[{"@type":"SearchAction","target":{"@type":"EntryPoint","urlTemplate":"https:\/\/www.erresse-shop.it\/de\/?s={search_term_string}"},"query-input":"required name=search_term_string"}],"inLanguage":"de-DE"}]}},"df_price":206.5,"df_sale_price":206.5,"df_regular_price":413,"df_image_link":"https:\/\/www.erresse-shop.it\/wp-content\/uploads\/2016\/09\/products-Opus-Prima-G20-2.jpg","_links":{"self":[{"href":"https:\/\/www.erresse-shop.it\/de\/wp-json\/wp\/v2\/product\/18671"}],"collection":[{"href":"https:\/\/www.erresse-shop.it\/de\/wp-json\/wp\/v2\/product"}],"about":[{"href":"https:\/\/www.erresse-shop.it\/de\/wp-json\/wp\/v2\/types\/product"}],"wp:featuredmedia":[{"embeddable":true,"href":"https:\/\/www.erresse-shop.it\/de\/wp-json\/wp\/v2\/media\/18672"}],"wp:attachment":[{"href":"https:\/\/www.erresse-shop.it\/de\/wp-json\/wp\/v2\/media?parent=18671"}],"wp:term":[{"taxonomy":"product_cat","embeddable":true,"href":"https:\/\/www.erresse-shop.it\/de\/wp-json\/wp\/v2\/product_cat?post=18671"},{"taxonomy":"product_tag","embeddable":true,"href":"https:\/\/www.erresse-shop.it\/de\/wp-json\/wp\/v2\/product_tag?post=18671"}],"curies":[{"name":"wp","href":"https:\/\/api.w.org\/{rel}","templated":true}]}}