{"id":186130,"date":"2022-09-27T12:30:38","date_gmt":"2022-09-27T12:30:40","guid":{"rendered":"https:\/\/www.erresse-shop.it\/?post_type=product&#038;p=186130"},"modified":"2024-04-22T00:06:44","modified_gmt":"2024-04-22T00:06:44","slug":"sage-the-barista-express-impress","status":"publish","type":"product","link":"https:\/\/www.erresse-shop.it\/de\/shop\/kleine-elektrogeraete\/kaffeemaschinen-espresso\/automatisch\/sage-the-barista-express-impress\/","title":{"rendered":"SAGE The Barista Express\u2122 Impress"},"content":{"rendered":"<p><strong>DAS IMPRESS\u2122 PUCK-SYSTEM. WENIGER SCHMUTZ, MEHR EINFACHHEIT<\/strong><br \/>\nBr\u00fchen Sie bequem zu Hause einen Kaffee der dritten Generation: von der Bohne bis zur Tasse in weniger als einer Minute. Das Beste aus dem Barista Express mit dem Impress\u2122 Puck-System. Damit Sie die perfekte Dosis und pr\u00e4zises Pressen erreichen, reduzieren Sie die R\u00fcckst\u00e4nde von gemahlenem Kaffee auf dem Ger\u00e4t und auf Ihrer K\u00fcchenarbeitsplatte.<\/p>\n<p><strong>ENTDECKEN SIE DEN KAFFEE DER 3. GENERATION ZU HAUSE DANK DER 4 SCHL\u00dcSSELELEMENTE<\/strong><br \/>\nUnsere Espressomaschinen verwenden die gleichen 4 Schl\u00fcsselelemente wie professionelle Maschinen. Sie sind so konzipiert, dass sie genau die richtige Menge frisch gemahlener Bohnen verwenden, eine pr\u00e4zise Temperaturregelung und einen optimalen Wasserdruck gew\u00e4hrleisten und den f\u00fcr die Latte Art unerl\u00e4sslichen Mikroblasenschaum erzeugen. Einfach dr\u00fccken.<\/p>\n<ul>\n<li>Intelligente Dosierung dank des integrierten Kegelmahlwerks mit 25 Mahlgradeinstellungen: Die Dosis wird automatisch auf der Grundlage des letzten Mahlgrads berechnet, damit sie f\u00fcr den n\u00e4chsten Gebrauch bereit ist.<\/li>\n<li>Unterst\u00fctztes Pressen: pr\u00e4ziser Druck von 10 kg mit einer professionellen Enddrehung von 7 Grad, wie bei echten Baristas, was zu einer sauberen Kaffeescheibe f\u00fchrt.<\/li>\n<li>Pr\u00e4zise Dosierung, die automatisch die n\u00e4chste Dosis korrigiert: Wenn Ihre Dosis etwas mehr oder etwas weniger Kaffee erfordert, korrigiert das intelligente Dosiersystem dies automatisch, indem es sich die letzte Dosis und das Ergebnis des Pressvorgangs merkt und sie anpasst, um sicherzustellen, dass Sie beim n\u00e4chsten Mal die perfekte Dosis erhalten.<\/li>\n<li>Der 54-mm-Edelstahl-Filterhalter mit ein- oder doppelwandigen Filtern erm\u00f6glicht es Ihnen, den vollen Geschmack zu genie\u00dfen: Ein vollmundiger Kaffee mit einem reichhaltigen und komplexen Aroma wird mit der idealen Dosis von 18 g frisch gemahlener Bohnen aus einem 54-mm-Edelstahl-Filterhalter, wie er in professionellen Maschinen verwendet wird, erreicht.<br \/>\nNiederdruck-Vorfusion, gefolgt von einer 9-Bar-Extraktion: F\u00fcr einen vollmundigen, cremigen, karamellfarbenen Espresso beginnen Sie mit einer Niederdruck-Vorfusion, gefolgt von einer Hochdruck-Extraktion (9 Bar) dank unserer italienischen 15-Bar-Pumpe.<\/li>\n<li>Thermocoil-Heizsystem mit PID-Temperaturregelung, das Wasser mit einer Temperatur von 93 \u00baC liefert: Das Thermocoil-Heizsystem mit PID-Temperaturregelung liefert Wasser mit einer Temperatur von genau 93 \u00baC f\u00fcr einen perfekt ausgewogenen Kaffeegeschmack.<\/li>\n<li>Leistungsstarker 130\u00baC-Dampf f\u00fcr schnellen, seidigen Mikroblasenschaum: Genie\u00dfen Sie seidigen, samtweichen Mikroblasenschaum aus einem starken Dampfstrahl.<\/li>\n<\/ul>\n<p><span style=\"text-decoration: underline;\"><strong>Nicht zum Verkauf au\u00dferhalb Europas<\/strong><\/span><\/p>\n","protected":false},"excerpt":{"rendered":"<p><br data-mce-bogus=\"1\"><\/p>\n","protected":false},"featured_media":500508,"template":"","meta":{"_acf_changed":false,"inline_featured_image":false},"product_cat":[6733,6703,25361],"product_tag":[23569,23564,13966],"acf":[],"yoast_head":"<!-- This site is optimized with the Yoast SEO Premium plugin v18.6 (Yoast SEO v19.13) - https:\/\/yoast.com\/wordpress\/plugins\/seo\/ -->\n<title>SAGE The Barista Express\u2122 Impress - Erresse Shop<\/title>\n<meta name=\"robots\" content=\"index, follow, max-snippet:-1, max-image-preview:large, max-video-preview:-1\" \/>\n<link rel=\"canonical\" href=\"https:\/\/www.erresse-shop.it\/de\/shop\/kleine-elektrogeraete\/kaffeemaschinen-espresso\/automatisch\/sage-the-barista-express-impress\/\" \/>\n<meta property=\"og:locale\" content=\"de_DE\" \/>\n<meta property=\"og:type\" content=\"article\" \/>\n<meta property=\"og:title\" content=\"SAGE The Barista Express\u2122 Impress\" \/>\n<meta property=\"og:url\" content=\"https:\/\/www.erresse-shop.it\/de\/shop\/kleine-elektrogeraete\/kaffeemaschinen-espresso\/automatisch\/sage-the-barista-express-impress\/\" \/>\n<meta property=\"og:site_name\" content=\"Erresse Shop\" \/>\n<meta property=\"article:modified_time\" content=\"2024-04-22T00:06:44+00:00\" \/>\n<meta property=\"og:image\" content=\"https:\/\/www.erresse-shop.it\/wp-content\/uploads\/2022\/09\/SAGE-The-Barista-Express-Impress-2.jpg\" \/>\n\t<meta property=\"og:image:width\" content=\"800\" \/>\n\t<meta property=\"og:image:height\" content=\"800\" \/>\n\t<meta property=\"og:image:type\" content=\"image\/jpeg\" \/>\n<meta name=\"twitter:card\" content=\"summary_large_image\" \/>\n<script type=\"application\/ld+json\" class=\"yoast-schema-graph\">{\"@context\":\"https:\/\/schema.org\",\"@graph\":[{\"@type\":\"WebPage\",\"@id\":\"https:\/\/www.erresse-shop.it\/de\/shop\/kleine-elektrogeraete\/kaffeemaschinen-espresso\/automatisch\/sage-the-barista-express-impress\/\",\"url\":\"https:\/\/www.erresse-shop.it\/de\/shop\/kleine-elektrogeraete\/kaffeemaschinen-espresso\/automatisch\/sage-the-barista-express-impress\/\",\"name\":\"SAGE The Barista Express\u2122 Impress - Erresse Shop\",\"isPartOf\":{\"@id\":\"https:\/\/www.erresse-shop.it\/de\/#website\"},\"datePublished\":\"2022-09-27T12:30:40+00:00\",\"dateModified\":\"2024-04-22T00:06:44+00:00\",\"breadcrumb\":{\"@id\":\"https:\/\/www.erresse-shop.it\/de\/shop\/kleine-elektrogeraete\/kaffeemaschinen-espresso\/automatisch\/sage-the-barista-express-impress\/#breadcrumb\"},\"inLanguage\":\"de-DE\",\"potentialAction\":[{\"@type\":\"ReadAction\",\"target\":[\"https:\/\/www.erresse-shop.it\/de\/shop\/kleine-elektrogeraete\/kaffeemaschinen-espresso\/automatisch\/sage-the-barista-express-impress\/\"]}]},{\"@type\":\"BreadcrumbList\",\"@id\":\"https:\/\/www.erresse-shop.it\/de\/shop\/kleine-elektrogeraete\/kaffeemaschinen-espresso\/automatisch\/sage-the-barista-express-impress\/#breadcrumb\",\"itemListElement\":[{\"@type\":\"ListItem\",\"position\":1,\"name\":\"Home\",\"item\":\"https:\/\/www.erresse-shop.it\/de\/\"},{\"@type\":\"ListItem\",\"position\":2,\"name\":\"Shop\",\"item\":\"https:\/\/www.erresse-shop.it\/de\/shop\/\"},{\"@type\":\"ListItem\",\"position\":3,\"name\":\"SAGE The Barista Express\u2122 Impress\"}]},{\"@type\":\"WebSite\",\"@id\":\"https:\/\/www.erresse-shop.it\/de\/#website\",\"url\":\"https:\/\/www.erresse-shop.it\/de\/\",\"name\":\"Erresse Shop\",\"description\":\"Articoli di qualit\u00e0 per la casa\",\"potentialAction\":[{\"@type\":\"SearchAction\",\"target\":{\"@type\":\"EntryPoint\",\"urlTemplate\":\"https:\/\/www.erresse-shop.it\/de\/?s={search_term_string}\"},\"query-input\":\"required name=search_term_string\"}],\"inLanguage\":\"de-DE\"}]}<\/script>\n<!-- \/ Yoast SEO Premium plugin. -->","yoast_head_json":{"title":"SAGE The Barista Express\u2122 Impress - Erresse Shop","robots":{"index":"index","follow":"follow","max-snippet":"max-snippet:-1","max-image-preview":"max-image-preview:large","max-video-preview":"max-video-preview:-1"},"canonical":"https:\/\/www.erresse-shop.it\/de\/shop\/kleine-elektrogeraete\/kaffeemaschinen-espresso\/automatisch\/sage-the-barista-express-impress\/","og_locale":"de_DE","og_type":"article","og_title":"SAGE The Barista Express\u2122 Impress","og_url":"https:\/\/www.erresse-shop.it\/de\/shop\/kleine-elektrogeraete\/kaffeemaschinen-espresso\/automatisch\/sage-the-barista-express-impress\/","og_site_name":"Erresse Shop","article_modified_time":"2024-04-22T00:06:44+00:00","og_image":[{"width":800,"height":800,"url":"https:\/\/www.erresse-shop.it\/wp-content\/uploads\/2022\/09\/SAGE-The-Barista-Express-Impress-2.jpg","type":"image\/jpeg"}],"twitter_card":"summary_large_image","schema":{"@context":"https:\/\/schema.org","@graph":[{"@type":"WebPage","@id":"https:\/\/www.erresse-shop.it\/de\/shop\/kleine-elektrogeraete\/kaffeemaschinen-espresso\/automatisch\/sage-the-barista-express-impress\/","url":"https:\/\/www.erresse-shop.it\/de\/shop\/kleine-elektrogeraete\/kaffeemaschinen-espresso\/automatisch\/sage-the-barista-express-impress\/","name":"SAGE The Barista Express\u2122 Impress - Erresse Shop","isPartOf":{"@id":"https:\/\/www.erresse-shop.it\/de\/#website"},"datePublished":"2022-09-27T12:30:40+00:00","dateModified":"2024-04-22T00:06:44+00:00","breadcrumb":{"@id":"https:\/\/www.erresse-shop.it\/de\/shop\/kleine-elektrogeraete\/kaffeemaschinen-espresso\/automatisch\/sage-the-barista-express-impress\/#breadcrumb"},"inLanguage":"de-DE","potentialAction":[{"@type":"ReadAction","target":["https:\/\/www.erresse-shop.it\/de\/shop\/kleine-elektrogeraete\/kaffeemaschinen-espresso\/automatisch\/sage-the-barista-express-impress\/"]}]},{"@type":"BreadcrumbList","@id":"https:\/\/www.erresse-shop.it\/de\/shop\/kleine-elektrogeraete\/kaffeemaschinen-espresso\/automatisch\/sage-the-barista-express-impress\/#breadcrumb","itemListElement":[{"@type":"ListItem","position":1,"name":"Home","item":"https:\/\/www.erresse-shop.it\/de\/"},{"@type":"ListItem","position":2,"name":"Shop","item":"https:\/\/www.erresse-shop.it\/de\/shop\/"},{"@type":"ListItem","position":3,"name":"SAGE The Barista Express\u2122 Impress"}]},{"@type":"WebSite","@id":"https:\/\/www.erresse-shop.it\/de\/#website","url":"https:\/\/www.erresse-shop.it\/de\/","name":"Erresse Shop","description":"Articoli di qualit\u00e0 per la casa","potentialAction":[{"@type":"SearchAction","target":{"@type":"EntryPoint","urlTemplate":"https:\/\/www.erresse-shop.it\/de\/?s={search_term_string}"},"query-input":"required name=search_term_string"}],"inLanguage":"de-DE"}]}},"df_price":749.95,"df_sale_price":749.95,"df_regular_price":829.29,"df_image_link":"https:\/\/www.erresse-shop.it\/wp-content\/uploads\/2022\/09\/SAGE-The-Barista-Express-Impress-1-300x300.jpg","_links":{"self":[{"href":"https:\/\/www.erresse-shop.it\/de\/wp-json\/wp\/v2\/product\/186130"}],"collection":[{"href":"https:\/\/www.erresse-shop.it\/de\/wp-json\/wp\/v2\/product"}],"about":[{"href":"https:\/\/www.erresse-shop.it\/de\/wp-json\/wp\/v2\/types\/product"}],"wp:featuredmedia":[{"embeddable":true,"href":"https:\/\/www.erresse-shop.it\/de\/wp-json\/wp\/v2\/media\/500508"}],"wp:attachment":[{"href":"https:\/\/www.erresse-shop.it\/de\/wp-json\/wp\/v2\/media?parent=186130"}],"wp:term":[{"taxonomy":"product_cat","embeddable":true,"href":"https:\/\/www.erresse-shop.it\/de\/wp-json\/wp\/v2\/product_cat?post=186130"},{"taxonomy":"product_tag","embeddable":true,"href":"https:\/\/www.erresse-shop.it\/de\/wp-json\/wp\/v2\/product_tag?post=186130"}],"curies":[{"name":"wp","href":"https:\/\/api.w.org\/{rel}","templated":true}]}}