{"id":18432,"date":"2016-06-28T11:54:15","date_gmt":"2016-06-28T11:54:15","guid":{"rendered":"https:\/\/www.erresse-shop.it\/?post_type=product&#038;p=18432"},"modified":"2025-01-16T16:00:33","modified_gmt":"2025-01-16T16:00:33","slug":"gastrolux-auflauf-induktion-26-cm","status":"publish","type":"product","link":"https:\/\/www.erresse-shop.it\/de\/shop\/toepfe-pfannen\/toepfe-und-kochtoepfen\/gastrolux-auflauf-induktion-26-cm\/","title":{"rendered":"GASTROLUX Auflauf Induktion 26 cm"},"content":{"rendered":"<p>Die Antihaft-Kochfeste! Jetzt mit patentiertem <strong>abnehmbarem<\/strong> <strong>Griff<\/strong>. Das Gastrolux-Kochgeschirr ist das erste, das dank der Anwendung der Nano-Technologie hergestellt wird, die bereits in der Astrophysik und seit kurzem auch in der Chirurgie eingesetzt wird. Das brandneue System besteht darin, Mikropartikel mit doppelter Schallgeschwindigkeit und bei extrem hohen Temperaturen auf die zu behandelnde Oberfl\u00e4che zu schie\u00dfen. Diese molekulare Technologie ist mit BIOTAN angereichert: eine Antihaft-Oberfl\u00e4chenbehandlung auf der Basis nat\u00fcrlicher Bioorganismen, die eine au\u00dfergew\u00f6hnliche H\u00e4rte und eine hohe Resistenz gegen die Absorption von \u00d6l garantiert und so ein praktisches und gesundes Kochsystem f\u00fcr eine nahrhafte und schmackhafte K\u00fcche schafft. Antihaft-Gitterrost mit nicht verformbarem Thermoboden zur W\u00e4rmeverteilung und Energieeinsparung. Korpus aus 9 mm dickem Aluminiumguss, mit verst\u00e4rktem sto\u00dffestem Rand und komfortablem Zusatzgriff. Patentierter Griff ohne Schrauben und Nieten, widerstandsf\u00e4hig bis 260\u00b0, geeignet f\u00fcr folgende W\u00e4rmequellen: Gas, Backofen, Elektro, Glaskeramik und Induktion. Der Grill erm\u00f6glicht ein rauchfreies Kochen. Beschichtung garantiert 2 Jahre, Griff und Thermoboden garantiert 10 Jahre.<\/p>\n","protected":false},"excerpt":{"rendered":"<p>Die Antihaft-Kochfeste! Jetzt mit patentiertem abnehmbarem Griff. Das Gastrolux-Kochgeschirr ist das erste, das dank der Anwendung der Nano-Technologie hergestellt wird,<\/p>\n","protected":false},"featured_media":273922,"template":"","meta":{"_acf_changed":false,"inline_featured_image":false},"product_cat":[6709,14776],"product_tag":[25027,11433,11601,11387,11385,13177,25022],"acf":[],"yoast_head":"<!-- This site is optimized with the Yoast SEO Premium plugin v18.6 (Yoast SEO v19.13) - https:\/\/yoast.com\/wordpress\/plugins\/seo\/ -->\n<title>GASTROLUX Auflauf Induktion 26 cm<\/title>\n<meta name=\"description\" content=\"Entdecken Sie GASTROLUX Auflauf Induktion 26 cm bei ErresseShop. Qualit\u00e4t, Stil und Funktionalit\u00e4t \u2013 jetzt online bestellen!\" \/>\n<meta name=\"robots\" content=\"index, follow, max-snippet:-1, max-image-preview:large, max-video-preview:-1\" \/>\n<link rel=\"canonical\" href=\"https:\/\/www.erresse-shop.it\/de\/shop\/toepfe-pfannen\/toepfe-und-kochtoepfen\/gastrolux-auflauf-induktion-26-cm\/\" \/>\n<meta property=\"og:locale\" content=\"de_DE\" \/>\n<meta property=\"og:type\" content=\"article\" \/>\n<meta property=\"og:title\" content=\"GASTROLUX Auflauf Induktion 26 cm\" \/>\n<meta property=\"og:description\" content=\"Entdecken Sie GASTROLUX Auflauf Induktion 26 cm bei ErresseShop. Qualit\u00e4t, Stil und Funktionalit\u00e4t \u2013 jetzt online bestellen!\" \/>\n<meta property=\"og:url\" content=\"https:\/\/www.erresse-shop.it\/de\/shop\/toepfe-pfannen\/toepfe-und-kochtoepfen\/gastrolux-auflauf-induktion-26-cm\/\" \/>\n<meta property=\"og:site_name\" content=\"Erresse Shop\" \/>\n<meta property=\"article:modified_time\" content=\"2025-01-16T16:00:33+00:00\" \/>\n<meta property=\"og:image\" content=\"https:\/\/www.erresse-shop.it\/wp-content\/uploads\/2016\/06\/GASTROLUX-Casseruola-Induzione-26-cm.jpg\" \/>\n\t<meta property=\"og:image:width\" content=\"800\" \/>\n\t<meta property=\"og:image:height\" content=\"800\" \/>\n\t<meta property=\"og:image:type\" content=\"image\/jpeg\" \/>\n<meta name=\"twitter:card\" content=\"summary_large_image\" \/>\n<script type=\"application\/ld+json\" class=\"yoast-schema-graph\">{\"@context\":\"https:\/\/schema.org\",\"@graph\":[{\"@type\":\"WebPage\",\"@id\":\"https:\/\/www.erresse-shop.it\/de\/shop\/toepfe-pfannen\/toepfe-und-kochtoepfen\/gastrolux-auflauf-induktion-26-cm\/\",\"url\":\"https:\/\/www.erresse-shop.it\/de\/shop\/toepfe-pfannen\/toepfe-und-kochtoepfen\/gastrolux-auflauf-induktion-26-cm\/\",\"name\":\"GASTROLUX Auflauf Induktion 26 cm\",\"isPartOf\":{\"@id\":\"https:\/\/www.erresse-shop.it\/de\/#website\"},\"datePublished\":\"2016-06-28T11:54:15+00:00\",\"dateModified\":\"2025-01-16T16:00:33+00:00\",\"description\":\"Entdecken Sie GASTROLUX Auflauf Induktion 26 cm bei ErresseShop. Qualit\u00e4t, Stil und Funktionalit\u00e4t \u2013 jetzt online bestellen!\",\"breadcrumb\":{\"@id\":\"https:\/\/www.erresse-shop.it\/de\/shop\/toepfe-pfannen\/toepfe-und-kochtoepfen\/gastrolux-auflauf-induktion-26-cm\/#breadcrumb\"},\"inLanguage\":\"de-DE\",\"potentialAction\":[{\"@type\":\"ReadAction\",\"target\":[\"https:\/\/www.erresse-shop.it\/de\/shop\/toepfe-pfannen\/toepfe-und-kochtoepfen\/gastrolux-auflauf-induktion-26-cm\/\"]}]},{\"@type\":\"BreadcrumbList\",\"@id\":\"https:\/\/www.erresse-shop.it\/de\/shop\/toepfe-pfannen\/toepfe-und-kochtoepfen\/gastrolux-auflauf-induktion-26-cm\/#breadcrumb\",\"itemListElement\":[{\"@type\":\"ListItem\",\"position\":1,\"name\":\"Home\",\"item\":\"https:\/\/www.erresse-shop.it\/de\/\"},{\"@type\":\"ListItem\",\"position\":2,\"name\":\"Shop\",\"item\":\"https:\/\/www.erresse-shop.it\/de\/shop\/\"},{\"@type\":\"ListItem\",\"position\":3,\"name\":\"GASTROLUX Auflauf Induktion 26 cm\"}]},{\"@type\":\"WebSite\",\"@id\":\"https:\/\/www.erresse-shop.it\/de\/#website\",\"url\":\"https:\/\/www.erresse-shop.it\/de\/\",\"name\":\"Erresse Shop\",\"description\":\"Articoli di qualit\u00e0 per la casa\",\"potentialAction\":[{\"@type\":\"SearchAction\",\"target\":{\"@type\":\"EntryPoint\",\"urlTemplate\":\"https:\/\/www.erresse-shop.it\/de\/?s={search_term_string}\"},\"query-input\":\"required name=search_term_string\"}],\"inLanguage\":\"de-DE\"}]}<\/script>\n<!-- \/ Yoast SEO Premium plugin. -->","yoast_head_json":{"title":"GASTROLUX Auflauf Induktion 26 cm","description":"Entdecken Sie GASTROLUX Auflauf Induktion 26 cm bei ErresseShop. Qualit\u00e4t, Stil und Funktionalit\u00e4t \u2013 jetzt online bestellen!","robots":{"index":"index","follow":"follow","max-snippet":"max-snippet:-1","max-image-preview":"max-image-preview:large","max-video-preview":"max-video-preview:-1"},"canonical":"https:\/\/www.erresse-shop.it\/de\/shop\/toepfe-pfannen\/toepfe-und-kochtoepfen\/gastrolux-auflauf-induktion-26-cm\/","og_locale":"de_DE","og_type":"article","og_title":"GASTROLUX Auflauf Induktion 26 cm","og_description":"Entdecken Sie GASTROLUX Auflauf Induktion 26 cm bei ErresseShop. Qualit\u00e4t, Stil und Funktionalit\u00e4t \u2013 jetzt online bestellen!","og_url":"https:\/\/www.erresse-shop.it\/de\/shop\/toepfe-pfannen\/toepfe-und-kochtoepfen\/gastrolux-auflauf-induktion-26-cm\/","og_site_name":"Erresse Shop","article_modified_time":"2025-01-16T16:00:33+00:00","og_image":[{"width":800,"height":800,"url":"https:\/\/www.erresse-shop.it\/wp-content\/uploads\/2016\/06\/GASTROLUX-Casseruola-Induzione-26-cm.jpg","type":"image\/jpeg"}],"twitter_card":"summary_large_image","schema":{"@context":"https:\/\/schema.org","@graph":[{"@type":"WebPage","@id":"https:\/\/www.erresse-shop.it\/de\/shop\/toepfe-pfannen\/toepfe-und-kochtoepfen\/gastrolux-auflauf-induktion-26-cm\/","url":"https:\/\/www.erresse-shop.it\/de\/shop\/toepfe-pfannen\/toepfe-und-kochtoepfen\/gastrolux-auflauf-induktion-26-cm\/","name":"GASTROLUX Auflauf Induktion 26 cm","isPartOf":{"@id":"https:\/\/www.erresse-shop.it\/de\/#website"},"datePublished":"2016-06-28T11:54:15+00:00","dateModified":"2025-01-16T16:00:33+00:00","description":"Entdecken Sie GASTROLUX Auflauf Induktion 26 cm bei ErresseShop. Qualit\u00e4t, Stil und Funktionalit\u00e4t \u2013 jetzt online bestellen!","breadcrumb":{"@id":"https:\/\/www.erresse-shop.it\/de\/shop\/toepfe-pfannen\/toepfe-und-kochtoepfen\/gastrolux-auflauf-induktion-26-cm\/#breadcrumb"},"inLanguage":"de-DE","potentialAction":[{"@type":"ReadAction","target":["https:\/\/www.erresse-shop.it\/de\/shop\/toepfe-pfannen\/toepfe-und-kochtoepfen\/gastrolux-auflauf-induktion-26-cm\/"]}]},{"@type":"BreadcrumbList","@id":"https:\/\/www.erresse-shop.it\/de\/shop\/toepfe-pfannen\/toepfe-und-kochtoepfen\/gastrolux-auflauf-induktion-26-cm\/#breadcrumb","itemListElement":[{"@type":"ListItem","position":1,"name":"Home","item":"https:\/\/www.erresse-shop.it\/de\/"},{"@type":"ListItem","position":2,"name":"Shop","item":"https:\/\/www.erresse-shop.it\/de\/shop\/"},{"@type":"ListItem","position":3,"name":"GASTROLUX Auflauf Induktion 26 cm"}]},{"@type":"WebSite","@id":"https:\/\/www.erresse-shop.it\/de\/#website","url":"https:\/\/www.erresse-shop.it\/de\/","name":"Erresse Shop","description":"Articoli di qualit\u00e0 per la casa","potentialAction":[{"@type":"SearchAction","target":{"@type":"EntryPoint","urlTemplate":"https:\/\/www.erresse-shop.it\/de\/?s={search_term_string}"},"query-input":"required name=search_term_string"}],"inLanguage":"de-DE"}]}},"df_price":88.5,"df_sale_price":88.5,"df_regular_price":177,"df_image_link":"https:\/\/www.erresse-shop.it\/wp-content\/uploads\/2016\/06\/GASTROLUX-Casseruola-Induzione-26-cm-300x300.jpg","_links":{"self":[{"href":"https:\/\/www.erresse-shop.it\/de\/wp-json\/wp\/v2\/product\/18432"}],"collection":[{"href":"https:\/\/www.erresse-shop.it\/de\/wp-json\/wp\/v2\/product"}],"about":[{"href":"https:\/\/www.erresse-shop.it\/de\/wp-json\/wp\/v2\/types\/product"}],"wp:featuredmedia":[{"embeddable":true,"href":"https:\/\/www.erresse-shop.it\/de\/wp-json\/wp\/v2\/media\/273922"}],"wp:attachment":[{"href":"https:\/\/www.erresse-shop.it\/de\/wp-json\/wp\/v2\/media?parent=18432"}],"wp:term":[{"taxonomy":"product_cat","embeddable":true,"href":"https:\/\/www.erresse-shop.it\/de\/wp-json\/wp\/v2\/product_cat?post=18432"},{"taxonomy":"product_tag","embeddable":true,"href":"https:\/\/www.erresse-shop.it\/de\/wp-json\/wp\/v2\/product_tag?post=18432"}],"curies":[{"name":"wp","href":"https:\/\/api.w.org\/{rel}","templated":true}]}}