{"id":184195,"date":"2022-09-22T06:37:31","date_gmt":"2022-09-22T06:37:32","guid":{"rendered":"https:\/\/www.erresse-shop.it\/?post_type=product&#038;p=184195"},"modified":"2025-01-17T18:00:01","modified_gmt":"2025-01-17T18:00:01","slug":"villeroy-boch-servierplatte-toys-delight-45-cm","status":"publish","type":"product","link":"https:\/\/www.erresse-shop.it\/de\/shop\/tisch\/serviertablette\/villeroy-boch-servierplatte-toys-delight-45-cm\/","title":{"rendered":"VILLEROY &#038; BOCH Servierplatte Toy&#8217;s Delight 45 cm"},"content":{"rendered":"<p><strong><span style=\"text-decoration: underline;\">NICHT SP\u00dcLMASCHINENGEEIGNET<\/span><br \/>\nMaterial:<\/strong> Porzellan<br \/>\n<strong>Geeignet f\u00fcr die Mikrowelle:<\/strong> Ja<\/p>\n<p><strong>DER WEIHNACHTLICHEN FREUDE DIENEN<\/strong><br \/>\nMit der Toy&#8217;s Delight-Kollektion bringen Sie eine nostalgische Weihnachtsatmosph\u00e4re in Ihr Zuhause. Das passende Geschirr und die dekorativen Accessoires sind mit h\u00fcbschen Motiven verziert, die sch\u00f6ne Kindheitserinnerungen wachrufen. Ideal zum Kombinieren, Sammeln und Verschenken. Die runde Servierplatte ist vielseitig einsetzbar, ob als Beilage f\u00fcr ein Bankett oder f\u00fcr selbstgebackene Kekse. Auch als B\u00fchne f\u00fcr Ihre Weihnachtsdekoration sieht er wunderbar aus. Bringen Sie die festliche Weihnachtsstimmung auf den Tisch.<\/p>\n","protected":false},"excerpt":{"rendered":"<p>NICHT SP\u00dcLMASCHINENGEEIGNET Material: Porzellan Geeignet f\u00fcr die Mikrowelle: Ja DER WEIHNACHTLICHEN FREUDE DIENEN Mit der Toy&#8217;s Delight-Kollektion bringen Sie eine<\/p>\n","protected":false},"featured_media":184210,"template":"","meta":{"_acf_changed":false,"inline_featured_image":false},"product_cat":[6853,6787],"product_tag":[23911,20502,20504,20503],"acf":[],"yoast_head":"<!-- This site is optimized with the Yoast SEO Premium plugin v18.6 (Yoast SEO v19.13) - https:\/\/yoast.com\/wordpress\/plugins\/seo\/ -->\n<title>VILLEROY &amp; BOCH Servierplatte Toy&#039;s Delight 45 cm<\/title>\n<meta name=\"description\" content=\"Entdecken Sie VILLEROY &amp; BOCH Servierplatte Toy&#039;s Delight 45 cm bei ErresseShop. Qualit\u00e4t, Stil und Funktionalit\u00e4t \u2013 jetzt online bestellen!\" \/>\n<meta name=\"robots\" content=\"index, follow, max-snippet:-1, max-image-preview:large, max-video-preview:-1\" \/>\n<link rel=\"canonical\" href=\"https:\/\/www.erresse-shop.it\/de\/shop\/tisch\/serviertablette\/villeroy-boch-servierplatte-toys-delight-45-cm\/\" \/>\n<meta property=\"og:locale\" content=\"de_DE\" \/>\n<meta property=\"og:type\" content=\"article\" \/>\n<meta property=\"og:title\" content=\"VILLEROY &amp; BOCH Servierplatte Toy&#039;s Delight 45 cm\" \/>\n<meta property=\"og:description\" content=\"Entdecken Sie VILLEROY &amp; BOCH Servierplatte Toy&#039;s Delight 45 cm bei ErresseShop. Qualit\u00e4t, Stil und Funktionalit\u00e4t \u2013 jetzt online bestellen!\" \/>\n<meta property=\"og:url\" content=\"https:\/\/www.erresse-shop.it\/de\/shop\/tisch\/serviertablette\/villeroy-boch-servierplatte-toys-delight-45-cm\/\" \/>\n<meta property=\"og:site_name\" content=\"Erresse Shop\" \/>\n<meta property=\"article:modified_time\" content=\"2025-01-17T18:00:01+00:00\" \/>\n<meta property=\"og:image\" content=\"https:\/\/www.erresse-shop.it\/wp-content\/uploads\/2022\/09\/VILLEROY-BOCH-Piatto-Portata-45cm-2.jpg\" \/>\n\t<meta property=\"og:image:width\" content=\"800\" \/>\n\t<meta property=\"og:image:height\" content=\"800\" \/>\n\t<meta property=\"og:image:type\" content=\"image\/jpeg\" \/>\n<meta name=\"twitter:card\" content=\"summary_large_image\" \/>\n<script type=\"application\/ld+json\" class=\"yoast-schema-graph\">{\"@context\":\"https:\/\/schema.org\",\"@graph\":[{\"@type\":\"WebPage\",\"@id\":\"https:\/\/www.erresse-shop.it\/de\/shop\/tisch\/serviertablette\/villeroy-boch-servierplatte-toys-delight-45-cm\/\",\"url\":\"https:\/\/www.erresse-shop.it\/de\/shop\/tisch\/serviertablette\/villeroy-boch-servierplatte-toys-delight-45-cm\/\",\"name\":\"VILLEROY & BOCH Servierplatte Toy's Delight 45 cm\",\"isPartOf\":{\"@id\":\"https:\/\/www.erresse-shop.it\/de\/#website\"},\"datePublished\":\"2022-09-22T06:37:32+00:00\",\"dateModified\":\"2025-01-17T18:00:01+00:00\",\"description\":\"Entdecken Sie VILLEROY & BOCH Servierplatte Toy's Delight 45 cm bei ErresseShop. Qualit\u00e4t, Stil und Funktionalit\u00e4t \u2013 jetzt online bestellen!\",\"breadcrumb\":{\"@id\":\"https:\/\/www.erresse-shop.it\/de\/shop\/tisch\/serviertablette\/villeroy-boch-servierplatte-toys-delight-45-cm\/#breadcrumb\"},\"inLanguage\":\"de-DE\",\"potentialAction\":[{\"@type\":\"ReadAction\",\"target\":[\"https:\/\/www.erresse-shop.it\/de\/shop\/tisch\/serviertablette\/villeroy-boch-servierplatte-toys-delight-45-cm\/\"]}]},{\"@type\":\"BreadcrumbList\",\"@id\":\"https:\/\/www.erresse-shop.it\/de\/shop\/tisch\/serviertablette\/villeroy-boch-servierplatte-toys-delight-45-cm\/#breadcrumb\",\"itemListElement\":[{\"@type\":\"ListItem\",\"position\":1,\"name\":\"Home\",\"item\":\"https:\/\/www.erresse-shop.it\/de\/\"},{\"@type\":\"ListItem\",\"position\":2,\"name\":\"Shop\",\"item\":\"https:\/\/www.erresse-shop.it\/de\/shop\/\"},{\"@type\":\"ListItem\",\"position\":3,\"name\":\"VILLEROY &#038; BOCH Servierplatte Toy&#8217;s Delight 45 cm\"}]},{\"@type\":\"WebSite\",\"@id\":\"https:\/\/www.erresse-shop.it\/de\/#website\",\"url\":\"https:\/\/www.erresse-shop.it\/de\/\",\"name\":\"Erresse Shop\",\"description\":\"Articoli di qualit\u00e0 per la casa\",\"potentialAction\":[{\"@type\":\"SearchAction\",\"target\":{\"@type\":\"EntryPoint\",\"urlTemplate\":\"https:\/\/www.erresse-shop.it\/de\/?s={search_term_string}\"},\"query-input\":\"required name=search_term_string\"}],\"inLanguage\":\"de-DE\"}]}<\/script>\n<!-- \/ Yoast SEO Premium plugin. -->","yoast_head_json":{"title":"VILLEROY & BOCH Servierplatte Toy's Delight 45 cm","description":"Entdecken Sie VILLEROY & BOCH Servierplatte Toy's Delight 45 cm bei ErresseShop. Qualit\u00e4t, Stil und Funktionalit\u00e4t \u2013 jetzt online bestellen!","robots":{"index":"index","follow":"follow","max-snippet":"max-snippet:-1","max-image-preview":"max-image-preview:large","max-video-preview":"max-video-preview:-1"},"canonical":"https:\/\/www.erresse-shop.it\/de\/shop\/tisch\/serviertablette\/villeroy-boch-servierplatte-toys-delight-45-cm\/","og_locale":"de_DE","og_type":"article","og_title":"VILLEROY & BOCH Servierplatte Toy's Delight 45 cm","og_description":"Entdecken Sie VILLEROY & BOCH Servierplatte Toy's Delight 45 cm bei ErresseShop. Qualit\u00e4t, Stil und Funktionalit\u00e4t \u2013 jetzt online bestellen!","og_url":"https:\/\/www.erresse-shop.it\/de\/shop\/tisch\/serviertablette\/villeroy-boch-servierplatte-toys-delight-45-cm\/","og_site_name":"Erresse Shop","article_modified_time":"2025-01-17T18:00:01+00:00","og_image":[{"width":800,"height":800,"url":"https:\/\/www.erresse-shop.it\/wp-content\/uploads\/2022\/09\/VILLEROY-BOCH-Piatto-Portata-45cm-2.jpg","type":"image\/jpeg"}],"twitter_card":"summary_large_image","schema":{"@context":"https:\/\/schema.org","@graph":[{"@type":"WebPage","@id":"https:\/\/www.erresse-shop.it\/de\/shop\/tisch\/serviertablette\/villeroy-boch-servierplatte-toys-delight-45-cm\/","url":"https:\/\/www.erresse-shop.it\/de\/shop\/tisch\/serviertablette\/villeroy-boch-servierplatte-toys-delight-45-cm\/","name":"VILLEROY & BOCH Servierplatte Toy's Delight 45 cm","isPartOf":{"@id":"https:\/\/www.erresse-shop.it\/de\/#website"},"datePublished":"2022-09-22T06:37:32+00:00","dateModified":"2025-01-17T18:00:01+00:00","description":"Entdecken Sie VILLEROY & BOCH Servierplatte Toy's Delight 45 cm bei ErresseShop. Qualit\u00e4t, Stil und Funktionalit\u00e4t \u2013 jetzt online bestellen!","breadcrumb":{"@id":"https:\/\/www.erresse-shop.it\/de\/shop\/tisch\/serviertablette\/villeroy-boch-servierplatte-toys-delight-45-cm\/#breadcrumb"},"inLanguage":"de-DE","potentialAction":[{"@type":"ReadAction","target":["https:\/\/www.erresse-shop.it\/de\/shop\/tisch\/serviertablette\/villeroy-boch-servierplatte-toys-delight-45-cm\/"]}]},{"@type":"BreadcrumbList","@id":"https:\/\/www.erresse-shop.it\/de\/shop\/tisch\/serviertablette\/villeroy-boch-servierplatte-toys-delight-45-cm\/#breadcrumb","itemListElement":[{"@type":"ListItem","position":1,"name":"Home","item":"https:\/\/www.erresse-shop.it\/de\/"},{"@type":"ListItem","position":2,"name":"Shop","item":"https:\/\/www.erresse-shop.it\/de\/shop\/"},{"@type":"ListItem","position":3,"name":"VILLEROY &#038; BOCH Servierplatte Toy&#8217;s Delight 45 cm"}]},{"@type":"WebSite","@id":"https:\/\/www.erresse-shop.it\/de\/#website","url":"https:\/\/www.erresse-shop.it\/de\/","name":"Erresse Shop","description":"Articoli di qualit\u00e0 per la casa","potentialAction":[{"@type":"SearchAction","target":{"@type":"EntryPoint","urlTemplate":"https:\/\/www.erresse-shop.it\/de\/?s={search_term_string}"},"query-input":"required name=search_term_string"}],"inLanguage":"de-DE"}]}},"df_price":69.5,"df_sale_price":69.5,"df_regular_price":139,"df_image_link":"https:\/\/www.erresse-shop.it\/wp-content\/uploads\/2022\/09\/VILLEROY-BOCH-Piatto-Portata-45cm-2-300x300.jpg","_links":{"self":[{"href":"https:\/\/www.erresse-shop.it\/de\/wp-json\/wp\/v2\/product\/184195"}],"collection":[{"href":"https:\/\/www.erresse-shop.it\/de\/wp-json\/wp\/v2\/product"}],"about":[{"href":"https:\/\/www.erresse-shop.it\/de\/wp-json\/wp\/v2\/types\/product"}],"wp:featuredmedia":[{"embeddable":true,"href":"https:\/\/www.erresse-shop.it\/de\/wp-json\/wp\/v2\/media\/184210"}],"wp:attachment":[{"href":"https:\/\/www.erresse-shop.it\/de\/wp-json\/wp\/v2\/media?parent=184195"}],"wp:term":[{"taxonomy":"product_cat","embeddable":true,"href":"https:\/\/www.erresse-shop.it\/de\/wp-json\/wp\/v2\/product_cat?post=184195"},{"taxonomy":"product_tag","embeddable":true,"href":"https:\/\/www.erresse-shop.it\/de\/wp-json\/wp\/v2\/product_tag?post=184195"}],"curies":[{"name":"wp","href":"https:\/\/api.w.org\/{rel}","templated":true}]}}