{"id":180820,"date":"2022-09-14T10:41:06","date_gmt":"2022-09-14T10:41:07","guid":{"rendered":"https:\/\/www.erresse-shop.it\/?post_type=product&#038;p=180820"},"modified":"2025-01-16T09:00:04","modified_gmt":"2025-01-16T09:00:04","slug":"bordallo-pinheiro-tafelaufsatz-madeira-banane-48-cm","status":"publish","type":"product","link":"https:\/\/www.erresse-shop.it\/de\/shop\/tisch\/serviertablette\/bordallo-pinheiro-tafelaufsatz-madeira-banane-48-cm\/","title":{"rendered":"BORDALLO PINHEIRO Tafelaufsatz Madeira-Banane 48 cm"},"content":{"rendered":"<p>Die in Zusammenarbeit mit Nini Andrade Silva, einer der weltweit bekanntesten Innenarchitektinnen, die auf der Insel Madeira geboren wurde, entwickelte Kollektion ist eine Hommage an eines der Wahrzeichen der Insel: die Bananenstaude. Verschiedene Merkmale wie die faltige Rinde, die gro\u00dfen gr\u00fcnen Bl\u00e4tter, der zarte Stamm und die Frucht selbst werden meisterhaft in gro\u00dfe Teller und Tabletts, kleine Schalen und Tassen, Tafelaufs\u00e4tze und andere sch\u00f6ne Tischaccessoires verwandelt, die ein tropisches Ambiente schaffen.<br \/>\nEs ist ein besonderes Erlebnis, diese Gerichte zum Abendessen zu verwenden. Die Sorgfalt und Leidenschaft, mit der die Keramiken hergestellt werden, verleihen jedem St\u00fcck der Madeira-Kollektion Pers\u00f6nlichkeit.<br \/>\nDie Kollektion wurde mit den Iconic Awards 2020: Innovative Interior und dem German Design Award 2020 ausgezeichnet.<\/p>\n<p>Eine Servierplatte ist viel mehr als nur eine Servierplatte. Sie kann eine M\u00f6glichkeit sein, Kreativit\u00e4t und pers\u00f6nlichen Stil auszudr\u00fccken.<br \/>\nDer braune Madeira-Mittelteller hat eine starke funktionelle Komponente und eignet sich zum Servieren von Vorspeisen, Beilagen, Obst oder Gem\u00fcse in einem Stil voller Charme und Pers\u00f6nlichkeit. Der Madeira-Keramikteller kann auch erfolgreich die Rolle eines auff\u00e4lligen Dekorationsobjekts spielen. Die einzigartige, von der Natur inspirierte \u00c4sthetik verleiht dem St\u00fcck Pers\u00f6nlichkeit. In der Mitte des Tisches platziert, wird die Vase majest\u00e4tisch stehen und alle Blicke auf sich ziehen.<br \/>\nDie handbemalte Vase besticht durch ihre Details und das keramische Relief, das ihr ein realistisches Aussehen verleiht. Ob f\u00fcr eine festliche Veranstaltung oder ein Familienessen, die Servierplatte Madeira ist die perfekte Erg\u00e4nzung f\u00fcr eine denkw\u00fcrdige Tafel.<\/p>\n<p>Das hochwertige, sorgf\u00e4ltig verarbeitete Veredelungsmaterial garantiert eine lange Lebensdauer und macht die Platte alltagstauglich. Er kann in der Sp\u00fclmaschine gereinigt werden.<br \/>\nDas einzigartige Design macht die Madeira-Mittelschale zu einem inspirierenden Geschenk f\u00fcr eine wichtige Person. Sie kann zu verschiedenen besonderen Anl\u00e4ssen wie Hochzeiten, Verlobungen oder Einweihungsfeiern erfolgreich verschenkt werden. Die Keramikschale ist sicher ein unvergessliches Geschenk, das einen bleibenden Eindruck hinterl\u00e4sst.<\/p>\n<p><strong>Material:<\/strong> Terrakotta<\/p>\n","protected":false},"excerpt":{"rendered":"<p>Die in Zusammenarbeit mit Nini Andrade Silva, einer der weltweit bekanntesten Innenarchitektinnen, die auf der Insel Madeira geboren wurde, entwickelte<\/p>\n","protected":false},"featured_media":457338,"template":"","meta":{"_acf_changed":false,"inline_featured_image":false},"product_cat":[6853,6787],"product_tag":[25038,16802,23911,18329,24604,25022,11587],"acf":[],"yoast_head":"<!-- This site is optimized with the Yoast SEO Premium plugin v18.6 (Yoast SEO v19.13) - https:\/\/yoast.com\/wordpress\/plugins\/seo\/ -->\n<title>BORDALLO PINHEIRO Tafelaufsatz Madeira-Banane 48 cm<\/title>\n<meta name=\"description\" content=\"Entdecken Sie BORDALLO PINHEIRO Tafelaufsatz Madeira-Banane 48 cm bei ErresseShop. Qualit\u00e4t, Stil und Funktionalit\u00e4t \u2013 jetzt online bestellen!\" \/>\n<meta name=\"robots\" content=\"index, follow, max-snippet:-1, max-image-preview:large, max-video-preview:-1\" \/>\n<link rel=\"canonical\" href=\"https:\/\/www.erresse-shop.it\/de\/shop\/tisch\/serviertablette\/bordallo-pinheiro-tafelaufsatz-madeira-banane-48-cm\/\" \/>\n<meta property=\"og:locale\" content=\"de_DE\" \/>\n<meta property=\"og:type\" content=\"article\" \/>\n<meta property=\"og:title\" content=\"BORDALLO PINHEIRO Tafelaufsatz Madeira-Banane 48 cm\" \/>\n<meta property=\"og:description\" content=\"Entdecken Sie BORDALLO PINHEIRO Tafelaufsatz Madeira-Banane 48 cm bei ErresseShop. Qualit\u00e4t, Stil und Funktionalit\u00e4t \u2013 jetzt online bestellen!\" \/>\n<meta property=\"og:url\" content=\"https:\/\/www.erresse-shop.it\/de\/shop\/tisch\/serviertablette\/bordallo-pinheiro-tafelaufsatz-madeira-banane-48-cm\/\" \/>\n<meta property=\"og:site_name\" content=\"Erresse Shop\" \/>\n<meta property=\"article:modified_time\" content=\"2025-01-16T09:00:04+00:00\" \/>\n<meta property=\"og:image\" content=\"https:\/\/www.erresse-shop.it\/wp-content\/uploads\/2022\/09\/BORDALLO-PINHEIRO-Centrotavola-Banana-di-Madeira-48-cm.jpg\" \/>\n\t<meta property=\"og:image:width\" content=\"1200\" \/>\n\t<meta property=\"og:image:height\" content=\"1200\" \/>\n\t<meta property=\"og:image:type\" content=\"image\/jpeg\" \/>\n<meta name=\"twitter:card\" content=\"summary_large_image\" \/>\n<script type=\"application\/ld+json\" class=\"yoast-schema-graph\">{\"@context\":\"https:\/\/schema.org\",\"@graph\":[{\"@type\":\"WebPage\",\"@id\":\"https:\/\/www.erresse-shop.it\/de\/shop\/tisch\/serviertablette\/bordallo-pinheiro-tafelaufsatz-madeira-banane-48-cm\/\",\"url\":\"https:\/\/www.erresse-shop.it\/de\/shop\/tisch\/serviertablette\/bordallo-pinheiro-tafelaufsatz-madeira-banane-48-cm\/\",\"name\":\"BORDALLO PINHEIRO Tafelaufsatz Madeira-Banane 48 cm\",\"isPartOf\":{\"@id\":\"https:\/\/www.erresse-shop.it\/de\/#website\"},\"datePublished\":\"2022-09-14T10:41:07+00:00\",\"dateModified\":\"2025-01-16T09:00:04+00:00\",\"description\":\"Entdecken Sie BORDALLO PINHEIRO Tafelaufsatz Madeira-Banane 48 cm bei ErresseShop. Qualit\u00e4t, Stil und Funktionalit\u00e4t \u2013 jetzt online bestellen!\",\"breadcrumb\":{\"@id\":\"https:\/\/www.erresse-shop.it\/de\/shop\/tisch\/serviertablette\/bordallo-pinheiro-tafelaufsatz-madeira-banane-48-cm\/#breadcrumb\"},\"inLanguage\":\"de-DE\",\"potentialAction\":[{\"@type\":\"ReadAction\",\"target\":[\"https:\/\/www.erresse-shop.it\/de\/shop\/tisch\/serviertablette\/bordallo-pinheiro-tafelaufsatz-madeira-banane-48-cm\/\"]}]},{\"@type\":\"BreadcrumbList\",\"@id\":\"https:\/\/www.erresse-shop.it\/de\/shop\/tisch\/serviertablette\/bordallo-pinheiro-tafelaufsatz-madeira-banane-48-cm\/#breadcrumb\",\"itemListElement\":[{\"@type\":\"ListItem\",\"position\":1,\"name\":\"Home\",\"item\":\"https:\/\/www.erresse-shop.it\/de\/\"},{\"@type\":\"ListItem\",\"position\":2,\"name\":\"Shop\",\"item\":\"https:\/\/www.erresse-shop.it\/de\/shop\/\"},{\"@type\":\"ListItem\",\"position\":3,\"name\":\"BORDALLO PINHEIRO Tafelaufsatz Madeira-Banane 48 cm\"}]},{\"@type\":\"WebSite\",\"@id\":\"https:\/\/www.erresse-shop.it\/de\/#website\",\"url\":\"https:\/\/www.erresse-shop.it\/de\/\",\"name\":\"Erresse Shop\",\"description\":\"Articoli di qualit\u00e0 per la casa\",\"potentialAction\":[{\"@type\":\"SearchAction\",\"target\":{\"@type\":\"EntryPoint\",\"urlTemplate\":\"https:\/\/www.erresse-shop.it\/de\/?s={search_term_string}\"},\"query-input\":\"required name=search_term_string\"}],\"inLanguage\":\"de-DE\"}]}<\/script>\n<!-- \/ Yoast SEO Premium plugin. -->","yoast_head_json":{"title":"BORDALLO PINHEIRO Tafelaufsatz Madeira-Banane 48 cm","description":"Entdecken Sie BORDALLO PINHEIRO Tafelaufsatz Madeira-Banane 48 cm bei ErresseShop. Qualit\u00e4t, Stil und Funktionalit\u00e4t \u2013 jetzt online bestellen!","robots":{"index":"index","follow":"follow","max-snippet":"max-snippet:-1","max-image-preview":"max-image-preview:large","max-video-preview":"max-video-preview:-1"},"canonical":"https:\/\/www.erresse-shop.it\/de\/shop\/tisch\/serviertablette\/bordallo-pinheiro-tafelaufsatz-madeira-banane-48-cm\/","og_locale":"de_DE","og_type":"article","og_title":"BORDALLO PINHEIRO Tafelaufsatz Madeira-Banane 48 cm","og_description":"Entdecken Sie BORDALLO PINHEIRO Tafelaufsatz Madeira-Banane 48 cm bei ErresseShop. Qualit\u00e4t, Stil und Funktionalit\u00e4t \u2013 jetzt online bestellen!","og_url":"https:\/\/www.erresse-shop.it\/de\/shop\/tisch\/serviertablette\/bordallo-pinheiro-tafelaufsatz-madeira-banane-48-cm\/","og_site_name":"Erresse Shop","article_modified_time":"2025-01-16T09:00:04+00:00","og_image":[{"width":1200,"height":1200,"url":"https:\/\/www.erresse-shop.it\/wp-content\/uploads\/2022\/09\/BORDALLO-PINHEIRO-Centrotavola-Banana-di-Madeira-48-cm.jpg","type":"image\/jpeg"}],"twitter_card":"summary_large_image","schema":{"@context":"https:\/\/schema.org","@graph":[{"@type":"WebPage","@id":"https:\/\/www.erresse-shop.it\/de\/shop\/tisch\/serviertablette\/bordallo-pinheiro-tafelaufsatz-madeira-banane-48-cm\/","url":"https:\/\/www.erresse-shop.it\/de\/shop\/tisch\/serviertablette\/bordallo-pinheiro-tafelaufsatz-madeira-banane-48-cm\/","name":"BORDALLO PINHEIRO Tafelaufsatz Madeira-Banane 48 cm","isPartOf":{"@id":"https:\/\/www.erresse-shop.it\/de\/#website"},"datePublished":"2022-09-14T10:41:07+00:00","dateModified":"2025-01-16T09:00:04+00:00","description":"Entdecken Sie BORDALLO PINHEIRO Tafelaufsatz Madeira-Banane 48 cm bei ErresseShop. Qualit\u00e4t, Stil und Funktionalit\u00e4t \u2013 jetzt online bestellen!","breadcrumb":{"@id":"https:\/\/www.erresse-shop.it\/de\/shop\/tisch\/serviertablette\/bordallo-pinheiro-tafelaufsatz-madeira-banane-48-cm\/#breadcrumb"},"inLanguage":"de-DE","potentialAction":[{"@type":"ReadAction","target":["https:\/\/www.erresse-shop.it\/de\/shop\/tisch\/serviertablette\/bordallo-pinheiro-tafelaufsatz-madeira-banane-48-cm\/"]}]},{"@type":"BreadcrumbList","@id":"https:\/\/www.erresse-shop.it\/de\/shop\/tisch\/serviertablette\/bordallo-pinheiro-tafelaufsatz-madeira-banane-48-cm\/#breadcrumb","itemListElement":[{"@type":"ListItem","position":1,"name":"Home","item":"https:\/\/www.erresse-shop.it\/de\/"},{"@type":"ListItem","position":2,"name":"Shop","item":"https:\/\/www.erresse-shop.it\/de\/shop\/"},{"@type":"ListItem","position":3,"name":"BORDALLO PINHEIRO Tafelaufsatz Madeira-Banane 48 cm"}]},{"@type":"WebSite","@id":"https:\/\/www.erresse-shop.it\/de\/#website","url":"https:\/\/www.erresse-shop.it\/de\/","name":"Erresse Shop","description":"Articoli di qualit\u00e0 per la casa","potentialAction":[{"@type":"SearchAction","target":{"@type":"EntryPoint","urlTemplate":"https:\/\/www.erresse-shop.it\/de\/?s={search_term_string}"},"query-input":"required name=search_term_string"}],"inLanguage":"de-DE"}]}},"df_price":76.95,"df_sale_price":76.95,"df_regular_price":171,"df_image_link":"https:\/\/www.erresse-shop.it\/wp-content\/uploads\/2022\/09\/BORDALLO-PINHEIRO-Centrotavola-Banana-di-Madeira-48-cm-300x300.jpg","_links":{"self":[{"href":"https:\/\/www.erresse-shop.it\/de\/wp-json\/wp\/v2\/product\/180820"}],"collection":[{"href":"https:\/\/www.erresse-shop.it\/de\/wp-json\/wp\/v2\/product"}],"about":[{"href":"https:\/\/www.erresse-shop.it\/de\/wp-json\/wp\/v2\/types\/product"}],"wp:featuredmedia":[{"embeddable":true,"href":"https:\/\/www.erresse-shop.it\/de\/wp-json\/wp\/v2\/media\/457338"}],"wp:attachment":[{"href":"https:\/\/www.erresse-shop.it\/de\/wp-json\/wp\/v2\/media?parent=180820"}],"wp:term":[{"taxonomy":"product_cat","embeddable":true,"href":"https:\/\/www.erresse-shop.it\/de\/wp-json\/wp\/v2\/product_cat?post=180820"},{"taxonomy":"product_tag","embeddable":true,"href":"https:\/\/www.erresse-shop.it\/de\/wp-json\/wp\/v2\/product_tag?post=180820"}],"curies":[{"name":"wp","href":"https:\/\/api.w.org\/{rel}","templated":true}]}}