{"id":180492,"date":"2022-09-13T12:38:46","date_gmt":"2022-09-13T12:38:47","guid":{"rendered":"https:\/\/www.erresse-shop.it\/?post_type=product&#038;p=180492"},"modified":"2024-08-13T20:08:21","modified_gmt":"2024-08-13T20:08:21","slug":"ooni-gelochte-pizzaschaufel-30-cm","status":"publish","type":"product","link":"https:\/\/www.erresse-shop.it\/de\/shop\/kleine-elektrogeraete\/oefen\/ooni-gelochte-pizzaschaufel-30-cm\/","title":{"rendered":"OONI Gelochte Pizzaschaufel 30 cm"},"content":{"rendered":"<p>Er nutzt den konischen Rand des <strong>Pizzasch\u00e4lers<\/strong>, um direkt unter die <strong>Pizzab\u00f6den<\/strong> zu gleiten; die <strong>L\u00f6cher<\/strong> hingegen sorgen daf\u00fcr, dass die Pizza jedes Mal perfekt gebacken wird, da der Dampf schnell verdampfen kann und \u00fcbersch\u00fcssiges Mehl vom Pizzaboden f\u00e4llt.<\/p>\n<p>Die h\u00f6chst originelle, kratzfeste Eloxalschicht bietet eine verbesserte Korrosionsbest\u00e4ndigkeit und eine glatte Oberfl\u00e4che, die ein einzigartiges Erlebnis beim Backen und Herausnehmen der Pizzen aus dem Ofen gew\u00e4hrleistet.<\/p>\n<p><strong>Materialien<\/strong>:<\/p>\n<ul>\n<li><strong>Griff<\/strong> aus glasfaserverst\u00e4rktem Nylon.<\/li>\n<li><strong>Kopf<\/strong> &#8211; eloxiertes Aluminium<\/li>\n<\/ul>\n<p>Nur <strong>Handw\u00e4sche<\/strong>. Nicht sp\u00fclmaschinenfest. Vermeiden Sie scheuernde Reinigungsmittel. In Innenr\u00e4umen lagern. Setzen Sie die Klinge nicht \u00fcber einen l\u00e4ngeren Zeitraum hohen Temperaturen aus.<\/p>\n","protected":false},"excerpt":{"rendered":"<p>Er nutzt den konischen Rand des Pizzasch\u00e4lers, um direkt unter die Pizzab\u00f6den zu gleiten; die L\u00f6cher hingegen sorgen daf\u00fcr, dass<\/p>\n","protected":false},"featured_media":504514,"template":"","meta":{"_acf_changed":false,"inline_featured_image":false},"product_cat":[6703,15659],"product_tag":[11555,12210,20517,12236,20516],"acf":[],"yoast_head":"<!-- This site is optimized with the Yoast SEO Premium plugin v18.6 (Yoast SEO v19.13) - https:\/\/yoast.com\/wordpress\/plugins\/seo\/ -->\n<title>OONI Gelochte Pizzaschaufel 30 cm - Erresse Shop<\/title>\n<meta name=\"description\" content=\"Er nutzt den konischen Rand des Pizzasch\u00e4lers, um direkt unter die Pizzab\u00f6den zu gleiten; die L\u00f6cher hingegen sorgen daf\u00fcr, dass die Pizza jedes Mal\" \/>\n<meta name=\"robots\" content=\"index, follow, max-snippet:-1, max-image-preview:large, max-video-preview:-1\" \/>\n<link rel=\"canonical\" href=\"https:\/\/www.erresse-shop.it\/de\/shop\/kleine-elektrogeraete\/oefen\/ooni-gelochte-pizzaschaufel-30-cm\/\" \/>\n<meta property=\"og:locale\" content=\"de_DE\" \/>\n<meta property=\"og:type\" content=\"article\" \/>\n<meta property=\"og:title\" content=\"OONI Gelochte Pizzaschaufel 30 cm\" \/>\n<meta property=\"og:description\" content=\"Er nutzt den konischen Rand des Pizzasch\u00e4lers, um direkt unter die Pizzab\u00f6den zu gleiten; die L\u00f6cher hingegen sorgen daf\u00fcr, dass die Pizza jedes Mal\" \/>\n<meta property=\"og:url\" content=\"https:\/\/www.erresse-shop.it\/de\/shop\/kleine-elektrogeraete\/oefen\/ooni-gelochte-pizzaschaufel-30-cm\/\" \/>\n<meta property=\"og:site_name\" content=\"Erresse Shop\" \/>\n<meta property=\"article:modified_time\" content=\"2024-08-13T20:08:21+00:00\" \/>\n<meta property=\"og:image\" content=\"https:\/\/www.erresse-shop.it\/wp-content\/uploads\/2022\/09\/OONI-Pala-per-pizza-forata-2.jpg\" \/>\n\t<meta property=\"og:image:width\" content=\"800\" \/>\n\t<meta property=\"og:image:height\" content=\"800\" \/>\n\t<meta property=\"og:image:type\" content=\"image\/jpeg\" \/>\n<meta name=\"twitter:card\" content=\"summary_large_image\" \/>\n<script type=\"application\/ld+json\" class=\"yoast-schema-graph\">{\"@context\":\"https:\/\/schema.org\",\"@graph\":[{\"@type\":\"WebPage\",\"@id\":\"https:\/\/www.erresse-shop.it\/de\/shop\/kleine-elektrogeraete\/oefen\/ooni-gelochte-pizzaschaufel-30-cm\/\",\"url\":\"https:\/\/www.erresse-shop.it\/de\/shop\/kleine-elektrogeraete\/oefen\/ooni-gelochte-pizzaschaufel-30-cm\/\",\"name\":\"OONI Gelochte Pizzaschaufel 30 cm - Erresse Shop\",\"isPartOf\":{\"@id\":\"https:\/\/www.erresse-shop.it\/de\/#website\"},\"datePublished\":\"2022-09-13T12:38:47+00:00\",\"dateModified\":\"2024-08-13T20:08:21+00:00\",\"description\":\"Er nutzt den konischen Rand des Pizzasch\u00e4lers, um direkt unter die Pizzab\u00f6den zu gleiten; die L\u00f6cher hingegen sorgen daf\u00fcr, dass die Pizza jedes Mal\",\"breadcrumb\":{\"@id\":\"https:\/\/www.erresse-shop.it\/de\/shop\/kleine-elektrogeraete\/oefen\/ooni-gelochte-pizzaschaufel-30-cm\/#breadcrumb\"},\"inLanguage\":\"de-DE\",\"potentialAction\":[{\"@type\":\"ReadAction\",\"target\":[\"https:\/\/www.erresse-shop.it\/de\/shop\/kleine-elektrogeraete\/oefen\/ooni-gelochte-pizzaschaufel-30-cm\/\"]}]},{\"@type\":\"BreadcrumbList\",\"@id\":\"https:\/\/www.erresse-shop.it\/de\/shop\/kleine-elektrogeraete\/oefen\/ooni-gelochte-pizzaschaufel-30-cm\/#breadcrumb\",\"itemListElement\":[{\"@type\":\"ListItem\",\"position\":1,\"name\":\"Home\",\"item\":\"https:\/\/www.erresse-shop.it\/de\/\"},{\"@type\":\"ListItem\",\"position\":2,\"name\":\"Shop\",\"item\":\"https:\/\/www.erresse-shop.it\/de\/shop\/\"},{\"@type\":\"ListItem\",\"position\":3,\"name\":\"OONI Gelochte Pizzaschaufel 30 cm\"}]},{\"@type\":\"WebSite\",\"@id\":\"https:\/\/www.erresse-shop.it\/de\/#website\",\"url\":\"https:\/\/www.erresse-shop.it\/de\/\",\"name\":\"Erresse Shop\",\"description\":\"Articoli di qualit\u00e0 per la casa\",\"potentialAction\":[{\"@type\":\"SearchAction\",\"target\":{\"@type\":\"EntryPoint\",\"urlTemplate\":\"https:\/\/www.erresse-shop.it\/de\/?s={search_term_string}\"},\"query-input\":\"required name=search_term_string\"}],\"inLanguage\":\"de-DE\"}]}<\/script>\n<!-- \/ Yoast SEO Premium plugin. -->","yoast_head_json":{"title":"OONI Gelochte Pizzaschaufel 30 cm - Erresse Shop","description":"Er nutzt den konischen Rand des Pizzasch\u00e4lers, um direkt unter die Pizzab\u00f6den zu gleiten; die L\u00f6cher hingegen sorgen daf\u00fcr, dass die Pizza jedes Mal","robots":{"index":"index","follow":"follow","max-snippet":"max-snippet:-1","max-image-preview":"max-image-preview:large","max-video-preview":"max-video-preview:-1"},"canonical":"https:\/\/www.erresse-shop.it\/de\/shop\/kleine-elektrogeraete\/oefen\/ooni-gelochte-pizzaschaufel-30-cm\/","og_locale":"de_DE","og_type":"article","og_title":"OONI Gelochte Pizzaschaufel 30 cm","og_description":"Er nutzt den konischen Rand des Pizzasch\u00e4lers, um direkt unter die Pizzab\u00f6den zu gleiten; die L\u00f6cher hingegen sorgen daf\u00fcr, dass die Pizza jedes Mal","og_url":"https:\/\/www.erresse-shop.it\/de\/shop\/kleine-elektrogeraete\/oefen\/ooni-gelochte-pizzaschaufel-30-cm\/","og_site_name":"Erresse Shop","article_modified_time":"2024-08-13T20:08:21+00:00","og_image":[{"width":800,"height":800,"url":"https:\/\/www.erresse-shop.it\/wp-content\/uploads\/2022\/09\/OONI-Pala-per-pizza-forata-2.jpg","type":"image\/jpeg"}],"twitter_card":"summary_large_image","schema":{"@context":"https:\/\/schema.org","@graph":[{"@type":"WebPage","@id":"https:\/\/www.erresse-shop.it\/de\/shop\/kleine-elektrogeraete\/oefen\/ooni-gelochte-pizzaschaufel-30-cm\/","url":"https:\/\/www.erresse-shop.it\/de\/shop\/kleine-elektrogeraete\/oefen\/ooni-gelochte-pizzaschaufel-30-cm\/","name":"OONI Gelochte Pizzaschaufel 30 cm - Erresse Shop","isPartOf":{"@id":"https:\/\/www.erresse-shop.it\/de\/#website"},"datePublished":"2022-09-13T12:38:47+00:00","dateModified":"2024-08-13T20:08:21+00:00","description":"Er nutzt den konischen Rand des Pizzasch\u00e4lers, um direkt unter die Pizzab\u00f6den zu gleiten; die L\u00f6cher hingegen sorgen daf\u00fcr, dass die Pizza jedes Mal","breadcrumb":{"@id":"https:\/\/www.erresse-shop.it\/de\/shop\/kleine-elektrogeraete\/oefen\/ooni-gelochte-pizzaschaufel-30-cm\/#breadcrumb"},"inLanguage":"de-DE","potentialAction":[{"@type":"ReadAction","target":["https:\/\/www.erresse-shop.it\/de\/shop\/kleine-elektrogeraete\/oefen\/ooni-gelochte-pizzaschaufel-30-cm\/"]}]},{"@type":"BreadcrumbList","@id":"https:\/\/www.erresse-shop.it\/de\/shop\/kleine-elektrogeraete\/oefen\/ooni-gelochte-pizzaschaufel-30-cm\/#breadcrumb","itemListElement":[{"@type":"ListItem","position":1,"name":"Home","item":"https:\/\/www.erresse-shop.it\/de\/"},{"@type":"ListItem","position":2,"name":"Shop","item":"https:\/\/www.erresse-shop.it\/de\/shop\/"},{"@type":"ListItem","position":3,"name":"OONI Gelochte Pizzaschaufel 30 cm"}]},{"@type":"WebSite","@id":"https:\/\/www.erresse-shop.it\/de\/#website","url":"https:\/\/www.erresse-shop.it\/de\/","name":"Erresse Shop","description":"Articoli di qualit\u00e0 per la casa","potentialAction":[{"@type":"SearchAction","target":{"@type":"EntryPoint","urlTemplate":"https:\/\/www.erresse-shop.it\/de\/?s={search_term_string}"},"query-input":"required name=search_term_string"}],"inLanguage":"de-DE"}]}},"df_price":49.95,"df_sale_price":49.95,"df_regular_price":59.99,"df_image_link":"https:\/\/www.erresse-shop.it\/wp-content\/uploads\/2022\/09\/OONI-Pala-per-pizza-forata-30-cm-1-300x300.jpg","_links":{"self":[{"href":"https:\/\/www.erresse-shop.it\/de\/wp-json\/wp\/v2\/product\/180492"}],"collection":[{"href":"https:\/\/www.erresse-shop.it\/de\/wp-json\/wp\/v2\/product"}],"about":[{"href":"https:\/\/www.erresse-shop.it\/de\/wp-json\/wp\/v2\/types\/product"}],"wp:featuredmedia":[{"embeddable":true,"href":"https:\/\/www.erresse-shop.it\/de\/wp-json\/wp\/v2\/media\/504514"}],"wp:attachment":[{"href":"https:\/\/www.erresse-shop.it\/de\/wp-json\/wp\/v2\/media?parent=180492"}],"wp:term":[{"taxonomy":"product_cat","embeddable":true,"href":"https:\/\/www.erresse-shop.it\/de\/wp-json\/wp\/v2\/product_cat?post=180492"},{"taxonomy":"product_tag","embeddable":true,"href":"https:\/\/www.erresse-shop.it\/de\/wp-json\/wp\/v2\/product_tag?post=180492"}],"curies":[{"name":"wp","href":"https:\/\/api.w.org\/{rel}","templated":true}]}}