{"id":17926,"date":"2016-05-04T17:43:14","date_gmt":"2016-05-04T17:43:14","guid":{"rendered":"https:\/\/www.erresse-shop.it\/?post_type=product&#038;p=17926"},"modified":"2025-08-17T08:30:08","modified_gmt":"2025-08-17T08:30:08","slug":"magimix-cook-expert-chrom","status":"publish","type":"product","link":"https:\/\/www.erresse-shop.it\/de\/shop\/kleine-elektrogeraete\/kuechenmaschinen\/magimix-cook-expert-chrom\/","title":{"rendered":"MAGIMIX COOK EXPERT chrom"},"content":{"rendered":"<p><strong>COOK EXPERT<\/strong> Der Roboter Kochen wirklich Multifunktions!<br \/>\nEs hilft Ihnen, schnell und einfach alle Ihre Lieblingsgerichte von der Vorspeise bis zum Dessert zu kochen!<\/p>\n<p><a style=\"line-height: 20.8px;\" href=\"https:\/\/www.youtube.com\/watch?v=jhKd1485KKc\" target=\"_blank\" rel=\"noopener\">Watch the video 1<\/a><span style=\"line-height: 20.8px;\">\u00a0\u00a0<\/span><a style=\"line-height: 20.8px;\" href=\"https:\/\/www.youtube.com\/watch?v=OissgQLox0o\" target=\"_blank\" rel=\"noopener\">Watch the video 2<\/a><\/p>\n<p><span style=\"line-height: 1.6em;\">Mit der Anwendung Cook-Expert, gehen kostenlos auf mehrere hundert Rezepte.<\/span><\/p>\n<p>Einfach mit seinem digitalen Farbbildschirm zu bedienen und leicht lesbar ist, ist Cook-Expert eine einfach zu bedienende Roboter und einfach zu programmieren.<br \/>\nDer Timer (von 5 Sekunden bis 2 Stunden) k\u00f6nnen Sie ganz einfach f\u00fcr Ihre Rezepte, die Zeit zu messen.<br \/>\nMit seinem AUTO-Programm, besitzt 12 Cook-Expert Magimix automatische programmierte Rezepte f\u00fcr eine einfache K\u00fcche jeden Tag: nur eine Taste, um es zu aktivieren.<\/p>\n<p>&#8211; Kochen: Gem\u00fcsesuppe, samtig, ein langsames Feuer kochen, kochen bei vaporeper leichte K\u00fcche<br \/>\n&#8211; B\u00e4ckerei: Vorbereitung und Aufgehen des Teiges f\u00fcr das Brot und Croissants<br \/>\n&#8211; Teig: bereiten Teig f\u00fcr Kuchen, Torten, frische Pasta &#8230;<br \/>\n&#8211; Blender: Herstellung von Smoothies, Sorbets und Eiscreme<\/p>\n<p>Magimix mit Cook-Expert stellt den Zustand des Backens Roboter, einem Multifunktionsroboter und in der Lage zu kochen, die Sie alle sperrige Ausr\u00fcstung K\u00fcche l\u00f6schen k\u00f6nnen.<br \/>\nMagimix Cook-Expert mit 4 F\u00e4chern und umfangreichem Zubeh\u00f6r ausgestattet ist, ist der Koch Experten Roboter Magimix vielseitig und vollst\u00e4ndig sind.<br \/>\nIn jedem der Cook-Experten fanden Sie eine Metallpfanne zum Kochen und 3 transparente Beh\u00e4lter, die f\u00fcr die Herstellung der Basen dienen gekocht werden.<\/p>\n<p>Cook-Expert Magimix ist ein echter Koch, dank seiner Heizungsanlage Induktion, backen 31 bis 140 \u00b0 C, die es zu einem der K\u00fcchenmaschine mit dem h\u00f6chsten Ertrag von W\u00e4rme auf dem Markt macht.<\/p>\n<p>Der Roboter Magimix K\u00fcche Kochen Experte hat eine sehr genaue Temperaturregelung, und Sie k\u00f6nnen Ihr Essen mit dem Vertrauen, kochen die meisten Geschmack aus Ihrer Pr\u00e4parate zu erhalten.<br \/>\nSie k\u00f6nnen bei schwacher Hitze kochen, langsam die Schokolade schmelzen und eine So\u00dfe oder eine Suppe in der Temperatur zu halten.<br \/>\nHohe Leistung, ist in der Lage, schnell in der Temperatur ansteigen und erm\u00f6glicht es, schnell die Koch einzustellen.<\/p>\n<p>Koch Expert Magimix hat eine sehr praktische Reinigungsfunktion: &#8220;Automatische Sp\u00fclung&#8221;, die Reinigung nach dem Gebrauch erleichtert.<br \/>\nIn kaltem Wasser mit einer geringen Dosis von Seife f\u00fcr Sp\u00fclmaschinen, Ihr Koch Expert Magimix heizt das Wasser auf 40 \u00b0 und wird automatisch in 40 Sekunden w\u00e4scht.<br \/>\nWir sollten nichts anderes tun, wenn Sie nicht aussp\u00fclen.<\/p>\n<p>Aufgrund seiner Metallschale, die die Kapazit\u00e4t von 3,5 Litern hat, k\u00f6nnen Sie kochen:<\/p>\n<p>&#8211; 2,5 Liter Suppe oder Suppe<br \/>\n&#8211; 2,5 Liter langsames Kochen Lebensmittel (Reis, Tajine, Eintopf, Eintopf)<br \/>\n&#8211; 1 kg p\u00fcriert<br \/>\n&#8211; 6 Eiwei\u00df steif geschlagen (f\u00fcr Souffl\u00e9, Biskuit)<br \/>\n&#8211; 0,6 kg ged\u00fcnstetes Gem\u00fcse (Kartoffeln, Karotten, Brokkoli)<br \/>\n&#8211; 0,8 kg Teig f\u00fcr Brot oder Pizza<br \/>\n&#8211; 0,6 kg Teig f\u00fcr Croissants<br \/>\n&#8211; 1,2 kg Teig f\u00fcr Kuchen<br \/>\n&#8211; 400 g gefrorene Fr\u00fcchte (f\u00fcr die Zubereitung von Speiseeis)<\/p>\n<p>Mit einem Doppel-Edelstahlwand erm\u00f6glicht Thermo Tablett Sie Ihre Mahlzeiten im Voraus vorzubereiten und sie f\u00fcr 2 Stunden warm halten.<br \/>\nSeine Glasdeckel mit 100% Dichtung erm\u00f6glicht eine 360 \u200b\u200b\u00b0 auf die Innenseite der Sch\u00fcssel.<\/p>\n<p>Der Metallbeh\u00e4lter ist voll von 4 Zubeh\u00f6r:<\/p>\n<p>&#8211; 1 Universalmesser f\u00fcr Schmoren, Mischen, Kneten, Zerkleinern von Eis, mischen direkt in die Sch\u00fcssel<br \/>\n&#8211; 1 Dampfkorb mit Zwischengitter f\u00fcr schlechte Fett Gerichte kochen<br \/>\n&#8211; 1 Mischer das Eiwei\u00df steif schlagen zu montieren<br \/>\n&#8211; 1 Spachtel speziell f\u00fcr das Becken kann es zu leeren und reinigen Sie es besser<\/p>\n<p>Mit 3 transparenten Tabletts, f\u00fchrt er alle Funktionen eines Nahrungsmittelprozessors:<\/p>\n<p>&#8211; 1 gro\u00dfe Sch\u00fcssel mit 3,6 Liter zu hacken und mischen gro\u00dfe Mengen (1,4 kg bis 1,4 kg Gem\u00fcse oder Fleisch)<br \/>\n&#8211; 1 mittelgro\u00dfe Sch\u00fcssel mit 2,6 Litern f\u00fcr das Schneiden und Gitter (Gurken, Karotten, Kohl)<br \/>\n&#8211; 1 kleine Sch\u00fcssel mit 1,2 Liter einzelnen Portionen vorzubereiten. Ideal zum Mischen von Babynahrung \/ Kinder oder \u00e4ltere Menschen, erleichtert die kleine Schale kochen Expert zerkleinern Knoblauch, Kr\u00e4uter und Gew\u00fcrze.<\/p>\n<p>Achtung: Der Netzstecker ist ein europ\u00e4ischer Schuko-Stecker.<\/p>\n<p><span style=\"text-decoration: underline;\"><strong>Nicht zum Verkauf au\u00dferhalb von Europa<\/strong><\/span><\/p>\n<div class=\"su-youtube su-u-responsive-media-yes\"><iframe loading=\"lazy\" width=\"600\" height=\"400\" src=\"https:\/\/www.youtube.com\/embed\/2OK3TrsBsuk?\" frameborder=\"0\" allowfullscreen allow=\"autoplay; encrypted-media; picture-in-picture\" title=\"\"><\/iframe><\/div>\n","protected":false},"excerpt":{"rendered":"<p>COOK EXPERT Der Roboter Kochen wirklich Multifunktions! Es hilft Ihnen, schnell und einfach alle Ihre Lieblingsgerichte von der Vorspeise bis<\/p>\n","protected":false},"featured_media":87786,"template":"","meta":{"_acf_changed":false,"inline_featured_image":false},"product_cat":[6703,6721],"product_tag":[12318,12328,11415,15614,12315,12326],"acf":[],"yoast_head":"<!-- This site is optimized with the Yoast SEO Premium plugin v18.6 (Yoast SEO v19.13) - https:\/\/yoast.com\/wordpress\/plugins\/seo\/ -->\n<title>MAGIMIX COOK EXPERT chrom<\/title>\n<meta name=\"description\" content=\"Entdecken Sie MAGIMIX COOK EXPERT chrom bei ErresseShop. Qualit\u00e4t, Stil und Funktionalit\u00e4t \u2013 jetzt online bestellen!\" \/>\n<meta name=\"robots\" content=\"index, follow, max-snippet:-1, max-image-preview:large, max-video-preview:-1\" \/>\n<link rel=\"canonical\" href=\"https:\/\/www.erresse-shop.it\/de\/shop\/kleine-elektrogeraete\/kuechenmaschinen\/magimix-cook-expert-chrom\/\" \/>\n<meta property=\"og:locale\" content=\"de_DE\" \/>\n<meta property=\"og:type\" content=\"article\" \/>\n<meta property=\"og:title\" content=\"MAGIMIX COOK EXPERT chrom\" \/>\n<meta property=\"og:description\" content=\"Entdecken Sie MAGIMIX COOK EXPERT chrom bei ErresseShop. Qualit\u00e4t, Stil und Funktionalit\u00e4t \u2013 jetzt online bestellen!\" \/>\n<meta property=\"og:url\" content=\"https:\/\/www.erresse-shop.it\/de\/shop\/kleine-elektrogeraete\/kuechenmaschinen\/magimix-cook-expert-chrom\/\" \/>\n<meta property=\"og:site_name\" content=\"Erresse Shop\" \/>\n<meta property=\"article:modified_time\" content=\"2025-08-17T08:30:08+00:00\" \/>\n<meta property=\"og:image\" content=\"https:\/\/www.erresse-shop.it\/wp-content\/uploads\/2016\/05\/chrome_18900_magimix_cookyexpert_robotycuiseur_robotychauffant_puce.jpg\" \/>\n\t<meta property=\"og:image:width\" content=\"570\" \/>\n\t<meta property=\"og:image:height\" content=\"555\" \/>\n\t<meta property=\"og:image:type\" content=\"image\/jpeg\" \/>\n<meta name=\"twitter:card\" content=\"summary_large_image\" \/>\n<script type=\"application\/ld+json\" class=\"yoast-schema-graph\">{\"@context\":\"https:\/\/schema.org\",\"@graph\":[{\"@type\":\"WebPage\",\"@id\":\"https:\/\/www.erresse-shop.it\/de\/shop\/kleine-elektrogeraete\/kuechenmaschinen\/magimix-cook-expert-chrom\/\",\"url\":\"https:\/\/www.erresse-shop.it\/de\/shop\/kleine-elektrogeraete\/kuechenmaschinen\/magimix-cook-expert-chrom\/\",\"name\":\"MAGIMIX COOK EXPERT chrom\",\"isPartOf\":{\"@id\":\"https:\/\/www.erresse-shop.it\/de\/#website\"},\"datePublished\":\"2016-05-04T17:43:14+00:00\",\"dateModified\":\"2025-08-17T08:30:08+00:00\",\"description\":\"Entdecken Sie MAGIMIX COOK EXPERT chrom bei ErresseShop. Qualit\u00e4t, Stil und Funktionalit\u00e4t \u2013 jetzt online bestellen!\",\"breadcrumb\":{\"@id\":\"https:\/\/www.erresse-shop.it\/de\/shop\/kleine-elektrogeraete\/kuechenmaschinen\/magimix-cook-expert-chrom\/#breadcrumb\"},\"inLanguage\":\"de-DE\",\"potentialAction\":[{\"@type\":\"ReadAction\",\"target\":[\"https:\/\/www.erresse-shop.it\/de\/shop\/kleine-elektrogeraete\/kuechenmaschinen\/magimix-cook-expert-chrom\/\"]}]},{\"@type\":\"BreadcrumbList\",\"@id\":\"https:\/\/www.erresse-shop.it\/de\/shop\/kleine-elektrogeraete\/kuechenmaschinen\/magimix-cook-expert-chrom\/#breadcrumb\",\"itemListElement\":[{\"@type\":\"ListItem\",\"position\":1,\"name\":\"Home\",\"item\":\"https:\/\/www.erresse-shop.it\/de\/\"},{\"@type\":\"ListItem\",\"position\":2,\"name\":\"Shop\",\"item\":\"https:\/\/www.erresse-shop.it\/de\/shop\/\"},{\"@type\":\"ListItem\",\"position\":3,\"name\":\"MAGIMIX COOK EXPERT chrom\"}]},{\"@type\":\"WebSite\",\"@id\":\"https:\/\/www.erresse-shop.it\/de\/#website\",\"url\":\"https:\/\/www.erresse-shop.it\/de\/\",\"name\":\"Erresse Shop\",\"description\":\"Articoli di qualit\u00e0 per la casa\",\"potentialAction\":[{\"@type\":\"SearchAction\",\"target\":{\"@type\":\"EntryPoint\",\"urlTemplate\":\"https:\/\/www.erresse-shop.it\/de\/?s={search_term_string}\"},\"query-input\":\"required name=search_term_string\"}],\"inLanguage\":\"de-DE\"}]}<\/script>\n<!-- \/ Yoast SEO Premium plugin. -->","yoast_head_json":{"title":"MAGIMIX COOK EXPERT chrom","description":"Entdecken Sie MAGIMIX COOK EXPERT chrom bei ErresseShop. Qualit\u00e4t, Stil und Funktionalit\u00e4t \u2013 jetzt online bestellen!","robots":{"index":"index","follow":"follow","max-snippet":"max-snippet:-1","max-image-preview":"max-image-preview:large","max-video-preview":"max-video-preview:-1"},"canonical":"https:\/\/www.erresse-shop.it\/de\/shop\/kleine-elektrogeraete\/kuechenmaschinen\/magimix-cook-expert-chrom\/","og_locale":"de_DE","og_type":"article","og_title":"MAGIMIX COOK EXPERT chrom","og_description":"Entdecken Sie MAGIMIX COOK EXPERT chrom bei ErresseShop. Qualit\u00e4t, Stil und Funktionalit\u00e4t \u2013 jetzt online bestellen!","og_url":"https:\/\/www.erresse-shop.it\/de\/shop\/kleine-elektrogeraete\/kuechenmaschinen\/magimix-cook-expert-chrom\/","og_site_name":"Erresse Shop","article_modified_time":"2025-08-17T08:30:08+00:00","og_image":[{"width":570,"height":555,"url":"https:\/\/www.erresse-shop.it\/wp-content\/uploads\/2016\/05\/chrome_18900_magimix_cookyexpert_robotycuiseur_robotychauffant_puce.jpg","type":"image\/jpeg"}],"twitter_card":"summary_large_image","schema":{"@context":"https:\/\/schema.org","@graph":[{"@type":"WebPage","@id":"https:\/\/www.erresse-shop.it\/de\/shop\/kleine-elektrogeraete\/kuechenmaschinen\/magimix-cook-expert-chrom\/","url":"https:\/\/www.erresse-shop.it\/de\/shop\/kleine-elektrogeraete\/kuechenmaschinen\/magimix-cook-expert-chrom\/","name":"MAGIMIX COOK EXPERT chrom","isPartOf":{"@id":"https:\/\/www.erresse-shop.it\/de\/#website"},"datePublished":"2016-05-04T17:43:14+00:00","dateModified":"2025-08-17T08:30:08+00:00","description":"Entdecken Sie MAGIMIX COOK EXPERT chrom bei ErresseShop. Qualit\u00e4t, Stil und Funktionalit\u00e4t \u2013 jetzt online bestellen!","breadcrumb":{"@id":"https:\/\/www.erresse-shop.it\/de\/shop\/kleine-elektrogeraete\/kuechenmaschinen\/magimix-cook-expert-chrom\/#breadcrumb"},"inLanguage":"de-DE","potentialAction":[{"@type":"ReadAction","target":["https:\/\/www.erresse-shop.it\/de\/shop\/kleine-elektrogeraete\/kuechenmaschinen\/magimix-cook-expert-chrom\/"]}]},{"@type":"BreadcrumbList","@id":"https:\/\/www.erresse-shop.it\/de\/shop\/kleine-elektrogeraete\/kuechenmaschinen\/magimix-cook-expert-chrom\/#breadcrumb","itemListElement":[{"@type":"ListItem","position":1,"name":"Home","item":"https:\/\/www.erresse-shop.it\/de\/"},{"@type":"ListItem","position":2,"name":"Shop","item":"https:\/\/www.erresse-shop.it\/de\/shop\/"},{"@type":"ListItem","position":3,"name":"MAGIMIX COOK EXPERT chrom"}]},{"@type":"WebSite","@id":"https:\/\/www.erresse-shop.it\/de\/#website","url":"https:\/\/www.erresse-shop.it\/de\/","name":"Erresse Shop","description":"Articoli di qualit\u00e0 per la casa","potentialAction":[{"@type":"SearchAction","target":{"@type":"EntryPoint","urlTemplate":"https:\/\/www.erresse-shop.it\/de\/?s={search_term_string}"},"query-input":"required name=search_term_string"}],"inLanguage":"de-DE"}]}},"df_price":910,"df_sale_price":910,"df_regular_price":1400,"df_image_link":"https:\/\/www.erresse-shop.it\/wp-content\/uploads\/2016\/05\/chrome_18900_magimix_cookyexpert_robotycuiseur_robotychauffant_puce-300x292.jpg","_links":{"self":[{"href":"https:\/\/www.erresse-shop.it\/de\/wp-json\/wp\/v2\/product\/17926"}],"collection":[{"href":"https:\/\/www.erresse-shop.it\/de\/wp-json\/wp\/v2\/product"}],"about":[{"href":"https:\/\/www.erresse-shop.it\/de\/wp-json\/wp\/v2\/types\/product"}],"wp:featuredmedia":[{"embeddable":true,"href":"https:\/\/www.erresse-shop.it\/de\/wp-json\/wp\/v2\/media\/87786"}],"wp:attachment":[{"href":"https:\/\/www.erresse-shop.it\/de\/wp-json\/wp\/v2\/media?parent=17926"}],"wp:term":[{"taxonomy":"product_cat","embeddable":true,"href":"https:\/\/www.erresse-shop.it\/de\/wp-json\/wp\/v2\/product_cat?post=17926"},{"taxonomy":"product_tag","embeddable":true,"href":"https:\/\/www.erresse-shop.it\/de\/wp-json\/wp\/v2\/product_tag?post=17926"}],"curies":[{"name":"wp","href":"https:\/\/api.w.org\/{rel}","templated":true}]}}