{"id":178796,"date":"2022-09-12T09:39:50","date_gmt":"2022-09-12T09:39:50","guid":{"rendered":"https:\/\/www.erresse-shop.it\/?post_type=product&#038;p=178796"},"modified":"2025-01-17T17:59:59","modified_gmt":"2025-01-17T17:59:59","slug":"villeroy-boch-kuchenteller-toys-delight-33-cm","status":"publish","type":"product","link":"https:\/\/www.erresse-shop.it\/de\/shop\/tisch\/serviertablette\/villeroy-boch-kuchenteller-toys-delight-33-cm\/","title":{"rendered":"VILLEROY &#038; BOCH Kuchenteller Toy&#8217;s Delight 33 cm"},"content":{"rendered":"<p><strong><span style=\"text-decoration: underline;\">NICHT SP\u00dcLMASCHINENGEEIGNET<\/span><br \/>\nMaterial:<\/strong> Porzellan<br \/>\n<strong>Geeignet f\u00fcr die Mikrowelle:<\/strong> Ja<\/p>\n<p><strong>KUCHENTELLER AUF SOCKEL F\u00dcR DEN NACHMITTAGSKAFFEE<\/strong><br \/>\nMit der Kollektion Toy&#8217;s Delight bringen Sie eine nostalgische Weihnachtsatmosph\u00e4re in Ihr Zuhause. Das Porzellan ist mit h\u00fcbschen roten, gr\u00fcnen und wei\u00dfen Mustern verziert und weckt Kindheitserinnerungen. Zum Kombinieren, Sammeln und Verschenken. Auf diesem Teller k\u00f6nnen Sie k\u00f6stliche Kuchen oder Geb\u00e4ck, Pandoro oder Panettone anrichten, um sie bei einem weihnachtlichen Nachmittagskaffee zu genie\u00dfen. Servieren Sie eine unwiderstehliche Verlockung.<\/p>\n","protected":false},"excerpt":{"rendered":"<p>NICHT SP\u00dcLMASCHINENGEEIGNET Material: Porzellan Geeignet f\u00fcr die Mikrowelle: Ja KUCHENTELLER AUF SOCKEL F\u00dcR DEN NACHMITTAGSKAFFEE Mit der Kollektion Toy&#8217;s Delight<\/p>\n","protected":false},"featured_media":178817,"template":"","meta":{"_acf_changed":false,"inline_featured_image":false},"product_cat":[6853,6787],"product_tag":[23911,20502,20504,20503],"acf":[],"yoast_head":"<!-- This site is optimized with the Yoast SEO Premium plugin v18.6 (Yoast SEO v19.13) - https:\/\/yoast.com\/wordpress\/plugins\/seo\/ -->\n<title>VILLEROY &amp; BOCH Kuchenteller Toy&#039;s Delight 33 cm<\/title>\n<meta name=\"description\" content=\"Entdecken Sie VILLEROY &amp; BOCH Kuchenteller Toy&#039;s Delight 33 cm bei ErresseShop. Qualit\u00e4t, Stil und Funktionalit\u00e4t \u2013 jetzt online bestellen!\" \/>\n<meta name=\"robots\" content=\"index, follow, max-snippet:-1, max-image-preview:large, max-video-preview:-1\" \/>\n<link rel=\"canonical\" href=\"https:\/\/www.erresse-shop.it\/de\/shop\/tisch\/serviertablette\/villeroy-boch-kuchenteller-toys-delight-33-cm\/\" \/>\n<meta property=\"og:locale\" content=\"de_DE\" \/>\n<meta property=\"og:type\" content=\"article\" \/>\n<meta property=\"og:title\" content=\"VILLEROY &amp; BOCH Kuchenteller Toy&#039;s Delight 33 cm\" \/>\n<meta property=\"og:description\" content=\"Entdecken Sie VILLEROY &amp; BOCH Kuchenteller Toy&#039;s Delight 33 cm bei ErresseShop. Qualit\u00e4t, Stil und Funktionalit\u00e4t \u2013 jetzt online bestellen!\" \/>\n<meta property=\"og:url\" content=\"https:\/\/www.erresse-shop.it\/de\/shop\/tisch\/serviertablette\/villeroy-boch-kuchenteller-toys-delight-33-cm\/\" \/>\n<meta property=\"og:site_name\" content=\"Erresse Shop\" \/>\n<meta property=\"article:modified_time\" content=\"2025-01-17T17:59:59+00:00\" \/>\n<meta property=\"og:image\" content=\"https:\/\/www.erresse-shop.it\/wp-content\/uploads\/2022\/09\/VILLEROY-BOCH-Piatto-Portata-Dolce-3.jpg\" \/>\n\t<meta property=\"og:image:width\" content=\"800\" \/>\n\t<meta property=\"og:image:height\" content=\"800\" \/>\n\t<meta property=\"og:image:type\" content=\"image\/jpeg\" \/>\n<meta name=\"twitter:card\" content=\"summary_large_image\" \/>\n<script type=\"application\/ld+json\" class=\"yoast-schema-graph\">{\"@context\":\"https:\/\/schema.org\",\"@graph\":[{\"@type\":\"WebPage\",\"@id\":\"https:\/\/www.erresse-shop.it\/de\/shop\/tisch\/serviertablette\/villeroy-boch-kuchenteller-toys-delight-33-cm\/\",\"url\":\"https:\/\/www.erresse-shop.it\/de\/shop\/tisch\/serviertablette\/villeroy-boch-kuchenteller-toys-delight-33-cm\/\",\"name\":\"VILLEROY & BOCH Kuchenteller Toy's Delight 33 cm\",\"isPartOf\":{\"@id\":\"https:\/\/www.erresse-shop.it\/de\/#website\"},\"datePublished\":\"2022-09-12T09:39:50+00:00\",\"dateModified\":\"2025-01-17T17:59:59+00:00\",\"description\":\"Entdecken Sie VILLEROY & BOCH Kuchenteller Toy's Delight 33 cm bei ErresseShop. Qualit\u00e4t, Stil und Funktionalit\u00e4t \u2013 jetzt online bestellen!\",\"breadcrumb\":{\"@id\":\"https:\/\/www.erresse-shop.it\/de\/shop\/tisch\/serviertablette\/villeroy-boch-kuchenteller-toys-delight-33-cm\/#breadcrumb\"},\"inLanguage\":\"de-DE\",\"potentialAction\":[{\"@type\":\"ReadAction\",\"target\":[\"https:\/\/www.erresse-shop.it\/de\/shop\/tisch\/serviertablette\/villeroy-boch-kuchenteller-toys-delight-33-cm\/\"]}]},{\"@type\":\"BreadcrumbList\",\"@id\":\"https:\/\/www.erresse-shop.it\/de\/shop\/tisch\/serviertablette\/villeroy-boch-kuchenteller-toys-delight-33-cm\/#breadcrumb\",\"itemListElement\":[{\"@type\":\"ListItem\",\"position\":1,\"name\":\"Home\",\"item\":\"https:\/\/www.erresse-shop.it\/de\/\"},{\"@type\":\"ListItem\",\"position\":2,\"name\":\"Shop\",\"item\":\"https:\/\/www.erresse-shop.it\/de\/shop\/\"},{\"@type\":\"ListItem\",\"position\":3,\"name\":\"VILLEROY &#038; BOCH Kuchenteller Toy&#8217;s Delight 33 cm\"}]},{\"@type\":\"WebSite\",\"@id\":\"https:\/\/www.erresse-shop.it\/de\/#website\",\"url\":\"https:\/\/www.erresse-shop.it\/de\/\",\"name\":\"Erresse Shop\",\"description\":\"Articoli di qualit\u00e0 per la casa\",\"potentialAction\":[{\"@type\":\"SearchAction\",\"target\":{\"@type\":\"EntryPoint\",\"urlTemplate\":\"https:\/\/www.erresse-shop.it\/de\/?s={search_term_string}\"},\"query-input\":\"required name=search_term_string\"}],\"inLanguage\":\"de-DE\"}]}<\/script>\n<!-- \/ Yoast SEO Premium plugin. -->","yoast_head_json":{"title":"VILLEROY & BOCH Kuchenteller Toy's Delight 33 cm","description":"Entdecken Sie VILLEROY & BOCH Kuchenteller Toy's Delight 33 cm bei ErresseShop. Qualit\u00e4t, Stil und Funktionalit\u00e4t \u2013 jetzt online bestellen!","robots":{"index":"index","follow":"follow","max-snippet":"max-snippet:-1","max-image-preview":"max-image-preview:large","max-video-preview":"max-video-preview:-1"},"canonical":"https:\/\/www.erresse-shop.it\/de\/shop\/tisch\/serviertablette\/villeroy-boch-kuchenteller-toys-delight-33-cm\/","og_locale":"de_DE","og_type":"article","og_title":"VILLEROY & BOCH Kuchenteller Toy's Delight 33 cm","og_description":"Entdecken Sie VILLEROY & BOCH Kuchenteller Toy's Delight 33 cm bei ErresseShop. Qualit\u00e4t, Stil und Funktionalit\u00e4t \u2013 jetzt online bestellen!","og_url":"https:\/\/www.erresse-shop.it\/de\/shop\/tisch\/serviertablette\/villeroy-boch-kuchenteller-toys-delight-33-cm\/","og_site_name":"Erresse Shop","article_modified_time":"2025-01-17T17:59:59+00:00","og_image":[{"width":800,"height":800,"url":"https:\/\/www.erresse-shop.it\/wp-content\/uploads\/2022\/09\/VILLEROY-BOCH-Piatto-Portata-Dolce-3.jpg","type":"image\/jpeg"}],"twitter_card":"summary_large_image","schema":{"@context":"https:\/\/schema.org","@graph":[{"@type":"WebPage","@id":"https:\/\/www.erresse-shop.it\/de\/shop\/tisch\/serviertablette\/villeroy-boch-kuchenteller-toys-delight-33-cm\/","url":"https:\/\/www.erresse-shop.it\/de\/shop\/tisch\/serviertablette\/villeroy-boch-kuchenteller-toys-delight-33-cm\/","name":"VILLEROY & BOCH Kuchenteller Toy's Delight 33 cm","isPartOf":{"@id":"https:\/\/www.erresse-shop.it\/de\/#website"},"datePublished":"2022-09-12T09:39:50+00:00","dateModified":"2025-01-17T17:59:59+00:00","description":"Entdecken Sie VILLEROY & BOCH Kuchenteller Toy's Delight 33 cm bei ErresseShop. Qualit\u00e4t, Stil und Funktionalit\u00e4t \u2013 jetzt online bestellen!","breadcrumb":{"@id":"https:\/\/www.erresse-shop.it\/de\/shop\/tisch\/serviertablette\/villeroy-boch-kuchenteller-toys-delight-33-cm\/#breadcrumb"},"inLanguage":"de-DE","potentialAction":[{"@type":"ReadAction","target":["https:\/\/www.erresse-shop.it\/de\/shop\/tisch\/serviertablette\/villeroy-boch-kuchenteller-toys-delight-33-cm\/"]}]},{"@type":"BreadcrumbList","@id":"https:\/\/www.erresse-shop.it\/de\/shop\/tisch\/serviertablette\/villeroy-boch-kuchenteller-toys-delight-33-cm\/#breadcrumb","itemListElement":[{"@type":"ListItem","position":1,"name":"Home","item":"https:\/\/www.erresse-shop.it\/de\/"},{"@type":"ListItem","position":2,"name":"Shop","item":"https:\/\/www.erresse-shop.it\/de\/shop\/"},{"@type":"ListItem","position":3,"name":"VILLEROY &#038; BOCH Kuchenteller Toy&#8217;s Delight 33 cm"}]},{"@type":"WebSite","@id":"https:\/\/www.erresse-shop.it\/de\/#website","url":"https:\/\/www.erresse-shop.it\/de\/","name":"Erresse Shop","description":"Articoli di qualit\u00e0 per la casa","potentialAction":[{"@type":"SearchAction","target":{"@type":"EntryPoint","urlTemplate":"https:\/\/www.erresse-shop.it\/de\/?s={search_term_string}"},"query-input":"required name=search_term_string"}],"inLanguage":"de-DE"}]}},"df_price":42.95,"df_sale_price":42.95,"df_regular_price":66.9,"df_image_link":"https:\/\/www.erresse-shop.it\/wp-content\/uploads\/2022\/09\/VILLEROY-BOCH-Piatto-Portata-Dolce-3-300x300.jpg","_links":{"self":[{"href":"https:\/\/www.erresse-shop.it\/de\/wp-json\/wp\/v2\/product\/178796"}],"collection":[{"href":"https:\/\/www.erresse-shop.it\/de\/wp-json\/wp\/v2\/product"}],"about":[{"href":"https:\/\/www.erresse-shop.it\/de\/wp-json\/wp\/v2\/types\/product"}],"wp:featuredmedia":[{"embeddable":true,"href":"https:\/\/www.erresse-shop.it\/de\/wp-json\/wp\/v2\/media\/178817"}],"wp:attachment":[{"href":"https:\/\/www.erresse-shop.it\/de\/wp-json\/wp\/v2\/media?parent=178796"}],"wp:term":[{"taxonomy":"product_cat","embeddable":true,"href":"https:\/\/www.erresse-shop.it\/de\/wp-json\/wp\/v2\/product_cat?post=178796"},{"taxonomy":"product_tag","embeddable":true,"href":"https:\/\/www.erresse-shop.it\/de\/wp-json\/wp\/v2\/product_tag?post=178796"}],"curies":[{"name":"wp","href":"https:\/\/api.w.org\/{rel}","templated":true}]}}