{"id":178730,"date":"2022-09-12T09:09:38","date_gmt":"2022-09-12T09:09:39","guid":{"rendered":"https:\/\/www.erresse-shop.it\/?post_type=product&#038;p=178730"},"modified":"2025-01-17T17:59:57","modified_gmt":"2025-01-17T17:59:57","slug":"villeroy-boch-set-2-platzhalterteller-toys-delight","status":"publish","type":"product","link":"https:\/\/www.erresse-shop.it\/de\/shop\/tisch\/teller-geschirr\/villeroy-boch-set-2-platzhalterteller-toys-delight\/","title":{"rendered":"VILLEROY &#038; BOCH Set 2 Platzhalterteller Toy&#8217;s Delight"},"content":{"rendered":"<p><strong><span style=\"text-decoration: underline;\">NICHT SP\u00dcLMASCHINENGEEIGNET<\/span><br \/>\nMaterial:<\/strong> Porzellan<br \/>\n<strong>Geeignet f\u00fcr die Mikrowelle:<\/strong> Ja<\/p>\n<p><strong>PLATZHALTERTELLER F\u00dcR EINE ELEGANTE WEIHNACHTSTAFEL<\/strong><br \/>\nMit der Kollektion Toy&#8217;s Delight bringen Sie eine nostalgische Weihnachtsatmosph\u00e4re in Ihr Zuhause. Das Porzellan ist mit h\u00fcbschen roten, gr\u00fcnen und wei\u00dfen Mustern verziert und weckt Kindheitserinnerungen. Zum Kombinieren, Sammeln und Verschenken. Dieser Tischkartenteller ist h\u00fcbsch und bringt einen Hauch von Eleganz auf das Weihnachtsbankett. Er ist perfekt f\u00fcr festliche Anl\u00e4sse mit Familie und G\u00e4sten. Decken Sie einen perfekten Weihnachtstisch.<\/p>\n","protected":false},"excerpt":{"rendered":"<p>NICHT SP\u00dcLMASCHINENGEEIGNET Material: Porzellan Geeignet f\u00fcr die Mikrowelle: Ja PLATZHALTERTELLER F\u00dcR EINE ELEGANTE WEIHNACHTSTAFEL Mit der Kollektion Toy&#8217;s Delight bringen<\/p>\n","protected":false},"featured_media":201699,"template":"","meta":{"_acf_changed":false,"inline_featured_image":false},"product_cat":[6793,6787],"product_tag":[23911,20502,20504,20503],"acf":[],"yoast_head":"<!-- This site is optimized with the Yoast SEO Premium plugin v18.6 (Yoast SEO v19.13) - https:\/\/yoast.com\/wordpress\/plugins\/seo\/ -->\n<title>VILLEROY &amp; BOCH Set 2 Platzhalterteller Toy&#039;s Delight<\/title>\n<meta name=\"description\" content=\"Entdecken Sie VILLEROY &amp; BOCH Set 2 Platzhalterteller Toy&#039;s Delight bei ErresseShop. Qualit\u00e4t, Stil und Funktionalit\u00e4t \u2013 jetzt online bestellen!\" \/>\n<meta name=\"robots\" content=\"index, follow, max-snippet:-1, max-image-preview:large, max-video-preview:-1\" \/>\n<link rel=\"canonical\" href=\"https:\/\/www.erresse-shop.it\/de\/shop\/tisch\/teller-geschirr\/villeroy-boch-set-2-platzhalterteller-toys-delight\/\" \/>\n<meta property=\"og:locale\" content=\"de_DE\" \/>\n<meta property=\"og:type\" content=\"article\" \/>\n<meta property=\"og:title\" content=\"VILLEROY &amp; BOCH Set 2 Platzhalterteller Toy&#039;s Delight\" \/>\n<meta property=\"og:description\" content=\"Entdecken Sie VILLEROY &amp; BOCH Set 2 Platzhalterteller Toy&#039;s Delight bei ErresseShop. Qualit\u00e4t, Stil und Funktionalit\u00e4t \u2013 jetzt online bestellen!\" \/>\n<meta property=\"og:url\" content=\"https:\/\/www.erresse-shop.it\/de\/shop\/tisch\/teller-geschirr\/villeroy-boch-set-2-platzhalterteller-toys-delight\/\" \/>\n<meta property=\"og:site_name\" content=\"Erresse Shop\" \/>\n<meta property=\"article:modified_time\" content=\"2025-01-17T17:59:57+00:00\" \/>\n<meta property=\"og:image\" content=\"https:\/\/www.erresse-shop.it\/wp-content\/uploads\/2022\/09\/villeroy-e-boch-segnaposto-35-cm-set-2-pz.jpg\" \/>\n\t<meta property=\"og:image:width\" content=\"800\" \/>\n\t<meta property=\"og:image:height\" content=\"800\" \/>\n\t<meta property=\"og:image:type\" content=\"image\/jpeg\" \/>\n<meta name=\"twitter:card\" content=\"summary_large_image\" \/>\n<script type=\"application\/ld+json\" class=\"yoast-schema-graph\">{\"@context\":\"https:\/\/schema.org\",\"@graph\":[{\"@type\":\"WebPage\",\"@id\":\"https:\/\/www.erresse-shop.it\/de\/shop\/tisch\/teller-geschirr\/villeroy-boch-set-2-platzhalterteller-toys-delight\/\",\"url\":\"https:\/\/www.erresse-shop.it\/de\/shop\/tisch\/teller-geschirr\/villeroy-boch-set-2-platzhalterteller-toys-delight\/\",\"name\":\"VILLEROY & BOCH Set 2 Platzhalterteller Toy's Delight\",\"isPartOf\":{\"@id\":\"https:\/\/www.erresse-shop.it\/de\/#website\"},\"datePublished\":\"2022-09-12T09:09:39+00:00\",\"dateModified\":\"2025-01-17T17:59:57+00:00\",\"description\":\"Entdecken Sie VILLEROY & BOCH Set 2 Platzhalterteller Toy's Delight bei ErresseShop. Qualit\u00e4t, Stil und Funktionalit\u00e4t \u2013 jetzt online bestellen!\",\"breadcrumb\":{\"@id\":\"https:\/\/www.erresse-shop.it\/de\/shop\/tisch\/teller-geschirr\/villeroy-boch-set-2-platzhalterteller-toys-delight\/#breadcrumb\"},\"inLanguage\":\"de-DE\",\"potentialAction\":[{\"@type\":\"ReadAction\",\"target\":[\"https:\/\/www.erresse-shop.it\/de\/shop\/tisch\/teller-geschirr\/villeroy-boch-set-2-platzhalterteller-toys-delight\/\"]}]},{\"@type\":\"BreadcrumbList\",\"@id\":\"https:\/\/www.erresse-shop.it\/de\/shop\/tisch\/teller-geschirr\/villeroy-boch-set-2-platzhalterteller-toys-delight\/#breadcrumb\",\"itemListElement\":[{\"@type\":\"ListItem\",\"position\":1,\"name\":\"Home\",\"item\":\"https:\/\/www.erresse-shop.it\/de\/\"},{\"@type\":\"ListItem\",\"position\":2,\"name\":\"Shop\",\"item\":\"https:\/\/www.erresse-shop.it\/de\/shop\/\"},{\"@type\":\"ListItem\",\"position\":3,\"name\":\"VILLEROY &#038; BOCH Set 2 Platzhalterteller Toy&#8217;s Delight\"}]},{\"@type\":\"WebSite\",\"@id\":\"https:\/\/www.erresse-shop.it\/de\/#website\",\"url\":\"https:\/\/www.erresse-shop.it\/de\/\",\"name\":\"Erresse Shop\",\"description\":\"Articoli di qualit\u00e0 per la casa\",\"potentialAction\":[{\"@type\":\"SearchAction\",\"target\":{\"@type\":\"EntryPoint\",\"urlTemplate\":\"https:\/\/www.erresse-shop.it\/de\/?s={search_term_string}\"},\"query-input\":\"required name=search_term_string\"}],\"inLanguage\":\"de-DE\"}]}<\/script>\n<!-- \/ Yoast SEO Premium plugin. -->","yoast_head_json":{"title":"VILLEROY & BOCH Set 2 Platzhalterteller Toy's Delight","description":"Entdecken Sie VILLEROY & BOCH Set 2 Platzhalterteller Toy's Delight bei ErresseShop. Qualit\u00e4t, Stil und Funktionalit\u00e4t \u2013 jetzt online bestellen!","robots":{"index":"index","follow":"follow","max-snippet":"max-snippet:-1","max-image-preview":"max-image-preview:large","max-video-preview":"max-video-preview:-1"},"canonical":"https:\/\/www.erresse-shop.it\/de\/shop\/tisch\/teller-geschirr\/villeroy-boch-set-2-platzhalterteller-toys-delight\/","og_locale":"de_DE","og_type":"article","og_title":"VILLEROY & BOCH Set 2 Platzhalterteller Toy's Delight","og_description":"Entdecken Sie VILLEROY & BOCH Set 2 Platzhalterteller Toy's Delight bei ErresseShop. Qualit\u00e4t, Stil und Funktionalit\u00e4t \u2013 jetzt online bestellen!","og_url":"https:\/\/www.erresse-shop.it\/de\/shop\/tisch\/teller-geschirr\/villeroy-boch-set-2-platzhalterteller-toys-delight\/","og_site_name":"Erresse Shop","article_modified_time":"2025-01-17T17:59:57+00:00","og_image":[{"width":800,"height":800,"url":"https:\/\/www.erresse-shop.it\/wp-content\/uploads\/2022\/09\/villeroy-e-boch-segnaposto-35-cm-set-2-pz.jpg","type":"image\/jpeg"}],"twitter_card":"summary_large_image","schema":{"@context":"https:\/\/schema.org","@graph":[{"@type":"WebPage","@id":"https:\/\/www.erresse-shop.it\/de\/shop\/tisch\/teller-geschirr\/villeroy-boch-set-2-platzhalterteller-toys-delight\/","url":"https:\/\/www.erresse-shop.it\/de\/shop\/tisch\/teller-geschirr\/villeroy-boch-set-2-platzhalterteller-toys-delight\/","name":"VILLEROY & BOCH Set 2 Platzhalterteller Toy's Delight","isPartOf":{"@id":"https:\/\/www.erresse-shop.it\/de\/#website"},"datePublished":"2022-09-12T09:09:39+00:00","dateModified":"2025-01-17T17:59:57+00:00","description":"Entdecken Sie VILLEROY & BOCH Set 2 Platzhalterteller Toy's Delight bei ErresseShop. Qualit\u00e4t, Stil und Funktionalit\u00e4t \u2013 jetzt online bestellen!","breadcrumb":{"@id":"https:\/\/www.erresse-shop.it\/de\/shop\/tisch\/teller-geschirr\/villeroy-boch-set-2-platzhalterteller-toys-delight\/#breadcrumb"},"inLanguage":"de-DE","potentialAction":[{"@type":"ReadAction","target":["https:\/\/www.erresse-shop.it\/de\/shop\/tisch\/teller-geschirr\/villeroy-boch-set-2-platzhalterteller-toys-delight\/"]}]},{"@type":"BreadcrumbList","@id":"https:\/\/www.erresse-shop.it\/de\/shop\/tisch\/teller-geschirr\/villeroy-boch-set-2-platzhalterteller-toys-delight\/#breadcrumb","itemListElement":[{"@type":"ListItem","position":1,"name":"Home","item":"https:\/\/www.erresse-shop.it\/de\/"},{"@type":"ListItem","position":2,"name":"Shop","item":"https:\/\/www.erresse-shop.it\/de\/shop\/"},{"@type":"ListItem","position":3,"name":"VILLEROY &#038; BOCH Set 2 Platzhalterteller Toy&#8217;s Delight"}]},{"@type":"WebSite","@id":"https:\/\/www.erresse-shop.it\/de\/#website","url":"https:\/\/www.erresse-shop.it\/de\/","name":"Erresse Shop","description":"Articoli di qualit\u00e0 per la casa","potentialAction":[{"@type":"SearchAction","target":{"@type":"EntryPoint","urlTemplate":"https:\/\/www.erresse-shop.it\/de\/?s={search_term_string}"},"query-input":"required name=search_term_string"}],"inLanguage":"de-DE"}]}},"df_price":49.9,"df_sale_price":49.9,"df_regular_price":99.8,"df_image_link":"https:\/\/www.erresse-shop.it\/wp-content\/uploads\/2022\/09\/villeroy-e-boch-segnaposto-35-cm-set-2-pz-300x300.jpg","_links":{"self":[{"href":"https:\/\/www.erresse-shop.it\/de\/wp-json\/wp\/v2\/product\/178730"}],"collection":[{"href":"https:\/\/www.erresse-shop.it\/de\/wp-json\/wp\/v2\/product"}],"about":[{"href":"https:\/\/www.erresse-shop.it\/de\/wp-json\/wp\/v2\/types\/product"}],"wp:featuredmedia":[{"embeddable":true,"href":"https:\/\/www.erresse-shop.it\/de\/wp-json\/wp\/v2\/media\/201699"}],"wp:attachment":[{"href":"https:\/\/www.erresse-shop.it\/de\/wp-json\/wp\/v2\/media?parent=178730"}],"wp:term":[{"taxonomy":"product_cat","embeddable":true,"href":"https:\/\/www.erresse-shop.it\/de\/wp-json\/wp\/v2\/product_cat?post=178730"},{"taxonomy":"product_tag","embeddable":true,"href":"https:\/\/www.erresse-shop.it\/de\/wp-json\/wp\/v2\/product_tag?post=178730"}],"curies":[{"name":"wp","href":"https:\/\/api.w.org\/{rel}","templated":true}]}}