{"id":178572,"date":"2022-09-12T07:41:33","date_gmt":"2022-09-12T07:41:34","guid":{"rendered":"https:\/\/www.erresse-shop.it\/?post_type=product&#038;p=178572"},"modified":"2025-01-17T17:59:53","modified_gmt":"2025-01-17T17:59:53","slug":"villeroy-boch-ovale-platte-toys-delight","status":"publish","type":"product","link":"https:\/\/www.erresse-shop.it\/de\/shop\/tisch\/serviertablette\/villeroy-boch-ovale-platte-toys-delight\/","title":{"rendered":"VILLEROY &#038; BOCH Ovale Platte Toy&#8217;s Delight"},"content":{"rendered":"<p><strong><span style=\"text-decoration: underline;\">NICHT SP\u00dcLMASCHINENGEEIGNET<\/span><br \/>\nMaterial:<\/strong> Porzellan<br \/>\n<strong>Geeignet f\u00fcr die Mikrowelle:<\/strong> Ja<\/p>\n<p><strong>FLEISCH UND GEM\u00dcSE MIT ELEGANZ PR\u00c4SENTIEREN<\/strong><br \/>\nMit der Toy&#8217;s Delight-Kollektion bringen Sie eine nostalgische Weihnachtsatmosph\u00e4re in Ihr Zuhause. Das Porzellan ist mit h\u00fcbschen roten, gr\u00fcnen und wei\u00dfen Motiven verziert und weckt Kindheitserinnerungen. Zum Anpassen, Sammeln und Verschenken. Dank ihrer ovalen Form eignet sich diese charmante Platte besonders gut zum Servieren von Braten oder H\u00e4hnchen. Genie\u00dfen Sie Ihr Weihnachtsfestmahl mit stilvollem Porzellan.<\/p>\n","protected":false},"excerpt":{"rendered":"<p>NICHT SP\u00dcLMASCHINENGEEIGNET Material: Porzellan Geeignet f\u00fcr die Mikrowelle: Ja FLEISCH UND GEM\u00dcSE MIT ELEGANZ PR\u00c4SENTIEREN Mit der Toy&#8217;s Delight-Kollektion bringen<\/p>\n","protected":false},"featured_media":178593,"template":"","meta":{"_acf_changed":false,"inline_featured_image":false},"product_cat":[6853,6787],"product_tag":[23911,20502,20504,20503],"acf":[],"yoast_head":"<!-- This site is optimized with the Yoast SEO Premium plugin v18.6 (Yoast SEO v19.13) - https:\/\/yoast.com\/wordpress\/plugins\/seo\/ -->\n<title>VILLEROY &amp; BOCH Ovale Platte Toy&#039;s Delight<\/title>\n<meta name=\"description\" content=\"Entdecken Sie VILLEROY &amp; BOCH Ovale Platte Toy&#039;s Delight bei ErresseShop. Qualit\u00e4t, Stil und Funktionalit\u00e4t \u2013 jetzt online bestellen!\" \/>\n<meta name=\"robots\" content=\"index, follow, max-snippet:-1, max-image-preview:large, max-video-preview:-1\" \/>\n<link rel=\"canonical\" href=\"https:\/\/www.erresse-shop.it\/de\/shop\/tisch\/serviertablette\/villeroy-boch-ovale-platte-toys-delight\/\" \/>\n<meta property=\"og:locale\" content=\"de_DE\" \/>\n<meta property=\"og:type\" content=\"article\" \/>\n<meta property=\"og:title\" content=\"VILLEROY &amp; BOCH Ovale Platte Toy&#039;s Delight\" \/>\n<meta property=\"og:description\" content=\"Entdecken Sie VILLEROY &amp; BOCH Ovale Platte Toy&#039;s Delight bei ErresseShop. Qualit\u00e4t, Stil und Funktionalit\u00e4t \u2013 jetzt online bestellen!\" \/>\n<meta property=\"og:url\" content=\"https:\/\/www.erresse-shop.it\/de\/shop\/tisch\/serviertablette\/villeroy-boch-ovale-platte-toys-delight\/\" \/>\n<meta property=\"og:site_name\" content=\"Erresse Shop\" \/>\n<meta property=\"article:modified_time\" content=\"2025-01-17T17:59:53+00:00\" \/>\n<meta property=\"og:image\" content=\"https:\/\/www.erresse-shop.it\/wp-content\/uploads\/2022\/09\/VILLEROY-BOCH-Piatto-Ovale-3.jpg\" \/>\n\t<meta property=\"og:image:width\" content=\"800\" \/>\n\t<meta property=\"og:image:height\" content=\"800\" \/>\n\t<meta property=\"og:image:type\" content=\"image\/jpeg\" \/>\n<meta name=\"twitter:card\" content=\"summary_large_image\" \/>\n<script type=\"application\/ld+json\" class=\"yoast-schema-graph\">{\"@context\":\"https:\/\/schema.org\",\"@graph\":[{\"@type\":\"WebPage\",\"@id\":\"https:\/\/www.erresse-shop.it\/de\/shop\/tisch\/serviertablette\/villeroy-boch-ovale-platte-toys-delight\/\",\"url\":\"https:\/\/www.erresse-shop.it\/de\/shop\/tisch\/serviertablette\/villeroy-boch-ovale-platte-toys-delight\/\",\"name\":\"VILLEROY & BOCH Ovale Platte Toy's Delight\",\"isPartOf\":{\"@id\":\"https:\/\/www.erresse-shop.it\/de\/#website\"},\"datePublished\":\"2022-09-12T07:41:34+00:00\",\"dateModified\":\"2025-01-17T17:59:53+00:00\",\"description\":\"Entdecken Sie VILLEROY & BOCH Ovale Platte Toy's Delight bei ErresseShop. Qualit\u00e4t, Stil und Funktionalit\u00e4t \u2013 jetzt online bestellen!\",\"breadcrumb\":{\"@id\":\"https:\/\/www.erresse-shop.it\/de\/shop\/tisch\/serviertablette\/villeroy-boch-ovale-platte-toys-delight\/#breadcrumb\"},\"inLanguage\":\"de-DE\",\"potentialAction\":[{\"@type\":\"ReadAction\",\"target\":[\"https:\/\/www.erresse-shop.it\/de\/shop\/tisch\/serviertablette\/villeroy-boch-ovale-platte-toys-delight\/\"]}]},{\"@type\":\"BreadcrumbList\",\"@id\":\"https:\/\/www.erresse-shop.it\/de\/shop\/tisch\/serviertablette\/villeroy-boch-ovale-platte-toys-delight\/#breadcrumb\",\"itemListElement\":[{\"@type\":\"ListItem\",\"position\":1,\"name\":\"Home\",\"item\":\"https:\/\/www.erresse-shop.it\/de\/\"},{\"@type\":\"ListItem\",\"position\":2,\"name\":\"Shop\",\"item\":\"https:\/\/www.erresse-shop.it\/de\/shop\/\"},{\"@type\":\"ListItem\",\"position\":3,\"name\":\"VILLEROY &#038; BOCH Ovale Platte Toy&#8217;s Delight\"}]},{\"@type\":\"WebSite\",\"@id\":\"https:\/\/www.erresse-shop.it\/de\/#website\",\"url\":\"https:\/\/www.erresse-shop.it\/de\/\",\"name\":\"Erresse Shop\",\"description\":\"Articoli di qualit\u00e0 per la casa\",\"potentialAction\":[{\"@type\":\"SearchAction\",\"target\":{\"@type\":\"EntryPoint\",\"urlTemplate\":\"https:\/\/www.erresse-shop.it\/de\/?s={search_term_string}\"},\"query-input\":\"required name=search_term_string\"}],\"inLanguage\":\"de-DE\"}]}<\/script>\n<!-- \/ Yoast SEO Premium plugin. -->","yoast_head_json":{"title":"VILLEROY & BOCH Ovale Platte Toy's Delight","description":"Entdecken Sie VILLEROY & BOCH Ovale Platte Toy's Delight bei ErresseShop. Qualit\u00e4t, Stil und Funktionalit\u00e4t \u2013 jetzt online bestellen!","robots":{"index":"index","follow":"follow","max-snippet":"max-snippet:-1","max-image-preview":"max-image-preview:large","max-video-preview":"max-video-preview:-1"},"canonical":"https:\/\/www.erresse-shop.it\/de\/shop\/tisch\/serviertablette\/villeroy-boch-ovale-platte-toys-delight\/","og_locale":"de_DE","og_type":"article","og_title":"VILLEROY & BOCH Ovale Platte Toy's Delight","og_description":"Entdecken Sie VILLEROY & BOCH Ovale Platte Toy's Delight bei ErresseShop. Qualit\u00e4t, Stil und Funktionalit\u00e4t \u2013 jetzt online bestellen!","og_url":"https:\/\/www.erresse-shop.it\/de\/shop\/tisch\/serviertablette\/villeroy-boch-ovale-platte-toys-delight\/","og_site_name":"Erresse Shop","article_modified_time":"2025-01-17T17:59:53+00:00","og_image":[{"width":800,"height":800,"url":"https:\/\/www.erresse-shop.it\/wp-content\/uploads\/2022\/09\/VILLEROY-BOCH-Piatto-Ovale-3.jpg","type":"image\/jpeg"}],"twitter_card":"summary_large_image","schema":{"@context":"https:\/\/schema.org","@graph":[{"@type":"WebPage","@id":"https:\/\/www.erresse-shop.it\/de\/shop\/tisch\/serviertablette\/villeroy-boch-ovale-platte-toys-delight\/","url":"https:\/\/www.erresse-shop.it\/de\/shop\/tisch\/serviertablette\/villeroy-boch-ovale-platte-toys-delight\/","name":"VILLEROY & BOCH Ovale Platte Toy's Delight","isPartOf":{"@id":"https:\/\/www.erresse-shop.it\/de\/#website"},"datePublished":"2022-09-12T07:41:34+00:00","dateModified":"2025-01-17T17:59:53+00:00","description":"Entdecken Sie VILLEROY & BOCH Ovale Platte Toy's Delight bei ErresseShop. Qualit\u00e4t, Stil und Funktionalit\u00e4t \u2013 jetzt online bestellen!","breadcrumb":{"@id":"https:\/\/www.erresse-shop.it\/de\/shop\/tisch\/serviertablette\/villeroy-boch-ovale-platte-toys-delight\/#breadcrumb"},"inLanguage":"de-DE","potentialAction":[{"@type":"ReadAction","target":["https:\/\/www.erresse-shop.it\/de\/shop\/tisch\/serviertablette\/villeroy-boch-ovale-platte-toys-delight\/"]}]},{"@type":"BreadcrumbList","@id":"https:\/\/www.erresse-shop.it\/de\/shop\/tisch\/serviertablette\/villeroy-boch-ovale-platte-toys-delight\/#breadcrumb","itemListElement":[{"@type":"ListItem","position":1,"name":"Home","item":"https:\/\/www.erresse-shop.it\/de\/"},{"@type":"ListItem","position":2,"name":"Shop","item":"https:\/\/www.erresse-shop.it\/de\/shop\/"},{"@type":"ListItem","position":3,"name":"VILLEROY &#038; BOCH Ovale Platte Toy&#8217;s Delight"}]},{"@type":"WebSite","@id":"https:\/\/www.erresse-shop.it\/de\/#website","url":"https:\/\/www.erresse-shop.it\/de\/","name":"Erresse Shop","description":"Articoli di qualit\u00e0 per la casa","potentialAction":[{"@type":"SearchAction","target":{"@type":"EntryPoint","urlTemplate":"https:\/\/www.erresse-shop.it\/de\/?s={search_term_string}"},"query-input":"required name=search_term_string"}],"inLanguage":"de-DE"}]}},"df_price":62,"df_sale_price":62,"df_regular_price":124,"df_image_link":"https:\/\/www.erresse-shop.it\/wp-content\/uploads\/2022\/09\/VILLEROY-BOCH-Piatto-Ovale-3-300x300.jpg","_links":{"self":[{"href":"https:\/\/www.erresse-shop.it\/de\/wp-json\/wp\/v2\/product\/178572"}],"collection":[{"href":"https:\/\/www.erresse-shop.it\/de\/wp-json\/wp\/v2\/product"}],"about":[{"href":"https:\/\/www.erresse-shop.it\/de\/wp-json\/wp\/v2\/types\/product"}],"wp:featuredmedia":[{"embeddable":true,"href":"https:\/\/www.erresse-shop.it\/de\/wp-json\/wp\/v2\/media\/178593"}],"wp:attachment":[{"href":"https:\/\/www.erresse-shop.it\/de\/wp-json\/wp\/v2\/media?parent=178572"}],"wp:term":[{"taxonomy":"product_cat","embeddable":true,"href":"https:\/\/www.erresse-shop.it\/de\/wp-json\/wp\/v2\/product_cat?post=178572"},{"taxonomy":"product_tag","embeddable":true,"href":"https:\/\/www.erresse-shop.it\/de\/wp-json\/wp\/v2\/product_tag?post=178572"}],"curies":[{"name":"wp","href":"https:\/\/api.w.org\/{rel}","templated":true}]}}