{"id":178475,"date":"2022-09-12T06:56:51","date_gmt":"2022-09-12T06:56:51","guid":{"rendered":"https:\/\/www.erresse-shop.it\/?post_type=product&#038;p=178475"},"modified":"2025-01-17T17:59:51","modified_gmt":"2025-01-17T17:59:51","slug":"villeroy-boch-weihnachtsmann-schlitten-christmas-toys-memory","status":"publish","type":"product","link":"https:\/\/www.erresse-shop.it\/de\/shop\/einrichtung-haus\/dekoartikel\/villeroy-boch-weihnachtsmann-schlitten-christmas-toys-memory\/","title":{"rendered":"VILLEROY &#038; BOCH Weihnachtsmann-Schlitten Christmas Toys Memory"},"content":{"rendered":"<p><strong>Material:<\/strong> Porzellan<\/p>\n<p><strong>DIE SPIELUHR SPIELT &#8220;SANTA CLAUS IS COMING TO TOWN&#8221;<\/strong><br \/>\nDiese handgemalte Dekoration von Christmas Toys Memory erinnert an die Zeit, als der Weihnachtsmann noch Spielzeug brachte. Die Rentiere ziehen den Schlitten des Weihnachtsmannes und tragen auf ihrem R\u00fccken kleine Kerzen f\u00fcr gem\u00fctliches Licht. Diese Spieluhr spielt &#8220;Santa Claus is coming to town&#8221;. Entdecken Sie Weihnachten mit den Augen eines Kindes.<\/p>\n","protected":false},"excerpt":{"rendered":"<p>Material: Porzellan DIE SPIELUHR SPIELT &#8220;SANTA CLAUS IS COMING TO TOWN&#8221; Diese handgemalte Dekoration von Christmas Toys Memory erinnert an<\/p>\n","protected":false},"featured_media":443951,"template":"","meta":{"_acf_changed":false,"inline_featured_image":false},"product_cat":[6817,14442],"product_tag":[23911,20502,21330,20504,20503],"acf":[],"yoast_head":"<!-- This site is optimized with the Yoast SEO Premium plugin v18.6 (Yoast SEO v19.13) - https:\/\/yoast.com\/wordpress\/plugins\/seo\/ -->\n<title>VILLEROY &amp; BOCH Weihnachtsmann-Schlitten Christmas Toys Memory<\/title>\n<meta name=\"description\" content=\"Entdecken Sie VILLEROY &amp; BOCH Weihnachtsmann-Schlitten Christmas Toys Memory bei ErresseShop. Qualit\u00e4t, Stil und Funktionalit\u00e4t \u2013 jetzt online bestellen!\" \/>\n<meta name=\"robots\" content=\"index, follow, max-snippet:-1, max-image-preview:large, max-video-preview:-1\" \/>\n<link rel=\"canonical\" href=\"https:\/\/www.erresse-shop.it\/de\/shop\/einrichtung-haus\/dekoartikel\/villeroy-boch-weihnachtsmann-schlitten-christmas-toys-memory\/\" \/>\n<meta property=\"og:locale\" content=\"de_DE\" \/>\n<meta property=\"og:type\" content=\"article\" \/>\n<meta property=\"og:title\" content=\"VILLEROY &amp; BOCH Weihnachtsmann-Schlitten Christmas Toys Memory\" \/>\n<meta property=\"og:description\" content=\"Entdecken Sie VILLEROY &amp; BOCH Weihnachtsmann-Schlitten Christmas Toys Memory bei ErresseShop. Qualit\u00e4t, Stil und Funktionalit\u00e4t \u2013 jetzt online bestellen!\" \/>\n<meta property=\"og:url\" content=\"https:\/\/www.erresse-shop.it\/de\/shop\/einrichtung-haus\/dekoartikel\/villeroy-boch-weihnachtsmann-schlitten-christmas-toys-memory\/\" \/>\n<meta property=\"og:site_name\" content=\"Erresse Shop\" \/>\n<meta property=\"article:modified_time\" content=\"2025-01-17T17:59:51+00:00\" \/>\n<meta property=\"og:image\" content=\"https:\/\/www.erresse-shop.it\/wp-content\/uploads\/2022\/09\/VILLEROY-BOCH-Slitta-di-Babbo-Natale-Christmas-Toys-Memory.jpg\" \/>\n\t<meta property=\"og:image:width\" content=\"1200\" \/>\n\t<meta property=\"og:image:height\" content=\"1200\" \/>\n\t<meta property=\"og:image:type\" content=\"image\/jpeg\" \/>\n<meta name=\"twitter:card\" content=\"summary_large_image\" \/>\n<script type=\"application\/ld+json\" class=\"yoast-schema-graph\">{\"@context\":\"https:\/\/schema.org\",\"@graph\":[{\"@type\":\"WebPage\",\"@id\":\"https:\/\/www.erresse-shop.it\/de\/shop\/einrichtung-haus\/dekoartikel\/villeroy-boch-weihnachtsmann-schlitten-christmas-toys-memory\/\",\"url\":\"https:\/\/www.erresse-shop.it\/de\/shop\/einrichtung-haus\/dekoartikel\/villeroy-boch-weihnachtsmann-schlitten-christmas-toys-memory\/\",\"name\":\"VILLEROY & BOCH Weihnachtsmann-Schlitten Christmas Toys Memory\",\"isPartOf\":{\"@id\":\"https:\/\/www.erresse-shop.it\/de\/#website\"},\"datePublished\":\"2022-09-12T06:56:51+00:00\",\"dateModified\":\"2025-01-17T17:59:51+00:00\",\"description\":\"Entdecken Sie VILLEROY & BOCH Weihnachtsmann-Schlitten Christmas Toys Memory bei ErresseShop. Qualit\u00e4t, Stil und Funktionalit\u00e4t \u2013 jetzt online bestellen!\",\"breadcrumb\":{\"@id\":\"https:\/\/www.erresse-shop.it\/de\/shop\/einrichtung-haus\/dekoartikel\/villeroy-boch-weihnachtsmann-schlitten-christmas-toys-memory\/#breadcrumb\"},\"inLanguage\":\"de-DE\",\"potentialAction\":[{\"@type\":\"ReadAction\",\"target\":[\"https:\/\/www.erresse-shop.it\/de\/shop\/einrichtung-haus\/dekoartikel\/villeroy-boch-weihnachtsmann-schlitten-christmas-toys-memory\/\"]}]},{\"@type\":\"BreadcrumbList\",\"@id\":\"https:\/\/www.erresse-shop.it\/de\/shop\/einrichtung-haus\/dekoartikel\/villeroy-boch-weihnachtsmann-schlitten-christmas-toys-memory\/#breadcrumb\",\"itemListElement\":[{\"@type\":\"ListItem\",\"position\":1,\"name\":\"Home\",\"item\":\"https:\/\/www.erresse-shop.it\/de\/\"},{\"@type\":\"ListItem\",\"position\":2,\"name\":\"Shop\",\"item\":\"https:\/\/www.erresse-shop.it\/de\/shop\/\"},{\"@type\":\"ListItem\",\"position\":3,\"name\":\"VILLEROY &#038; BOCH Weihnachtsmann-Schlitten Christmas Toys Memory\"}]},{\"@type\":\"WebSite\",\"@id\":\"https:\/\/www.erresse-shop.it\/de\/#website\",\"url\":\"https:\/\/www.erresse-shop.it\/de\/\",\"name\":\"Erresse Shop\",\"description\":\"Articoli di qualit\u00e0 per la casa\",\"potentialAction\":[{\"@type\":\"SearchAction\",\"target\":{\"@type\":\"EntryPoint\",\"urlTemplate\":\"https:\/\/www.erresse-shop.it\/de\/?s={search_term_string}\"},\"query-input\":\"required name=search_term_string\"}],\"inLanguage\":\"de-DE\"}]}<\/script>\n<!-- \/ Yoast SEO Premium plugin. -->","yoast_head_json":{"title":"VILLEROY & BOCH Weihnachtsmann-Schlitten Christmas Toys Memory","description":"Entdecken Sie VILLEROY & BOCH Weihnachtsmann-Schlitten Christmas Toys Memory bei ErresseShop. Qualit\u00e4t, Stil und Funktionalit\u00e4t \u2013 jetzt online bestellen!","robots":{"index":"index","follow":"follow","max-snippet":"max-snippet:-1","max-image-preview":"max-image-preview:large","max-video-preview":"max-video-preview:-1"},"canonical":"https:\/\/www.erresse-shop.it\/de\/shop\/einrichtung-haus\/dekoartikel\/villeroy-boch-weihnachtsmann-schlitten-christmas-toys-memory\/","og_locale":"de_DE","og_type":"article","og_title":"VILLEROY & BOCH Weihnachtsmann-Schlitten Christmas Toys Memory","og_description":"Entdecken Sie VILLEROY & BOCH Weihnachtsmann-Schlitten Christmas Toys Memory bei ErresseShop. Qualit\u00e4t, Stil und Funktionalit\u00e4t \u2013 jetzt online bestellen!","og_url":"https:\/\/www.erresse-shop.it\/de\/shop\/einrichtung-haus\/dekoartikel\/villeroy-boch-weihnachtsmann-schlitten-christmas-toys-memory\/","og_site_name":"Erresse Shop","article_modified_time":"2025-01-17T17:59:51+00:00","og_image":[{"width":1200,"height":1200,"url":"https:\/\/www.erresse-shop.it\/wp-content\/uploads\/2022\/09\/VILLEROY-BOCH-Slitta-di-Babbo-Natale-Christmas-Toys-Memory.jpg","type":"image\/jpeg"}],"twitter_card":"summary_large_image","schema":{"@context":"https:\/\/schema.org","@graph":[{"@type":"WebPage","@id":"https:\/\/www.erresse-shop.it\/de\/shop\/einrichtung-haus\/dekoartikel\/villeroy-boch-weihnachtsmann-schlitten-christmas-toys-memory\/","url":"https:\/\/www.erresse-shop.it\/de\/shop\/einrichtung-haus\/dekoartikel\/villeroy-boch-weihnachtsmann-schlitten-christmas-toys-memory\/","name":"VILLEROY & BOCH Weihnachtsmann-Schlitten Christmas Toys Memory","isPartOf":{"@id":"https:\/\/www.erresse-shop.it\/de\/#website"},"datePublished":"2022-09-12T06:56:51+00:00","dateModified":"2025-01-17T17:59:51+00:00","description":"Entdecken Sie VILLEROY & BOCH Weihnachtsmann-Schlitten Christmas Toys Memory bei ErresseShop. Qualit\u00e4t, Stil und Funktionalit\u00e4t \u2013 jetzt online bestellen!","breadcrumb":{"@id":"https:\/\/www.erresse-shop.it\/de\/shop\/einrichtung-haus\/dekoartikel\/villeroy-boch-weihnachtsmann-schlitten-christmas-toys-memory\/#breadcrumb"},"inLanguage":"de-DE","potentialAction":[{"@type":"ReadAction","target":["https:\/\/www.erresse-shop.it\/de\/shop\/einrichtung-haus\/dekoartikel\/villeroy-boch-weihnachtsmann-schlitten-christmas-toys-memory\/"]}]},{"@type":"BreadcrumbList","@id":"https:\/\/www.erresse-shop.it\/de\/shop\/einrichtung-haus\/dekoartikel\/villeroy-boch-weihnachtsmann-schlitten-christmas-toys-memory\/#breadcrumb","itemListElement":[{"@type":"ListItem","position":1,"name":"Home","item":"https:\/\/www.erresse-shop.it\/de\/"},{"@type":"ListItem","position":2,"name":"Shop","item":"https:\/\/www.erresse-shop.it\/de\/shop\/"},{"@type":"ListItem","position":3,"name":"VILLEROY &#038; BOCH Weihnachtsmann-Schlitten Christmas Toys Memory"}]},{"@type":"WebSite","@id":"https:\/\/www.erresse-shop.it\/de\/#website","url":"https:\/\/www.erresse-shop.it\/de\/","name":"Erresse Shop","description":"Articoli di qualit\u00e0 per la casa","potentialAction":[{"@type":"SearchAction","target":{"@type":"EntryPoint","urlTemplate":"https:\/\/www.erresse-shop.it\/de\/?s={search_term_string}"},"query-input":"required name=search_term_string"}],"inLanguage":"de-DE"}]}},"df_price":164.5,"df_sale_price":164.5,"df_regular_price":329,"df_image_link":"https:\/\/www.erresse-shop.it\/wp-content\/uploads\/2022\/09\/VILLEROY-BOCH-Slitta-di-Babbo-Natale-Christmas-Toys-Memory-300x300.jpg","_links":{"self":[{"href":"https:\/\/www.erresse-shop.it\/de\/wp-json\/wp\/v2\/product\/178475"}],"collection":[{"href":"https:\/\/www.erresse-shop.it\/de\/wp-json\/wp\/v2\/product"}],"about":[{"href":"https:\/\/www.erresse-shop.it\/de\/wp-json\/wp\/v2\/types\/product"}],"wp:featuredmedia":[{"embeddable":true,"href":"https:\/\/www.erresse-shop.it\/de\/wp-json\/wp\/v2\/media\/443951"}],"wp:attachment":[{"href":"https:\/\/www.erresse-shop.it\/de\/wp-json\/wp\/v2\/media?parent=178475"}],"wp:term":[{"taxonomy":"product_cat","embeddable":true,"href":"https:\/\/www.erresse-shop.it\/de\/wp-json\/wp\/v2\/product_cat?post=178475"},{"taxonomy":"product_tag","embeddable":true,"href":"https:\/\/www.erresse-shop.it\/de\/wp-json\/wp\/v2\/product_tag?post=178475"}],"curies":[{"name":"wp","href":"https:\/\/api.w.org\/{rel}","templated":true}]}}