{"id":17846,"date":"2016-04-06T18:58:12","date_gmt":"2016-04-06T18:58:12","guid":{"rendered":"https:\/\/www.erresse-shop.it\/?post_type=product&#038;p=17846"},"modified":"2025-01-17T13:20:43","modified_gmt":"2025-01-17T13:20:43","slug":"smeg-knetmaschine-smf02-cream","status":"publish","type":"product","link":"https:\/\/www.erresse-shop.it\/de\/shop\/kleine-elektrogeraete\/knetmaschinen\/smeg-knetmaschine-smf02-cream\/","title":{"rendered":"SMEG Knetmaschine SMF02 Cream Serie 50 Jahre"},"content":{"rendered":"<p><strong>SMEG<\/strong> Serie 50 Jahre<\/p>\n<p>Ein symbolisches Treffen, Symbole, die den Raum, den sie einnehmen, die neue kleine Linie von 50 Jahren drehen, die in Zusammenarbeit mit Matthew Bazzicalupo und Raffaella Mangiarotti von deepdesign, die Vergangenheit evozieren und die Orte, an jedem Tag zu gestalten, auf eine neue Weise zu investieren, was bereits existiert oder existiert hat, wie es in der Kunst und Ged\u00e4chtnis geschieht.<br \/>\nProduziert von abgerundeten und kompakten Formen, sind die Protagonisten der K\u00fcche, f\u00fcr diejenigen, die eine Erfahrung Koch leben wollen aber nicht nur. F\u00fcr diejenigen, die sich mit Objekten mit einer starken \u00e4sthetischen Charakter zu umgeben, wie ohne den Blick f\u00fcr die qualitativ hochwertige Leistung zu verlieren.<\/p>\n<p><strong>Knetmaschine SMF02<\/strong><\/p>\n<p>Produkt von den Auszeichnungen <strong>Good Design verliehen 2014<\/strong><br \/>\ndurch den <strong>iF Product Design Award 2015<\/strong><\/p>\n<p><strong>\u00c4sthetik<\/strong><br \/>\nAluminium-Gussk\u00f6rper<br \/>\nZink-Legierung Basis mit Angriff Edelstahlsch\u00fcssel<br \/>\nGeschwindigkeitseinstellhebel Knopf in Edelstahl<\/p>\n<p><strong>Technische Eigenschaften<\/strong><br \/>\nPlanetenbewegung<br \/>\nMotor Direktantrieb<br \/>\nSicherheitsmotorblock mit dem Kopf angehoben<br \/>\nMotor\u00fcberlastschutz<br \/>\nFrontalangriff durch optionales Zubeh\u00f6r Anwendung<br \/>\nPoliertes Edelstahlsch\u00fcssel mit Griff<br \/>\nErgonomische 4,8 Lt<br \/>\nAnti-Rutsch-F\u00fc\u00dfe<br \/>\nLeistung 800 W<\/p>\n<p><strong>Funktionen<\/strong><br \/>\n10 Geschwindigkeitsstufen mit Sanftanlauf-Funktion<\/p>\n<p><strong>Kapazit\u00e4t<\/strong><br \/>\nMax VE 12 Wei\u00df \/ min 3<br \/>\nTeig f\u00fcr Kuchen max 2,8 Kg<br \/>\nTeig f\u00fcr Brot \/ Pizza \/ Pasta max 1,3 kg<br \/>\nSchlagsahne max 1L<\/p>\n<p><strong>Zubeh\u00f6r<\/strong><br \/>\nSMWW01 Draht Peitsche in Edelstahl<br \/>\nSMFB01 flache Aluminium Peitsche<br \/>\nSMDH01 Aluminium Knethaken<br \/>\nSMB401 4,8-Liter-Edelstahlsch\u00fcssel<br \/>\nSMPS01 Abdeckung Gie\u00dfen Spritzen<\/p>\n<p><strong>Allgemeine Spezifikation<\/strong><br \/>\nMa\u00dfe HxBxT 378 (490 Kopf angehoben) mm x402x221<br \/>\nNettogewicht 9,5 kg<br \/>\nKabell\u00e4nge 1 m<\/p>\n<p><strong>Elektronische Spezifikationen<\/strong><br \/>\nSpannung 220-240 V<br \/>\nFrequenz 50 Hz<\/p>\n<p><strong>Optionales Zubeh\u00f6r<\/strong><br \/>\nSMPC01 &#8211; Sheeter und Tee und den Teig geschnitten<br \/>\nSMPR01 &#8211; Zubeh\u00f6rblatt<br \/>\nSMSC01 &#8211; Spaghetti Zubeh\u00f6r<br \/>\nSMFC01 &#8211; Zubeh\u00f6r Fettuccine<br \/>\nSMTC01 &#8211; Zubeh\u00f6r Nudeln<\/p>\n<p><u style=\"font-size: 13px; line-height: 20.8px;\"><strong>Not for sale outside from Europe<\/strong><\/u><\/p>\n","protected":false},"excerpt":{"rendered":"<p>SMEG Serie 50 Jahre Ein symbolisches Treffen, Symbole, die den Raum, den sie einnehmen, die neue kleine Linie von 50<\/p>\n","protected":false},"featured_media":465531,"template":"","meta":{"_acf_changed":false,"inline_featured_image":false},"product_cat":[6703,14475],"product_tag":[23911,12358,11718,14837,12357],"acf":[],"yoast_head":"<!-- This site is optimized with the Yoast SEO Premium plugin v18.6 (Yoast SEO v19.13) - https:\/\/yoast.com\/wordpress\/plugins\/seo\/ -->\n<title>SMEG Knetmaschine SMF02 Cream Serie 50 Jahre<\/title>\n<meta name=\"description\" content=\"Entdecken Sie SMEG Knetmaschine SMF02 Cream Serie 50 Jahre bei ErresseShop. Qualit\u00e4t, Stil und Funktionalit\u00e4t \u2013 jetzt online bestellen!\" \/>\n<meta name=\"robots\" content=\"index, follow, max-snippet:-1, max-image-preview:large, max-video-preview:-1\" \/>\n<link rel=\"canonical\" href=\"https:\/\/www.erresse-shop.it\/de\/shop\/kleine-elektrogeraete\/knetmaschinen\/smeg-knetmaschine-smf02-cream\/\" \/>\n<meta property=\"og:locale\" content=\"de_DE\" \/>\n<meta property=\"og:type\" content=\"article\" \/>\n<meta property=\"og:title\" content=\"SMEG Knetmaschine SMF02 Cream Serie 50 Jahre\" \/>\n<meta property=\"og:description\" content=\"Entdecken Sie SMEG Knetmaschine SMF02 Cream Serie 50 Jahre bei ErresseShop. Qualit\u00e4t, Stil und Funktionalit\u00e4t \u2013 jetzt online bestellen!\" \/>\n<meta property=\"og:url\" content=\"https:\/\/www.erresse-shop.it\/de\/shop\/kleine-elektrogeraete\/knetmaschinen\/smeg-knetmaschine-smf02-cream\/\" \/>\n<meta property=\"og:site_name\" content=\"Erresse Shop\" \/>\n<meta property=\"article:modified_time\" content=\"2025-01-17T13:20:43+00:00\" \/>\n<meta property=\"og:image\" content=\"https:\/\/www.erresse-shop.it\/wp-content\/uploads\/2016\/04\/SMEG-Estetica-Anni-50-Impastatrice-SMF02-Panna.png\" \/>\n\t<meta property=\"og:image:width\" content=\"800\" \/>\n\t<meta property=\"og:image:height\" content=\"800\" \/>\n\t<meta property=\"og:image:type\" content=\"image\/png\" \/>\n<meta name=\"twitter:card\" content=\"summary_large_image\" \/>\n<script type=\"application\/ld+json\" class=\"yoast-schema-graph\">{\"@context\":\"https:\/\/schema.org\",\"@graph\":[{\"@type\":\"WebPage\",\"@id\":\"https:\/\/www.erresse-shop.it\/de\/shop\/kleine-elektrogeraete\/knetmaschinen\/smeg-knetmaschine-smf02-cream\/\",\"url\":\"https:\/\/www.erresse-shop.it\/de\/shop\/kleine-elektrogeraete\/knetmaschinen\/smeg-knetmaschine-smf02-cream\/\",\"name\":\"SMEG Knetmaschine SMF02 Cream Serie 50 Jahre\",\"isPartOf\":{\"@id\":\"https:\/\/www.erresse-shop.it\/de\/#website\"},\"datePublished\":\"2016-04-06T18:58:12+00:00\",\"dateModified\":\"2025-01-17T13:20:43+00:00\",\"description\":\"Entdecken Sie SMEG Knetmaschine SMF02 Cream Serie 50 Jahre bei ErresseShop. Qualit\u00e4t, Stil und Funktionalit\u00e4t \u2013 jetzt online bestellen!\",\"breadcrumb\":{\"@id\":\"https:\/\/www.erresse-shop.it\/de\/shop\/kleine-elektrogeraete\/knetmaschinen\/smeg-knetmaschine-smf02-cream\/#breadcrumb\"},\"inLanguage\":\"de-DE\",\"potentialAction\":[{\"@type\":\"ReadAction\",\"target\":[\"https:\/\/www.erresse-shop.it\/de\/shop\/kleine-elektrogeraete\/knetmaschinen\/smeg-knetmaschine-smf02-cream\/\"]}]},{\"@type\":\"BreadcrumbList\",\"@id\":\"https:\/\/www.erresse-shop.it\/de\/shop\/kleine-elektrogeraete\/knetmaschinen\/smeg-knetmaschine-smf02-cream\/#breadcrumb\",\"itemListElement\":[{\"@type\":\"ListItem\",\"position\":1,\"name\":\"Home\",\"item\":\"https:\/\/www.erresse-shop.it\/de\/\"},{\"@type\":\"ListItem\",\"position\":2,\"name\":\"Shop\",\"item\":\"https:\/\/www.erresse-shop.it\/de\/shop\/\"},{\"@type\":\"ListItem\",\"position\":3,\"name\":\"SMEG Knetmaschine SMF02 Cream Serie 50 Jahre\"}]},{\"@type\":\"WebSite\",\"@id\":\"https:\/\/www.erresse-shop.it\/de\/#website\",\"url\":\"https:\/\/www.erresse-shop.it\/de\/\",\"name\":\"Erresse Shop\",\"description\":\"Articoli di qualit\u00e0 per la casa\",\"potentialAction\":[{\"@type\":\"SearchAction\",\"target\":{\"@type\":\"EntryPoint\",\"urlTemplate\":\"https:\/\/www.erresse-shop.it\/de\/?s={search_term_string}\"},\"query-input\":\"required name=search_term_string\"}],\"inLanguage\":\"de-DE\"}]}<\/script>\n<!-- \/ Yoast SEO Premium plugin. -->","yoast_head_json":{"title":"SMEG Knetmaschine SMF02 Cream Serie 50 Jahre","description":"Entdecken Sie SMEG Knetmaschine SMF02 Cream Serie 50 Jahre bei ErresseShop. Qualit\u00e4t, Stil und Funktionalit\u00e4t \u2013 jetzt online bestellen!","robots":{"index":"index","follow":"follow","max-snippet":"max-snippet:-1","max-image-preview":"max-image-preview:large","max-video-preview":"max-video-preview:-1"},"canonical":"https:\/\/www.erresse-shop.it\/de\/shop\/kleine-elektrogeraete\/knetmaschinen\/smeg-knetmaschine-smf02-cream\/","og_locale":"de_DE","og_type":"article","og_title":"SMEG Knetmaschine SMF02 Cream Serie 50 Jahre","og_description":"Entdecken Sie SMEG Knetmaschine SMF02 Cream Serie 50 Jahre bei ErresseShop. Qualit\u00e4t, Stil und Funktionalit\u00e4t \u2013 jetzt online bestellen!","og_url":"https:\/\/www.erresse-shop.it\/de\/shop\/kleine-elektrogeraete\/knetmaschinen\/smeg-knetmaschine-smf02-cream\/","og_site_name":"Erresse Shop","article_modified_time":"2025-01-17T13:20:43+00:00","og_image":[{"width":800,"height":800,"url":"https:\/\/www.erresse-shop.it\/wp-content\/uploads\/2016\/04\/SMEG-Estetica-Anni-50-Impastatrice-SMF02-Panna.png","type":"image\/png"}],"twitter_card":"summary_large_image","schema":{"@context":"https:\/\/schema.org","@graph":[{"@type":"WebPage","@id":"https:\/\/www.erresse-shop.it\/de\/shop\/kleine-elektrogeraete\/knetmaschinen\/smeg-knetmaschine-smf02-cream\/","url":"https:\/\/www.erresse-shop.it\/de\/shop\/kleine-elektrogeraete\/knetmaschinen\/smeg-knetmaschine-smf02-cream\/","name":"SMEG Knetmaschine SMF02 Cream Serie 50 Jahre","isPartOf":{"@id":"https:\/\/www.erresse-shop.it\/de\/#website"},"datePublished":"2016-04-06T18:58:12+00:00","dateModified":"2025-01-17T13:20:43+00:00","description":"Entdecken Sie SMEG Knetmaschine SMF02 Cream Serie 50 Jahre bei ErresseShop. Qualit\u00e4t, Stil und Funktionalit\u00e4t \u2013 jetzt online bestellen!","breadcrumb":{"@id":"https:\/\/www.erresse-shop.it\/de\/shop\/kleine-elektrogeraete\/knetmaschinen\/smeg-knetmaschine-smf02-cream\/#breadcrumb"},"inLanguage":"de-DE","potentialAction":[{"@type":"ReadAction","target":["https:\/\/www.erresse-shop.it\/de\/shop\/kleine-elektrogeraete\/knetmaschinen\/smeg-knetmaschine-smf02-cream\/"]}]},{"@type":"BreadcrumbList","@id":"https:\/\/www.erresse-shop.it\/de\/shop\/kleine-elektrogeraete\/knetmaschinen\/smeg-knetmaschine-smf02-cream\/#breadcrumb","itemListElement":[{"@type":"ListItem","position":1,"name":"Home","item":"https:\/\/www.erresse-shop.it\/de\/"},{"@type":"ListItem","position":2,"name":"Shop","item":"https:\/\/www.erresse-shop.it\/de\/shop\/"},{"@type":"ListItem","position":3,"name":"SMEG Knetmaschine SMF02 Cream Serie 50 Jahre"}]},{"@type":"WebSite","@id":"https:\/\/www.erresse-shop.it\/de\/#website","url":"https:\/\/www.erresse-shop.it\/de\/","name":"Erresse Shop","description":"Articoli di qualit\u00e0 per la casa","potentialAction":[{"@type":"SearchAction","target":{"@type":"EntryPoint","urlTemplate":"https:\/\/www.erresse-shop.it\/de\/?s={search_term_string}"},"query-input":"required name=search_term_string"}],"inLanguage":"de-DE"}]}},"df_price":349.29999999999995,"df_sale_price":349.29999999999995,"df_regular_price":499,"df_image_link":"https:\/\/www.erresse-shop.it\/wp-content\/uploads\/2016\/04\/SMEG-Estetica-Anni-50-Impastatrice-SMF02-Panna-300x300.jpg","_links":{"self":[{"href":"https:\/\/www.erresse-shop.it\/de\/wp-json\/wp\/v2\/product\/17846"}],"collection":[{"href":"https:\/\/www.erresse-shop.it\/de\/wp-json\/wp\/v2\/product"}],"about":[{"href":"https:\/\/www.erresse-shop.it\/de\/wp-json\/wp\/v2\/types\/product"}],"wp:featuredmedia":[{"embeddable":true,"href":"https:\/\/www.erresse-shop.it\/de\/wp-json\/wp\/v2\/media\/465531"}],"wp:attachment":[{"href":"https:\/\/www.erresse-shop.it\/de\/wp-json\/wp\/v2\/media?parent=17846"}],"wp:term":[{"taxonomy":"product_cat","embeddable":true,"href":"https:\/\/www.erresse-shop.it\/de\/wp-json\/wp\/v2\/product_cat?post=17846"},{"taxonomy":"product_tag","embeddable":true,"href":"https:\/\/www.erresse-shop.it\/de\/wp-json\/wp\/v2\/product_tag?post=17846"}],"curies":[{"name":"wp","href":"https:\/\/api.w.org\/{rel}","templated":true}]}}