{"id":178215,"date":"2022-09-09T12:15:41","date_gmt":"2022-09-09T12:15:41","guid":{"rendered":"https:\/\/www.erresse-shop.it\/?post_type=product&#038;p=178215"},"modified":"2025-01-16T14:59:20","modified_gmt":"2025-01-16T14:59:20","slug":"emile-henry-kochloffelstander-grand-cru","status":"publish","type":"product","link":"https:\/\/www.erresse-shop.it\/de\/shop\/kuche\/werkzeuge\/emile-henry-kochloffelstander-grand-cru\/","title":{"rendered":"EMILE HENRY Kochl\u00f6ffelst\u00e4nder Grand Cru"},"content":{"rendered":"<p>Unser Sch\u00f6pfl\u00f6ffelhalter begleitet Sie bei der Zubereitung Ihrer Rezepte. Der Mittelsteg erm\u00f6glicht es, das Besteck anzuheben, um die Hygiene zu verbessern und bei Bedarf \u00fcbersch\u00fcssige So\u00dfe zu entfernen. Er ist stabil, praktisch, sp\u00fclmaschinenfest und l\u00e4sst sich durch sein flaches Format leicht in Schubladen verstauen.<\/p>\n<p>10 Jahre Garantie!<\/p>\n<p><strong>L\u00e4nge\/Durchmesser:<\/strong> 22,5 cm<br \/>\n<strong>Breite:<\/strong> 10 cm<br \/>\n<strong>H\u00f6he:<\/strong> 2 cm<br \/>\n<strong>Gewicht:<\/strong> 0,37 kg<\/p>\n","protected":false},"excerpt":{"rendered":"<p>Unser Sch\u00f6pfl\u00f6ffelhalter begleitet Sie bei der Zubereitung Ihrer Rezepte. Der Mittelsteg erm\u00f6glicht es, das Besteck anzuheben, um die Hygiene zu<\/p>\n","protected":false},"featured_media":178224,"template":"","meta":{"_acf_changed":false,"inline_featured_image":false},"product_cat":[6742,25334],"product_tag":[25088,17119,25022],"acf":[],"yoast_head":"<!-- This site is optimized with the Yoast SEO Premium plugin v18.6 (Yoast SEO v19.13) - https:\/\/yoast.com\/wordpress\/plugins\/seo\/ -->\n<title>EMILE HENRY Kochl\u00f6ffelst\u00e4nder Grand Cru<\/title>\n<meta name=\"description\" content=\"Entdecken Sie EMILE HENRY Kochl\u00f6ffelst\u00e4nder Grand Cru bei ErresseShop. Qualit\u00e4t, Stil und Funktionalit\u00e4t \u2013 jetzt online bestellen!\" \/>\n<meta name=\"robots\" content=\"index, follow, max-snippet:-1, max-image-preview:large, max-video-preview:-1\" \/>\n<link rel=\"canonical\" href=\"https:\/\/www.erresse-shop.it\/de\/shop\/kuche\/werkzeuge\/emile-henry-kochloffelstander-grand-cru\/\" \/>\n<meta property=\"og:locale\" content=\"de_DE\" \/>\n<meta property=\"og:type\" content=\"article\" \/>\n<meta property=\"og:title\" content=\"EMILE HENRY Kochl\u00f6ffelst\u00e4nder Grand Cru\" \/>\n<meta property=\"og:description\" content=\"Entdecken Sie EMILE HENRY Kochl\u00f6ffelst\u00e4nder Grand Cru bei ErresseShop. Qualit\u00e4t, Stil und Funktionalit\u00e4t \u2013 jetzt online bestellen!\" \/>\n<meta property=\"og:url\" content=\"https:\/\/www.erresse-shop.it\/de\/shop\/kuche\/werkzeuge\/emile-henry-kochloffelstander-grand-cru\/\" \/>\n<meta property=\"og:site_name\" content=\"Erresse Shop\" \/>\n<meta property=\"article:modified_time\" content=\"2025-01-16T14:59:20+00:00\" \/>\n<meta property=\"og:image\" content=\"https:\/\/www.erresse-shop.it\/wp-content\/uploads\/2022\/09\/EMILE-HENRY-Poggiamestolo-Grand-Cru.jpg\" \/>\n\t<meta property=\"og:image:width\" content=\"800\" \/>\n\t<meta property=\"og:image:height\" content=\"800\" \/>\n\t<meta property=\"og:image:type\" content=\"image\/jpeg\" \/>\n<meta name=\"twitter:card\" content=\"summary_large_image\" \/>\n<script type=\"application\/ld+json\" class=\"yoast-schema-graph\">{\"@context\":\"https:\/\/schema.org\",\"@graph\":[{\"@type\":\"WebPage\",\"@id\":\"https:\/\/www.erresse-shop.it\/de\/shop\/kuche\/werkzeuge\/emile-henry-kochloffelstander-grand-cru\/\",\"url\":\"https:\/\/www.erresse-shop.it\/de\/shop\/kuche\/werkzeuge\/emile-henry-kochloffelstander-grand-cru\/\",\"name\":\"EMILE HENRY Kochl\u00f6ffelst\u00e4nder Grand Cru\",\"isPartOf\":{\"@id\":\"https:\/\/www.erresse-shop.it\/de\/#website\"},\"datePublished\":\"2022-09-09T12:15:41+00:00\",\"dateModified\":\"2025-01-16T14:59:20+00:00\",\"description\":\"Entdecken Sie EMILE HENRY Kochl\u00f6ffelst\u00e4nder Grand Cru bei ErresseShop. Qualit\u00e4t, Stil und Funktionalit\u00e4t \u2013 jetzt online bestellen!\",\"breadcrumb\":{\"@id\":\"https:\/\/www.erresse-shop.it\/de\/shop\/kuche\/werkzeuge\/emile-henry-kochloffelstander-grand-cru\/#breadcrumb\"},\"inLanguage\":\"de-DE\",\"potentialAction\":[{\"@type\":\"ReadAction\",\"target\":[\"https:\/\/www.erresse-shop.it\/de\/shop\/kuche\/werkzeuge\/emile-henry-kochloffelstander-grand-cru\/\"]}]},{\"@type\":\"BreadcrumbList\",\"@id\":\"https:\/\/www.erresse-shop.it\/de\/shop\/kuche\/werkzeuge\/emile-henry-kochloffelstander-grand-cru\/#breadcrumb\",\"itemListElement\":[{\"@type\":\"ListItem\",\"position\":1,\"name\":\"Home\",\"item\":\"https:\/\/www.erresse-shop.it\/de\/\"},{\"@type\":\"ListItem\",\"position\":2,\"name\":\"Shop\",\"item\":\"https:\/\/www.erresse-shop.it\/de\/shop\/\"},{\"@type\":\"ListItem\",\"position\":3,\"name\":\"EMILE HENRY Kochl\u00f6ffelst\u00e4nder Grand Cru\"}]},{\"@type\":\"WebSite\",\"@id\":\"https:\/\/www.erresse-shop.it\/de\/#website\",\"url\":\"https:\/\/www.erresse-shop.it\/de\/\",\"name\":\"Erresse Shop\",\"description\":\"Articoli di qualit\u00e0 per la casa\",\"potentialAction\":[{\"@type\":\"SearchAction\",\"target\":{\"@type\":\"EntryPoint\",\"urlTemplate\":\"https:\/\/www.erresse-shop.it\/de\/?s={search_term_string}\"},\"query-input\":\"required name=search_term_string\"}],\"inLanguage\":\"de-DE\"}]}<\/script>\n<!-- \/ Yoast SEO Premium plugin. -->","yoast_head_json":{"title":"EMILE HENRY Kochl\u00f6ffelst\u00e4nder Grand Cru","description":"Entdecken Sie EMILE HENRY Kochl\u00f6ffelst\u00e4nder Grand Cru bei ErresseShop. Qualit\u00e4t, Stil und Funktionalit\u00e4t \u2013 jetzt online bestellen!","robots":{"index":"index","follow":"follow","max-snippet":"max-snippet:-1","max-image-preview":"max-image-preview:large","max-video-preview":"max-video-preview:-1"},"canonical":"https:\/\/www.erresse-shop.it\/de\/shop\/kuche\/werkzeuge\/emile-henry-kochloffelstander-grand-cru\/","og_locale":"de_DE","og_type":"article","og_title":"EMILE HENRY Kochl\u00f6ffelst\u00e4nder Grand Cru","og_description":"Entdecken Sie EMILE HENRY Kochl\u00f6ffelst\u00e4nder Grand Cru bei ErresseShop. Qualit\u00e4t, Stil und Funktionalit\u00e4t \u2013 jetzt online bestellen!","og_url":"https:\/\/www.erresse-shop.it\/de\/shop\/kuche\/werkzeuge\/emile-henry-kochloffelstander-grand-cru\/","og_site_name":"Erresse Shop","article_modified_time":"2025-01-16T14:59:20+00:00","og_image":[{"width":800,"height":800,"url":"https:\/\/www.erresse-shop.it\/wp-content\/uploads\/2022\/09\/EMILE-HENRY-Poggiamestolo-Grand-Cru.jpg","type":"image\/jpeg"}],"twitter_card":"summary_large_image","schema":{"@context":"https:\/\/schema.org","@graph":[{"@type":"WebPage","@id":"https:\/\/www.erresse-shop.it\/de\/shop\/kuche\/werkzeuge\/emile-henry-kochloffelstander-grand-cru\/","url":"https:\/\/www.erresse-shop.it\/de\/shop\/kuche\/werkzeuge\/emile-henry-kochloffelstander-grand-cru\/","name":"EMILE HENRY Kochl\u00f6ffelst\u00e4nder Grand Cru","isPartOf":{"@id":"https:\/\/www.erresse-shop.it\/de\/#website"},"datePublished":"2022-09-09T12:15:41+00:00","dateModified":"2025-01-16T14:59:20+00:00","description":"Entdecken Sie EMILE HENRY Kochl\u00f6ffelst\u00e4nder Grand Cru bei ErresseShop. Qualit\u00e4t, Stil und Funktionalit\u00e4t \u2013 jetzt online bestellen!","breadcrumb":{"@id":"https:\/\/www.erresse-shop.it\/de\/shop\/kuche\/werkzeuge\/emile-henry-kochloffelstander-grand-cru\/#breadcrumb"},"inLanguage":"de-DE","potentialAction":[{"@type":"ReadAction","target":["https:\/\/www.erresse-shop.it\/de\/shop\/kuche\/werkzeuge\/emile-henry-kochloffelstander-grand-cru\/"]}]},{"@type":"BreadcrumbList","@id":"https:\/\/www.erresse-shop.it\/de\/shop\/kuche\/werkzeuge\/emile-henry-kochloffelstander-grand-cru\/#breadcrumb","itemListElement":[{"@type":"ListItem","position":1,"name":"Home","item":"https:\/\/www.erresse-shop.it\/de\/"},{"@type":"ListItem","position":2,"name":"Shop","item":"https:\/\/www.erresse-shop.it\/de\/shop\/"},{"@type":"ListItem","position":3,"name":"EMILE HENRY Kochl\u00f6ffelst\u00e4nder Grand Cru"}]},{"@type":"WebSite","@id":"https:\/\/www.erresse-shop.it\/de\/#website","url":"https:\/\/www.erresse-shop.it\/de\/","name":"Erresse Shop","description":"Articoli di qualit\u00e0 per la casa","potentialAction":[{"@type":"SearchAction","target":{"@type":"EntryPoint","urlTemplate":"https:\/\/www.erresse-shop.it\/de\/?s={search_term_string}"},"query-input":"required name=search_term_string"}],"inLanguage":"de-DE"}]}},"df_price":21.762,"df_sale_price":21.762,"df_regular_price":27.9,"df_image_link":"https:\/\/www.erresse-shop.it\/wp-content\/uploads\/2022\/09\/EMILE-HENRY-Poggiamestolo-Grand-Cru-300x300.jpg","_links":{"self":[{"href":"https:\/\/www.erresse-shop.it\/de\/wp-json\/wp\/v2\/product\/178215"}],"collection":[{"href":"https:\/\/www.erresse-shop.it\/de\/wp-json\/wp\/v2\/product"}],"about":[{"href":"https:\/\/www.erresse-shop.it\/de\/wp-json\/wp\/v2\/types\/product"}],"wp:featuredmedia":[{"embeddable":true,"href":"https:\/\/www.erresse-shop.it\/de\/wp-json\/wp\/v2\/media\/178224"}],"wp:attachment":[{"href":"https:\/\/www.erresse-shop.it\/de\/wp-json\/wp\/v2\/media?parent=178215"}],"wp:term":[{"taxonomy":"product_cat","embeddable":true,"href":"https:\/\/www.erresse-shop.it\/de\/wp-json\/wp\/v2\/product_cat?post=178215"},{"taxonomy":"product_tag","embeddable":true,"href":"https:\/\/www.erresse-shop.it\/de\/wp-json\/wp\/v2\/product_tag?post=178215"}],"curies":[{"name":"wp","href":"https:\/\/api.w.org\/{rel}","templated":true}]}}