{"id":178053,"date":"2022-09-09T09:07:48","date_gmt":"2022-09-09T09:07:48","guid":{"rendered":"https:\/\/www.erresse-shop.it\/?post_type=product&#038;p=178053"},"modified":"2025-01-16T14:59:14","modified_gmt":"2025-01-16T14:59:14","slug":"emile-henry-olkrug-argile","status":"publish","type":"product","link":"https:\/\/www.erresse-shop.it\/de\/shop\/tisch\/oel-essig-salz\/emile-henry-olkrug-argile\/","title":{"rendered":"EMILE HENRY \u00d6lkrug Argile"},"content":{"rendered":"<p>In einer Zeit, in der das Oliven\u00f6l seinen kulinarischen Adelstitel f\u00fcr Zubereitung und Verkostung erhalten hat, wird dieser elegante \u00d6lkrug aus Keramik zu einem Design-Accessoire in der K\u00fcche und auf dem Tisch.<\/p>\n<p>Sie ist immer da, immer zur Hand. Und sie ist perfekt: Keramik bewahrt Ihre besten Oliven\u00f6le (oder Essige!) lichtgesch\u00fctzt auf, damit alle Aromen und Geschmacksstoffe erhalten bleiben. Dank seines tropffreien Spenderverschlusses und seiner schicken, l\u00e4nglichen Form garantiert er eine pr\u00e4zise Dosierung, sei es zum Anrichten von Salaten, zum W\u00fcrzen von Gerichten oder zum Dekorieren von Servierplatten.<\/p>\n<p>Und wenn Sie sich f\u00fcr aromatisierte \u00d6le interessieren, dann wird Ihnen die Auswahl an sch\u00f6nen farbigen Glasuren eine gro\u00dfe Hilfe bei der Identifizierung dieser \u00d6le sein.<\/p>\n<p>10 Jahre Garantie!<\/p>\n<p><strong>L\u00e4nge\/Durchmesser:<\/strong> 7,5 cm<br \/>\n<strong>H\u00f6he:<\/strong> 24 cm<br \/>\n<strong>Inhalt:<\/strong> 0,4 l<br \/>\n<strong>Gewicht:<\/strong> 0,39 kg<\/p>\n","protected":false},"excerpt":{"rendered":"<p>In einer Zeit, in der das Oliven\u00f6l seinen kulinarischen Adelstitel f\u00fcr Zubereitung und Verkostung erhalten hat, wird dieser elegante \u00d6lkrug<\/p>\n","protected":false},"featured_media":178080,"template":"","meta":{"_acf_changed":false,"inline_featured_image":false},"product_cat":[6787,20474],"product_tag":[25088,20450,20178,11443,25022],"acf":[],"yoast_head":"<!-- This site is optimized with the Yoast SEO Premium plugin v18.6 (Yoast SEO v19.13) - https:\/\/yoast.com\/wordpress\/plugins\/seo\/ -->\n<title>EMILE HENRY \u00d6lkrug Argile<\/title>\n<meta name=\"description\" content=\"Entdecken Sie EMILE HENRY \u00d6lkrug Argile bei ErresseShop. Qualit\u00e4t, Stil und Funktionalit\u00e4t \u2013 jetzt online bestellen!\" \/>\n<meta name=\"robots\" content=\"index, follow, max-snippet:-1, max-image-preview:large, max-video-preview:-1\" \/>\n<link rel=\"canonical\" href=\"https:\/\/www.erresse-shop.it\/de\/shop\/tisch\/oel-essig-salz\/emile-henry-olkrug-argile\/\" \/>\n<meta property=\"og:locale\" content=\"de_DE\" \/>\n<meta property=\"og:type\" content=\"article\" \/>\n<meta property=\"og:title\" content=\"EMILE HENRY \u00d6lkrug Argile\" \/>\n<meta property=\"og:description\" content=\"Entdecken Sie EMILE HENRY \u00d6lkrug Argile bei ErresseShop. Qualit\u00e4t, Stil und Funktionalit\u00e4t \u2013 jetzt online bestellen!\" \/>\n<meta property=\"og:url\" content=\"https:\/\/www.erresse-shop.it\/de\/shop\/tisch\/oel-essig-salz\/emile-henry-olkrug-argile\/\" \/>\n<meta property=\"og:site_name\" content=\"Erresse Shop\" \/>\n<meta property=\"article:modified_time\" content=\"2025-01-16T14:59:14+00:00\" \/>\n<meta property=\"og:image\" content=\"https:\/\/www.erresse-shop.it\/wp-content\/uploads\/2022\/09\/EMILE-HENRY-Oliera-Argilla-4.jpg\" \/>\n\t<meta property=\"og:image:width\" content=\"800\" \/>\n\t<meta property=\"og:image:height\" content=\"800\" \/>\n\t<meta property=\"og:image:type\" content=\"image\/jpeg\" \/>\n<meta name=\"twitter:card\" content=\"summary_large_image\" \/>\n<script type=\"application\/ld+json\" class=\"yoast-schema-graph\">{\"@context\":\"https:\/\/schema.org\",\"@graph\":[{\"@type\":\"WebPage\",\"@id\":\"https:\/\/www.erresse-shop.it\/de\/shop\/tisch\/oel-essig-salz\/emile-henry-olkrug-argile\/\",\"url\":\"https:\/\/www.erresse-shop.it\/de\/shop\/tisch\/oel-essig-salz\/emile-henry-olkrug-argile\/\",\"name\":\"EMILE HENRY \u00d6lkrug Argile\",\"isPartOf\":{\"@id\":\"https:\/\/www.erresse-shop.it\/de\/#website\"},\"datePublished\":\"2022-09-09T09:07:48+00:00\",\"dateModified\":\"2025-01-16T14:59:14+00:00\",\"description\":\"Entdecken Sie EMILE HENRY \u00d6lkrug Argile bei ErresseShop. Qualit\u00e4t, Stil und Funktionalit\u00e4t \u2013 jetzt online bestellen!\",\"breadcrumb\":{\"@id\":\"https:\/\/www.erresse-shop.it\/de\/shop\/tisch\/oel-essig-salz\/emile-henry-olkrug-argile\/#breadcrumb\"},\"inLanguage\":\"de-DE\",\"potentialAction\":[{\"@type\":\"ReadAction\",\"target\":[\"https:\/\/www.erresse-shop.it\/de\/shop\/tisch\/oel-essig-salz\/emile-henry-olkrug-argile\/\"]}]},{\"@type\":\"BreadcrumbList\",\"@id\":\"https:\/\/www.erresse-shop.it\/de\/shop\/tisch\/oel-essig-salz\/emile-henry-olkrug-argile\/#breadcrumb\",\"itemListElement\":[{\"@type\":\"ListItem\",\"position\":1,\"name\":\"Home\",\"item\":\"https:\/\/www.erresse-shop.it\/de\/\"},{\"@type\":\"ListItem\",\"position\":2,\"name\":\"Shop\",\"item\":\"https:\/\/www.erresse-shop.it\/de\/shop\/\"},{\"@type\":\"ListItem\",\"position\":3,\"name\":\"EMILE HENRY \u00d6lkrug Argile\"}]},{\"@type\":\"WebSite\",\"@id\":\"https:\/\/www.erresse-shop.it\/de\/#website\",\"url\":\"https:\/\/www.erresse-shop.it\/de\/\",\"name\":\"Erresse Shop\",\"description\":\"Articoli di qualit\u00e0 per la casa\",\"potentialAction\":[{\"@type\":\"SearchAction\",\"target\":{\"@type\":\"EntryPoint\",\"urlTemplate\":\"https:\/\/www.erresse-shop.it\/de\/?s={search_term_string}\"},\"query-input\":\"required name=search_term_string\"}],\"inLanguage\":\"de-DE\"}]}<\/script>\n<!-- \/ Yoast SEO Premium plugin. -->","yoast_head_json":{"title":"EMILE HENRY \u00d6lkrug Argile","description":"Entdecken Sie EMILE HENRY \u00d6lkrug Argile bei ErresseShop. Qualit\u00e4t, Stil und Funktionalit\u00e4t \u2013 jetzt online bestellen!","robots":{"index":"index","follow":"follow","max-snippet":"max-snippet:-1","max-image-preview":"max-image-preview:large","max-video-preview":"max-video-preview:-1"},"canonical":"https:\/\/www.erresse-shop.it\/de\/shop\/tisch\/oel-essig-salz\/emile-henry-olkrug-argile\/","og_locale":"de_DE","og_type":"article","og_title":"EMILE HENRY \u00d6lkrug Argile","og_description":"Entdecken Sie EMILE HENRY \u00d6lkrug Argile bei ErresseShop. Qualit\u00e4t, Stil und Funktionalit\u00e4t \u2013 jetzt online bestellen!","og_url":"https:\/\/www.erresse-shop.it\/de\/shop\/tisch\/oel-essig-salz\/emile-henry-olkrug-argile\/","og_site_name":"Erresse Shop","article_modified_time":"2025-01-16T14:59:14+00:00","og_image":[{"width":800,"height":800,"url":"https:\/\/www.erresse-shop.it\/wp-content\/uploads\/2022\/09\/EMILE-HENRY-Oliera-Argilla-4.jpg","type":"image\/jpeg"}],"twitter_card":"summary_large_image","schema":{"@context":"https:\/\/schema.org","@graph":[{"@type":"WebPage","@id":"https:\/\/www.erresse-shop.it\/de\/shop\/tisch\/oel-essig-salz\/emile-henry-olkrug-argile\/","url":"https:\/\/www.erresse-shop.it\/de\/shop\/tisch\/oel-essig-salz\/emile-henry-olkrug-argile\/","name":"EMILE HENRY \u00d6lkrug Argile","isPartOf":{"@id":"https:\/\/www.erresse-shop.it\/de\/#website"},"datePublished":"2022-09-09T09:07:48+00:00","dateModified":"2025-01-16T14:59:14+00:00","description":"Entdecken Sie EMILE HENRY \u00d6lkrug Argile bei ErresseShop. Qualit\u00e4t, Stil und Funktionalit\u00e4t \u2013 jetzt online bestellen!","breadcrumb":{"@id":"https:\/\/www.erresse-shop.it\/de\/shop\/tisch\/oel-essig-salz\/emile-henry-olkrug-argile\/#breadcrumb"},"inLanguage":"de-DE","potentialAction":[{"@type":"ReadAction","target":["https:\/\/www.erresse-shop.it\/de\/shop\/tisch\/oel-essig-salz\/emile-henry-olkrug-argile\/"]}]},{"@type":"BreadcrumbList","@id":"https:\/\/www.erresse-shop.it\/de\/shop\/tisch\/oel-essig-salz\/emile-henry-olkrug-argile\/#breadcrumb","itemListElement":[{"@type":"ListItem","position":1,"name":"Home","item":"https:\/\/www.erresse-shop.it\/de\/"},{"@type":"ListItem","position":2,"name":"Shop","item":"https:\/\/www.erresse-shop.it\/de\/shop\/"},{"@type":"ListItem","position":3,"name":"EMILE HENRY \u00d6lkrug Argile"}]},{"@type":"WebSite","@id":"https:\/\/www.erresse-shop.it\/de\/#website","url":"https:\/\/www.erresse-shop.it\/de\/","name":"Erresse Shop","description":"Articoli di qualit\u00e0 per la casa","potentialAction":[{"@type":"SearchAction","target":{"@type":"EntryPoint","urlTemplate":"https:\/\/www.erresse-shop.it\/de\/?s={search_term_string}"},"query-input":"required name=search_term_string"}],"inLanguage":"de-DE"}]}},"df_price":31.122,"df_sale_price":31.122,"df_regular_price":39.9,"df_image_link":"https:\/\/www.erresse-shop.it\/wp-content\/uploads\/2022\/09\/EMILE-HENRY-Oliera-Argilla-4-300x300.jpg","_links":{"self":[{"href":"https:\/\/www.erresse-shop.it\/de\/wp-json\/wp\/v2\/product\/178053"}],"collection":[{"href":"https:\/\/www.erresse-shop.it\/de\/wp-json\/wp\/v2\/product"}],"about":[{"href":"https:\/\/www.erresse-shop.it\/de\/wp-json\/wp\/v2\/types\/product"}],"wp:featuredmedia":[{"embeddable":true,"href":"https:\/\/www.erresse-shop.it\/de\/wp-json\/wp\/v2\/media\/178080"}],"wp:attachment":[{"href":"https:\/\/www.erresse-shop.it\/de\/wp-json\/wp\/v2\/media?parent=178053"}],"wp:term":[{"taxonomy":"product_cat","embeddable":true,"href":"https:\/\/www.erresse-shop.it\/de\/wp-json\/wp\/v2\/product_cat?post=178053"},{"taxonomy":"product_tag","embeddable":true,"href":"https:\/\/www.erresse-shop.it\/de\/wp-json\/wp\/v2\/product_tag?post=178053"}],"curies":[{"name":"wp","href":"https:\/\/api.w.org\/{rel}","templated":true}]}}