{"id":177607,"date":"2022-09-07T13:14:48","date_gmt":"2022-09-07T13:14:49","guid":{"rendered":"https:\/\/www.erresse-shop.it\/?post_type=product&#038;p=177607"},"modified":"2025-01-17T17:50:35","modified_gmt":"2025-01-17T17:50:35","slug":"staub-runde-cocotte-mit-dampfeinsatz-26-cm-grau","status":"publish","type":"product","link":"https:\/\/www.erresse-shop.it\/de\/shop\/toepfe-pfannen\/schalldaempfer-und-kokotten\/staub-runde-cocotte-mit-dampfeinsatz-26-cm-grau\/","title":{"rendered":"STAUB Runde Cocotte mit D\u00e4mpfeinsatz 26 cm Grau"},"content":{"rendered":"<p>Die runde Cocotte mit D\u00e4mpfkorb ist ein echtes Multitalent. Dieser Topf nach franz\u00f6sischem Vorbild kann f\u00fcr Braten und Eint\u00f6pfe verwendet werden. Im Inneren k\u00f6nnen Sie sowohl konventionell als auch dampfgegart werden. Au\u00dferdem m\u00fcssen Sie einen k\u00f6stlichen Eintopf nicht in eine Sch\u00fcssel umf\u00fcllen, da er dank der w\u00e4rmespeichernden Eigenschaften des Materials in der Cocotte hei\u00df bleibt. Durch ihr graphitgraues Design und ihre Farbe bringt die Cocotte ein St\u00fcck Frankreich in Ihre K\u00fcche. Die runde Cocotte mit D\u00e4mpfkorb hat einen Durchmesser von 26 cm, eine H\u00f6he von 15,6 cm und ein Fassungsverm\u00f6gen von 5,2 l. Mit dieser Cocotte l\u00e4sst sich auch m\u00fchelos ein Gericht f\u00fcr eine gr\u00f6\u00dfere Anzahl von G\u00e4sten zubereiten. Diese Kasserolle kann auf allen Herdarten, auch auf Induktionsherden, verwendet werden und ist auch f\u00fcr den Backofen geeignet. Der D\u00e4mpfkorb ist aus hochwertigem 18\/10-Edelstahl gefertigt. Alle Staub Cocottes sind aus emailliertem Gusseisen hergestellt. Sie speichern die W\u00e4rme \u00fcber einen langen Zeitraum und eignen sich besonders zum langsamen Garen von Fleisch und Gerichten mit verschiedenen Zutaten. Der fantastische Schmoreffekt wird durch das mattschwarz emaillierte Innere noch verst\u00e4rkt. Mit der Cocotte, die mit einem D\u00e4mpfkorb ausgestattet ist, k\u00f6nnen Sie k\u00f6stliche Gerichte zubereiten, mit denen Sie Ihre Freunde und Familie beeindrucken.<\/p>\n<ul>\n<li>Ideal zum gleichzeitigen Schmoren und D\u00fcnsten, z.B. zum Garen von Reis im unteren Teil und Fisch im oberen Teil<\/li>\n<li>F\u00fcr ein saftiges und zartes Kochergebnis dank des Deckels<\/li>\n<li>Die mattschwarze Innenemaillierung ist ideal f\u00fcr besonders knuspriges Schmoren und sehr langlebig<\/li>\n<li>Geeignet f\u00fcr alle Herdarten, einschlie\u00dflich Induktion, kann auch in den Ofen\/Grill gestellt werden<\/li>\n<li>Intensive Farbe<\/li>\n<\/ul>\n<p><strong>MERKMALE<\/strong><br \/>\n&#8211; Hitzebest\u00e4ndigkeit (\u00b0C): 240,00 \u00baC<br \/>\n&#8211; K\u00e4ltebest\u00e4ndigkeit: -20,00 \u00baC<br \/>\n&#8211; Material: Gusseisen<br \/>\n&#8211; Vorhandener Deckel: ja<br \/>\n&#8211; Induktion: Ja<br \/>\n&#8211; F\u00fcr den Backofen geeignet: Ja<br \/>\n&#8211; Geeignet f\u00fcr Gefrierschrank: Ja<br \/>\n&#8211; Geeignet f\u00fcr Kochfeld: Ja<br \/>\n&#8211; Sp\u00fclmaschinentauglich: ja<\/p>\n<p><strong>ABMESSUNGEN<\/strong><br \/>\n&#8211; Nettogewicht: 6,56 kg<br \/>\n&#8211; Fassungsverm\u00f6gen: 5,25 l<br \/>\n&#8211; Produktl\u00e4nge: 33 cm<br \/>\n&#8211; Produktbreite: 26 cm<br \/>\n&#8211; Produkth\u00f6he: 23,70 cm<br \/>\n&#8211; H\u00f6he ohne Deckel: 11,80 cm<br \/>\n&#8211; Durchmesser oben: 26,00 cm<br \/>\n&#8211; Durchmesser des Bodens: 21,70 cm<br \/>\n&#8211; L\u00e4nge des Griffs: 3,50 cm<\/p>\n","protected":false},"excerpt":{"rendered":"<p><br data-mce-bogus=\"1\"><\/p>\n","protected":false},"featured_media":97905,"template":"","meta":{"_acf_changed":false,"inline_featured_image":false},"product_cat":[6709,14793],"product_tag":[25088,11387,11811,11381,23661,24398,11385,12315,25022],"acf":[],"yoast_head":"<!-- This site is optimized with the Yoast SEO Premium plugin v18.6 (Yoast SEO v19.13) - https:\/\/yoast.com\/wordpress\/plugins\/seo\/ -->\n<title>STAUB Runde Cocotte mit D\u00e4mpfeinsatz 26 cm Grau<\/title>\n<meta name=\"description\" content=\"Entdecken Sie STAUB Runde Cocotte mit D\u00e4mpfeinsatz 26 cm Grau bei ErresseShop. Qualit\u00e4t, Stil und Funktionalit\u00e4t \u2013 jetzt online bestellen!\" \/>\n<meta name=\"robots\" content=\"index, follow, max-snippet:-1, max-image-preview:large, max-video-preview:-1\" \/>\n<link rel=\"canonical\" href=\"https:\/\/www.erresse-shop.it\/de\/shop\/toepfe-pfannen\/schalldaempfer-und-kokotten\/staub-runde-cocotte-mit-dampfeinsatz-26-cm-grau\/\" \/>\n<meta property=\"og:locale\" content=\"de_DE\" \/>\n<meta property=\"og:type\" content=\"article\" \/>\n<meta property=\"og:title\" content=\"STAUB Runde Cocotte mit D\u00e4mpfeinsatz 26 cm Grau\" \/>\n<meta property=\"og:description\" content=\"Entdecken Sie STAUB Runde Cocotte mit D\u00e4mpfeinsatz 26 cm Grau bei ErresseShop. Qualit\u00e4t, Stil und Funktionalit\u00e4t \u2013 jetzt online bestellen!\" \/>\n<meta property=\"og:url\" content=\"https:\/\/www.erresse-shop.it\/de\/shop\/toepfe-pfannen\/schalldaempfer-und-kokotten\/staub-runde-cocotte-mit-dampfeinsatz-26-cm-grau\/\" \/>\n<meta property=\"og:site_name\" content=\"Erresse Shop\" \/>\n<meta property=\"article:modified_time\" content=\"2025-01-17T17:50:35+00:00\" \/>\n<meta property=\"og:image\" content=\"https:\/\/www.erresse-shop.it\/wp-content\/uploads\/2012\/07\/STAUB-Cocotte-con-Cestello-a-Vapore-Rotonda-26-cm-Grigio.jpg\" \/>\n\t<meta property=\"og:image:width\" content=\"1000\" \/>\n\t<meta property=\"og:image:height\" content=\"1000\" \/>\n\t<meta property=\"og:image:type\" content=\"image\/jpeg\" \/>\n<meta name=\"twitter:card\" content=\"summary_large_image\" \/>\n<script type=\"application\/ld+json\" class=\"yoast-schema-graph\">{\"@context\":\"https:\/\/schema.org\",\"@graph\":[{\"@type\":\"WebPage\",\"@id\":\"https:\/\/www.erresse-shop.it\/de\/shop\/toepfe-pfannen\/schalldaempfer-und-kokotten\/staub-runde-cocotte-mit-dampfeinsatz-26-cm-grau\/\",\"url\":\"https:\/\/www.erresse-shop.it\/de\/shop\/toepfe-pfannen\/schalldaempfer-und-kokotten\/staub-runde-cocotte-mit-dampfeinsatz-26-cm-grau\/\",\"name\":\"STAUB Runde Cocotte mit D\u00e4mpfeinsatz 26 cm Grau\",\"isPartOf\":{\"@id\":\"https:\/\/www.erresse-shop.it\/de\/#website\"},\"datePublished\":\"2022-09-07T13:14:49+00:00\",\"dateModified\":\"2025-01-17T17:50:35+00:00\",\"description\":\"Entdecken Sie STAUB Runde Cocotte mit D\u00e4mpfeinsatz 26 cm Grau bei ErresseShop. Qualit\u00e4t, Stil und Funktionalit\u00e4t \u2013 jetzt online bestellen!\",\"breadcrumb\":{\"@id\":\"https:\/\/www.erresse-shop.it\/de\/shop\/toepfe-pfannen\/schalldaempfer-und-kokotten\/staub-runde-cocotte-mit-dampfeinsatz-26-cm-grau\/#breadcrumb\"},\"inLanguage\":\"de-DE\",\"potentialAction\":[{\"@type\":\"ReadAction\",\"target\":[\"https:\/\/www.erresse-shop.it\/de\/shop\/toepfe-pfannen\/schalldaempfer-und-kokotten\/staub-runde-cocotte-mit-dampfeinsatz-26-cm-grau\/\"]}]},{\"@type\":\"BreadcrumbList\",\"@id\":\"https:\/\/www.erresse-shop.it\/de\/shop\/toepfe-pfannen\/schalldaempfer-und-kokotten\/staub-runde-cocotte-mit-dampfeinsatz-26-cm-grau\/#breadcrumb\",\"itemListElement\":[{\"@type\":\"ListItem\",\"position\":1,\"name\":\"Home\",\"item\":\"https:\/\/www.erresse-shop.it\/de\/\"},{\"@type\":\"ListItem\",\"position\":2,\"name\":\"Shop\",\"item\":\"https:\/\/www.erresse-shop.it\/de\/shop\/\"},{\"@type\":\"ListItem\",\"position\":3,\"name\":\"STAUB Runde Cocotte mit D\u00e4mpfeinsatz 26 cm Grau\"}]},{\"@type\":\"WebSite\",\"@id\":\"https:\/\/www.erresse-shop.it\/de\/#website\",\"url\":\"https:\/\/www.erresse-shop.it\/de\/\",\"name\":\"Erresse Shop\",\"description\":\"Articoli di qualit\u00e0 per la casa\",\"potentialAction\":[{\"@type\":\"SearchAction\",\"target\":{\"@type\":\"EntryPoint\",\"urlTemplate\":\"https:\/\/www.erresse-shop.it\/de\/?s={search_term_string}\"},\"query-input\":\"required name=search_term_string\"}],\"inLanguage\":\"de-DE\"}]}<\/script>\n<!-- \/ Yoast SEO Premium plugin. -->","yoast_head_json":{"title":"STAUB Runde Cocotte mit D\u00e4mpfeinsatz 26 cm Grau","description":"Entdecken Sie STAUB Runde Cocotte mit D\u00e4mpfeinsatz 26 cm Grau bei ErresseShop. Qualit\u00e4t, Stil und Funktionalit\u00e4t \u2013 jetzt online bestellen!","robots":{"index":"index","follow":"follow","max-snippet":"max-snippet:-1","max-image-preview":"max-image-preview:large","max-video-preview":"max-video-preview:-1"},"canonical":"https:\/\/www.erresse-shop.it\/de\/shop\/toepfe-pfannen\/schalldaempfer-und-kokotten\/staub-runde-cocotte-mit-dampfeinsatz-26-cm-grau\/","og_locale":"de_DE","og_type":"article","og_title":"STAUB Runde Cocotte mit D\u00e4mpfeinsatz 26 cm Grau","og_description":"Entdecken Sie STAUB Runde Cocotte mit D\u00e4mpfeinsatz 26 cm Grau bei ErresseShop. Qualit\u00e4t, Stil und Funktionalit\u00e4t \u2013 jetzt online bestellen!","og_url":"https:\/\/www.erresse-shop.it\/de\/shop\/toepfe-pfannen\/schalldaempfer-und-kokotten\/staub-runde-cocotte-mit-dampfeinsatz-26-cm-grau\/","og_site_name":"Erresse Shop","article_modified_time":"2025-01-17T17:50:35+00:00","og_image":[{"width":1000,"height":1000,"url":"https:\/\/www.erresse-shop.it\/wp-content\/uploads\/2012\/07\/STAUB-Cocotte-con-Cestello-a-Vapore-Rotonda-26-cm-Grigio.jpg","type":"image\/jpeg"}],"twitter_card":"summary_large_image","schema":{"@context":"https:\/\/schema.org","@graph":[{"@type":"WebPage","@id":"https:\/\/www.erresse-shop.it\/de\/shop\/toepfe-pfannen\/schalldaempfer-und-kokotten\/staub-runde-cocotte-mit-dampfeinsatz-26-cm-grau\/","url":"https:\/\/www.erresse-shop.it\/de\/shop\/toepfe-pfannen\/schalldaempfer-und-kokotten\/staub-runde-cocotte-mit-dampfeinsatz-26-cm-grau\/","name":"STAUB Runde Cocotte mit D\u00e4mpfeinsatz 26 cm Grau","isPartOf":{"@id":"https:\/\/www.erresse-shop.it\/de\/#website"},"datePublished":"2022-09-07T13:14:49+00:00","dateModified":"2025-01-17T17:50:35+00:00","description":"Entdecken Sie STAUB Runde Cocotte mit D\u00e4mpfeinsatz 26 cm Grau bei ErresseShop. Qualit\u00e4t, Stil und Funktionalit\u00e4t \u2013 jetzt online bestellen!","breadcrumb":{"@id":"https:\/\/www.erresse-shop.it\/de\/shop\/toepfe-pfannen\/schalldaempfer-und-kokotten\/staub-runde-cocotte-mit-dampfeinsatz-26-cm-grau\/#breadcrumb"},"inLanguage":"de-DE","potentialAction":[{"@type":"ReadAction","target":["https:\/\/www.erresse-shop.it\/de\/shop\/toepfe-pfannen\/schalldaempfer-und-kokotten\/staub-runde-cocotte-mit-dampfeinsatz-26-cm-grau\/"]}]},{"@type":"BreadcrumbList","@id":"https:\/\/www.erresse-shop.it\/de\/shop\/toepfe-pfannen\/schalldaempfer-und-kokotten\/staub-runde-cocotte-mit-dampfeinsatz-26-cm-grau\/#breadcrumb","itemListElement":[{"@type":"ListItem","position":1,"name":"Home","item":"https:\/\/www.erresse-shop.it\/de\/"},{"@type":"ListItem","position":2,"name":"Shop","item":"https:\/\/www.erresse-shop.it\/de\/shop\/"},{"@type":"ListItem","position":3,"name":"STAUB Runde Cocotte mit D\u00e4mpfeinsatz 26 cm Grau"}]},{"@type":"WebSite","@id":"https:\/\/www.erresse-shop.it\/de\/#website","url":"https:\/\/www.erresse-shop.it\/de\/","name":"Erresse Shop","description":"Articoli di qualit\u00e0 per la casa","potentialAction":[{"@type":"SearchAction","target":{"@type":"EntryPoint","urlTemplate":"https:\/\/www.erresse-shop.it\/de\/?s={search_term_string}"},"query-input":"required name=search_term_string"}],"inLanguage":"de-DE"}]}},"df_price":174.5,"df_sale_price":174.5,"df_regular_price":349,"df_image_link":"https:\/\/www.erresse-shop.it\/wp-content\/uploads\/2012\/07\/STAUB-Cocotte-con-Cestello-a-Vapore-Rotonda-26-cm-Grigio-300x300.jpg","_links":{"self":[{"href":"https:\/\/www.erresse-shop.it\/de\/wp-json\/wp\/v2\/product\/177607"}],"collection":[{"href":"https:\/\/www.erresse-shop.it\/de\/wp-json\/wp\/v2\/product"}],"about":[{"href":"https:\/\/www.erresse-shop.it\/de\/wp-json\/wp\/v2\/types\/product"}],"wp:featuredmedia":[{"embeddable":true,"href":"https:\/\/www.erresse-shop.it\/de\/wp-json\/wp\/v2\/media\/97905"}],"wp:attachment":[{"href":"https:\/\/www.erresse-shop.it\/de\/wp-json\/wp\/v2\/media?parent=177607"}],"wp:term":[{"taxonomy":"product_cat","embeddable":true,"href":"https:\/\/www.erresse-shop.it\/de\/wp-json\/wp\/v2\/product_cat?post=177607"},{"taxonomy":"product_tag","embeddable":true,"href":"https:\/\/www.erresse-shop.it\/de\/wp-json\/wp\/v2\/product_tag?post=177607"}],"curies":[{"name":"wp","href":"https:\/\/api.w.org\/{rel}","templated":true}]}}