{"id":177455,"date":"2022-09-07T07:33:33","date_gmt":"2022-09-07T07:33:33","guid":{"rendered":"https:\/\/www.erresse-shop.it\/?post_type=product&#038;p=177455"},"modified":"2025-03-30T18:30:09","modified_gmt":"2025-03-30T18:30:09","slug":"toms-drag-olivia-giraffe","status":"publish","type":"product","link":"https:\/\/www.erresse-shop.it\/de\/shop\/einrichtung-haus\/dekoartikel\/toms-drag-olivia-giraffe\/","title":{"rendered":"TOM&#8217;S DRAG Olivia Giraffe"},"content":{"rendered":"<p><strong>H\u00f6he:<\/strong> 51 cm<br \/>\n<strong>Material:<\/strong> Marmorino<\/p>\n<p><strong>OLIVIA GIRAFFE<\/strong><br \/>\nGiraffen sind die Landtiere mit den gr\u00f6\u00dften Herzen im Verh\u00e4ltnis zu ihrem K\u00f6rpergewicht. Giraffen sind die Landtiere mit den gr\u00f6\u00dften Herzen im Verh\u00e4ltnis zu ihrem K\u00f6rpergewicht. Und man kann es in Olivias Gesicht sehen! Olivia ist eine bezaubernde weibliche Giraffe im Tom&#8217;s Drag-Look (Zigarette kann entfernt werden).<\/p>\n<p><strong>Dieser Artikel wird von Hand hergestellt und bemalt<\/strong>, so dass Abweichungen in Farbe, Design, Farbton, kleine Unvollkommenheiten in Kleber oder Farbe und Unregelm\u00e4\u00dfigkeiten eine Besonderheit des Produkts sind und von seiner Handwerkskunst zeugen.<\/p>\n<p>Alle Drachentiere sind mit phantasievollen Kost\u00fcmen und exotischen Ornamenten geschm\u00fcckt, als ob sie an einem Karnevalsumzug teilnehmen w\u00fcrden. Alle sind in den Farben des Regenbogens gehalten, die die fr\u00f6hliche Stimmung von Louis Armstrongs &#8220;What a Wonderful World&#8221;, einem von Toms Lieblingsliedern, widerspiegeln.<\/p>\n<p>Jeder Artikel von Tom&#8217;s Drag beginnt mit ein paar schnellen Skizzen, die der K\u00fcnstler zeichnet und schnell in ein detailliertes Bild verwandelt. Zu diesem Zeitpunkt wird eine grobe Figur von Hand aus Holz geschnitzt, deren Abmessungen und Proportionen denen des endg\u00fcltigen Objekts entsprechen. Anschlie\u00dfend wird sie vom K\u00fcnstler handbemalt und der Prototyp erstellt, aus dem die Gummiform geschnitzt wird. Diese Kautschukform ist der Schl\u00fcssel zu allen Werken von Tom&#8217;s Drag&#8217;s, denn in sie wird fl\u00fcssiges Marmorino, eine Mischung aus gemahlenem Marmor und Kunstharz, gegossen und dann verfestigt. Das zun\u00e4chst opak-wei\u00dfe St\u00fcck wird dann wei\u00df lackiert und anschlie\u00dfend poliert. Zu diesem Zeitpunkt werden die R\u00e4nder der Farbfelder mit Bleistift gezeichnet, um dem K\u00fcnstler als Referenz f\u00fcr die Bemalung des Objekts zu dienen. Die Arbeit wird mit dem Auftragen eines Harzes abgeschlossen, das die Farben widerstandsf\u00e4hig macht.<\/p>\n","protected":false},"excerpt":{"rendered":"<p>H\u00f6he: 51 cm Material: Marmorino OLIVIA GIRAFFE Giraffen sind die Landtiere mit den gr\u00f6\u00dften Herzen im Verh\u00e4ltnis zu ihrem K\u00f6rpergewicht.<\/p>\n","protected":false},"featured_media":177464,"template":"","meta":{"_acf_changed":false,"inline_featured_image":false},"product_cat":[6817,14442],"product_tag":[16994,17070,12801,16997],"acf":[],"yoast_head":"<!-- This site is optimized with the Yoast SEO Premium plugin v18.6 (Yoast SEO v19.13) - https:\/\/yoast.com\/wordpress\/plugins\/seo\/ -->\n<title>TOM&#039;S DRAG Olivia Giraffe<\/title>\n<meta name=\"description\" content=\"Entdecken Sie TOM&#039;S DRAG Olivia Giraffe bei ErresseShop. Qualit\u00e4t, Stil und Funktionalit\u00e4t \u2013 jetzt online bestellen!\" \/>\n<meta name=\"robots\" content=\"index, follow, max-snippet:-1, max-image-preview:large, max-video-preview:-1\" \/>\n<link rel=\"canonical\" href=\"https:\/\/www.erresse-shop.it\/de\/shop\/einrichtung-haus\/dekoartikel\/toms-drag-olivia-giraffe\/\" \/>\n<meta property=\"og:locale\" content=\"de_DE\" \/>\n<meta property=\"og:type\" content=\"article\" \/>\n<meta property=\"og:title\" content=\"TOM&#039;S DRAG Olivia Giraffe\" \/>\n<meta property=\"og:description\" content=\"Entdecken Sie TOM&#039;S DRAG Olivia Giraffe bei ErresseShop. Qualit\u00e4t, Stil und Funktionalit\u00e4t \u2013 jetzt online bestellen!\" \/>\n<meta property=\"og:url\" content=\"https:\/\/www.erresse-shop.it\/de\/shop\/einrichtung-haus\/dekoartikel\/toms-drag-olivia-giraffe\/\" \/>\n<meta property=\"og:site_name\" content=\"Erresse Shop\" \/>\n<meta property=\"article:modified_time\" content=\"2025-03-30T18:30:09+00:00\" \/>\n<meta property=\"og:image\" content=\"https:\/\/www.erresse-shop.it\/wp-content\/uploads\/2022\/09\/TOMS-DRAG-Giraffa-Olivia.jpg\" \/>\n\t<meta property=\"og:image:width\" content=\"800\" \/>\n\t<meta property=\"og:image:height\" content=\"800\" \/>\n\t<meta property=\"og:image:type\" content=\"image\/jpeg\" \/>\n<meta name=\"twitter:card\" content=\"summary_large_image\" \/>\n<script type=\"application\/ld+json\" class=\"yoast-schema-graph\">{\"@context\":\"https:\/\/schema.org\",\"@graph\":[{\"@type\":\"WebPage\",\"@id\":\"https:\/\/www.erresse-shop.it\/de\/shop\/einrichtung-haus\/dekoartikel\/toms-drag-olivia-giraffe\/\",\"url\":\"https:\/\/www.erresse-shop.it\/de\/shop\/einrichtung-haus\/dekoartikel\/toms-drag-olivia-giraffe\/\",\"name\":\"TOM'S DRAG Olivia Giraffe\",\"isPartOf\":{\"@id\":\"https:\/\/www.erresse-shop.it\/de\/#website\"},\"datePublished\":\"2022-09-07T07:33:33+00:00\",\"dateModified\":\"2025-03-30T18:30:09+00:00\",\"description\":\"Entdecken Sie TOM'S DRAG Olivia Giraffe bei ErresseShop. Qualit\u00e4t, Stil und Funktionalit\u00e4t \u2013 jetzt online bestellen!\",\"breadcrumb\":{\"@id\":\"https:\/\/www.erresse-shop.it\/de\/shop\/einrichtung-haus\/dekoartikel\/toms-drag-olivia-giraffe\/#breadcrumb\"},\"inLanguage\":\"de-DE\",\"potentialAction\":[{\"@type\":\"ReadAction\",\"target\":[\"https:\/\/www.erresse-shop.it\/de\/shop\/einrichtung-haus\/dekoartikel\/toms-drag-olivia-giraffe\/\"]}]},{\"@type\":\"BreadcrumbList\",\"@id\":\"https:\/\/www.erresse-shop.it\/de\/shop\/einrichtung-haus\/dekoartikel\/toms-drag-olivia-giraffe\/#breadcrumb\",\"itemListElement\":[{\"@type\":\"ListItem\",\"position\":1,\"name\":\"Home\",\"item\":\"https:\/\/www.erresse-shop.it\/de\/\"},{\"@type\":\"ListItem\",\"position\":2,\"name\":\"Shop\",\"item\":\"https:\/\/www.erresse-shop.it\/de\/shop\/\"},{\"@type\":\"ListItem\",\"position\":3,\"name\":\"TOM&#8217;S DRAG Olivia Giraffe\"}]},{\"@type\":\"WebSite\",\"@id\":\"https:\/\/www.erresse-shop.it\/de\/#website\",\"url\":\"https:\/\/www.erresse-shop.it\/de\/\",\"name\":\"Erresse Shop\",\"description\":\"Articoli di qualit\u00e0 per la casa\",\"potentialAction\":[{\"@type\":\"SearchAction\",\"target\":{\"@type\":\"EntryPoint\",\"urlTemplate\":\"https:\/\/www.erresse-shop.it\/de\/?s={search_term_string}\"},\"query-input\":\"required name=search_term_string\"}],\"inLanguage\":\"de-DE\"}]}<\/script>\n<!-- \/ Yoast SEO Premium plugin. -->","yoast_head_json":{"title":"TOM'S DRAG Olivia Giraffe","description":"Entdecken Sie TOM'S DRAG Olivia Giraffe bei ErresseShop. Qualit\u00e4t, Stil und Funktionalit\u00e4t \u2013 jetzt online bestellen!","robots":{"index":"index","follow":"follow","max-snippet":"max-snippet:-1","max-image-preview":"max-image-preview:large","max-video-preview":"max-video-preview:-1"},"canonical":"https:\/\/www.erresse-shop.it\/de\/shop\/einrichtung-haus\/dekoartikel\/toms-drag-olivia-giraffe\/","og_locale":"de_DE","og_type":"article","og_title":"TOM'S DRAG Olivia Giraffe","og_description":"Entdecken Sie TOM'S DRAG Olivia Giraffe bei ErresseShop. Qualit\u00e4t, Stil und Funktionalit\u00e4t \u2013 jetzt online bestellen!","og_url":"https:\/\/www.erresse-shop.it\/de\/shop\/einrichtung-haus\/dekoartikel\/toms-drag-olivia-giraffe\/","og_site_name":"Erresse Shop","article_modified_time":"2025-03-30T18:30:09+00:00","og_image":[{"width":800,"height":800,"url":"https:\/\/www.erresse-shop.it\/wp-content\/uploads\/2022\/09\/TOMS-DRAG-Giraffa-Olivia.jpg","type":"image\/jpeg"}],"twitter_card":"summary_large_image","schema":{"@context":"https:\/\/schema.org","@graph":[{"@type":"WebPage","@id":"https:\/\/www.erresse-shop.it\/de\/shop\/einrichtung-haus\/dekoartikel\/toms-drag-olivia-giraffe\/","url":"https:\/\/www.erresse-shop.it\/de\/shop\/einrichtung-haus\/dekoartikel\/toms-drag-olivia-giraffe\/","name":"TOM'S DRAG Olivia Giraffe","isPartOf":{"@id":"https:\/\/www.erresse-shop.it\/de\/#website"},"datePublished":"2022-09-07T07:33:33+00:00","dateModified":"2025-03-30T18:30:09+00:00","description":"Entdecken Sie TOM'S DRAG Olivia Giraffe bei ErresseShop. Qualit\u00e4t, Stil und Funktionalit\u00e4t \u2013 jetzt online bestellen!","breadcrumb":{"@id":"https:\/\/www.erresse-shop.it\/de\/shop\/einrichtung-haus\/dekoartikel\/toms-drag-olivia-giraffe\/#breadcrumb"},"inLanguage":"de-DE","potentialAction":[{"@type":"ReadAction","target":["https:\/\/www.erresse-shop.it\/de\/shop\/einrichtung-haus\/dekoartikel\/toms-drag-olivia-giraffe\/"]}]},{"@type":"BreadcrumbList","@id":"https:\/\/www.erresse-shop.it\/de\/shop\/einrichtung-haus\/dekoartikel\/toms-drag-olivia-giraffe\/#breadcrumb","itemListElement":[{"@type":"ListItem","position":1,"name":"Home","item":"https:\/\/www.erresse-shop.it\/de\/"},{"@type":"ListItem","position":2,"name":"Shop","item":"https:\/\/www.erresse-shop.it\/de\/shop\/"},{"@type":"ListItem","position":3,"name":"TOM&#8217;S DRAG Olivia Giraffe"}]},{"@type":"WebSite","@id":"https:\/\/www.erresse-shop.it\/de\/#website","url":"https:\/\/www.erresse-shop.it\/de\/","name":"Erresse Shop","description":"Articoli di qualit\u00e0 per la casa","potentialAction":[{"@type":"SearchAction","target":{"@type":"EntryPoint","urlTemplate":"https:\/\/www.erresse-shop.it\/de\/?s={search_term_string}"},"query-input":"required name=search_term_string"}],"inLanguage":"de-DE"}]}},"df_price":134.95,"df_sale_price":134.95,"df_regular_price":172,"df_image_link":"https:\/\/www.erresse-shop.it\/wp-content\/uploads\/2022\/09\/TOMS-DRAG-Giraffa-Olivia-300x300.jpg","_links":{"self":[{"href":"https:\/\/www.erresse-shop.it\/de\/wp-json\/wp\/v2\/product\/177455"}],"collection":[{"href":"https:\/\/www.erresse-shop.it\/de\/wp-json\/wp\/v2\/product"}],"about":[{"href":"https:\/\/www.erresse-shop.it\/de\/wp-json\/wp\/v2\/types\/product"}],"wp:featuredmedia":[{"embeddable":true,"href":"https:\/\/www.erresse-shop.it\/de\/wp-json\/wp\/v2\/media\/177464"}],"wp:attachment":[{"href":"https:\/\/www.erresse-shop.it\/de\/wp-json\/wp\/v2\/media?parent=177455"}],"wp:term":[{"taxonomy":"product_cat","embeddable":true,"href":"https:\/\/www.erresse-shop.it\/de\/wp-json\/wp\/v2\/product_cat?post=177455"},{"taxonomy":"product_tag","embeddable":true,"href":"https:\/\/www.erresse-shop.it\/de\/wp-json\/wp\/v2\/product_tag?post=177455"}],"curies":[{"name":"wp","href":"https:\/\/api.w.org\/{rel}","templated":true}]}}