{"id":17529,"date":"2016-03-19T16:58:55","date_gmt":"2016-03-19T16:58:55","guid":{"rendered":"https:\/\/www.erresse-shop.it\/?post_type=product&#038;p=17529"},"modified":"2025-01-17T13:20:35","modified_gmt":"2025-01-17T13:20:35","slug":"smeg-set-2-zange-fur-toast","status":"publish","type":"product","link":"https:\/\/www.erresse-shop.it\/de\/shop\/kleine-elektrogeraete\/toaster\/smeg-set-2-zange-fur-toast\/","title":{"rendered":"SMEG Set 2 Zange f\u00fcr Toast"},"content":{"rendered":"<p><strong>SMEG<\/strong> Serie 50 Jahre<\/p>\n<p>Ein symbolisches Treffen, Symbole, die den Raum, den sie einnehmen, die neue kleine Linie von 50 Jahren drehen, die in Zusammenarbeit mit Matthew Bazzicalupo und Raffaella Mangiarotti von deepdesign, die Vergangenheit evozieren und die Orte, an jedem Tag zu gestalten, auf eine neue Weise zu investieren, was bereits existiert oder existiert hat, wie es in der Kunst und Ged\u00e4chtnis geschieht.<br \/>\nProduziert von abgerundeten und kompakten Formen, sind die Protagonisten der K\u00fcche, f\u00fcr diejenigen, die eine Erfahrung Koch leben wollen aber nicht nur. F\u00fcr diejenigen, die sich mit Objekten mit einer starken \u00e4sthetischen Charakter zu umgeben, wie ohne den Blick f\u00fcr die qualitativ hochwertige Leistung zu verlieren.<\/p>\n<p><strong>Technische Eigenschaften<\/strong><br \/>\nGrill und Stahlcontain Boden<br \/>\nGriffe aus Kunststoff eine hohe Hitzebest\u00e4ndigkeit&nbsp;<\/p>\n<p><strong>Allgemeine Spezifikation<\/strong><br \/>\nProdukt-Ma\u00dfe HxBxT (CAD) 240x173x32 mm<br \/>\nNettogewicht : kg (pro St\u00fcck) 0.182<\/p>\n","protected":false},"excerpt":{"rendered":"<p>SMEG Serie 50 Jahre Ein symbolisches Treffen, Symbole, die den Raum, den sie einnehmen, die neue kleine Linie von 50<\/p>\n","protected":false},"featured_media":462010,"template":"","meta":{"_acf_changed":false,"inline_featured_image":false},"product_cat":[6703,6865],"product_tag":[25182,11718,12357,25022,11411],"acf":[],"yoast_head":"<!-- This site is optimized with the Yoast SEO Premium plugin v18.6 (Yoast SEO v19.13) - https:\/\/yoast.com\/wordpress\/plugins\/seo\/ -->\n<title>SMEG Set 2 Zange f\u00fcr Toast<\/title>\n<meta name=\"description\" content=\"Entdecken Sie SMEG Set 2 Zange f\u00fcr Toast bei ErresseShop. Qualit\u00e4t, Stil und Funktionalit\u00e4t \u2013 jetzt online bestellen!\" \/>\n<meta name=\"robots\" content=\"index, follow, max-snippet:-1, max-image-preview:large, max-video-preview:-1\" \/>\n<link rel=\"canonical\" href=\"https:\/\/www.erresse-shop.it\/de\/shop\/kleine-elektrogeraete\/toaster\/smeg-set-2-zange-fur-toast\/\" \/>\n<meta property=\"og:locale\" content=\"de_DE\" \/>\n<meta property=\"og:type\" content=\"article\" \/>\n<meta property=\"og:title\" content=\"SMEG Set 2 Zange f\u00fcr Toast\" \/>\n<meta property=\"og:description\" content=\"Entdecken Sie SMEG Set 2 Zange f\u00fcr Toast bei ErresseShop. Qualit\u00e4t, Stil und Funktionalit\u00e4t \u2013 jetzt online bestellen!\" \/>\n<meta property=\"og:url\" content=\"https:\/\/www.erresse-shop.it\/de\/shop\/kleine-elektrogeraete\/toaster\/smeg-set-2-zange-fur-toast\/\" \/>\n<meta property=\"og:site_name\" content=\"Erresse Shop\" \/>\n<meta property=\"article:modified_time\" content=\"2025-01-17T13:20:35+00:00\" \/>\n<meta property=\"og:image\" content=\"https:\/\/www.erresse-shop.it\/wp-content\/uploads\/2016\/03\/SMEG-Set-2-pinze.png\" \/>\n\t<meta property=\"og:image:width\" content=\"800\" \/>\n\t<meta property=\"og:image:height\" content=\"800\" \/>\n\t<meta property=\"og:image:type\" content=\"image\/png\" \/>\n<meta name=\"twitter:card\" content=\"summary_large_image\" \/>\n<script type=\"application\/ld+json\" class=\"yoast-schema-graph\">{\"@context\":\"https:\/\/schema.org\",\"@graph\":[{\"@type\":\"WebPage\",\"@id\":\"https:\/\/www.erresse-shop.it\/de\/shop\/kleine-elektrogeraete\/toaster\/smeg-set-2-zange-fur-toast\/\",\"url\":\"https:\/\/www.erresse-shop.it\/de\/shop\/kleine-elektrogeraete\/toaster\/smeg-set-2-zange-fur-toast\/\",\"name\":\"SMEG Set 2 Zange f\u00fcr Toast\",\"isPartOf\":{\"@id\":\"https:\/\/www.erresse-shop.it\/de\/#website\"},\"datePublished\":\"2016-03-19T16:58:55+00:00\",\"dateModified\":\"2025-01-17T13:20:35+00:00\",\"description\":\"Entdecken Sie SMEG Set 2 Zange f\u00fcr Toast bei ErresseShop. Qualit\u00e4t, Stil und Funktionalit\u00e4t \u2013 jetzt online bestellen!\",\"breadcrumb\":{\"@id\":\"https:\/\/www.erresse-shop.it\/de\/shop\/kleine-elektrogeraete\/toaster\/smeg-set-2-zange-fur-toast\/#breadcrumb\"},\"inLanguage\":\"de-DE\",\"potentialAction\":[{\"@type\":\"ReadAction\",\"target\":[\"https:\/\/www.erresse-shop.it\/de\/shop\/kleine-elektrogeraete\/toaster\/smeg-set-2-zange-fur-toast\/\"]}]},{\"@type\":\"BreadcrumbList\",\"@id\":\"https:\/\/www.erresse-shop.it\/de\/shop\/kleine-elektrogeraete\/toaster\/smeg-set-2-zange-fur-toast\/#breadcrumb\",\"itemListElement\":[{\"@type\":\"ListItem\",\"position\":1,\"name\":\"Home\",\"item\":\"https:\/\/www.erresse-shop.it\/de\/\"},{\"@type\":\"ListItem\",\"position\":2,\"name\":\"Shop\",\"item\":\"https:\/\/www.erresse-shop.it\/de\/shop\/\"},{\"@type\":\"ListItem\",\"position\":3,\"name\":\"SMEG Set 2 Zange f\u00fcr Toast\"}]},{\"@type\":\"WebSite\",\"@id\":\"https:\/\/www.erresse-shop.it\/de\/#website\",\"url\":\"https:\/\/www.erresse-shop.it\/de\/\",\"name\":\"Erresse Shop\",\"description\":\"Articoli di qualit\u00e0 per la casa\",\"potentialAction\":[{\"@type\":\"SearchAction\",\"target\":{\"@type\":\"EntryPoint\",\"urlTemplate\":\"https:\/\/www.erresse-shop.it\/de\/?s={search_term_string}\"},\"query-input\":\"required name=search_term_string\"}],\"inLanguage\":\"de-DE\"}]}<\/script>\n<!-- \/ Yoast SEO Premium plugin. -->","yoast_head_json":{"title":"SMEG Set 2 Zange f\u00fcr Toast","description":"Entdecken Sie SMEG Set 2 Zange f\u00fcr Toast bei ErresseShop. Qualit\u00e4t, Stil und Funktionalit\u00e4t \u2013 jetzt online bestellen!","robots":{"index":"index","follow":"follow","max-snippet":"max-snippet:-1","max-image-preview":"max-image-preview:large","max-video-preview":"max-video-preview:-1"},"canonical":"https:\/\/www.erresse-shop.it\/de\/shop\/kleine-elektrogeraete\/toaster\/smeg-set-2-zange-fur-toast\/","og_locale":"de_DE","og_type":"article","og_title":"SMEG Set 2 Zange f\u00fcr Toast","og_description":"Entdecken Sie SMEG Set 2 Zange f\u00fcr Toast bei ErresseShop. Qualit\u00e4t, Stil und Funktionalit\u00e4t \u2013 jetzt online bestellen!","og_url":"https:\/\/www.erresse-shop.it\/de\/shop\/kleine-elektrogeraete\/toaster\/smeg-set-2-zange-fur-toast\/","og_site_name":"Erresse Shop","article_modified_time":"2025-01-17T13:20:35+00:00","og_image":[{"width":800,"height":800,"url":"https:\/\/www.erresse-shop.it\/wp-content\/uploads\/2016\/03\/SMEG-Set-2-pinze.png","type":"image\/png"}],"twitter_card":"summary_large_image","schema":{"@context":"https:\/\/schema.org","@graph":[{"@type":"WebPage","@id":"https:\/\/www.erresse-shop.it\/de\/shop\/kleine-elektrogeraete\/toaster\/smeg-set-2-zange-fur-toast\/","url":"https:\/\/www.erresse-shop.it\/de\/shop\/kleine-elektrogeraete\/toaster\/smeg-set-2-zange-fur-toast\/","name":"SMEG Set 2 Zange f\u00fcr Toast","isPartOf":{"@id":"https:\/\/www.erresse-shop.it\/de\/#website"},"datePublished":"2016-03-19T16:58:55+00:00","dateModified":"2025-01-17T13:20:35+00:00","description":"Entdecken Sie SMEG Set 2 Zange f\u00fcr Toast bei ErresseShop. Qualit\u00e4t, Stil und Funktionalit\u00e4t \u2013 jetzt online bestellen!","breadcrumb":{"@id":"https:\/\/www.erresse-shop.it\/de\/shop\/kleine-elektrogeraete\/toaster\/smeg-set-2-zange-fur-toast\/#breadcrumb"},"inLanguage":"de-DE","potentialAction":[{"@type":"ReadAction","target":["https:\/\/www.erresse-shop.it\/de\/shop\/kleine-elektrogeraete\/toaster\/smeg-set-2-zange-fur-toast\/"]}]},{"@type":"BreadcrumbList","@id":"https:\/\/www.erresse-shop.it\/de\/shop\/kleine-elektrogeraete\/toaster\/smeg-set-2-zange-fur-toast\/#breadcrumb","itemListElement":[{"@type":"ListItem","position":1,"name":"Home","item":"https:\/\/www.erresse-shop.it\/de\/"},{"@type":"ListItem","position":2,"name":"Shop","item":"https:\/\/www.erresse-shop.it\/de\/shop\/"},{"@type":"ListItem","position":3,"name":"SMEG Set 2 Zange f\u00fcr Toast"}]},{"@type":"WebSite","@id":"https:\/\/www.erresse-shop.it\/de\/#website","url":"https:\/\/www.erresse-shop.it\/de\/","name":"Erresse Shop","description":"Articoli di qualit\u00e0 per la casa","potentialAction":[{"@type":"SearchAction","target":{"@type":"EntryPoint","urlTemplate":"https:\/\/www.erresse-shop.it\/de\/?s={search_term_string}"},"query-input":"required name=search_term_string"}],"inLanguage":"de-DE"}]}},"df_price":22.95,"df_sale_price":22.95,"df_regular_price":29,"df_image_link":"https:\/\/www.erresse-shop.it\/wp-content\/uploads\/2016\/03\/SMEG-Set-2-pinze-300x300.jpg","_links":{"self":[{"href":"https:\/\/www.erresse-shop.it\/de\/wp-json\/wp\/v2\/product\/17529"}],"collection":[{"href":"https:\/\/www.erresse-shop.it\/de\/wp-json\/wp\/v2\/product"}],"about":[{"href":"https:\/\/www.erresse-shop.it\/de\/wp-json\/wp\/v2\/types\/product"}],"wp:featuredmedia":[{"embeddable":true,"href":"https:\/\/www.erresse-shop.it\/de\/wp-json\/wp\/v2\/media\/462010"}],"wp:attachment":[{"href":"https:\/\/www.erresse-shop.it\/de\/wp-json\/wp\/v2\/media?parent=17529"}],"wp:term":[{"taxonomy":"product_cat","embeddable":true,"href":"https:\/\/www.erresse-shop.it\/de\/wp-json\/wp\/v2\/product_cat?post=17529"},{"taxonomy":"product_tag","embeddable":true,"href":"https:\/\/www.erresse-shop.it\/de\/wp-json\/wp\/v2\/product_tag?post=17529"}],"curies":[{"name":"wp","href":"https:\/\/api.w.org\/{rel}","templated":true}]}}