{"id":174875,"date":"2022-08-23T10:41:44","date_gmt":"2022-08-23T10:41:46","guid":{"rendered":"https:\/\/www.erresse-shop.it\/?post_type=product&#038;p=174875"},"modified":"2025-01-22T07:36:18","modified_gmt":"2025-01-22T07:36:18","slug":"ruffoni-historia-dekor-brater-rechteckig-36-cm","status":"publish","type":"product","link":"https:\/\/www.erresse-shop.it\/de\/shop\/kuche\/ruffoni-historia-dekor-brater-rechteckig-36-cm\/","title":{"rendered":"RUFFONI Historia Dekor Rostiera 36 cm"},"content":{"rendered":"<p>Die Verarbeitung von Kupfer ist f\u00fcr das Unternehmen Ruffoni eine wahre Leidenschaft, die Erreichung sehr hoher Qualit\u00e4tsstandards ist sein vorrangiges Ziel, die \u00dcberwindung aller weltweiten Vorschriften zur Sicherheit der Freisetzung von Blei in Lebensmittel ist eine grundlegende Pflicht, die stets strikt eingehalten wird eingehalten. Die hohe Wertsch\u00e4tzung, die das Ruffoni-Team seiner Arbeit entgegenbringt, erfordert, dass es mit gr\u00f6\u00dfter Sorgfalt vorgeht, recycelbare Materialien sowohl f\u00fcr Produkte als auch f\u00fcr die Verpackung verwendet und manuelle Techniken den wirtschaftlicheren chemischen und mechanischen Herstellungsprozessen vorzieht.<\/p>\n<p><strong>DAS PRODUKT<\/strong><br \/>\nUnsere Philosophie besteht darin, professionelle Objekte herzustellen, aber ohne Verzweiflung, da wir seit jeher Wert auf N\u00fctzlichkeit, Benutzerfreundlichkeit und sorgf\u00e4ltige Verarbeitung legen. Was den Erfolg einer Mahlzeit betrifft, sind wir davon \u00fcberzeugt, dass bei der Zubereitung jedes dieser St\u00fccke die Wahl der Zutaten und die Arbeitsmethode von grundlegender Bedeutung sind.<\/p>\n<p><strong>KUPFER<\/strong><br \/>\nWir beziehen es nur von zertifizierten Lieferanten und die verwendete Dicke richtet sich nach dem Produkt und der Art des Garens.<\/p>\n<p><strong>HISTORISCHES DEKOR<\/strong><\/p>\n<p>Legend\u00e4re Kreationen, die die W\u00fcrde eines Einzelst\u00fccks annehmen und jahrhundertealte Geschichte, Erfahrung und Volkstraditionen zum Leben erwecken. Handgefertigt aus massivem Kupferblech und von Hand \u00fcber dem Feuer mit reinem Zinn verzinnt, verwandeln sie sich dank der Griffe und Verzierungen aus geschmolzener Bronze, die die Deckel zieren, in Objekte von k\u00f6niglicher Bedeutung. Un\u00fcbertroffen hinsichtlich W\u00e4rmeleitf\u00e4higkeit und perfekter Temperaturkontrolle sind sie das ideale Werkzeug zum Kochen auf Gas oder im Backofen.<\/p>\n<p>&nbsp;<\/p>\n<p>Diese handgeh\u00e4mmerten Kunstwerke mit Griffen aus gegossenem Edelstahl mit Kupferakzenten erf\u00fcllen jeden Bedarf und verdienen sich einen prestigetr\u00e4chtigen Platz auf jedem Tisch.<\/p>\n<p>Zur Verwendung im Backofen und auf jedem Heizelement (au\u00dfer Induktion).<\/p>\n","protected":false},"excerpt":{"rendered":"<p>Die Verarbeitung von Kupfer ist f\u00fcr das Unternehmen Ruffoni eine wahre Leidenschaft, die Erreichung sehr hoher Qualit\u00e4tsstandards ist sein vorrangiges<\/p>\n","protected":false},"featured_media":174890,"template":"","meta":{"_acf_changed":false,"inline_featured_image":false},"product_cat":[6742],"product_tag":[24681],"acf":[],"yoast_head":"<!-- This site is optimized with the Yoast SEO Premium plugin v18.6 (Yoast SEO v19.13) - https:\/\/yoast.com\/wordpress\/plugins\/seo\/ -->\n<title>RUFFONI Historia Dekor Rostiera 36 cm<\/title>\n<meta name=\"description\" content=\"Entdecken Sie RUFFONI Historia Dekor Rostiera 36 cm bei ErresseShop. Qualit\u00e4t, Stil und Funktionalit\u00e4t \u2013 jetzt online bestellen!\" \/>\n<meta name=\"robots\" content=\"index, follow, max-snippet:-1, max-image-preview:large, max-video-preview:-1\" \/>\n<link rel=\"canonical\" href=\"https:\/\/www.erresse-shop.it\/de\/shop\/kuche\/ruffoni-historia-dekor-brater-rechteckig-36-cm\/\" \/>\n<meta property=\"og:locale\" content=\"de_DE\" \/>\n<meta property=\"og:type\" content=\"article\" \/>\n<meta property=\"og:title\" content=\"RUFFONI Historia Dekor Rostiera 36 cm\" \/>\n<meta property=\"og:description\" content=\"Entdecken Sie RUFFONI Historia Dekor Rostiera 36 cm bei ErresseShop. Qualit\u00e4t, Stil und Funktionalit\u00e4t \u2013 jetzt online bestellen!\" \/>\n<meta property=\"og:url\" content=\"https:\/\/www.erresse-shop.it\/de\/shop\/kuche\/ruffoni-historia-dekor-brater-rechteckig-36-cm\/\" \/>\n<meta property=\"og:site_name\" content=\"Erresse Shop\" \/>\n<meta property=\"article:modified_time\" content=\"2025-01-22T07:36:18+00:00\" \/>\n<meta property=\"og:image\" content=\"https:\/\/www.erresse-shop.it\/wp-content\/uploads\/2022\/08\/Ruffoni-3209B-rosiera.jpg\" \/>\n\t<meta property=\"og:image:width\" content=\"800\" \/>\n\t<meta property=\"og:image:height\" content=\"800\" \/>\n\t<meta property=\"og:image:type\" content=\"image\/jpeg\" \/>\n<meta name=\"twitter:card\" content=\"summary_large_image\" \/>\n<script type=\"application\/ld+json\" class=\"yoast-schema-graph\">{\"@context\":\"https:\/\/schema.org\",\"@graph\":[{\"@type\":\"WebPage\",\"@id\":\"https:\/\/www.erresse-shop.it\/de\/shop\/kuche\/ruffoni-historia-dekor-brater-rechteckig-36-cm\/\",\"url\":\"https:\/\/www.erresse-shop.it\/de\/shop\/kuche\/ruffoni-historia-dekor-brater-rechteckig-36-cm\/\",\"name\":\"RUFFONI Historia Dekor Rostiera 36 cm\",\"isPartOf\":{\"@id\":\"https:\/\/www.erresse-shop.it\/de\/#website\"},\"datePublished\":\"2022-08-23T10:41:46+00:00\",\"dateModified\":\"2025-01-22T07:36:18+00:00\",\"description\":\"Entdecken Sie RUFFONI Historia Dekor Rostiera 36 cm bei ErresseShop. Qualit\u00e4t, Stil und Funktionalit\u00e4t \u2013 jetzt online bestellen!\",\"breadcrumb\":{\"@id\":\"https:\/\/www.erresse-shop.it\/de\/shop\/kuche\/ruffoni-historia-dekor-brater-rechteckig-36-cm\/#breadcrumb\"},\"inLanguage\":\"de-DE\",\"potentialAction\":[{\"@type\":\"ReadAction\",\"target\":[\"https:\/\/www.erresse-shop.it\/de\/shop\/kuche\/ruffoni-historia-dekor-brater-rechteckig-36-cm\/\"]}]},{\"@type\":\"BreadcrumbList\",\"@id\":\"https:\/\/www.erresse-shop.it\/de\/shop\/kuche\/ruffoni-historia-dekor-brater-rechteckig-36-cm\/#breadcrumb\",\"itemListElement\":[{\"@type\":\"ListItem\",\"position\":1,\"name\":\"Home\",\"item\":\"https:\/\/www.erresse-shop.it\/de\/\"},{\"@type\":\"ListItem\",\"position\":2,\"name\":\"Shop\",\"item\":\"https:\/\/www.erresse-shop.it\/de\/shop\/\"},{\"@type\":\"ListItem\",\"position\":3,\"name\":\"RUFFONI Historia Dekor Rostiera 36 cm\"}]},{\"@type\":\"WebSite\",\"@id\":\"https:\/\/www.erresse-shop.it\/de\/#website\",\"url\":\"https:\/\/www.erresse-shop.it\/de\/\",\"name\":\"Erresse Shop\",\"description\":\"Articoli di qualit\u00e0 per la casa\",\"potentialAction\":[{\"@type\":\"SearchAction\",\"target\":{\"@type\":\"EntryPoint\",\"urlTemplate\":\"https:\/\/www.erresse-shop.it\/de\/?s={search_term_string}\"},\"query-input\":\"required name=search_term_string\"}],\"inLanguage\":\"de-DE\"}]}<\/script>\n<!-- \/ Yoast SEO Premium plugin. -->","yoast_head_json":{"title":"RUFFONI Historia Dekor Rostiera 36 cm","description":"Entdecken Sie RUFFONI Historia Dekor Rostiera 36 cm bei ErresseShop. Qualit\u00e4t, Stil und Funktionalit\u00e4t \u2013 jetzt online bestellen!","robots":{"index":"index","follow":"follow","max-snippet":"max-snippet:-1","max-image-preview":"max-image-preview:large","max-video-preview":"max-video-preview:-1"},"canonical":"https:\/\/www.erresse-shop.it\/de\/shop\/kuche\/ruffoni-historia-dekor-brater-rechteckig-36-cm\/","og_locale":"de_DE","og_type":"article","og_title":"RUFFONI Historia Dekor Rostiera 36 cm","og_description":"Entdecken Sie RUFFONI Historia Dekor Rostiera 36 cm bei ErresseShop. Qualit\u00e4t, Stil und Funktionalit\u00e4t \u2013 jetzt online bestellen!","og_url":"https:\/\/www.erresse-shop.it\/de\/shop\/kuche\/ruffoni-historia-dekor-brater-rechteckig-36-cm\/","og_site_name":"Erresse Shop","article_modified_time":"2025-01-22T07:36:18+00:00","og_image":[{"width":800,"height":800,"url":"https:\/\/www.erresse-shop.it\/wp-content\/uploads\/2022\/08\/Ruffoni-3209B-rosiera.jpg","type":"image\/jpeg"}],"twitter_card":"summary_large_image","schema":{"@context":"https:\/\/schema.org","@graph":[{"@type":"WebPage","@id":"https:\/\/www.erresse-shop.it\/de\/shop\/kuche\/ruffoni-historia-dekor-brater-rechteckig-36-cm\/","url":"https:\/\/www.erresse-shop.it\/de\/shop\/kuche\/ruffoni-historia-dekor-brater-rechteckig-36-cm\/","name":"RUFFONI Historia Dekor Rostiera 36 cm","isPartOf":{"@id":"https:\/\/www.erresse-shop.it\/de\/#website"},"datePublished":"2022-08-23T10:41:46+00:00","dateModified":"2025-01-22T07:36:18+00:00","description":"Entdecken Sie RUFFONI Historia Dekor Rostiera 36 cm bei ErresseShop. Qualit\u00e4t, Stil und Funktionalit\u00e4t \u2013 jetzt online bestellen!","breadcrumb":{"@id":"https:\/\/www.erresse-shop.it\/de\/shop\/kuche\/ruffoni-historia-dekor-brater-rechteckig-36-cm\/#breadcrumb"},"inLanguage":"de-DE","potentialAction":[{"@type":"ReadAction","target":["https:\/\/www.erresse-shop.it\/de\/shop\/kuche\/ruffoni-historia-dekor-brater-rechteckig-36-cm\/"]}]},{"@type":"BreadcrumbList","@id":"https:\/\/www.erresse-shop.it\/de\/shop\/kuche\/ruffoni-historia-dekor-brater-rechteckig-36-cm\/#breadcrumb","itemListElement":[{"@type":"ListItem","position":1,"name":"Home","item":"https:\/\/www.erresse-shop.it\/de\/"},{"@type":"ListItem","position":2,"name":"Shop","item":"https:\/\/www.erresse-shop.it\/de\/shop\/"},{"@type":"ListItem","position":3,"name":"RUFFONI Historia Dekor Rostiera 36 cm"}]},{"@type":"WebSite","@id":"https:\/\/www.erresse-shop.it\/de\/#website","url":"https:\/\/www.erresse-shop.it\/de\/","name":"Erresse Shop","description":"Articoli di qualit\u00e0 per la casa","potentialAction":[{"@type":"SearchAction","target":{"@type":"EntryPoint","urlTemplate":"https:\/\/www.erresse-shop.it\/de\/?s={search_term_string}"},"query-input":"required name=search_term_string"}],"inLanguage":"de-DE"}]}},"df_price":576,"df_sale_price":576,"df_regular_price":576,"df_image_link":"https:\/\/www.erresse-shop.it\/wp-content\/uploads\/2022\/08\/Ruffoni-3209B-rosiera-300x300.jpg","_links":{"self":[{"href":"https:\/\/www.erresse-shop.it\/de\/wp-json\/wp\/v2\/product\/174875"}],"collection":[{"href":"https:\/\/www.erresse-shop.it\/de\/wp-json\/wp\/v2\/product"}],"about":[{"href":"https:\/\/www.erresse-shop.it\/de\/wp-json\/wp\/v2\/types\/product"}],"wp:featuredmedia":[{"embeddable":true,"href":"https:\/\/www.erresse-shop.it\/de\/wp-json\/wp\/v2\/media\/174890"}],"wp:attachment":[{"href":"https:\/\/www.erresse-shop.it\/de\/wp-json\/wp\/v2\/media?parent=174875"}],"wp:term":[{"taxonomy":"product_cat","embeddable":true,"href":"https:\/\/www.erresse-shop.it\/de\/wp-json\/wp\/v2\/product_cat?post=174875"},{"taxonomy":"product_tag","embeddable":true,"href":"https:\/\/www.erresse-shop.it\/de\/wp-json\/wp\/v2\/product_tag?post=174875"}],"curies":[{"name":"wp","href":"https:\/\/api.w.org\/{rel}","templated":true}]}}